{"id":94,"date":"2024-11-21T03:26:52","date_gmt":"2024-11-21T03:26:52","guid":{"rendered":"https:\/\/volovape.com\/?post_type=product&#038;p=94"},"modified":"2025-07-07T03:40:21","modified_gmt":"2025-07-07T03:40:21","slug":"alvdosa-rgb-14000-puffar","status":"publish","type":"product","link":"https:\/\/volovape.com\/sv\/product\/elf-box-rgb-14000-puffs\/","title":{"rendered":"ELF BOX RGB 14000 puffar eng\u00e5ngsvape - n\u00e4tspole, RGB-belysning, uppladdningsbar"},"content":{"rendered":"<p><iframe title=\"VideoPress Videospelare\" aria-label='VideoPress Videospelare' width='500' height='281' src='https:\/\/videopress.com\/embed\/xrUp6ZjL?hd=0&amp;cover=1' frameborder='0' allowfullscreen allow='clipboard-write'><\/iframe><script src='https:\/\/v0.wordpress.com\/js\/next\/videopress-iframe.js?m=1739540970'><\/script><\/p>\n<p><strong>ELF BOX RGB 14000 Puffs Eng\u00e5ngs Vape<\/strong> - Upplev levande vaping med RGB-belysning och mesh-spolprecision.<\/p>\n<p>Den <strong>ELF BOX RGB 14000<\/strong> eng\u00e5ngsvape kombinerar h\u00f6g prestanda med en snygg, i\u00f6gonfallande design. Njut av upp till <strong>14.000 puffar<\/strong> med en gener\u00f6s <strong>25 ml kapacitet f\u00f6r e-v\u00e4tska<\/strong> och en <strong>600mAh uppladdningsbart 18250 batteri<\/strong>. Den <strong>1,0\u03a9 n\u00e4tspole<\/strong> ger en j\u00e4mn och smakrik \u00e5nga, medan <strong>dynamisk RGB-belysning<\/strong> ger en personlig touch till din vapingupplevelse. A <strong>bekv\u00e4mt nyckelband<\/strong> medf\u00f6ljer f\u00f6r enkel transport. Tillg\u00e4nglig i <strong>10 l\u00e4ckra smaker<\/strong>\u00e4r den h\u00e4r enheten perfekt f\u00f6r <strong>eng\u00e5ngs vape grossist<\/strong>, <strong>bulkorder<\/strong>, eller <strong>personligt bruk<\/strong>som erbjuder b\u00e5de stil och substans.<\/p>\n<h3><strong>ELF BOX RGB 14000 Funktioner:<\/strong><\/h3>\n<ul>\n<li>Puffar: Upp till 14.000 puffar<\/li>\n<li>E-v\u00e4tskekapacitet: 25mL<\/li>\n<li>Batteri: 600mAh 18250 (uppladdningsbart)<\/li>\n<li>Laddning: Typ C<\/li>\n<li>Spole: 1.0\u03a9 Mesh-spole<\/li>\n<li>Belysning: RGB<\/li>\n<li>Nyckelband: Ing\u00e5r i leveransen<\/li>\n<li>Smaker: 10 unika alternativ<\/li>\n<li>Dimensioner: 35 x 36 x 133,5 mm<\/li>\n<li>Enhet f\u00f6r eng\u00e5ngsbruk<\/li>\n<\/ul>\n<h4>VANLIGA FR\u00c5GOR<\/h4>\n<h5>Hur f\u00f6rb\u00e4ttrar RGB-belysningen vapingupplevelsen?<\/h5>\n<p>Den dynamiska RGB-belysningen ger en unik och personlig touch till din vape. Den ger en visuellt tilltalande upplevelse, g\u00f6r att din enhet sticker ut och ger ett roligt inslag i dina vaping-sessioner.<\/p>\n<h5>Vilka leveransmetoder anv\u00e4nds?<\/h5>\n<p>Vi samarbetar med p\u00e5litliga transport\u00f6rer som UPS, DHL, FedEx och DPD f\u00f6r att s\u00e4kerst\u00e4lla att din best\u00e4llning levereras snabbt och s\u00e4kert. Den mest effektiva fraktmetoden v\u00e4ljs utifr\u00e5n din plats f\u00f6r att optimera leveranshastighet och tillf\u00f6rlitlighet.<\/p>\n<h5>Hur l\u00e5ng tid tar det innan min best\u00e4llning kommer fram?<\/h5>\n<p>Leveranstiden \u00e4r normalt 7-15 arbetsdagar. R\u00e4kna dock med upp till 20 arbetsdagar under helgdagar eller ogynnsamma v\u00e4derf\u00f6rh\u00e5llanden, vilket kan orsaka mindre f\u00f6rseningar i transporten.<\/p>\n<h5>Kommer jag att st\u00f6ta p\u00e5 n\u00e5gra tullproblem eller extra avgifter?<\/h5>\n<p>Vi hanterar alla tullklareringsf\u00f6rfaranden, vilket garanterar en smidig och problemfri upplevelse. Du kommer inte att drabbas av n\u00e5gra ytterligare skatter eller avgifter. Vi s\u00e4kerst\u00e4ller att 100% av v\u00e5ra produkter framg\u00e5ngsrikt klarerar tullen.<\/p>\n<h5>\u00c4r ink\u00f6p fr\u00e5n din webbplats s\u00e4kra och tillf\u00f6rlitliga?<\/h5>\n<p>Ja, vi erbjuder s\u00e4kra PayPal-transaktioner med k\u00f6parskydd. Du kan ocks\u00e5 verifiera v\u00e5r tillf\u00f6rlitlighet genom att kontrollera v\u00e5ra kundrecensioner p\u00e5 <a href=\"https:\/\/www.trustpilot.com\/review\/volovape.com?utm_medium=trustbox&amp;utm_source=TrustBoxReviewCollector\">TrustPilot<\/a>d\u00e4r du hittar vittnesm\u00e5l fr\u00e5n n\u00f6jda kunder.<\/p>","protected":false},"excerpt":{"rendered":"<p>Lys upp din vape med ELF BOX RGB 14000 Puffs! RGB-belysning, 1,0\u03a9 mesh, 25 ml, uppladdningsbar, nyckelband ing\u00e5r. Perfekt f\u00f6r personligt bruk eller grossistf\u00f6rs\u00e4ljning, med levande, l\u00e5ngvarig njutning.<\/p>","protected":false},"featured_media":395,"comment_status":"open","ping_status":"closed","template":"","meta":[],"product_brand":[],"product_cat":[54,56,21,18,20,23,24,22,25,26,27,28,29,30,31,32,33,34,35,36],"product_tag":[],"class_list":{"0":"post-94","1":"product","2":"type-product","3":"status-publish","4":"has-post-thumbnail","6":"product_cat-elf-box","7":"product_cat-14000-puffs-disposable-vape","8":"product_cat-big-puffs-vapes","9":"product_cat-different-puffs-of-disposable-vapes","10":"product_cat-disposable-vape-types","11":"product_cat-disposable-vapes-in-austria","12":"product_cat-disposable-vapes-in-belgium","13":"product_cat-disposable-vapes-in-europe","14":"product_cat-disposable-vapes-in-france","15":"product_cat-disposable-vapes-in-germany","16":"product_cat-disposable-vapes-in-hungary","17":"product_cat-disposable-vapes-in-ltaly","18":"product_cat-disposable-vapes-in-netherlands","19":"product_cat-disposable-vapes-in-norway","20":"product_cat-disposable-vapes-in-poland","21":"product_cat-disposable-vapes-in-portugal","22":"product_cat-disposable-vapes-in-spain","23":"product_cat-disposable-vapes-in-sweden","24":"product_cat-disposable-vapes-in-switzerland","25":"product_cat-rechargeable-vapes","27":"first","28":"instock","29":"shipping-taxable","30":"purchasable","31":"product-type-variable","32":"has-default-attributes"},"jetpack_sharing_enabled":true,"tiered_pricing_type":"fixed","tiered_pricing_fixed_rules":{"2000":5.38999999999999968025576890795491635799407958984375},"tiered_pricing_product_settings":{"layout":"default","base_unit_name":{"singular":null,"plural":null},"default_variation":null},"tiered_pricing_minimum_quantity":1000,"tiered_pricing_roles_data":[],"tiered_pricing_percentage_rules":[],"tiered_pricing_maximum_quantity":null,"tiered_pricing_quantity_step":"10","_links":{"self":[{"href":"https:\/\/volovape.com\/sv\/wp-json\/wp\/v2\/product\/94","targetHints":{"allow":["GET"]}}],"collection":[{"href":"https:\/\/volovape.com\/sv\/wp-json\/wp\/v2\/product"}],"about":[{"href":"https:\/\/volovape.com\/sv\/wp-json\/wp\/v2\/types\/product"}],"replies":[{"embeddable":true,"href":"https:\/\/volovape.com\/sv\/wp-json\/wp\/v2\/comments?post=94"}],"wp:featuredmedia":[{"embeddable":true,"href":"https:\/\/volovape.com\/sv\/wp-json\/wp\/v2\/media\/395"}],"wp:attachment":[{"href":"https:\/\/volovape.com\/sv\/wp-json\/wp\/v2\/media?parent=94"}],"wp:term":[{"taxonomy":"product_brand","embeddable":true,"href":"https:\/\/volovape.com\/sv\/wp-json\/wp\/v2\/product_brand?post=94"},{"taxonomy":"product_cat","embeddable":true,"href":"https:\/\/volovape.com\/sv\/wp-json\/wp\/v2\/product_cat?post=94"},{"taxonomy":"product_tag","embeddable":true,"href":"https:\/\/volovape.com\/sv\/wp-json\/wp\/v2\/product_tag?post=94"}],"curies":[{"name":"wp","href":"https:\/\/api.w.org\/{rel}","templated":true}]}}