{"id":90,"date":"2024-11-21T03:26:52","date_gmt":"2024-11-21T03:26:52","guid":{"rendered":"https:\/\/volovape.com\/?post_type=product&#038;p=90"},"modified":"2025-08-07T08:19:55","modified_gmt":"2025-08-07T08:19:55","slug":"sora-25k-dubbelt-nat","status":"publish","type":"product","link":"https:\/\/volovape.com\/sv\/product\/sora-25k-dual-mesh\/","title":{"rendered":"SORA 25K eng\u00e5ngsvape grossist - dubbel mesh, LCD-display, 25 000 puffar"},"content":{"rendered":"<p><strong>SORA 25K eng\u00e5ngsvape<\/strong> - O\u00f6vertr\u00e4ffad puffkapacitet med precision i dubbla n\u00e4t och smart display.<\/p>\n<p>Den <strong>SORA 25K<\/strong> omdefinierar vaping f\u00f6r eng\u00e5ngsbruk med en h\u00e4pnadsv\u00e4ckande <strong>25.000 puffar<\/strong>en betydande <strong>20 ml kapacitet f\u00f6r e-v\u00e4tska<\/strong>och en robust <strong>900mAh uppladdningsbart batteri<\/strong>. Upplev \u00f6verl\u00e4gsen \u00e5ngproduktion och smakintensitet med dess <strong>avancerad dual mesh coil-teknik<\/strong>. Den integrerade <strong>LCD-display<\/strong> ger omedelbar feedback om batteritid och antal puffar, vilket f\u00f6rb\u00e4ttrar anv\u00e4ndarkontrollen. Med en <strong>5% nikotinstyrka<\/strong> och ett brett utbud av <strong>9 unika smaker<\/strong>Den h\u00e4r enheten \u00e4r perfekt f\u00f6r kr\u00e4sna vapers och inneh\u00e5ller b\u00e5de exotiska blandningar och klassiska favoriter. Idealisk f\u00f6r <strong>eng\u00e5ngs vape grossist<\/strong>, <strong>bulkk\u00f6p<\/strong>, eller <strong>personligt bruk<\/strong>SORA 25K kombinerar h\u00f6g prestanda med ultimat bekv\u00e4mlighet.<\/p>\n<h3><strong>SORA 25K Funktioner:<\/strong><\/h3>\n<ul>\n<li>Puffar: Upp till 25.000 puffar<\/li>\n<li>E-v\u00e4tskekapacitet: 20mL<\/li>\n<li>Batteri: 900 mAh (uppladdningsbart)<\/li>\n<li>Laddning: Typ C<\/li>\n<li>Spole: Dubbla n\u00e4tspolar<\/li>\n<li>Display: LCD (batteri &amp; antal puffar)<\/li>\n<li>Nikotinstyrka: 5%<\/li>\n<li>Smaker: 9 unika alternativ<\/li>\n<li>Enhet f\u00f6r eng\u00e5ngsbruk<\/li>\n<\/ul>\n<h4>VANLIGA FR\u00c5GOR<\/h4>\n<h5>Hur f\u00f6rb\u00e4ttrar dual mesh-spoltekniken smak och \u00e5ngproduktion?<\/h5>\n<p>Den dubbla mesh-spolkonstruktionen \u00f6kar v\u00e4rmeytan, vilket ger en j\u00e4mn v\u00e4rmef\u00f6rdelning och maximerar f\u00f6r\u00e5ngningen av e-juice. Detta resulterar i rikare, mer intensiva smaker och t\u00e4tare \u00e5ngmoln, vilket ger en \u00f6verl\u00e4gsen vapingupplevelse j\u00e4mf\u00f6rt med enheter med en spole.<\/p>\n<h5>Vilka leveransmetoder anv\u00e4nds?<\/h5>\n<p>Vi samarbetar med p\u00e5litliga transport\u00f6rer som UPS, DHL, FedEx och DPD f\u00f6r att s\u00e4kerst\u00e4lla att din best\u00e4llning levereras snabbt. Den mest effektiva fraktmetoden v\u00e4ljs utifr\u00e5n din plats f\u00f6r att optimera leveranshastigheten.<\/p>\n<h5>Hur l\u00e5ng tid tar det innan min best\u00e4llning kommer fram?<\/h5>\n<p>Leveranstiden \u00e4r normalt 7-15 arbetsdagar. R\u00e4kna dock med upp till 20 arbetsdagar under helgdagar eller ogynnsamma v\u00e4derf\u00f6rh\u00e5llanden, vilket kan orsaka mindre f\u00f6rseningar i transporten.<\/p>\n<h5>Kommer jag att st\u00f6ta p\u00e5 n\u00e5gra tullproblem eller extra avgifter?<\/h5>\n<p>Vi hanterar alla tullklareringsf\u00f6rfaranden, vilket garanterar en smidig och problemfri upplevelse. Du kommer inte att drabbas av n\u00e5gra ytterligare skatter eller avgifter. Vi s\u00e4kerst\u00e4ller att 100% av v\u00e5ra produkter framg\u00e5ngsrikt klarerar tullen.<\/p>\n<h5>\u00c4r ink\u00f6p fr\u00e5n din webbplats s\u00e4kra och tillf\u00f6rlitliga?<\/h5>\n<p>Ja, vi erbjuder s\u00e4kra PayPal-transaktioner med k\u00f6parskydd. Du kan ocks\u00e5 verifiera v\u00e5r tillf\u00f6rlitlighet genom att kontrollera v\u00e5ra kundrecensioner p\u00e5 <a href=\"https:\/\/www.trustpilot.com\/review\/volovape.com?utm_medium=trustbox&amp;utm_source=TrustBoxReviewCollector\">TrustPilot<\/a>d\u00e4r du hittar vittnesm\u00e5l fr\u00e5n n\u00f6jda kunder.<\/p>","protected":false},"excerpt":{"rendered":"<p>F\u00f6rh\u00f6j din vape-upplevelse med SORA 25K Disposable. Dubbla n\u00e4tspolar, LCD-display, 20 ml, 900 mAh uppladdningsbar. Perfekt f\u00f6r personlig eller grossist, levererar l\u00e5ngvariga, smakfulla puffar.<\/p>","protected":false},"featured_media":348,"comment_status":"open","ping_status":"closed","template":"","meta":[],"product_brand":[],"product_cat":[53,45,21,18,39,20,23,24,22,25,26,27,28,29,30,31,32,33,34,35,44,36,40],"product_tag":[],"class_list":{"0":"post-90","1":"product","2":"type-product","3":"status-publish","4":"has-post-thumbnail","6":"product_cat-sora","7":"product_cat-25000-puffs-disposable-vape","8":"product_cat-big-puffs-vapes","9":"product_cat-different-puffs-of-disposable-vapes","10":"product_cat-digital-box-vapes","11":"product_cat-disposable-vape-types","12":"product_cat-disposable-vapes-in-austria","13":"product_cat-disposable-vapes-in-belgium","14":"product_cat-disposable-vapes-in-europe","15":"product_cat-disposable-vapes-in-france","16":"product_cat-disposable-vapes-in-germany","17":"product_cat-disposable-vapes-in-hungary","18":"product_cat-disposable-vapes-in-ltaly","19":"product_cat-disposable-vapes-in-netherlands","20":"product_cat-disposable-vapes-in-norway","21":"product_cat-disposable-vapes-in-poland","22":"product_cat-disposable-vapes-in-portugal","23":"product_cat-disposable-vapes-in-spain","24":"product_cat-disposable-vapes-in-sweden","25":"product_cat-disposable-vapes-in-switzerland","26":"product_cat-dual-mesh-vapes","27":"product_cat-rechargeable-vapes","28":"product_cat-smart-screen-vapes","30":"first","31":"instock","32":"shipping-taxable","33":"purchasable","34":"product-type-variable","35":"has-default-attributes"},"jetpack_sharing_enabled":true,"tiered_pricing_type":"fixed","tiered_pricing_fixed_rules":{"2000":5.62000000000000010658141036401502788066864013671875},"tiered_pricing_product_settings":{"layout":"default","base_unit_name":{"singular":null,"plural":null},"default_variation":null},"tiered_pricing_minimum_quantity":1000,"tiered_pricing_roles_data":[],"tiered_pricing_percentage_rules":[],"tiered_pricing_maximum_quantity":null,"tiered_pricing_quantity_step":"5","_links":{"self":[{"href":"https:\/\/volovape.com\/sv\/wp-json\/wp\/v2\/product\/90","targetHints":{"allow":["GET"]}}],"collection":[{"href":"https:\/\/volovape.com\/sv\/wp-json\/wp\/v2\/product"}],"about":[{"href":"https:\/\/volovape.com\/sv\/wp-json\/wp\/v2\/types\/product"}],"replies":[{"embeddable":true,"href":"https:\/\/volovape.com\/sv\/wp-json\/wp\/v2\/comments?post=90"}],"wp:featuredmedia":[{"embeddable":true,"href":"https:\/\/volovape.com\/sv\/wp-json\/wp\/v2\/media\/348"}],"wp:attachment":[{"href":"https:\/\/volovape.com\/sv\/wp-json\/wp\/v2\/media?parent=90"}],"wp:term":[{"taxonomy":"product_brand","embeddable":true,"href":"https:\/\/volovape.com\/sv\/wp-json\/wp\/v2\/product_brand?post=90"},{"taxonomy":"product_cat","embeddable":true,"href":"https:\/\/volovape.com\/sv\/wp-json\/wp\/v2\/product_cat?post=90"},{"taxonomy":"product_tag","embeddable":true,"href":"https:\/\/volovape.com\/sv\/wp-json\/wp\/v2\/product_tag?post=90"}],"curies":[{"name":"wp","href":"https:\/\/api.w.org\/{rel}","templated":true}]}}