{"id":89,"date":"2024-11-21T03:26:52","date_gmt":"2024-11-21T03:26:52","guid":{"rendered":"https:\/\/volovape.com\/?post_type=product&#038;p=89"},"modified":"2025-10-30T05:03:05","modified_gmt":"2025-10-30T05:03:05","slug":"randm-digital-box-12000-puffar","status":"publish","type":"product","link":"https:\/\/volovape.com\/sv\/product\/randm-digital-box-12000-puffs\/","title":{"rendered":"RandM Digital Box 12000 Puffs Eng\u00e5ngs Vape - Uppladdningsbar med LCD-display"},"content":{"rendered":"<p><iframe title=\"VideoPress Videospelare\" aria-label='VideoPress Videospelare' width='500' height='281' src='https:\/\/videopress.com\/embed\/UzJBu0bw?hd=0&amp;cover=1' frameborder='0' allowfullscreen allow='clipboard-write'><\/iframe><script src='https:\/\/v0.wordpress.com\/js\/next\/videopress-iframe.js?m=1739540970'><\/script><\/p>\n<p><strong>RandM Digital Box 12000 Puffs Eng\u00e5ngs Vape<\/strong> - Vaping med h\u00f6g kapacitet och smart LCD-\u00f6vervakning.<\/p>\n<p>Den <strong>RandM digitalbox 12000<\/strong> s\u00e4tter en ny standard f\u00f6r eng\u00e5ngsvapor, och levererar en imponerande <strong>12.000 puffar<\/strong> och en gener\u00f6s <strong>20 ml kapacitet f\u00f6r e-v\u00e4tska<\/strong>. Utrustad med en <strong>850mAh uppladdningsbart batteri<\/strong> och <strong>Typ C-laddning<\/strong>garanterar den l\u00e5ngvarig prestanda. Den utm\u00e4rkande egenskapen \u00e4r <strong>integrerad LCD-display<\/strong>som ger realtidsuppdateringar om batteritid och antal puffar, vilket ger o\u00f6vertr\u00e4ffad kontroll. Den <strong>Spole med 1\u03a9 maskor<\/strong> garanterar j\u00e4mn, smakrik \u00e5nga som f\u00f6rh\u00f6jer varje bloss. Tillg\u00e4nglig i <strong>6 distinkta smaker<\/strong>Fr\u00e5n fruktiga blandningar till uppfriskande mint, denna enhet tillgodoser olika preferenser. Idealisk f\u00f6r <strong>eng\u00e5ngs vape grossist<\/strong>, <strong>bulkorder<\/strong>, eller <strong>personligt bruk<\/strong>RandM Digital Box 12000 kombinerar avancerad teknik med enast\u00e5ende bekv\u00e4mlighet.<\/p>\n<h3><strong>RandM Digital Box 12000 Funktioner:<\/strong><\/h3>\n<ul>\n<li>Puffar: Upp till 12.000 puffar<\/li>\n<li>E-v\u00e4tskekapacitet: 20mL<\/li>\n<li>Batteri: 850 mAh (uppladdningsbart)<\/li>\n<li>Laddning: Typ C<\/li>\n<li>Spole: 1\u03a9 Mesh-spole<\/li>\n<li>Display: LCD (batteri &amp; antal puffar)<\/li>\n<li>Smaker: 6 unika alternativ<\/li>\n<li>Enhet f\u00f6r eng\u00e5ngsbruk<\/li>\n<\/ul>\n<h4>VANLIGA FR\u00c5GOR<\/h4>\n<h5>Hur f\u00f6rb\u00e4ttrar LCD-sk\u00e4rmen anv\u00e4ndarupplevelsen?<\/h5>\n<p>LCD-displayen ger information i realtid om batteriniv\u00e5 och antal bloss, s\u00e5 att du kan \u00f6vervaka din anv\u00e4ndning och planera d\u00e4refter. Den h\u00e4r funktionen ger ett lager av bekv\u00e4mlighet och kontroll, s\u00e5 att du aldrig blir \u00f6verraskad av ett urladdat batteri eller en tom tank.<\/p>\n<h5>Vilka leveransmetoder anv\u00e4nds?<\/h5>\n<p>Vi arbetar med p\u00e5litliga transport\u00f6rer som UPS, DHL, FedEx och DPD f\u00f6r att leverera dina best\u00e4llningar snabbt. Vi v\u00e4ljer det mest effektiva fraktalternativet baserat p\u00e5 din plats f\u00f6r att s\u00e4kerst\u00e4lla snabb och p\u00e5litlig leverans.<\/p>\n<h5>Hur l\u00e5ng tid tar det innan min best\u00e4llning kommer fram?<\/h5>\n<p>Best\u00e4llningar anl\u00e4nder normalt inom 7-15 arbetsdagar. R\u00e4kna dock med upp till 20 arbetsdagar under allm\u00e4nna helgdagar eller ogynnsamma v\u00e4derf\u00f6rh\u00e5llanden, vilket kan orsaka mindre f\u00f6rseningar.<\/p>\n<h5>Kommer jag att st\u00f6ta p\u00e5 n\u00e5gra tullproblem eller extra avgifter?<\/h5>\n<p>Vi hanterar alla tullklareringsf\u00f6rfaranden, vilket garanterar en problemfri upplevelse. Du kommer inte att drabbas av n\u00e5gra ytterligare skatter eller avgifter. Vi garanterar att 100% av v\u00e5ra produkter framg\u00e5ngsrikt klarerar tullen.<\/p>\n<h5>\u00c4r ink\u00f6p fr\u00e5n din webbplats s\u00e4kra och tillf\u00f6rlitliga?<\/h5>\n<p>Ja, vi st\u00f6der s\u00e4kra PayPal-transaktioner med k\u00f6parskydd. Du kan ocks\u00e5 verifiera v\u00e5r tillf\u00f6rlitlighet genom att l\u00e4sa kundrecensioner p\u00e5 <a href=\"https:\/\/www.trustpilot.com\/review\/volovape.com?utm_medium=trustbox&amp;utm_source=TrustBoxReviewCollector\">TrustPilot<\/a>d\u00e4r du hittar vittnesm\u00e5l fr\u00e5n n\u00f6jda kunder.<\/p>","protected":false},"excerpt":{"rendered":"<p>Ta steget in i digital vaping med RandM Digital Box 12000 Puffs. LCD-display, 1\u03a9 mesh, 20ml, 850mAh uppladdningsbar. Idealisk f\u00f6r privat bruk eller grossist, levererar smidig, informerad vaping.<\/p>","protected":false},"featured_media":341,"comment_status":"open","ping_status":"closed","template":"","meta":[],"product_brand":[],"product_cat":[52,38,21,18,39,20,23,24,22,25,26,27,28,29,30,31,32,33,34,35,36,40],"product_tag":[],"class_list":{"0":"post-89","1":"product","2":"type-product","3":"status-publish","4":"has-post-thumbnail","6":"product_cat-randm","7":"product_cat-12000-puffs-disposable-vape","8":"product_cat-big-puffs-vapes","9":"product_cat-different-puffs-of-disposable-vapes","10":"product_cat-digital-box-vapes","11":"product_cat-disposable-vape-types","12":"product_cat-disposable-vapes-in-austria","13":"product_cat-disposable-vapes-in-belgium","14":"product_cat-disposable-vapes-in-europe","15":"product_cat-disposable-vapes-in-france","16":"product_cat-disposable-vapes-in-germany","17":"product_cat-disposable-vapes-in-hungary","18":"product_cat-disposable-vapes-in-ltaly","19":"product_cat-disposable-vapes-in-netherlands","20":"product_cat-disposable-vapes-in-norway","21":"product_cat-disposable-vapes-in-poland","22":"product_cat-disposable-vapes-in-portugal","23":"product_cat-disposable-vapes-in-spain","24":"product_cat-disposable-vapes-in-sweden","25":"product_cat-disposable-vapes-in-switzerland","26":"product_cat-rechargeable-vapes","27":"product_cat-smart-screen-vapes","29":"first","30":"instock","31":"shipping-taxable","32":"purchasable","33":"product-type-variable","34":"has-default-attributes"},"jetpack_sharing_enabled":true,"tiered_pricing_type":"fixed","tiered_pricing_fixed_rules":{"30":7.32000000000000028421709430404007434844970703125,"50":6.8499999999999996447286321199499070644378662109375,"100":6.2599999999999997868371792719699442386627197265625,"200":5.95999999999999996447286321199499070644378662109375,"400":5.55999999999999960920149533194489777088165283203125},"tiered_pricing_product_settings":{"layout":"default","base_unit_name":{"singular":null,"plural":null},"default_variation":null},"tiered_pricing_minimum_quantity":10,"tiered_pricing_roles_data":[],"tiered_pricing_percentage_rules":[],"tiered_pricing_maximum_quantity":null,"tiered_pricing_quantity_step":"10","_links":{"self":[{"href":"https:\/\/volovape.com\/sv\/wp-json\/wp\/v2\/product\/89","targetHints":{"allow":["GET"]}}],"collection":[{"href":"https:\/\/volovape.com\/sv\/wp-json\/wp\/v2\/product"}],"about":[{"href":"https:\/\/volovape.com\/sv\/wp-json\/wp\/v2\/types\/product"}],"replies":[{"embeddable":true,"href":"https:\/\/volovape.com\/sv\/wp-json\/wp\/v2\/comments?post=89"}],"wp:featuredmedia":[{"embeddable":true,"href":"https:\/\/volovape.com\/sv\/wp-json\/wp\/v2\/media\/341"}],"wp:attachment":[{"href":"https:\/\/volovape.com\/sv\/wp-json\/wp\/v2\/media?parent=89"}],"wp:term":[{"taxonomy":"product_brand","embeddable":true,"href":"https:\/\/volovape.com\/sv\/wp-json\/wp\/v2\/product_brand?post=89"},{"taxonomy":"product_cat","embeddable":true,"href":"https:\/\/volovape.com\/sv\/wp-json\/wp\/v2\/product_cat?post=89"},{"taxonomy":"product_tag","embeddable":true,"href":"https:\/\/volovape.com\/sv\/wp-json\/wp\/v2\/product_tag?post=89"}],"curies":[{"name":"wp","href":"https:\/\/api.w.org\/{rel}","templated":true}]}}