{"id":88,"date":"2024-11-21T03:26:51","date_gmt":"2024-11-21T03:26:51","guid":{"rendered":"https:\/\/volovape.com\/?post_type=product&#038;p=88"},"modified":"2025-07-04T02:52:02","modified_gmt":"2025-07-04T02:52:02","slug":"vapme-eld-9000-puffar","status":"publish","type":"product","link":"https:\/\/volovape.com\/sv\/product\/vapme-fire-9000-puffs\/","title":{"rendered":"VAPME FIRE 9000 Puffs Eng\u00e5ngsvape - Uppladdningsbar, 0,8\u03a9 Mesh Coil"},"content":{"rendered":"<p><strong>VAPME FIRE 9000 Puffs Eng\u00e5ngsvape<\/strong> - Upplev l\u00e5ngvarig, smakrik vaping med en uppladdningsbar kant.<\/p>\n<p>Den <strong>VAPME BRAND 9000<\/strong> levererar en imponerande <strong>9000+ puffar<\/strong> med en betydande <strong>15 ml kapacitet f\u00f6r e-v\u00e4tska<\/strong>, vilket garanterar l\u00e5ngvarig njutning. Dess <strong>850mAh uppladdningsbart batteri<\/strong> och <strong>Typ C-laddning<\/strong> erbjuder bekv\u00e4mligheten med kontinuerlig anv\u00e4ndning utan frekventa byten. De <strong>0,8\u03a9 n\u00e4tspole<\/strong> \u00e4r utformad f\u00f6r optimal smak- och \u00e5ngproduktion, vilket ger en j\u00e4mn och smidig vapingupplevelse. Med ett varierat utbud av <strong>16 unika smaker<\/strong>Fr\u00e5n fruktiga blandningar till iskalla sensationer, denna enhet tillgodoser alla smaker. Idealisk f\u00f6r <strong>eng\u00e5ngs vape grossist<\/strong>, <strong>bulkbest\u00e4llning<\/strong>, eller <strong>personligt bruk<\/strong>VAPME FIRE 9000 kombinerar h\u00f6g prestanda med ultimat b\u00e4rbarhet.<\/p>\n<p><iframe title=\"VideoPress Videospelare\" aria-label='VideoPress Videospelare' width='421' height='750' src='https:\/\/videopress.com\/embed\/Cl4SK2ke?hd=0&amp;cover=1' frameborder='0' allowfullscreen allow='clipboard-write'><\/iframe><script src='https:\/\/v0.wordpress.com\/js\/next\/videopress-iframe.js?m=1739540970'><\/script><\/p>\n<h3><strong>VAPME FIRE 9000 Funktioner:VAPME FIRE 9000<\/strong><\/h3>\n<ul>\n<li>Puffar: \u00d6ver 9000 puffar<\/li>\n<li>E-v\u00e4tskekapacitet: 15mL<\/li>\n<li>Batteri: 850 mAh (uppladdningsbart)<\/li>\n<li>Laddning: Typ C<\/li>\n<li>Spole: 0,8\u03a9 Mesh-spole<\/li>\n<li>Smaker: 16 unika alternativ<\/li>\n<li>Enhet f\u00f6r eng\u00e5ngsbruk<\/li>\n<\/ul>\n<h4>VANLIGA FR\u00c5GOR<\/h4>\n<h5>Hur f\u00f6rb\u00e4ttrar 0,8\u03a9 mesh-spolen vapingupplevelsen?<\/h5>\n<p>Mesh-spolen p\u00e5 0,8\u03a9 \u00e4r utformad f\u00f6r att ge j\u00e4mn uppv\u00e4rmning och \u00f6kad yta, vilket resulterar i j\u00e4mnare \u00e5ngproduktion och mer intensiv smakleverans. Detta garanterar en konsekvent tillfredsst\u00e4llande \u00e5nga med varje bloss, vilket maximerar njutningen av varje smak.<\/p>\n<h5>Vilka leveransmetoder anv\u00e4nds?<\/h5>\n<p>Vi samarbetar med ledande transport\u00f6rer som UPS, DHL, FedEx och DPD f\u00f6r att s\u00e4kerst\u00e4lla att din best\u00e4llning kommer fram snabbt och s\u00e4kert. Vi v\u00e4ljer den b\u00e4sta fraktmetoden baserat p\u00e5 din plats f\u00f6r optimala leveranstider.<\/p>\n<h5>Hur l\u00e5ng tid tar det att komma fram?<\/h5>\n<p>Vanligtvis tar leveransen mellan 7-15 arbetsdagar. R\u00e4kna dock med upp till 20 arbetsdagar under helgdagar eller ogynnsamma v\u00e4derf\u00f6rh\u00e5llanden, eftersom dessa kan p\u00e5verka leveranstiderna.<\/p>\n<h5>Kommer jag att st\u00f6ta p\u00e5 n\u00e5gra tullproblem eller extra avgifter?<\/h5>\n<p>Nej, vi garanterar en smidig tullklareringsprocess. Vi hanterar alla tullf\u00f6rfaranden, och du kommer inte att drabbas av n\u00e5gra ytterligare skatter eller avgifter. Var s\u00e5 s\u00e4ker, 100% av v\u00e5ra produkter tullklareras framg\u00e5ngsrikt.<\/p>\n<h5>Kan jag lita p\u00e5 den h\u00e4r produkten och er service?<\/h5>\n<p>Absolut. Vi st\u00f6der s\u00e4kra PayPal-betalningar med k\u00f6parskydd. Du kan ocks\u00e5 verifiera v\u00e5r trov\u00e4rdighet genom att kontrollera v\u00e5ra kundrecensioner p\u00e5 <a href=\"https:\/\/www.trustpilot.com\/review\/volovape.com?utm_medium=trustbox&amp;utm_source=TrustBoxReviewCollector\">TrustPilot<\/a>d\u00e4r du hittar vittnesm\u00e5l fr\u00e5n n\u00f6jda kunder.<\/p>","protected":false},"excerpt":{"rendered":"<p>T\u00e4nd varaktig smak med VAPME FIRE 9000 Puffs. 0,8\u03a9 mesh, 15ml, 850mAh uppladdningsbar. Idealisk f\u00f6r privat bruk eller grossistf\u00f6rs\u00e4ljning och levererar j\u00e4mn, rik \u00e5nga.<\/p>","protected":false},"featured_media":333,"comment_status":"open","ping_status":"closed","template":"","meta":[],"product_brand":[],"product_cat":[49,48,21,18,20,23,24,22,25,26,27,28,29,30,31,32,33,34,35,36],"product_tag":[],"class_list":{"0":"post-88","1":"product","2":"type-product","3":"status-publish","4":"has-post-thumbnail","6":"product_cat-vapme","7":"product_cat-9000-puffs-disposable-vape","8":"product_cat-big-puffs-vapes","9":"product_cat-different-puffs-of-disposable-vapes","10":"product_cat-disposable-vape-types","11":"product_cat-disposable-vapes-in-austria","12":"product_cat-disposable-vapes-in-belgium","13":"product_cat-disposable-vapes-in-europe","14":"product_cat-disposable-vapes-in-france","15":"product_cat-disposable-vapes-in-germany","16":"product_cat-disposable-vapes-in-hungary","17":"product_cat-disposable-vapes-in-ltaly","18":"product_cat-disposable-vapes-in-netherlands","19":"product_cat-disposable-vapes-in-norway","20":"product_cat-disposable-vapes-in-poland","21":"product_cat-disposable-vapes-in-portugal","22":"product_cat-disposable-vapes-in-spain","23":"product_cat-disposable-vapes-in-sweden","24":"product_cat-disposable-vapes-in-switzerland","25":"product_cat-rechargeable-vapes","27":"first","28":"instock","29":"shipping-taxable","30":"purchasable","31":"product-type-variable","32":"has-default-attributes"},"jetpack_sharing_enabled":true,"tiered_pricing_type":"fixed","tiered_pricing_fixed_rules":{"2000":5.20000000000000017763568394002504646778106689453125},"tiered_pricing_product_settings":{"layout":"default","base_unit_name":{"singular":null,"plural":null},"default_variation":null},"tiered_pricing_minimum_quantity":1000,"tiered_pricing_roles_data":[],"tiered_pricing_percentage_rules":[],"tiered_pricing_maximum_quantity":null,"tiered_pricing_quantity_step":"10","_links":{"self":[{"href":"https:\/\/volovape.com\/sv\/wp-json\/wp\/v2\/product\/88","targetHints":{"allow":["GET"]}}],"collection":[{"href":"https:\/\/volovape.com\/sv\/wp-json\/wp\/v2\/product"}],"about":[{"href":"https:\/\/volovape.com\/sv\/wp-json\/wp\/v2\/types\/product"}],"replies":[{"embeddable":true,"href":"https:\/\/volovape.com\/sv\/wp-json\/wp\/v2\/comments?post=88"}],"wp:featuredmedia":[{"embeddable":true,"href":"https:\/\/volovape.com\/sv\/wp-json\/wp\/v2\/media\/333"}],"wp:attachment":[{"href":"https:\/\/volovape.com\/sv\/wp-json\/wp\/v2\/media?parent=88"}],"wp:term":[{"taxonomy":"product_brand","embeddable":true,"href":"https:\/\/volovape.com\/sv\/wp-json\/wp\/v2\/product_brand?post=88"},{"taxonomy":"product_cat","embeddable":true,"href":"https:\/\/volovape.com\/sv\/wp-json\/wp\/v2\/product_cat?post=88"},{"taxonomy":"product_tag","embeddable":true,"href":"https:\/\/volovape.com\/sv\/wp-json\/wp\/v2\/product_tag?post=88"}],"curies":[{"name":"wp","href":"https:\/\/api.w.org\/{rel}","templated":true}]}}