{"id":85,"date":"2024-11-21T03:26:51","date_gmt":"2024-11-21T03:26:51","guid":{"rendered":"https:\/\/volovape.com\/?post_type=product&#038;p=85"},"modified":"2026-04-29T02:09:41","modified_gmt":"2026-04-29T02:09:41","slug":"vapme-shisha-vattenpipa-15000-puffar","status":"publish","type":"product","link":"https:\/\/volovape.com\/sv\/product\/vapme-shisha-hookah-15000-puffs\/","title":{"rendered":"VAPME Shisha Hookah 15000 puffar eng\u00e5ngsvape - 24 smaker med n\u00e4tspole, uppladdningsbar"},"content":{"rendered":"<p><iframe title=\"VideoPress Videospelare\" aria-label='VideoPress Videospelare' width='500' height='281' src='https:\/\/videopress.com\/embed\/yEuJlmVZ?hd=0&amp;cover=1' frameborder='0' allowfullscreen allow='clipboard-write'><\/iframe><script src='https:\/\/v0.wordpress.com\/js\/next\/videopress-iframe.js?m=1739540970'><\/script><\/p>\n<p><strong>VAPME Shisha Hookah 15000 puffar l\u00e5ngvarig eng\u00e5ngsvape med 24 smaker<\/strong> - Rik vattenpipa-inspirerad vaping.<\/p>\n<p>Den <strong>VAPME Shisha vattenpipa 15000 puffar<\/strong> eng\u00e5ngsvape ger en f\u00f6rstklassig vapingupplevelse med upp till <strong>15.000 puffar<\/strong>, en stor <strong>25 ml kapacitet f\u00f6r e-v\u00e4tska<\/strong>och en <strong>650mAh uppladdningsbart batteri<\/strong> med <strong>Typ C-laddning<\/strong>. Den <strong>avancerad 0,6\u03a9 n\u00e4tspole<\/strong> ger en j\u00e4mn och smakrik \u00e5nga som p\u00e5minner om traditionell shisha. V\u00e4lj mellan <strong>0% eller 2% nikotinstyrka<\/strong> och utforska ett omfattande urval av <strong>24 unika smaker<\/strong>bland annat Pineapple Shake och Triple Berry Ice. Perfekt f\u00f6r personligt bruk eller <strong>eng\u00e5ngs vape grossist<\/strong>erbjuder denna enhet b\u00e5de livsl\u00e4ngd och variation. F\u00f6r <strong>bulkbest\u00e4llning<\/strong> priser, v\u00e4nligen kontakta oss.<\/p>\n<h3><strong>VAPME Shisha Hookah 15000 Funktioner:<\/strong><\/h3>\n<ul>\n<li>Puffar: Upp till 15 000<\/li>\n<li>Kapacitet f\u00f6r e-v\u00e4tska: 25 ml<\/li>\n<li>Batteri: 650 mAh (uppladdningsbart)<\/li>\n<li>Laddning: Typ C<\/li>\n<li>Spole: 0,6\u03a9 Mesh-spole<\/li>\n<li>Styrkor hos nikotin: 0%, 2%<\/li>\n<li>24 smakalternativ<\/li>\n<\/ul>\n<h4>VANLIGA FR\u00c5GOR<\/h4>\n<h5>Hur f\u00f6rb\u00e4ttrar 0,6\u03a9 mesh-spolen den shishaliknande vapingupplevelsen?<\/h5>\n<p>Mesh-spolen p\u00e5 0,6\u03a9 \u00e4r utformad f\u00f6r att producera rik, t\u00e4t \u00e5nga och intensiva smaker, som efterliknar de mjuka och smakrika dragningarna fr\u00e5n traditionell shisha. Detta garanterar en tillfredsst\u00e4llande och autentisk vapingupplevelse med varje bloss.<\/p>\n<h5>Vilka leveransmetoder anv\u00e4nds?<\/h5>\n<p>Vi samarbetar med p\u00e5litliga transport\u00f6rer som UPS, DHL, FedEx och DPD f\u00f6r att s\u00e4kerst\u00e4lla att dina best\u00e4llningar levereras effektivt. Fraktmetoden v\u00e4ljs utifr\u00e5n din plats f\u00f6r optimal leveranshastighet och tillf\u00f6rlitlighet.<\/p>\n<h5>Hur l\u00e5ng tid tar normalt en leverans?<\/h5>\n<p>Frakt tar vanligtvis mellan 7 och 15 arbetsdagar. Under h\u00f6gs\u00e4song eller ogynnsamma v\u00e4derf\u00f6rh\u00e5llanden kan det ta upp till 20 arbetsdagar.<\/p>\n<h5>Kommer jag att st\u00f6ta p\u00e5 n\u00e5gra problem med tullen eller extra avgifter?<\/h5>\n<p>Vi hanterar alla tullklareringsf\u00f6rfaranden och ser till att din f\u00f6rs\u00e4ndelse passerar utan problem. Du kommer inte att drabbas av n\u00e5gra ytterligare skatter eller avgifter. Vi garanterar 100% tullklarering.<\/p>\n<h5>Hur kan jag vara s\u00e4ker p\u00e5 produktens kvalitet och tillf\u00f6rlitlighet?<\/h5>\n<p>Vi accepterar s\u00e4kra PayPal-betalningar med k\u00f6parskydd. Du kan ocks\u00e5 l\u00e4sa kundrecensioner p\u00e5 <a href=\"https:\/\/www.trustpilot.com\/review\/volovape.com?utm_medium=trustbox&amp;utm_source=TrustBoxReviewCollector\">TrustPilot<\/a>d\u00e4r m\u00e5nga kunder har delat med sig av sina positiva erfarenheter av v\u00e5ra produkter och tj\u00e4nster.<\/p>","protected":false},"excerpt":{"rendered":"<p>Sk\u00e4m bort dig med premium, ut\u00f6kad vaping med VAPME Shisha Hookah 15000 Puffs. 0,6\u03a9 mesh, 25ml, uppladdningsbar. Utforska 24 smaker och v\u00e4lj mellan 0% eller 2% nikotin. Perfekt f\u00f6r privatpersoner eller grossist.<\/p>","protected":false},"featured_media":294,"comment_status":"open","ping_status":"closed","template":"","meta":[],"product_brand":[],"product_cat":[49,41,21,18,20,23,24,22,25,26,27,28,29,30,31,32,33,34,35,36,47],"product_tag":[],"class_list":{"0":"post-85","1":"product","2":"type-product","3":"status-publish","4":"has-post-thumbnail","6":"product_cat-vapme","7":"product_cat-15000-puffs-disposable-vape","8":"product_cat-big-puffs-vapes","9":"product_cat-different-puffs-of-disposable-vapes","10":"product_cat-disposable-vape-types","11":"product_cat-disposable-vapes-in-austria","12":"product_cat-disposable-vapes-in-belgium","13":"product_cat-disposable-vapes-in-europe","14":"product_cat-disposable-vapes-in-france","15":"product_cat-disposable-vapes-in-germany","16":"product_cat-disposable-vapes-in-hungary","17":"product_cat-disposable-vapes-in-ltaly","18":"product_cat-disposable-vapes-in-netherlands","19":"product_cat-disposable-vapes-in-norway","20":"product_cat-disposable-vapes-in-poland","21":"product_cat-disposable-vapes-in-portugal","22":"product_cat-disposable-vapes-in-spain","23":"product_cat-disposable-vapes-in-sweden","24":"product_cat-disposable-vapes-in-switzerland","25":"product_cat-rechargeable-vapes","26":"product_cat-shisha-hookah-vapes","28":"first","29":"instock","30":"shipping-taxable","31":"purchasable","32":"product-type-variable","33":"has-default-attributes"},"jetpack_sharing_enabled":true,"tiered_pricing_type":"fixed","tiered_pricing_fixed_rules":{"30":6.13999999999999968025576890795491635799407958984375,"50":5.55999999999999960920149533194489777088165283203125,"100":4.94000000000000039079850466805510222911834716796875,"200":4.69000000000000039079850466805510222911834716796875,"400":4.2599999999999997868371792719699442386627197265625},"tiered_pricing_product_settings":{"layout":"default","base_unit_name":{"singular":null,"plural":null},"default_variation":null},"tiered_pricing_minimum_quantity":10,"tiered_pricing_roles_data":[],"tiered_pricing_percentage_rules":[],"tiered_pricing_maximum_quantity":null,"tiered_pricing_quantity_step":"10","_links":{"self":[{"href":"https:\/\/volovape.com\/sv\/wp-json\/wp\/v2\/product\/85","targetHints":{"allow":["GET"]}}],"collection":[{"href":"https:\/\/volovape.com\/sv\/wp-json\/wp\/v2\/product"}],"about":[{"href":"https:\/\/volovape.com\/sv\/wp-json\/wp\/v2\/types\/product"}],"replies":[{"embeddable":true,"href":"https:\/\/volovape.com\/sv\/wp-json\/wp\/v2\/comments?post=85"}],"wp:featuredmedia":[{"embeddable":true,"href":"https:\/\/volovape.com\/sv\/wp-json\/wp\/v2\/media\/294"}],"wp:attachment":[{"href":"https:\/\/volovape.com\/sv\/wp-json\/wp\/v2\/media?parent=85"}],"wp:term":[{"taxonomy":"product_brand","embeddable":true,"href":"https:\/\/volovape.com\/sv\/wp-json\/wp\/v2\/product_brand?post=85"},{"taxonomy":"product_cat","embeddable":true,"href":"https:\/\/volovape.com\/sv\/wp-json\/wp\/v2\/product_cat?post=85"},{"taxonomy":"product_tag","embeddable":true,"href":"https:\/\/volovape.com\/sv\/wp-json\/wp\/v2\/product_tag?post=85"}],"curies":[{"name":"wp","href":"https:\/\/api.w.org\/{rel}","templated":true}]}}