{"id":825,"date":"2024-11-21T03:33:30","date_gmt":"2024-11-21T03:33:30","guid":{"rendered":"https:\/\/volovape.com\/?post_type=product&#038;p=825"},"modified":"2025-07-06T04:09:11","modified_gmt":"2025-07-06T04:09:11","slug":"elfworld-plus-20000-puffar","status":"publish","type":"product","link":"https:\/\/volovape.com\/sv\/product\/elfworld-plus-20000-puffs\/","title":{"rendered":"ELFWORLD PLUS+ 20000 puffar eng\u00e5ngs vape - bulk rabatt, mesh coil, uppladdningsbar"},"content":{"rendered":"<p><strong>ELFWORLD PLUS+ 20000 puffar eng\u00e5ngsvape<\/strong> - O\u00f6vertr\u00e4ffad livsl\u00e4ngd och smak med avancerad mesh-spolteknik.<\/p>\n<p>Den <strong>ELFWORLD PLUS+ 20000 puffar<\/strong> eng\u00e5ngsvape ger en exceptionell vapingupplevelse med en imponerande <strong>20.000 puffar<\/strong> kapacitet, en gener\u00f6s <strong>22 ml beh\u00e5llare f\u00f6r e-v\u00e4tska<\/strong>och en kraftfull <strong>650mAh uppladdningsbart batteri<\/strong>. Den avancerade <strong>n\u00e4tspole<\/strong> teknik ger en j\u00e4mn, rik och tillfredsst\u00e4llande \u00e5nga, vilket g\u00f6r den perfekt f\u00f6r l\u00e5ngvarig anv\u00e4ndning. V\u00e4lj bland f\u00f6ljande <strong>0%, 2%, 3% eller 5% nikotinstyrka<\/strong> f\u00f6r att passa dina \u00f6nskem\u00e5l. Idealisk f\u00f6r personligt bruk och <strong>eng\u00e5ngs vape grossist<\/strong>erbjuder denna enhet b\u00e5de l\u00e5ng livsl\u00e4ngd och bekv\u00e4mlighet. <strong>Bulkbest\u00e4llning<\/strong> alternativ finns tillg\u00e4ngliga f\u00f6r \u00e5terf\u00f6rs\u00e4ljare.<\/p>\n<h3><strong>ELFWORLD PLUS+ 20000 Puffs Egenskaper:<\/strong><\/h3>\n<ul>\n<li>Puffar: Upp till 20.000<\/li>\n<li>Kapacitet f\u00f6r e-v\u00e4tska: 22 ml<\/li>\n<li>Batteri: 650 mAh (uppladdningsbart)<\/li>\n<li>Laddning: Typ C<\/li>\n<li>Spole: N\u00e4tspole<\/li>\n<li>Styrkor hos nikotin: 0%, 2%, 3%, 5%<\/li>\n<li>Tillg\u00e4ngliga smaker: Grape Lemon, Cherry Bomb, Juicy Peach Ice, Berry Bliss, Blue Razz Ice, Blueberry Watermelon, Pink Lemonade, Mexico Mango, Strawberry Banana, Watermelon Ice, White Gummy Ice, Strawberry Mango, Miami Mint.<\/li>\n<\/ul>\n<h4>VANLIGA FR\u00c5GOR<\/h4>\n<h5>Hur f\u00f6rb\u00e4ttrar mesh-spolen vapingupplevelsen i denna enhet med h\u00f6g puff?<\/h5>\n<p>Mesh-spolen i ELFWORLD PLUS+ 20000 \u00e4r utformad f\u00f6r att ge j\u00e4mn uppv\u00e4rmning och effektiv f\u00f6r\u00e5ngning, vilket garanterar j\u00e4mn smak och \u00e5ngproduktion under hela enhetens livsl\u00e4ngd. Denna teknik ger en smidig och tillfredsst\u00e4llande upplevelse, \u00e4ven med det h\u00f6ga antalet puffar.<\/p>\n<h5>Vilka \u00e4r f\u00f6rdelarna med en kapacitet p\u00e5 20.000 puffar?<\/h5>\n<p>Kapaciteten p\u00e5 20 000 puffar ger ut\u00f6kad anv\u00e4ndning och minskar behovet av frekventa byten. Detta g\u00f6r ELFWORLD PLUS+ 20000 idealisk f\u00f6r anv\u00e4ndare som vill ha en l\u00e5ngvarig och bekv\u00e4m vapingl\u00f6sning, perfekt f\u00f6r resor eller daglig anv\u00e4ndning.<\/p>\n<h5>Hur snabbt laddas batteriet p\u00e5 650 mAh?<\/h5>\n<p>Batteriet p\u00e5 650 mAh st\u00f6der l\u00e5nga vaping-sessioner och laddas snabbt via Type-C-laddning. Detta s\u00e4kerst\u00e4ller minimal stillest\u00e5ndstid, s\u00e5 att du kan njuta av din enhet utan l\u00e5nga v\u00e4ntetider.<\/p>\n<h5>Vilka leveransmetoder anv\u00e4nds?<\/h5>\n<p>Vi samarbetar med p\u00e5litliga transport\u00f6rer som UPS, DHL, FedEx och DPD f\u00f6r att s\u00e4kerst\u00e4lla en effektiv och s\u00e4ker leverans. Vi v\u00e4ljer det b\u00e4sta fraktalternativet baserat p\u00e5 din plats f\u00f6r att f\u00e5 din best\u00e4llning till dig s\u00e5 snabbt som m\u00f6jligt.<\/p>\n<h5>Kan jag lita p\u00e5 mitt k\u00f6p?<\/h5>\n<p>Vi prioriterar kundn\u00f6jdhet och erbjuder s\u00e4kra betalningsalternativ, inklusive PayPal med k\u00f6parskydd. Du kan ocks\u00e5 se kundrecensioner p\u00e5 TrustPilot: <a href=\"https:\/\/www.trustpilot.com\/review\/volovape.com?utm_medium=trustbox&amp;utm_source=TrustBoxReviewCollector\">TrustPilot<\/a>.<\/p>","protected":false},"excerpt":{"rendered":"<p>Bulk grossist ELFWORLD PLUS+ 20000 Puffs Eng\u00e5ngs Vapes. 20 000 puffar, 22 ml e-juice, mesh-spole, uppladdningsbar. Varierade nikotinalternativ. Utforska 15 smaker.<\/p>","protected":false},"featured_media":1254,"comment_status":"open","ping_status":"closed","template":"","meta":[],"product_brand":[],"product_cat":[69,42,21,18,39,20,23,24,22,25,26,27,28,29,30,31,32,33,34,35,44,36,40],"product_tag":[],"class_list":{"0":"post-825","1":"product","2":"type-product","3":"status-publish","4":"has-post-thumbnail","6":"product_cat-elfworld","7":"product_cat-20000-puffs-disposable-vape","8":"product_cat-big-puffs-vapes","9":"product_cat-different-puffs-of-disposable-vapes","10":"product_cat-digital-box-vapes","11":"product_cat-disposable-vape-types","12":"product_cat-disposable-vapes-in-austria","13":"product_cat-disposable-vapes-in-belgium","14":"product_cat-disposable-vapes-in-europe","15":"product_cat-disposable-vapes-in-france","16":"product_cat-disposable-vapes-in-germany","17":"product_cat-disposable-vapes-in-hungary","18":"product_cat-disposable-vapes-in-ltaly","19":"product_cat-disposable-vapes-in-netherlands","20":"product_cat-disposable-vapes-in-norway","21":"product_cat-disposable-vapes-in-poland","22":"product_cat-disposable-vapes-in-portugal","23":"product_cat-disposable-vapes-in-spain","24":"product_cat-disposable-vapes-in-sweden","25":"product_cat-disposable-vapes-in-switzerland","26":"product_cat-dual-mesh-vapes","27":"product_cat-rechargeable-vapes","28":"product_cat-smart-screen-vapes","30":"first","31":"instock","32":"shipping-taxable","33":"purchasable","34":"product-type-variable","35":"has-default-attributes"},"jetpack_sharing_enabled":true,"tiered_pricing_type":"fixed","tiered_pricing_fixed_rules":{"2000":6.19000000000000039079850466805510222911834716796875},"tiered_pricing_product_settings":{"layout":"default","base_unit_name":{"singular":null,"plural":null},"default_variation":null},"tiered_pricing_minimum_quantity":1000,"tiered_pricing_roles_data":[],"tiered_pricing_percentage_rules":[],"tiered_pricing_maximum_quantity":null,"tiered_pricing_quantity_step":"10","_links":{"self":[{"href":"https:\/\/volovape.com\/sv\/wp-json\/wp\/v2\/product\/825","targetHints":{"allow":["GET"]}}],"collection":[{"href":"https:\/\/volovape.com\/sv\/wp-json\/wp\/v2\/product"}],"about":[{"href":"https:\/\/volovape.com\/sv\/wp-json\/wp\/v2\/types\/product"}],"replies":[{"embeddable":true,"href":"https:\/\/volovape.com\/sv\/wp-json\/wp\/v2\/comments?post=825"}],"wp:featuredmedia":[{"embeddable":true,"href":"https:\/\/volovape.com\/sv\/wp-json\/wp\/v2\/media\/1254"}],"wp:attachment":[{"href":"https:\/\/volovape.com\/sv\/wp-json\/wp\/v2\/media?parent=825"}],"wp:term":[{"taxonomy":"product_brand","embeddable":true,"href":"https:\/\/volovape.com\/sv\/wp-json\/wp\/v2\/product_brand?post=825"},{"taxonomy":"product_cat","embeddable":true,"href":"https:\/\/volovape.com\/sv\/wp-json\/wp\/v2\/product_cat?post=825"},{"taxonomy":"product_tag","embeddable":true,"href":"https:\/\/volovape.com\/sv\/wp-json\/wp\/v2\/product_tag?post=825"}],"curies":[{"name":"wp","href":"https:\/\/api.w.org\/{rel}","templated":true}]}}