{"id":82,"date":"2024-11-21T03:26:51","date_gmt":"2024-11-21T03:26:51","guid":{"rendered":"https:\/\/volovape.com\/?post_type=product&#038;p=82"},"modified":"2025-06-19T03:44:40","modified_gmt":"2025-06-19T03:44:40","slug":"fihp-9000-puffar","status":"publish","type":"product","link":"https:\/\/volovape.com\/sv\/product\/fihp-9000-puffs\/","title":{"rendered":"FIHP 9000 Puffs eng\u00e5ngsvape - uppladdningsbar, mesh-spole, RGB-ljus"},"content":{"rendered":"<p><iframe title=\"VideoPress Videospelare\" aria-label='VideoPress Videospelare' width='421' height='750' src='https:\/\/videopress.com\/embed\/xJVwxWTP?hd=0&amp;cover=1' frameborder='0' allowfullscreen allow='clipboard-write'><\/iframe><script src='https:\/\/v0.wordpress.com\/js\/next\/videopress-iframe.js?m=1739540970'><\/script><\/p>\n<p><strong>FIHP 9000 Puffs Snygg uppladdningsbar eng\u00e5ngsvape med RGB-belysning<\/strong> - Prestanda och stil i kombination.<\/p>\n<p>Den <strong>FIHP 9000 Puffar<\/strong> eng\u00e5ngsvape erbjuder en unik blandning av prestanda och stil, och levererar upp till <strong>9.000 puffar<\/strong> med en <strong>18 ml kapacitet f\u00f6r e-v\u00e4tska<\/strong> och en <strong>650mAh uppladdningsbart batteri<\/strong> med <strong>Typ C-laddning<\/strong>. Den <strong>avancerad teknik f\u00f6r n\u00e4tspole<\/strong> ger en j\u00e4mn och smakrik \u00e5nga. St\u00e5 ut med den <strong>livfull RGB-belysning<\/strong>och ger din vaping ett anpassningsbart visuellt element. V\u00e4lj fr\u00e5n <strong>2% eller 5% nikotinstyrka<\/strong> och njut av ett brett utbud av smaker, inklusive Strawberry Dragon Fruit och Blueberry Lemonade. Perfekt f\u00f6r personligt bruk eller <strong>eng\u00e5ngs vape grossist<\/strong>erbjuder denna enhet b\u00e5de bekv\u00e4mlighet och k\u00e4nsla. F\u00f6r <strong>bulkbest\u00e4llning<\/strong> priser, v\u00e4nligen kontakta oss.<\/p>\n<h3><strong>FIHP 9000 Funktioner:<\/strong><\/h3>\n<ul>\n<li>Puffar: Upp till 9.000<\/li>\n<li>Kapacitet f\u00f6r e-v\u00e4tska: 18 ml<\/li>\n<li>Batteri: 650 mAh (uppladdningsbart)<\/li>\n<li>Laddning: Typ C<\/li>\n<li>Spole: N\u00e4tspole<\/li>\n<li>Belysning: RGB<\/li>\n<li>Styrkor hos nikotin: 2%, 5%<\/li>\n<li>12 smakalternativ<\/li>\n<\/ul>\n<h4>VANLIGA FR\u00c5GOR<\/h4>\n<h5>Hur f\u00f6rb\u00e4ttrar RGB-belysningen vapingupplevelsen?<\/h5>\n<p>Den livfulla RGB-belysningen ger ett snyggt och anpassningsbart visuellt element till din vapingupplevelse, vilket g\u00f6r den mer njutbar och personlig. Det \u00e4r en unik funktion som skiljer den h\u00e4r enheten fr\u00e5n m\u00e4ngden.<\/p>\n<h5>Vilka leveransmetoder anv\u00e4nds?<\/h5>\n<p>Vi samarbetar med p\u00e5litliga transport\u00f6rer som UPS, DHL, FedEx och DPD f\u00f6r att s\u00e4kerst\u00e4lla att dina best\u00e4llningar levereras effektivt. Fraktmetoden v\u00e4ljs utifr\u00e5n din plats f\u00f6r optimal leveranshastighet och tillf\u00f6rlitlighet.<\/p>\n<h5>Hur l\u00e5ng tid tar normalt en leverans?<\/h5>\n<p>Frakt tar vanligtvis mellan 7 och 15 arbetsdagar. Under h\u00f6gs\u00e4song eller ogynnsamma v\u00e4derf\u00f6rh\u00e5llanden kan det ta upp till 20 arbetsdagar.<\/p>\n<h5>Kommer jag att st\u00f6ta p\u00e5 n\u00e5gra problem med tullen eller extra avgifter?<\/h5>\n<p>Vi hanterar alla tullklareringsf\u00f6rfaranden och ser till att din f\u00f6rs\u00e4ndelse passerar utan problem. Du kommer inte att drabbas av n\u00e5gra ytterligare skatter eller avgifter. Vi garanterar 100% tullklarering.<\/p>\n<h5>Hur kan jag vara s\u00e4ker p\u00e5 produktens kvalitet och tillf\u00f6rlitlighet?<\/h5>\n<p>Vi accepterar s\u00e4kra PayPal-betalningar med k\u00f6parskydd. Du kan ocks\u00e5 l\u00e4sa kundrecensioner p\u00e5<\/p>\n<p>https:\/\/www.trustpilot.com\/review\/volovape.com?utm_medium=trustbox&amp;utm_source=TrustBoxReviewCollector, d\u00e4r m\u00e5nga kunder har delat med sig av sina positiva erfarenheter av v\u00e5ra produkter och tj\u00e4nster.<\/p>","protected":false},"excerpt":{"rendered":"<p>Lys upp din vape med FIHP 9000 Puffs. RGB-belysning, mesh-spole, 18 ml, uppladdningsbar. Perfekt f\u00f6r privat bruk eller grossist, erbjuder snygg och l\u00e5ngvarig vaping med varierad nikotin.<\/p>","protected":false},"featured_media":260,"comment_status":"open","ping_status":"closed","template":"","meta":[],"product_brand":[],"product_cat":[46,48,21,18,20,23,24,22,25,26,27,28,29,30,31,32,33,34,35,36],"product_tag":[],"class_list":{"0":"post-82","1":"product","2":"type-product","3":"status-publish","4":"has-post-thumbnail","6":"product_cat-fihp","7":"product_cat-9000-puffs-disposable-vape","8":"product_cat-big-puffs-vapes","9":"product_cat-different-puffs-of-disposable-vapes","10":"product_cat-disposable-vape-types","11":"product_cat-disposable-vapes-in-austria","12":"product_cat-disposable-vapes-in-belgium","13":"product_cat-disposable-vapes-in-europe","14":"product_cat-disposable-vapes-in-france","15":"product_cat-disposable-vapes-in-germany","16":"product_cat-disposable-vapes-in-hungary","17":"product_cat-disposable-vapes-in-ltaly","18":"product_cat-disposable-vapes-in-netherlands","19":"product_cat-disposable-vapes-in-norway","20":"product_cat-disposable-vapes-in-poland","21":"product_cat-disposable-vapes-in-portugal","22":"product_cat-disposable-vapes-in-spain","23":"product_cat-disposable-vapes-in-sweden","24":"product_cat-disposable-vapes-in-switzerland","25":"product_cat-rechargeable-vapes","27":"first","28":"instock","29":"shipping-taxable","30":"purchasable","31":"product-type-variable","32":"has-default-attributes"},"jetpack_sharing_enabled":true,"tiered_pricing_type":"fixed","tiered_pricing_fixed_rules":{"2000":4.38999999999999968025576890795491635799407958984375},"tiered_pricing_product_settings":{"layout":"default","base_unit_name":{"singular":null,"plural":null},"default_variation":null},"tiered_pricing_minimum_quantity":1000,"tiered_pricing_roles_data":[],"tiered_pricing_percentage_rules":[],"tiered_pricing_maximum_quantity":null,"tiered_pricing_quantity_step":"10","_links":{"self":[{"href":"https:\/\/volovape.com\/sv\/wp-json\/wp\/v2\/product\/82","targetHints":{"allow":["GET"]}}],"collection":[{"href":"https:\/\/volovape.com\/sv\/wp-json\/wp\/v2\/product"}],"about":[{"href":"https:\/\/volovape.com\/sv\/wp-json\/wp\/v2\/types\/product"}],"replies":[{"embeddable":true,"href":"https:\/\/volovape.com\/sv\/wp-json\/wp\/v2\/comments?post=82"}],"wp:featuredmedia":[{"embeddable":true,"href":"https:\/\/volovape.com\/sv\/wp-json\/wp\/v2\/media\/260"}],"wp:attachment":[{"href":"https:\/\/volovape.com\/sv\/wp-json\/wp\/v2\/media?parent=82"}],"wp:term":[{"taxonomy":"product_brand","embeddable":true,"href":"https:\/\/volovape.com\/sv\/wp-json\/wp\/v2\/product_brand?post=82"},{"taxonomy":"product_cat","embeddable":true,"href":"https:\/\/volovape.com\/sv\/wp-json\/wp\/v2\/product_cat?post=82"},{"taxonomy":"product_tag","embeddable":true,"href":"https:\/\/volovape.com\/sv\/wp-json\/wp\/v2\/product_tag?post=82"}],"curies":[{"name":"wp","href":"https:\/\/api.w.org\/{rel}","templated":true}]}}