{"id":80,"date":"2024-11-21T03:26:51","date_gmt":"2024-11-21T03:26:51","guid":{"rendered":"https:\/\/volovape.com\/?post_type=product&#038;p=80"},"modified":"2025-07-04T02:51:49","modified_gmt":"2025-07-04T02:51:49","slug":"fihp-15000-puffar","status":"publish","type":"product","link":"https:\/\/volovape.com\/sv\/product\/fihp-15000-puffs\/","title":{"rendered":"FIHP 15000 Puffs Eng\u00e5ngs Vape - Mesh Coil, LED Display, Uppladdningsbar"},"content":{"rendered":"<p><strong>FIHP 15000 puffar l\u00e5ngvarig eng\u00e5ngsvape med LED-display<\/strong> - H\u00f6gpresterande l\u00f6sning f\u00f6r vaping.<\/p>\n<p>Den <strong>FIHP 15000 Puffar<\/strong> eng\u00e5ngsvape erbjuder en ut\u00f6kad vapingupplevelse med upp till <strong>15.000 puffar<\/strong>, a <strong>22 ml kapacitet f\u00f6r e-v\u00e4tska<\/strong>och en <strong>650mAh uppladdningsbart batteri<\/strong> med <strong>Typ C-laddning<\/strong>. Den <strong>1,0\u03a9 n\u00e4tspole<\/strong> ger en j\u00e4mn, fyllig smak och j\u00e4mn \u00e5nga. En <strong>LED-display<\/strong> ger enkel \u00f6vervakning av batteri- och enhetsstatus. V\u00e4lj bland f\u00f6ljande <strong>2% eller 5% nikotinstyrka<\/strong> och njut av en m\u00e4ngd olika <strong>10+ smaker<\/strong>, inklusive Energidryck och Kiwi Passion Fruit Guava. Perfekt f\u00f6r personligt bruk eller <strong>eng\u00e5ngs vape grossist<\/strong>kombinerar denna enhet h\u00f6g prestanda med bekv\u00e4mlighet. F\u00f6r <strong>bulkbest\u00e4llning<\/strong> priser, v\u00e4nligen kontakta oss.<\/p>\n<h3><strong>FIHP 15000 Funktioner:<\/strong><\/h3>\n<ul>\n<li>Puffar: Upp till 15 000<\/li>\n<li>Kapacitet f\u00f6r e-v\u00e4tska: 22 ml<\/li>\n<li>Batteri: 650 mAh (uppladdningsbart)<\/li>\n<li>Laddning: Typ C<\/li>\n<li>Spole: 1.0\u03a9 Mesh-spole<\/li>\n<li>Display: LED-display<\/li>\n<li>Styrkor hos nikotin: 2%, 5%<\/li>\n<li>10+ smakalternativ<\/li>\n<\/ul>\n<h4>VANLIGA FR\u00c5GOR<\/h4>\n<h5>Hur f\u00f6rb\u00e4ttrar 1,0\u03a9 mesh-spolen vapingupplevelsen?<\/h5>\n<p>Mesh-spolen p\u00e5 1,0\u03a9 \u00e4r utformad f\u00f6r att ge en j\u00e4mn och konsekvent vapingupplevelse, med rika smaker och tillfredsst\u00e4llande \u00e5ngproduktion vid varje bloss. Den s\u00e4kerst\u00e4ller effektiv f\u00f6r\u00e5ngning av e-v\u00e4tska, vilket maximerar smakleveransen och den totala njutningen.<\/p>\n<h5>Vilka leveransmetoder anv\u00e4nds?<\/h5>\n<p>Vi samarbetar med p\u00e5litliga transport\u00f6rer som UPS, DHL, FedEx och DPD f\u00f6r att s\u00e4kerst\u00e4lla att dina best\u00e4llningar levereras effektivt. Fraktmetoden v\u00e4ljs utifr\u00e5n din plats f\u00f6r optimal leveranshastighet och tillf\u00f6rlitlighet.<\/p>\n<h5>Hur l\u00e5ng tid tar normalt en leverans?<\/h5>\n<p>Frakt tar vanligtvis mellan 7 och 15 arbetsdagar. Under h\u00f6gs\u00e4song eller ogynnsamma v\u00e4derf\u00f6rh\u00e5llanden kan det ta upp till 20 arbetsdagar.<\/p>\n<h5>Kommer jag att st\u00f6ta p\u00e5 n\u00e5gra problem med tullen eller extra avgifter?<\/h5>\n<p>Vi hanterar alla tullklareringsf\u00f6rfaranden och ser till att din f\u00f6rs\u00e4ndelse passerar utan problem. Du kommer inte att drabbas av n\u00e5gra ytterligare skatter eller avgifter. Vi garanterar 100% tullklarering.<\/p>\n<h5>Hur kan jag vara s\u00e4ker p\u00e5 produktens kvalitet och tillf\u00f6rlitlighet?<\/h5>\n<p>Vi accepterar s\u00e4kra PayPal-betalningar med k\u00f6parskydd. Du kan ocks\u00e5 l\u00e4sa kundrecensioner p\u00e5 <a href=\"https:\/\/www.trustpilot.com\/review\/volovape.com?utm_medium=trustbox&amp;utm_source=TrustBoxReviewCollector\">TrustPilot<\/a>d\u00e4r m\u00e5nga kunder har delat med sig av sina positiva erfarenheter av v\u00e5ra produkter och tj\u00e4nster.<\/p>","protected":false},"excerpt":{"rendered":"<p>Njut av ut\u00f6kad smak med FIHP 15000 Puffs. LED-display, 1,0\u03a9 mesh, 22 ml, uppladdningsbar. Perfekt f\u00f6r privat bruk eller grossistf\u00f6rs\u00e4ljning, levererar j\u00e4mn \u00e5nga och varierade nikotinalternativ.<\/p>","protected":false},"featured_media":238,"comment_status":"open","ping_status":"closed","template":"","meta":[],"product_brand":[],"product_cat":[46,41,21,18,20,23,24,22,25,26,27,28,29,30,31,32,33,34,35,36,40],"product_tag":[],"class_list":{"0":"post-80","1":"product","2":"type-product","3":"status-publish","4":"has-post-thumbnail","6":"product_cat-fihp","7":"product_cat-15000-puffs-disposable-vape","8":"product_cat-big-puffs-vapes","9":"product_cat-different-puffs-of-disposable-vapes","10":"product_cat-disposable-vape-types","11":"product_cat-disposable-vapes-in-austria","12":"product_cat-disposable-vapes-in-belgium","13":"product_cat-disposable-vapes-in-europe","14":"product_cat-disposable-vapes-in-france","15":"product_cat-disposable-vapes-in-germany","16":"product_cat-disposable-vapes-in-hungary","17":"product_cat-disposable-vapes-in-ltaly","18":"product_cat-disposable-vapes-in-netherlands","19":"product_cat-disposable-vapes-in-norway","20":"product_cat-disposable-vapes-in-poland","21":"product_cat-disposable-vapes-in-portugal","22":"product_cat-disposable-vapes-in-spain","23":"product_cat-disposable-vapes-in-sweden","24":"product_cat-disposable-vapes-in-switzerland","25":"product_cat-rechargeable-vapes","26":"product_cat-smart-screen-vapes","28":"first","29":"instock","30":"shipping-taxable","31":"purchasable","32":"product-type-variable","33":"has-default-attributes"},"jetpack_sharing_enabled":true,"tiered_pricing_type":"fixed","tiered_pricing_fixed_rules":{"2000":4.9900000000000002131628207280300557613372802734375},"tiered_pricing_product_settings":{"layout":"default","base_unit_name":{"singular":null,"plural":null},"default_variation":null},"tiered_pricing_minimum_quantity":1000,"tiered_pricing_roles_data":[],"tiered_pricing_percentage_rules":[],"tiered_pricing_maximum_quantity":null,"tiered_pricing_quantity_step":"10","_links":{"self":[{"href":"https:\/\/volovape.com\/sv\/wp-json\/wp\/v2\/product\/80","targetHints":{"allow":["GET"]}}],"collection":[{"href":"https:\/\/volovape.com\/sv\/wp-json\/wp\/v2\/product"}],"about":[{"href":"https:\/\/volovape.com\/sv\/wp-json\/wp\/v2\/types\/product"}],"replies":[{"embeddable":true,"href":"https:\/\/volovape.com\/sv\/wp-json\/wp\/v2\/comments?post=80"}],"wp:featuredmedia":[{"embeddable":true,"href":"https:\/\/volovape.com\/sv\/wp-json\/wp\/v2\/media\/238"}],"wp:attachment":[{"href":"https:\/\/volovape.com\/sv\/wp-json\/wp\/v2\/media?parent=80"}],"wp:term":[{"taxonomy":"product_brand","embeddable":true,"href":"https:\/\/volovape.com\/sv\/wp-json\/wp\/v2\/product_brand?post=80"},{"taxonomy":"product_cat","embeddable":true,"href":"https:\/\/volovape.com\/sv\/wp-json\/wp\/v2\/product_cat?post=80"},{"taxonomy":"product_tag","embeddable":true,"href":"https:\/\/volovape.com\/sv\/wp-json\/wp\/v2\/product_tag?post=80"}],"curies":[{"name":"wp","href":"https:\/\/api.w.org\/{rel}","templated":true}]}}