{"id":785,"date":"2024-11-21T03:33:06","date_gmt":"2024-11-21T03:33:06","guid":{"rendered":"https:\/\/volovape.com\/?post_type=product&#038;p=785"},"modified":"2025-06-19T03:45:15","modified_gmt":"2025-06-19T03:45:15","slug":"aivono-aim-plus-800-puffar","status":"publish","type":"product","link":"https:\/\/volovape.com\/sv\/product\/aivono-aim-plus-800-puffs\/","title":{"rendered":"Aivono Aim Plus 800 Puffs eng\u00e5ngsvape - n\u00e4tspole, TPD-certifierad"},"content":{"rendered":"<p><strong>Aivono Aim Plus 800 puffar eng\u00e5ngsvape<\/strong> - P\u00e5litlig, smakrik och TPD-certifierad f\u00f6r kvalitetss\u00e4kring.<\/p>\n<p>Den <strong>Aivono Aim Plus 800 puffar<\/strong> eng\u00e5ngsvape erbjuder en enkel och tillfredsst\u00e4llande vapingupplevelse med upp till <strong>800 puffar<\/strong>, a <strong>3,2 ml kapacitet f\u00f6r e-v\u00e4tska<\/strong>och en <strong>550 mAh batteri<\/strong>. Den <strong>1,8\u03a9 n\u00e4tspole<\/strong> garanterar en j\u00e4mn och smakrik \u00e5ngproduktion. Denna enhet \u00e4r TPD-certifierad, vilket garanterar att den f\u00f6ljer h\u00f6ga kvalitets- och s\u00e4kerhetsstandarder. V\u00e4lj fr\u00e5n <strong>0%, 2% eller 5% nikotinstyrka<\/strong>. Idealisk f\u00f6r personligt bruk och <strong>eng\u00e5ngs vape grossist<\/strong>Med Aivono Aim Plus f\u00e5r du tillf\u00f6rlitlighet och smak i ett bekv\u00e4mt paket. <strong>Bulkbest\u00e4llning<\/strong> alternativ finns tillg\u00e4ngliga f\u00f6r \u00e5terf\u00f6rs\u00e4ljare.<\/p>\n<h3><strong>Aivono Aim Plus 800 Puffs Funktioner:<\/strong><\/h3>\n<ul>\n<li>Puffar: Upp till 800<\/li>\n<li>Kapacitet f\u00f6r e-v\u00e4tska: 3,2 ml<\/li>\n<li>Batteri: 550 mAh<\/li>\n<li>Spole: 1,8\u03a9 Mesh-spole<\/li>\n<li>Styrkor hos nikotin: 0%, 2%, 5%<\/li>\n<li>Certifiering: TPD-certifierad<\/li>\n<li>Tillg\u00e4ngliga smaker: Cool Mint, Lush Ice, Cotton Candy, Tangerine Ice, Strawberry Watermelon, Blueberry Raspberry Lemon, Mixed Berry, Peach Ice, Banana Ice, Blueberry on Ice, Grape Ice, Mango Ice, Strawberry Ice, Apple Ice, Lychee Ice, Pink Lemonade, Ananas Colada, Cola Ice, Red Bull, Jordgubbsbanan, Guava Ice, Jordgubb Passion Fruit, Jordgubb Kiwi, Mango Lychee, Vit Persika Grapefrukt, Mango Ananas Persika, Apelsin Passion Fruit Guava, Vattenmelon Bubble Gum, Bl\u00e5b\u00e4r Cheesecake.<\/li>\n<\/ul>\n<h4>VANLIGA FR\u00c5GOR<\/h4>\n<h5>Vad inneb\u00e4r TPD-certifiering f\u00f6r denna vape?<\/h5>\n<p>TPD-certifiering (Tobacco Products Directive) inneb\u00e4r att Aivono Aim Plus 800 uppfyller str\u00e4nga kvalitets- och s\u00e4kerhetsstandarder som fastst\u00e4llts av Europeiska unionen. Detta s\u00e4kerst\u00e4ller att produkten har genomg\u00e5tt rigor\u00f6sa tester och f\u00f6ljer best\u00e4mmelserna om ingredienser, utsl\u00e4pp och f\u00f6rpackningar, vilket ger anv\u00e4ndarna en s\u00e4ker och p\u00e5litlig vapingupplevelse.<\/p>\n<h5>Hur bidrar 1,8\u03a9 mesh-spolen till vapingupplevelsen?<\/h5>\n<p>Mesh-spolen p\u00e5 1,8\u03a9 \u00e4r utformad f\u00f6r att ge en j\u00e4mn och konsekvent vapingupplevelse. Den optimerar smakleverans och \u00e5ngproduktion, vilket s\u00e4kerst\u00e4ller att varje bloss \u00e4r tillfredsst\u00e4llande och smakrikt. Den h\u00e4r spolen \u00e4r idealisk f\u00f6r anv\u00e4ndare som f\u00f6redrar en mer kontrollerad och njutbar vaping-session.<\/p>\n<h5>Hur l\u00e4nge r\u00e4cker batteriet och vad \u00e4r kapaciteten f\u00f6r e-v\u00e4tska?<\/h5>\n<p>Batteriet p\u00e5 550 mAh klarar upp till 800 puffar och ger tillf\u00f6rlitlig kraft f\u00f6r l\u00e5ngvarig anv\u00e4ndning. Enheten har en kapacitet p\u00e5 3,2 ml e-v\u00e4tska, vilket s\u00e4kerst\u00e4ller att du har tillr\u00e4ckligt med e-v\u00e4tska f\u00f6r att h\u00e5lla hela enhetens livsl\u00e4ngd.<\/p>\n<h5>Vilka leveransmetoder anv\u00e4nds?<\/h5>\n<p>Vi samarbetar med p\u00e5litliga transport\u00f6rer som UPS, DHL, FedEx och DPD f\u00f6r att s\u00e4kerst\u00e4lla tillf\u00f6rlitlig och effektiv leverans. Vi v\u00e4ljer den l\u00e4mpligaste fraktmetoden baserat p\u00e5 din plats f\u00f6r att f\u00e5 din best\u00e4llning till dig s\u00e5 snabbt som m\u00f6jligt.<\/p>\n<h5>Kan jag lita p\u00e5 mitt k\u00f6p?<\/h5>\n<p>Vi prioriterar kundn\u00f6jdhet och erbjuder s\u00e4kra betalningsalternativ, inklusive PayPal med k\u00f6parskydd. Du kan ocks\u00e5 se kundrecensioner p\u00e5 TrustPilot: <a href=\"https:\/\/www.trustpilot.com\/review\/volovape.com?utm_medium=trustbox&amp;utm_source=TrustBoxReviewCollector\">TrustPilot<\/a>.<\/p>","protected":false},"excerpt":{"rendered":"<p>K\u00f6p Aivono Aim Plus 800 Puffs Eng\u00e5ngs Vape i bulk. Med 3,2 ml e-v\u00e4tska, mesh-spole, TPD-certifiering och flera nikotinalternativ \u00e4r den perfekt f\u00f6r grossister och \u00e5terf\u00f6rs\u00e4ljare av vape.<\/p>","protected":false},"featured_media":1213,"comment_status":"open","ping_status":"closed","template":"","meta":[],"product_brand":[],"product_cat":[67,59,18,20,23,24,22,25,26,27,28,29,30,31,32,33,34,35,60],"product_tag":[],"class_list":{"0":"post-785","1":"product","2":"type-product","3":"status-publish","4":"has-post-thumbnail","6":"product_cat-aivono","7":"product_cat-800-puffs-disposable-vape","8":"product_cat-different-puffs-of-disposable-vapes","9":"product_cat-disposable-vape-types","10":"product_cat-disposable-vapes-in-austria","11":"product_cat-disposable-vapes-in-belgium","12":"product_cat-disposable-vapes-in-europe","13":"product_cat-disposable-vapes-in-france","14":"product_cat-disposable-vapes-in-germany","15":"product_cat-disposable-vapes-in-hungary","16":"product_cat-disposable-vapes-in-ltaly","17":"product_cat-disposable-vapes-in-netherlands","18":"product_cat-disposable-vapes-in-norway","19":"product_cat-disposable-vapes-in-poland","20":"product_cat-disposable-vapes-in-portugal","21":"product_cat-disposable-vapes-in-spain","22":"product_cat-disposable-vapes-in-sweden","23":"product_cat-disposable-vapes-in-switzerland","24":"product_cat-mini-puffs-vapes","26":"first","27":"instock","28":"shipping-taxable","29":"purchasable","30":"product-type-variable","31":"has-default-attributes"},"jetpack_sharing_enabled":true,"tiered_pricing_type":"fixed","tiered_pricing_fixed_rules":{"2000":3.04000000000000003552713678800500929355621337890625},"tiered_pricing_product_settings":{"layout":"default","base_unit_name":{"singular":null,"plural":null},"default_variation":null},"tiered_pricing_minimum_quantity":1000,"tiered_pricing_roles_data":[],"tiered_pricing_percentage_rules":[],"tiered_pricing_maximum_quantity":null,"tiered_pricing_quantity_step":"10","_links":{"self":[{"href":"https:\/\/volovape.com\/sv\/wp-json\/wp\/v2\/product\/785","targetHints":{"allow":["GET"]}}],"collection":[{"href":"https:\/\/volovape.com\/sv\/wp-json\/wp\/v2\/product"}],"about":[{"href":"https:\/\/volovape.com\/sv\/wp-json\/wp\/v2\/types\/product"}],"replies":[{"embeddable":true,"href":"https:\/\/volovape.com\/sv\/wp-json\/wp\/v2\/comments?post=785"}],"wp:featuredmedia":[{"embeddable":true,"href":"https:\/\/volovape.com\/sv\/wp-json\/wp\/v2\/media\/1213"}],"wp:attachment":[{"href":"https:\/\/volovape.com\/sv\/wp-json\/wp\/v2\/media?parent=785"}],"wp:term":[{"taxonomy":"product_brand","embeddable":true,"href":"https:\/\/volovape.com\/sv\/wp-json\/wp\/v2\/product_brand?post=785"},{"taxonomy":"product_cat","embeddable":true,"href":"https:\/\/volovape.com\/sv\/wp-json\/wp\/v2\/product_cat?post=785"},{"taxonomy":"product_tag","embeddable":true,"href":"https:\/\/volovape.com\/sv\/wp-json\/wp\/v2\/product_tag?post=785"}],"curies":[{"name":"wp","href":"https:\/\/api.w.org\/{rel}","templated":true}]}}