{"id":784,"date":"2024-11-21T03:33:06","date_gmt":"2024-11-21T03:33:06","guid":{"rendered":"https:\/\/volovape.com\/?post_type=product&#038;p=784"},"modified":"2025-06-19T03:45:13","modified_gmt":"2025-06-19T03:45:13","slug":"aivono-mini-boxx-600-puffar","status":"publish","type":"product","link":"https:\/\/volovape.com\/sv\/product\/aivono-mini-boxx-600-puffs\/","title":{"rendered":"Aivono Mini Boxx 600 Puffs Eng\u00e5ngsvape - Uppladdningsbar, Mesh Coil"},"content":{"rendered":"<p><strong>Aivono Mini Boxx 600 puffar eng\u00e5ngsvape<\/strong> - Kompakt, uppladdningsbar och smakrik vaping p\u00e5 spr\u00e5ng.<\/p>\n<p>Den <strong>Aivono Mini Boxx 600 puffar<\/strong> eng\u00e5ngsvape \u00e4r utformad f\u00f6r dem som prioriterar b\u00e4rbarhet och bekv\u00e4mlighet utan att kompromissa med smaken. Med upp till <strong>600 puffar<\/strong>, a <strong>2 ml kapacitet f\u00f6r e-v\u00e4tska<\/strong>och en <strong>400mAh uppladdningsbart batteri<\/strong>erbjuder den h\u00e4r enheten en tillfredsst\u00e4llande vapingupplevelse i en snygg, kompakt design. Den <strong>1,2\u03a9 n\u00e4tspole<\/strong> ger en j\u00e4mn och smakrik \u00e5nga, perfekt f\u00f6r daglig anv\u00e4ndning. V\u00e4lj bland f\u00f6ljande <strong>0%, 2% eller 5% nikotinstyrka<\/strong>. Idealisk f\u00f6r personligt bruk och <strong>eng\u00e5ngs vape grossist<\/strong>Aivono Mini Boxx \u00e4r en perfekt blandning av bekv\u00e4mlighet och prestanda. <strong>Bulkbest\u00e4llning<\/strong> alternativ finns tillg\u00e4ngliga f\u00f6r \u00e5terf\u00f6rs\u00e4ljare.<\/p>\n<h3><strong>Aivono Mini Boxx 600 Puffs Egenskaper:<\/strong><\/h3>\n<ul>\n<li>Puffar: Upp till 600<\/li>\n<li>Kapacitet f\u00f6r e-v\u00e4tska: 2 ml<\/li>\n<li>Batteri: 400 mAh (uppladdningsbart)<\/li>\n<li>Laddning: Typ C<\/li>\n<li>Spole: 1,2\u03a9 n\u00e4tspole<\/li>\n<li>Styrkor hos nikotin: 0%, 2%, 5%<\/li>\n<li>Tillg\u00e4ngliga smaker: Strawberry Ice Cream, Lemon Mint, Strawberry Kiwi Ice, Aloe Blackberry Ice, Watermelon Bubble Gum Ice, Strawberry Ice, Energy Drink, White Peach Grapefruit, Cherry Cantaloupe, Pineapple Coconut Ice.<\/li>\n<\/ul>\n<h4>VANLIGA FR\u00c5GOR<\/h4>\n<h5>Vad g\u00f6r Aivono Mini Boxx idealisk f\u00f6r vaping n\u00e4r du \u00e4r p\u00e5 spr\u00e5ng?<\/h5>\n<p>Aivono Mini Boxx \u00e4r utformad med en kompakt och l\u00e4tt formfaktor, vilket g\u00f6r den extremt b\u00e4rbar och perfekt f\u00f6r anv\u00e4ndare som beh\u00f6ver en diskret och bekv\u00e4m vapingl\u00f6sning. Den lilla storleken passar l\u00e4tt i fickor eller v\u00e4skor, s\u00e5 att du kan njuta av dina favoritsmaker n\u00e4r som helst och var som helst.<\/p>\n<h5>Hur f\u00f6rb\u00e4ttrar 1,2\u03a9 mesh-spolen smakupplevelsen?<\/h5>\n<p>Mesh-spolen p\u00e5 1,2\u03a9 \u00e4r optimerad f\u00f6r smakleverans och ger en j\u00e4mn och konsekvent vapingupplevelse. Spolen v\u00e4rmer effektivt upp e-v\u00e4tskan och ser till att varje bloss \u00e4r rikt och smakrikt, vilket \u00f6kar den \u00f6vergripande tillfredsst\u00e4llelsen med varje vaping-session.<\/p>\n<h5>Hur l\u00e4nge r\u00e4cker batteriet och hur snabbt laddas det upp?<\/h5>\n<p>Det uppladdningsbara 400mAh-batteriet \u00e4r utformat f\u00f6r att st\u00f6dja upp till 600 puffar. Med Type-C-laddning laddas enheten snabbt, vilket minimerar stillest\u00e5ndstiden och s\u00e4kerst\u00e4ller att du kan komma tillbaka till vapningen snabbare.<\/p>\n<h5>Vilka leveransmetoder anv\u00e4nds?<\/h5>\n<p>Vi samarbetar med p\u00e5litliga transport\u00f6rer som UPS, DHL, FedEx och DPD f\u00f6r att tillhandah\u00e5lla effektiv och s\u00e4ker leverans. Vi v\u00e4ljer det b\u00e4sta fraktalternativet baserat p\u00e5 din plats f\u00f6r att s\u00e4kerst\u00e4lla att din best\u00e4llning kommer fram snabbt.<\/p>\n<h5>Kan jag lita p\u00e5 mitt k\u00f6p?<\/h5>\n<p>Vi prioriterar kundn\u00f6jdhet och erbjuder s\u00e4kra betalningsalternativ, inklusive PayPal med k\u00f6parskydd. Du kan ocks\u00e5 se kundrecensioner p\u00e5 TrustPilot: <a href=\"https:\/\/www.trustpilot.com\/review\/volovape.com?utm_medium=trustbox&amp;utm_source=TrustBoxReviewCollector\">TrustPilot<\/a>.<\/p>","protected":false},"excerpt":{"rendered":"<p>K\u00f6p Aivono Mini Boxx 600 Puffs Eng\u00e5ngs Vape i bulk. Med 2 ml e-v\u00e4tska, mesh-spole och kompakt design \u00e4r det ett perfekt grossistalternativ f\u00f6r vape-distribut\u00f6rer och \u00e5terf\u00f6rs\u00e4ljare.<\/p>","protected":false},"featured_media":1203,"comment_status":"open","ping_status":"closed","template":"","meta":[],"product_brand":[],"product_cat":[67,59,18,20,23,24,22,25,26,27,28,29,30,31,32,33,34,35,60],"product_tag":[],"class_list":{"0":"post-784","1":"product","2":"type-product","3":"status-publish","4":"has-post-thumbnail","6":"product_cat-aivono","7":"product_cat-800-puffs-disposable-vape","8":"product_cat-different-puffs-of-disposable-vapes","9":"product_cat-disposable-vape-types","10":"product_cat-disposable-vapes-in-austria","11":"product_cat-disposable-vapes-in-belgium","12":"product_cat-disposable-vapes-in-europe","13":"product_cat-disposable-vapes-in-france","14":"product_cat-disposable-vapes-in-germany","15":"product_cat-disposable-vapes-in-hungary","16":"product_cat-disposable-vapes-in-ltaly","17":"product_cat-disposable-vapes-in-netherlands","18":"product_cat-disposable-vapes-in-norway","19":"product_cat-disposable-vapes-in-poland","20":"product_cat-disposable-vapes-in-portugal","21":"product_cat-disposable-vapes-in-spain","22":"product_cat-disposable-vapes-in-sweden","23":"product_cat-disposable-vapes-in-switzerland","24":"product_cat-mini-puffs-vapes","26":"first","27":"instock","28":"shipping-taxable","29":"purchasable","30":"product-type-variable","31":"has-default-attributes"},"jetpack_sharing_enabled":true,"tiered_pricing_type":"fixed","tiered_pricing_fixed_rules":{"2000":3.45999999999999996447286321199499070644378662109375},"tiered_pricing_product_settings":{"layout":"default","base_unit_name":{"singular":null,"plural":null},"default_variation":null},"tiered_pricing_minimum_quantity":1000,"tiered_pricing_roles_data":[],"tiered_pricing_percentage_rules":[],"tiered_pricing_maximum_quantity":null,"tiered_pricing_quantity_step":"10","_links":{"self":[{"href":"https:\/\/volovape.com\/sv\/wp-json\/wp\/v2\/product\/784","targetHints":{"allow":["GET"]}}],"collection":[{"href":"https:\/\/volovape.com\/sv\/wp-json\/wp\/v2\/product"}],"about":[{"href":"https:\/\/volovape.com\/sv\/wp-json\/wp\/v2\/types\/product"}],"replies":[{"embeddable":true,"href":"https:\/\/volovape.com\/sv\/wp-json\/wp\/v2\/comments?post=784"}],"wp:featuredmedia":[{"embeddable":true,"href":"https:\/\/volovape.com\/sv\/wp-json\/wp\/v2\/media\/1203"}],"wp:attachment":[{"href":"https:\/\/volovape.com\/sv\/wp-json\/wp\/v2\/media?parent=784"}],"wp:term":[{"taxonomy":"product_brand","embeddable":true,"href":"https:\/\/volovape.com\/sv\/wp-json\/wp\/v2\/product_brand?post=784"},{"taxonomy":"product_cat","embeddable":true,"href":"https:\/\/volovape.com\/sv\/wp-json\/wp\/v2\/product_cat?post=784"},{"taxonomy":"product_tag","embeddable":true,"href":"https:\/\/volovape.com\/sv\/wp-json\/wp\/v2\/product_tag?post=784"}],"curies":[{"name":"wp","href":"https:\/\/api.w.org\/{rel}","templated":true}]}}