{"id":783,"date":"2024-11-21T03:33:06","date_gmt":"2024-11-21T03:33:06","guid":{"rendered":"https:\/\/volovape.com\/?post_type=product&#038;p=783"},"modified":"2025-08-06T08:14:48","modified_gmt":"2025-08-06T08:14:48","slug":"aivono-fatman-shisha-15000-puffar","status":"publish","type":"product","link":"https:\/\/volovape.com\/sv\/product\/aivono-fatman-shisha-15000-puffs\/","title":{"rendered":"Aivono Fatman Shisha 15000 puffar eng\u00e5ngs vape - rika Shisha smaker, uppladdningsbar, bulk rabatt"},"content":{"rendered":"<p><strong>Aivono Fatman Shisha 15000 puffar eng\u00e5ngsvape<\/strong> - Upplev rika Shisha-smaker med h\u00f6gpresterande vaping.<\/p>\n<p>Den <strong>Aivono Fatman Shisha 15000 puffar<\/strong> eng\u00e5ngsvapen ger en autentisk shishaupplevelse med sin imponerande <strong>15.000 puffar<\/strong> kapacitet, en gener\u00f6s <strong>24 ml beh\u00e5llare f\u00f6r e-v\u00e4tska<\/strong>och en p\u00e5litlig <strong>600mAh uppladdningsbart batteri<\/strong>. Den optimerade <strong>Spole med 0,6\u03a9 maskor<\/strong> garanterar t\u00e4t \u00e5nga och rika, tillfredsst\u00e4llande smaker, som \u00e5terskapar essensen av traditionell shisha. V\u00e4lj mellan <strong>0%, 2%, 3% eller 5% nikotinstyrka<\/strong> f\u00f6r att matcha dina preferenser. Den h\u00e4r enheten \u00e4r perfekt f\u00f6r personligt bruk och <strong>eng\u00e5ngs vape grossist<\/strong>vilket ger b\u00e5de bekv\u00e4mlighet och prestanda. <strong>Bulkbest\u00e4llning<\/strong> finns alternativ f\u00f6r \u00e5terf\u00f6rs\u00e4ljare som s\u00f6ker h\u00f6gkvalitativa eng\u00e5ngsvapor.<\/p>\n<h3><strong>Aivono Fatman Shisha 15000 Puffs Funktioner:<\/strong><\/h3>\n<ul>\n<li>Puffar: Upp till 15 000<\/li>\n<li>Kapacitet f\u00f6r e-v\u00e4tska: 24 ml<\/li>\n<li>Batteri: 600 mAh (uppladdningsbart)<\/li>\n<li>Laddning: Typ C<\/li>\n<li>Spole: 0,6\u03a9 Mesh-spole<\/li>\n<li>Styrkor hos nikotin: 0%, 2%, 3%, 5%<\/li>\n<li>Tillg\u00e4ngliga smaker: Strawberry Ice, Watermelon Ice, Strawberry Raspberry, Juicy Peach, Blueberry Ice, Mango Passion Fruit, Cherry Watermelon Jelly.<\/li>\n<\/ul>\n<h4>VANLIGA FR\u00c5GOR<\/h4>\n<h5>Hur f\u00f6rb\u00e4ttrar 0,6\u03a9 mesh-spolen shisha-vapingupplevelsen?<\/h5>\n<p>Mesh-spolen p\u00e5 0,6\u03a9 \u00e4r s\u00e4rskilt utformad f\u00f6r att maximera \u00e5ngproduktionen och smakintensiteten, vilket ger ett t\u00e4tt, smakrikt moln som n\u00e4ra efterliknar upplevelsen av traditionell shisha. Denna coil s\u00e4kerst\u00e4ller j\u00e4mn uppv\u00e4rmning och optimal smakleverans.<\/p>\n<h5>Hur l\u00e5ng \u00e4r batteritiden och hur l\u00e5ng \u00e4r laddningstiden?<\/h5>\n<p>Det uppladdningsbara 600mAh-batteriet ger l\u00e5ngvarig kraft f\u00f6r upp till 15 000 puffar. Med Type-C-laddning kan du snabbt och effektivt ladda enheten, minimera stillest\u00e5ndstiden och maximera din vapingnjutning.<\/p>\n<h5>Vilka smakalternativ finns tillg\u00e4ngliga?<\/h5>\n<p>Aivono Fatman Shisha 15000 erbjuder en m\u00e4ngd olika shisha-inspirerade smaker, inklusive Strawberry Ice, Watermelon Ice, Strawberry Raspberry, Juicy Peach, Blueberry Ice, Mango Passion Fruit och Cherry Watermelon Jelly. Varje smak \u00e4r utformad f\u00f6r att ge en unik och tillfredsst\u00e4llande vapingupplevelse.<\/p>\n<h5>Vilka leveransmetoder anv\u00e4nds?<\/h5>\n<p>Vi samarbetar med p\u00e5litliga transport\u00f6rer som UPS, DHL, FedEx och DPD f\u00f6r att s\u00e4kerst\u00e4lla snabb och s\u00e4ker leverans. Vi v\u00e4ljer den l\u00e4mpligaste leveransmetoden baserat p\u00e5 din plats f\u00f6r att f\u00e5 din best\u00e4llning till dig s\u00e5 snabbt som m\u00f6jligt.<\/p>\n<h5>Kan jag lita p\u00e5 mitt k\u00f6p?<\/h5>\n<p>Vi prioriterar kundn\u00f6jdhet och erbjuder s\u00e4kra betalningsalternativ, inklusive PayPal med k\u00f6parskydd. Du kan ocks\u00e5 se kundrecensioner p\u00e5 TrustPilot: <a href=\"https:\/\/www.trustpilot.com\/review\/volovape.com?utm_medium=trustbox&amp;utm_source=TrustBoxReviewCollector\">TrustPilot<\/a>.<\/p>","protected":false},"excerpt":{"rendered":"<p>Bulk grossist Aivono Fatman Shisha 15000 Puffs Eng\u00e5ngs Vape. 15 000 puffar, 24 ml e-juice, uppladdningsbar. Mesh-spole, varierat nikotin. Utforska shisha-smaker nu.<\/p>","protected":false},"featured_media":1191,"comment_status":"open","ping_status":"closed","template":"","meta":[],"product_brand":[],"product_cat":[67,41,21,18,20,23,24,22,25,26,27,28,29,30,31,32,33,34,35,36,47],"product_tag":[],"class_list":{"0":"post-783","1":"product","2":"type-product","3":"status-publish","4":"has-post-thumbnail","6":"product_cat-aivono","7":"product_cat-15000-puffs-disposable-vape","8":"product_cat-big-puffs-vapes","9":"product_cat-different-puffs-of-disposable-vapes","10":"product_cat-disposable-vape-types","11":"product_cat-disposable-vapes-in-austria","12":"product_cat-disposable-vapes-in-belgium","13":"product_cat-disposable-vapes-in-europe","14":"product_cat-disposable-vapes-in-france","15":"product_cat-disposable-vapes-in-germany","16":"product_cat-disposable-vapes-in-hungary","17":"product_cat-disposable-vapes-in-ltaly","18":"product_cat-disposable-vapes-in-netherlands","19":"product_cat-disposable-vapes-in-norway","20":"product_cat-disposable-vapes-in-poland","21":"product_cat-disposable-vapes-in-portugal","22":"product_cat-disposable-vapes-in-spain","23":"product_cat-disposable-vapes-in-sweden","24":"product_cat-disposable-vapes-in-switzerland","25":"product_cat-rechargeable-vapes","26":"product_cat-shisha-hookah-vapes","28":"first","29":"instock","30":"shipping-taxable","31":"purchasable","32":"product-type-variable","33":"has-default-attributes"},"jetpack_sharing_enabled":true,"tiered_pricing_type":"fixed","tiered_pricing_fixed_rules":{"2000":5.4900000000000002131628207280300557613372802734375},"tiered_pricing_product_settings":{"layout":"default","base_unit_name":{"singular":null,"plural":null},"default_variation":null},"tiered_pricing_minimum_quantity":1000,"tiered_pricing_roles_data":[],"tiered_pricing_percentage_rules":[],"tiered_pricing_maximum_quantity":null,"tiered_pricing_quantity_step":"10","_links":{"self":[{"href":"https:\/\/volovape.com\/sv\/wp-json\/wp\/v2\/product\/783","targetHints":{"allow":["GET"]}}],"collection":[{"href":"https:\/\/volovape.com\/sv\/wp-json\/wp\/v2\/product"}],"about":[{"href":"https:\/\/volovape.com\/sv\/wp-json\/wp\/v2\/types\/product"}],"replies":[{"embeddable":true,"href":"https:\/\/volovape.com\/sv\/wp-json\/wp\/v2\/comments?post=783"}],"wp:featuredmedia":[{"embeddable":true,"href":"https:\/\/volovape.com\/sv\/wp-json\/wp\/v2\/media\/1191"}],"wp:attachment":[{"href":"https:\/\/volovape.com\/sv\/wp-json\/wp\/v2\/media?parent=783"}],"wp:term":[{"taxonomy":"product_brand","embeddable":true,"href":"https:\/\/volovape.com\/sv\/wp-json\/wp\/v2\/product_brand?post=783"},{"taxonomy":"product_cat","embeddable":true,"href":"https:\/\/volovape.com\/sv\/wp-json\/wp\/v2\/product_cat?post=783"},{"taxonomy":"product_tag","embeddable":true,"href":"https:\/\/volovape.com\/sv\/wp-json\/wp\/v2\/product_tag?post=783"}],"curies":[{"name":"wp","href":"https:\/\/api.w.org\/{rel}","templated":true}]}}