{"id":78,"date":"2024-11-21T03:26:51","date_gmt":"2024-11-21T03:26:51","guid":{"rendered":"https:\/\/volovape.com\/?post_type=product&#038;p=78"},"modified":"2025-07-04T02:51:41","modified_gmt":"2025-07-04T02:51:41","slug":"fihp-shisha-vattenpipa-15000-puffar","status":"publish","type":"product","link":"https:\/\/volovape.com\/sv\/product\/fihp-shisha-hookah-15000-puffs\/","title":{"rendered":"FIHP Shisha Hookah 15000 Puffs Eng\u00e5ngs Vape - Mesh Coil, LED Display"},"content":{"rendered":"<p><strong>FIHP Shisha vattenpipa 15000 puffar Premium eng\u00e5ngsvape med LED<\/strong> - Shisha-inspirerad vaping med h\u00f6g kapacitet.<\/p>\n<p>Den <strong>FIHP Shisha vattenpipa 15000 puffar<\/strong> eng\u00e5ngsvape erbjuder en ut\u00f6kad vapingupplevelse med upp till <strong>15.000 puffar<\/strong>, a <strong>25 ml kapacitet f\u00f6r e-v\u00e4tska<\/strong>och en <strong>650mAh uppladdningsbart batteri<\/strong> med <strong>Typ C-laddning<\/strong>. Den <strong>Spole med 0,6\u03a9 maskor<\/strong> ger en rik, shishaliknande smak och t\u00e4t \u00e5nga. En <strong>LED-display<\/strong> ger enkel \u00f6vervakning av enhetens status. Med en <strong>0,6% (6 mg) nikotinstyrka<\/strong>ger det en balanserad upplevelse. V\u00e4lj fr\u00e5n <strong>10 shisha-inspirerade smaker<\/strong>bland annat Peachy Mango Pineapple och Strawberry Watermelon. Perfekt f\u00f6r personligt bruk eller <strong>eng\u00e5ngs vape grossist<\/strong>kombinerar denna enhet prestanda med bekv\u00e4mlighet. F\u00f6r <strong>bulkbest\u00e4llning<\/strong> priser, v\u00e4nligen kontakta oss.<\/p>\n<h3><strong>FIHP Shisha Hookah 15000 Funktioner:<\/strong><\/h3>\n<ul>\n<li>Puffar: Upp till 15 000<\/li>\n<li>Kapacitet f\u00f6r e-v\u00e4tska: 25 ml<\/li>\n<li>Batteri: 650 mAh (uppladdningsbart)<\/li>\n<li>Laddning: Typ C<\/li>\n<li>Spole: 0,6\u03a9 Mesh-spole<\/li>\n<li>Display: LED-display<\/li>\n<li>Nikotinstyrka: 0,6% (6 mg)<\/li>\n<li>10 smakalternativ<\/li>\n<\/ul>\n<h4>VANLIGA FR\u00c5GOR<\/h4>\n<h5>Hur f\u00f6rb\u00e4ttrar 0,6\u03a9 mesh-spolen den shishaliknande vapingupplevelsen?<\/h5>\n<p>Mesh-spolen p\u00e5 0,6\u03a9 \u00e4r utformad f\u00f6r att producera st\u00f6rre, t\u00e4tare moln och rikare smaker, vilket efterliknar de mjuka, smakrika dragningarna fr\u00e5n traditionell shisha. Detta garanterar en genomg\u00e5ende tillfredsst\u00e4llande vape med varje bloss.<\/p>\n<h5>Vilka leveransmetoder anv\u00e4nds?<\/h5>\n<p>Vi samarbetar med v\u00e4lrenommerade transport\u00f6rer som UPS, DHL, FedEx och DPD f\u00f6r att s\u00e4kerst\u00e4lla att dina best\u00e4llningar levereras p\u00e5 ett effektivt s\u00e4tt. Fraktmetoden v\u00e4ljs baserat p\u00e5 din plats f\u00f6r optimal leveranshastighet och tillf\u00f6rlitlighet.<\/p>\n<h5>Hur l\u00e5ng tid tar normalt en leverans?<\/h5>\n<p>Frakt tar vanligtvis mellan 7 och 15 arbetsdagar. Under h\u00f6gs\u00e4song eller ogynnsamma v\u00e4derf\u00f6rh\u00e5llanden kan det ta upp till 20 arbetsdagar.<\/p>\n<h5>Kommer jag att st\u00f6ta p\u00e5 n\u00e5gra problem med tullen eller extra avgifter?<\/h5>\n<p>Vi hanterar alla tullklareringsf\u00f6rfaranden och ser till att din f\u00f6rs\u00e4ndelse passerar utan problem. Du kommer inte att drabbas av n\u00e5gra ytterligare skatter eller avgifter. Vi garanterar 100% tullklarering.<\/p>\n<h5>Hur kan jag vara s\u00e4ker p\u00e5 produktens kvalitet och tillf\u00f6rlitlighet?<\/h5>\n<p>Vi accepterar s\u00e4kra PayPal-betalningar med k\u00f6parskydd. Du kan ocks\u00e5 l\u00e4sa kundrecensioner p\u00e5 <a href=\"https:\/\/www.trustpilot.com\/review\/volovape.com?utm_medium=trustbox&amp;utm_source=TrustBoxReviewCollector\">TrustPilot<\/a>d\u00e4r m\u00e5nga kunder har delat med sig av sina positiva erfarenheter av v\u00e5ra produkter och tj\u00e4nster.<\/p>","protected":false},"excerpt":{"rendered":"<p>Njut av modern shisha-vaping med FIHP Hookah 15000 Puffs. LED-display, 0,6\u03a9 mesh, 25 ml, uppladdningsbar. Idealisk f\u00f6r personlig eller grossist, levererar rik smak och imponerande moln.<\/p>","protected":false},"featured_media":211,"comment_status":"open","ping_status":"closed","template":"","meta":[],"product_brand":[],"product_cat":[46,41,21,18,20,23,24,22,25,26,27,28,29,30,31,32,33,34,35,36,47,40],"product_tag":[],"class_list":{"0":"post-78","1":"product","2":"type-product","3":"status-publish","4":"has-post-thumbnail","6":"product_cat-fihp","7":"product_cat-15000-puffs-disposable-vape","8":"product_cat-big-puffs-vapes","9":"product_cat-different-puffs-of-disposable-vapes","10":"product_cat-disposable-vape-types","11":"product_cat-disposable-vapes-in-austria","12":"product_cat-disposable-vapes-in-belgium","13":"product_cat-disposable-vapes-in-europe","14":"product_cat-disposable-vapes-in-france","15":"product_cat-disposable-vapes-in-germany","16":"product_cat-disposable-vapes-in-hungary","17":"product_cat-disposable-vapes-in-ltaly","18":"product_cat-disposable-vapes-in-netherlands","19":"product_cat-disposable-vapes-in-norway","20":"product_cat-disposable-vapes-in-poland","21":"product_cat-disposable-vapes-in-portugal","22":"product_cat-disposable-vapes-in-spain","23":"product_cat-disposable-vapes-in-sweden","24":"product_cat-disposable-vapes-in-switzerland","25":"product_cat-rechargeable-vapes","26":"product_cat-shisha-hookah-vapes","27":"product_cat-smart-screen-vapes","29":"first","30":"instock","31":"shipping-taxable","32":"purchasable","33":"product-type-variable","34":"has-default-attributes"},"jetpack_sharing_enabled":true,"tiered_pricing_type":"fixed","tiered_pricing_fixed_rules":{"2000":4.9900000000000002131628207280300557613372802734375},"tiered_pricing_product_settings":{"layout":"default","base_unit_name":{"singular":null,"plural":null},"default_variation":null},"tiered_pricing_minimum_quantity":1000,"tiered_pricing_roles_data":[],"tiered_pricing_percentage_rules":[],"tiered_pricing_maximum_quantity":null,"tiered_pricing_quantity_step":"10","_links":{"self":[{"href":"https:\/\/volovape.com\/sv\/wp-json\/wp\/v2\/product\/78","targetHints":{"allow":["GET"]}}],"collection":[{"href":"https:\/\/volovape.com\/sv\/wp-json\/wp\/v2\/product"}],"about":[{"href":"https:\/\/volovape.com\/sv\/wp-json\/wp\/v2\/types\/product"}],"replies":[{"embeddable":true,"href":"https:\/\/volovape.com\/sv\/wp-json\/wp\/v2\/comments?post=78"}],"wp:featuredmedia":[{"embeddable":true,"href":"https:\/\/volovape.com\/sv\/wp-json\/wp\/v2\/media\/211"}],"wp:attachment":[{"href":"https:\/\/volovape.com\/sv\/wp-json\/wp\/v2\/media?parent=78"}],"wp:term":[{"taxonomy":"product_brand","embeddable":true,"href":"https:\/\/volovape.com\/sv\/wp-json\/wp\/v2\/product_brand?post=78"},{"taxonomy":"product_cat","embeddable":true,"href":"https:\/\/volovape.com\/sv\/wp-json\/wp\/v2\/product_cat?post=78"},{"taxonomy":"product_tag","embeddable":true,"href":"https:\/\/volovape.com\/sv\/wp-json\/wp\/v2\/product_tag?post=78"}],"curies":[{"name":"wp","href":"https:\/\/api.w.org\/{rel}","templated":true}]}}