{"id":76,"date":"2024-11-21T03:26:51","date_gmt":"2024-11-21T03:26:51","guid":{"rendered":"https:\/\/volovape.com\/?post_type=product&#038;p=76"},"modified":"2026-04-29T02:09:47","modified_gmt":"2026-04-29T02:09:47","slug":"waspe-25-km","status":"publish","type":"product","link":"https:\/\/volovape.com\/sv\/product\/waspe-25k\/","title":{"rendered":"WASPE 25K dubbel mesh eng\u00e5ngs vape | 25ml uppladdningsbar bulk k\u00f6pa grossist"},"content":{"rendered":"<p><iframe title=\"VideoPress Videospelare\" aria-label='VideoPress Videospelare' width='421' height='750' src='https:\/\/videopress.com\/embed\/qjEoBbFN?hd=0&amp;cover=1' frameborder='0' allowfullscreen allow='clipboard-write'><\/iframe><script src='https:\/\/v0.wordpress.com\/js\/next\/videopress-iframe.js?m=1739540970'><\/script><\/p>\n<p><strong>WASPE 25K Dual Mesh uppladdningsbar eng\u00e5ngsvape med LCD-display<\/strong> - O\u00f6vertr\u00e4ffad livsl\u00e4ngd och smak.<\/p>\n<p>Den <strong>WASPE 25K dubbelmaska<\/strong> eng\u00e5ngsvapen ger en exceptionell <strong>25.000 puffar<\/strong>med en stor och rymlig <strong>25 ml kapacitet f\u00f6r e-v\u00e4tska<\/strong> och en <strong>650mAh uppladdningsbart batteri<\/strong> med <strong>Typ C-laddning<\/strong>. Den avancerade <strong>spolteknik med dubbla n\u00e4t<\/strong> garanterar \u00f6verl\u00e4gsen smak och \u00e5ngproduktion. Den integrerade <strong>LCD-display<\/strong> g\u00f6r det enkelt att \u00f6vervaka batteritid och antal puffar. Du kan v\u00e4lja mellan <strong>0%, 2% eller 5% nikotinstyrka<\/strong> och njut av <strong>10 l\u00e4ckra smaker<\/strong>bland annat Peach Mango Watermelon och Blueberry Raspberry Lemonade. Perfekt f\u00f6r personligt bruk eller <strong>eng\u00e5ngs vape grossist<\/strong>ger denna enhet o\u00f6vertr\u00e4ffad livsl\u00e4ngd och prestanda. F\u00f6r <strong>bulkbest\u00e4llning<\/strong> priser, v\u00e4nligen kontakta oss.<\/p>\n<h3><strong>WASPE 25K Funktioner:<\/strong><\/h3>\n<ul>\n<li>Puffar: Upp till 25.000<\/li>\n<li>Kapacitet f\u00f6r e-v\u00e4tska: 25 ml<\/li>\n<li>Batteri: 650 mAh (uppladdningsbart)<\/li>\n<li>Laddning: Typ C<\/li>\n<li>Spole: Spole med dubbelt n\u00e4t<\/li>\n<li>Styrkor hos nikotin: 0%, 2%, 5%<\/li>\n<li>Display: LCD (batteri &amp; antal puffar)<\/li>\n<li>10 smakalternativ<\/li>\n<\/ul>\n<h4>VANLIGA FR\u00c5GOR<\/h4>\n<h5>Hur gynnar dual mesh coil-tekniken vaper-anv\u00e4ndaren?<\/h5>\n<p>Dual Mesh Coil-tekniken maximerar v\u00e4rmeytan, vilket resulterar i en j\u00e4mn och intensiv smakupplevelse. Den s\u00e4kerst\u00e4ller ocks\u00e5 j\u00e4mn uppv\u00e4rmning, vilket f\u00f6rhindrar br\u00e4nda smaker och ger en smidig, tillfredsst\u00e4llande vapingupplevelse under hela enhetens livsl\u00e4ngd.<\/p>\n<h5>Vilka leveransmetoder finns tillg\u00e4ngliga?<\/h5>\n<p>Vi anv\u00e4nder oss av p\u00e5litliga transport\u00f6rer som UPS, DHL, FedEx och DPD f\u00f6r att s\u00e4kerst\u00e4lla att dina best\u00e4llningar levereras p\u00e5 ett effektivt s\u00e4tt. Fraktmetoden v\u00e4ljs utifr\u00e5n din plats f\u00f6r att s\u00e4kerst\u00e4lla optimal leveranshastighet och tillf\u00f6rlitlighet.<\/p>\n<h5>Hur l\u00e5ng tid tar normalt en leverans?<\/h5>\n<p>Frakt tar vanligtvis mellan 7 och 15 arbetsdagar. Under h\u00f6gs\u00e4song eller ogynnsamma v\u00e4derf\u00f6rh\u00e5llanden kan det ta upp till 20 arbetsdagar.<\/p>\n<h5>Kommer jag att st\u00f6ta p\u00e5 n\u00e5gra problem med tullen eller extra avgifter?<\/h5>\n<p>Vi hanterar alla tullklareringsf\u00f6rfaranden och ser till att din f\u00f6rs\u00e4ndelse passerar utan problem. Du kommer inte att drabbas av n\u00e5gra ytterligare skatter eller avgifter. Vi garanterar 100% tullklarering.<\/p>\n<h5>Hur kan jag vara s\u00e4ker p\u00e5 produktens kvalitet och tillf\u00f6rlitlighet?<\/h5>\n<p>Vi accepterar s\u00e4kra PayPal-betalningar med k\u00f6parskydd. Du kan ocks\u00e5 l\u00e4sa kundrecensioner p\u00e5 <a href=\"https:\/\/www.trustpilot.com\/review\/volovape.com?utm_medium=trustbox&amp;utm_source=TrustBoxReviewCollector\">TrustPilot<\/a>d\u00e4r m\u00e5nga kunder har delat med sig av sina positiva erfarenheter av v\u00e5ra produkter och tj\u00e4nster.<\/p>","protected":false},"excerpt":{"rendered":"<p>F\u00f6rh\u00f6j din vape-upplevelse med WASPE 25K Dual Mesh. Dual mesh-spolar, LCD-display, 25 ml, uppladdningsbar. Idealisk f\u00f6r personlig njutning eller bulk grossist, med \u00f6verl\u00e4gsen smak.<\/p>","protected":false},"featured_media":188,"comment_status":"open","ping_status":"closed","template":"","meta":[],"product_brand":[],"product_cat":[17,45,21,18,39,20,23,24,22,25,26,27,28,29,30,31,32,33,34,35,44,36,40],"product_tag":[],"class_list":{"0":"post-76","1":"product","2":"type-product","3":"status-publish","4":"has-post-thumbnail","6":"product_cat-waspe","7":"product_cat-25000-puffs-disposable-vape","8":"product_cat-big-puffs-vapes","9":"product_cat-different-puffs-of-disposable-vapes","10":"product_cat-digital-box-vapes","11":"product_cat-disposable-vape-types","12":"product_cat-disposable-vapes-in-austria","13":"product_cat-disposable-vapes-in-belgium","14":"product_cat-disposable-vapes-in-europe","15":"product_cat-disposable-vapes-in-france","16":"product_cat-disposable-vapes-in-germany","17":"product_cat-disposable-vapes-in-hungary","18":"product_cat-disposable-vapes-in-ltaly","19":"product_cat-disposable-vapes-in-netherlands","20":"product_cat-disposable-vapes-in-norway","21":"product_cat-disposable-vapes-in-poland","22":"product_cat-disposable-vapes-in-portugal","23":"product_cat-disposable-vapes-in-spain","24":"product_cat-disposable-vapes-in-sweden","25":"product_cat-disposable-vapes-in-switzerland","26":"product_cat-dual-mesh-vapes","27":"product_cat-rechargeable-vapes","28":"product_cat-smart-screen-vapes","30":"first","31":"instock","32":"shipping-taxable","33":"purchasable","34":"product-type-variable","35":"has-default-attributes"},"jetpack_sharing_enabled":true,"tiered_pricing_type":"fixed","tiered_pricing_fixed_rules":{"2000":5.55999999999999960920149533194489777088165283203125},"tiered_pricing_product_settings":{"layout":"default","base_unit_name":{"singular":null,"plural":null},"default_variation":null},"tiered_pricing_minimum_quantity":1000,"tiered_pricing_roles_data":[],"tiered_pricing_percentage_rules":[],"tiered_pricing_maximum_quantity":null,"tiered_pricing_quantity_step":"10","_links":{"self":[{"href":"https:\/\/volovape.com\/sv\/wp-json\/wp\/v2\/product\/76","targetHints":{"allow":["GET"]}}],"collection":[{"href":"https:\/\/volovape.com\/sv\/wp-json\/wp\/v2\/product"}],"about":[{"href":"https:\/\/volovape.com\/sv\/wp-json\/wp\/v2\/types\/product"}],"replies":[{"embeddable":true,"href":"https:\/\/volovape.com\/sv\/wp-json\/wp\/v2\/comments?post=76"}],"wp:featuredmedia":[{"embeddable":true,"href":"https:\/\/volovape.com\/sv\/wp-json\/wp\/v2\/media\/188"}],"wp:attachment":[{"href":"https:\/\/volovape.com\/sv\/wp-json\/wp\/v2\/media?parent=76"}],"wp:term":[{"taxonomy":"product_brand","embeddable":true,"href":"https:\/\/volovape.com\/sv\/wp-json\/wp\/v2\/product_brand?post=76"},{"taxonomy":"product_cat","embeddable":true,"href":"https:\/\/volovape.com\/sv\/wp-json\/wp\/v2\/product_cat?post=76"},{"taxonomy":"product_tag","embeddable":true,"href":"https:\/\/volovape.com\/sv\/wp-json\/wp\/v2\/product_tag?post=76"}],"curies":[{"name":"wp","href":"https:\/\/api.w.org\/{rel}","templated":true}]}}