{"id":75,"date":"2024-11-21T03:26:51","date_gmt":"2024-11-21T03:26:51","guid":{"rendered":"https:\/\/volovape.com\/?post_type=product&#038;p=75"},"modified":"2025-09-08T03:35:16","modified_gmt":"2025-09-08T03:35:16","slug":"waspe-20000-puffar","status":"publish","type":"product","link":"https:\/\/volovape.com\/sv\/product\/waspe-20000-puffs\/","title":{"rendered":"Waspe 20000 puffs dual mesh box eng\u00e5ngsvape - uppladdningsbar med LCD (0-5% nikotin)"},"content":{"rendered":"<p><iframe title=\"VideoPress Videospelare\" aria-label='VideoPress Videospelare' width='421' height='750' src='https:\/\/videopress.com\/embed\/TWxHNXPl?hd=0&amp;cover=1' frameborder='0' allowfullscreen allow='clipboard-write'><\/iframe><script src='https:\/\/v0.wordpress.com\/js\/next\/videopress-iframe.js?m=1739540970'><\/script><\/p>\n<p><strong>Waspe 20000 Puffs Dual Mesh Box Uppladdningsbar eng\u00e5ngsvape med LCD<\/strong> - Ultimat prestanda och smak.<\/p>\n<p>Den <strong>Waspe 20000 Puffs Dual Mesh Box<\/strong> ger en exceptionell vapingupplevelse med sin massiva <strong>20.000 puffar<\/strong> kapacitet och <strong>24 ml beh\u00e5llare f\u00f6r e-v\u00e4tska<\/strong>. Drivs av en <strong>900mAh uppladdningsbart batteri<\/strong> med <strong>Typ C-laddning<\/strong>garanterar den l\u00e5ngvarig prestanda. Den innovativa <strong>spolteknik med dubbla n\u00e4t<\/strong> ger \u00f6verl\u00e4gsen smak- och \u00e5ngproduktion. Den integrerade <strong>LCD-display<\/strong> g\u00f6r att du enkelt kan \u00f6vervaka batteritiden och antalet puffar. Du kan v\u00e4lja mellan <strong>0%, 2%, 3% eller 5% nikotinstyrka<\/strong> och njut av <strong>12 l\u00e4ckra smaker<\/strong>, inklusive Kiwi Passionsfrukt Guava och Vattenmelon Bubblegum. Perfekt f\u00f6r personligt bruk eller <strong>eng\u00e5ngs vape grossist<\/strong>erbjuder denna enhet o\u00f6vertr\u00e4ffad prestanda och bekv\u00e4mlighet. F\u00f6r <strong>bulkbest\u00e4llning<\/strong> priser, v\u00e4nligen kontakta oss.<\/p>\n<h3><strong>Waspe 20000 Egenskaper:<\/strong><\/h3>\n<ul>\n<li>Puffar: Upp till 20.000<\/li>\n<li>Kapacitet f\u00f6r e-v\u00e4tska: 24 ml<\/li>\n<li>Batteri: 900 mAh (uppladdningsbart)<\/li>\n<li>Laddning: Typ C<\/li>\n<li>Spole: Spole med dubbelt n\u00e4t<\/li>\n<li>Styrkor hos nikotin: 0%, 2%, 3%, 5%<\/li>\n<li>Display: LCD (batteri &amp; antal puffar)<\/li>\n<li>12 smakalternativ<\/li>\n<\/ul>\n<h4>VANLIGA FR\u00c5GOR<\/h4>\n<h5>Hur f\u00f6rb\u00e4ttrar dual mesh coil-tekniken vapingupplevelsen?<\/h5>\n<p>Dual Mesh Coil-tekniken ger en st\u00f6rre uppv\u00e4rmningsyta, vilket resulterar i j\u00e4mnare uppv\u00e4rmning och f\u00f6rb\u00e4ttrad smakproduktion. Detta ger en j\u00e4mn och riklig \u00e5nga vid varje bloss och en f\u00f6rstklassig r\u00f6kupplevelse.<\/p>\n<h5>Vilka leveransmetoder finns tillg\u00e4ngliga?<\/h5>\n<p>Vi samarbetar med p\u00e5litliga transport\u00f6rer som UPS, DHL, FedEx och DPD f\u00f6r att s\u00e4kerst\u00e4lla att dina best\u00e4llningar levereras effektivt. Fraktmetoden v\u00e4ljs utifr\u00e5n din plats f\u00f6r att s\u00e4kerst\u00e4lla optimal leveranshastighet och tillf\u00f6rlitlighet.<\/p>\n<h5>Hur l\u00e5ng tid tar normalt en leverans?<\/h5>\n<p>Frakt tar vanligtvis mellan 7 och 15 arbetsdagar. Under h\u00f6gs\u00e4song eller ogynnsamma v\u00e4derf\u00f6rh\u00e5llanden kan det ta upp till 20 arbetsdagar.<\/p>\n<h5>Kommer jag att st\u00f6ta p\u00e5 n\u00e5gra problem med tullen eller extra avgifter?<\/h5>\n<p>Vi hanterar alla tullklareringsf\u00f6rfaranden och ser till att din f\u00f6rs\u00e4ndelse passerar utan problem. Du kommer inte att drabbas av n\u00e5gra ytterligare skatter eller avgifter. Vi garanterar 100% tullklarering.<\/p>\n<h5>Hur kan jag vara s\u00e4ker p\u00e5 produktens kvalitet och tillf\u00f6rlitlighet?<\/h5>\n<p>Vi accepterar s\u00e4kra PayPal-betalningar med k\u00f6parskydd. Du kan ocks\u00e5 l\u00e4sa kundrecensioner p\u00e5 <a href=\"https:\/\/www.trustpilot.com\/review\/volovape.com?utm_medium=trustbox&amp;utm_source=TrustBoxReviewCollector\">TrustPilot<\/a>d\u00e4r m\u00e5nga kunder har delat med sig av sina positiva erfarenheter av v\u00e5ra produkter och tj\u00e4nster.<\/p>","protected":false},"excerpt":{"rendered":"<p>Sk\u00e4m bort dig med \u00f6verl\u00e4gsen vaping med Waspe 20000 Puffs Dual Mesh Box. Dual mesh coils, LCD-display, 24 ml, 900mAh uppladdningsbar. Perfekt f\u00f6r personlig eller grossist, levererar exceptionell smak.<\/p>","protected":false},"featured_media":169,"comment_status":"open","ping_status":"closed","template":"","meta":[],"product_brand":[],"product_cat":[17,42,21,43,18,39,20,23,24,22,25,26,27,28,29,30,31,32,33,34,35,44,36,40],"product_tag":[],"class_list":{"0":"post-75","1":"product","2":"type-product","3":"status-publish","4":"has-post-thumbnail","6":"product_cat-waspe","7":"product_cat-20000-puffs-disposable-vape","8":"product_cat-big-puffs-vapes","9":"product_cat-crystal-vapes","10":"product_cat-different-puffs-of-disposable-vapes","11":"product_cat-digital-box-vapes","12":"product_cat-disposable-vape-types","13":"product_cat-disposable-vapes-in-austria","14":"product_cat-disposable-vapes-in-belgium","15":"product_cat-disposable-vapes-in-europe","16":"product_cat-disposable-vapes-in-france","17":"product_cat-disposable-vapes-in-germany","18":"product_cat-disposable-vapes-in-hungary","19":"product_cat-disposable-vapes-in-ltaly","20":"product_cat-disposable-vapes-in-netherlands","21":"product_cat-disposable-vapes-in-norway","22":"product_cat-disposable-vapes-in-poland","23":"product_cat-disposable-vapes-in-portugal","24":"product_cat-disposable-vapes-in-spain","25":"product_cat-disposable-vapes-in-sweden","26":"product_cat-disposable-vapes-in-switzerland","27":"product_cat-dual-mesh-vapes","28":"product_cat-rechargeable-vapes","29":"product_cat-smart-screen-vapes","31":"first","32":"instock","33":"shipping-taxable","34":"purchasable","35":"product-type-variable","36":"has-default-attributes"},"jetpack_sharing_enabled":true,"tiered_pricing_type":"fixed","tiered_pricing_fixed_rules":{"2000":5.589999999999999857891452847979962825775146484375},"tiered_pricing_product_settings":{"layout":"default","base_unit_name":{"singular":null,"plural":null},"default_variation":null},"tiered_pricing_minimum_quantity":1000,"tiered_pricing_roles_data":[],"tiered_pricing_percentage_rules":[],"tiered_pricing_maximum_quantity":null,"tiered_pricing_quantity_step":"10","_links":{"self":[{"href":"https:\/\/volovape.com\/sv\/wp-json\/wp\/v2\/product\/75","targetHints":{"allow":["GET"]}}],"collection":[{"href":"https:\/\/volovape.com\/sv\/wp-json\/wp\/v2\/product"}],"about":[{"href":"https:\/\/volovape.com\/sv\/wp-json\/wp\/v2\/types\/product"}],"replies":[{"embeddable":true,"href":"https:\/\/volovape.com\/sv\/wp-json\/wp\/v2\/comments?post=75"}],"wp:featuredmedia":[{"embeddable":true,"href":"https:\/\/volovape.com\/sv\/wp-json\/wp\/v2\/media\/169"}],"wp:attachment":[{"href":"https:\/\/volovape.com\/sv\/wp-json\/wp\/v2\/media?parent=75"}],"wp:term":[{"taxonomy":"product_brand","embeddable":true,"href":"https:\/\/volovape.com\/sv\/wp-json\/wp\/v2\/product_brand?post=75"},{"taxonomy":"product_cat","embeddable":true,"href":"https:\/\/volovape.com\/sv\/wp-json\/wp\/v2\/product_cat?post=75"},{"taxonomy":"product_tag","embeddable":true,"href":"https:\/\/volovape.com\/sv\/wp-json\/wp\/v2\/product_tag?post=75"}],"curies":[{"name":"wp","href":"https:\/\/api.w.org\/{rel}","templated":true}]}}