{"id":749,"date":"2024-11-21T03:32:38","date_gmt":"2024-11-21T03:32:38","guid":{"rendered":"https:\/\/volovape.com\/?post_type=product&#038;p=749"},"modified":"2025-06-19T03:45:11","modified_gmt":"2025-06-19T03:45:11","slug":"fumot-randm-kristall-12000-puffar","status":"publish","type":"product","link":"https:\/\/volovape.com\/sv\/product\/fumot-randm-crystal-12000-puffs\/","title":{"rendered":"FUMOT RandM Crystal 12000 Puffs Eng\u00e5ngsvape - Mesh Coil, Uppladdningsbar"},"content":{"rendered":"<p><iframe title=\"VideoPress Videospelare\" aria-label='VideoPress Videospelare' width='500' height='281' src='https:\/\/videopress.com\/embed\/yQX23W0R?hd=0&amp;cover=1' frameborder='0' allowfullscreen allow='clipboard-write'><\/iframe><script src='https:\/\/v0.wordpress.com\/js\/next\/videopress-iframe.js?m=1739540970'><\/script><\/p>\n<p><strong>FUMOT RandM Crystal 12000 puffar eng\u00e5ngsvape<\/strong> - Upplev ut\u00f6kad vaping med stil och prestanda.<\/p>\n<p>Den <strong>FUMOT RandM Crystal 12000 puffar<\/strong> eng\u00e5ngsvape erbjuder en imponerande <strong>12.000 puffar<\/strong>, med en betydande <strong>20 ml kapacitet f\u00f6r e-v\u00e4tska<\/strong> och en kraftfull <strong>650mAh uppladdningsbart batteri<\/strong>. Denna enhet \u00e4r utformad f\u00f6r b\u00e5de stil och bekv\u00e4mlighet och garanterar l\u00e5ngvarig njutning med sin avancerade <strong>teknik f\u00f6r n\u00e4tspole<\/strong> f\u00f6r en j\u00e4mn och smakrik \u00e5nga. V\u00e4lj din \u00f6nskade nikotinstyrka fr\u00e5n <strong>0%, 2%, 3% eller 5%<\/strong>och njut av den eleganta kristalldesignen. Perfekt f\u00f6r personligt bruk och <strong>eng\u00e5ngs vape grossist<\/strong>ger denna enhet ett exceptionellt v\u00e4rde. <strong>Bulkbest\u00e4llning<\/strong> Alternativ finns ocks\u00e5 tillg\u00e4ngliga.<\/p>\n<h3><strong>FUMOT RandM Crystal 12000 Puffs Funktioner:<\/strong><\/h3>\n<ul>\n<li>Puffar: Upp till 12.000<\/li>\n<li>Kapacitet f\u00f6r e-v\u00e4tska: 20 ml<\/li>\n<li>Batteri: 650 mAh (uppladdningsbart)<\/li>\n<li>Laddning: Typ C<\/li>\n<li>Spole: N\u00e4tspole<\/li>\n<li>Styrkor hos nikotin: 0%, 2%, 3%, 5%<\/li>\n<li>Tillg\u00e4ngliga smaker: Aloe Grape, Blue Razz Ice, Rainbow Candy, Peachy Mango Watermelon, Cool Mint, Strawberry Kiwi, Lush Ice.<\/li>\n<\/ul>\n<h4>VANLIGA FR\u00c5GOR<\/h4>\n<h5>Hur f\u00f6rb\u00e4ttrar mesh-spolen vapingupplevelsen?<\/h5>\n<p>Mesh-spolen i FUMOT RandM Crystal 12000 ger en st\u00f6rre v\u00e4rmeyta, vilket resulterar i j\u00e4mnare uppv\u00e4rmning och \u00f6verl\u00e4gsen smakleverans. Denna teknik s\u00e4kerst\u00e4ller en j\u00e4mn och rik \u00e5ngproduktion, vilket maximerar din njutning med varje bloss.<\/p>\n<h5>Vilka leveransmetoder anv\u00e4nds?<\/h5>\n<p>Vi samarbetar med p\u00e5litliga transport\u00f6rer som UPS, DHL, FedEx och DPD. Vi v\u00e4ljer det mest effektiva fraktalternativet baserat p\u00e5 din leveransplats f\u00f6r att s\u00e4kerst\u00e4lla att din best\u00e4llning kommer fram snabbt.<\/p>\n<h5>Hur l\u00e5ng tid tar det innan min best\u00e4llning kommer fram?<\/h5>\n<p>Vanligtvis tar leveransen 7-15 arbetsdagar. Under allm\u00e4nna helgdagar eller ogynnsamma v\u00e4derf\u00f6rh\u00e5llanden kan det dock ta upp till 20 arbetsdagar.<\/p>\n<h5>Kommer jag att st\u00f6ta p\u00e5 n\u00e5gra tull- eller skattefr\u00e5gor?<\/h5>\n<p>Vi garanterar en problemfri upplevelse med tullklarering. Vi hanterar alla tullprocesser och ser till att du inte f\u00e5r n\u00e5gra extra skatter eller avgifter. Vi st\u00e5r fast vid v\u00e5rt l\u00f6fte om 100% tullklarering.<\/p>\n<h5>Kan jag lita p\u00e5 mitt k\u00f6p?<\/h5>\n<p>Vi erbjuder s\u00e4kra betalningsalternativ via PayPal och ger k\u00f6parskydd. Du kan ocks\u00e5 l\u00e4sa \u00e4kta kundrecensioner p\u00e5 v\u00e5r TrustPilot-sida: <a href=\"https:\/\/www.trustpilot.com\/review\/volovape.com?utm_medium=trustbox&amp;utm_source=TrustBoxReviewCollector\">TrustPilot<\/a>.<\/p>","protected":false},"excerpt":{"rendered":"<p>K\u00f6p FUMOT RandM Crystal 12000 Puffs Eng\u00e5ngs Vape i bulk. Med 20 ml e-v\u00e4tska, mesh-spole och kristalldesign \u00e4r det ett elegant vape-alternativ f\u00f6r \u00e5terf\u00f6rs\u00e4ljare och distribut\u00f6rer.<\/p>","protected":false},"featured_media":1152,"comment_status":"open","ping_status":"closed","template":"","meta":[],"product_brand":[],"product_cat":[52,38,21,43,18,39,20,23,24,22,25,26,27,28,29,30,31,32,33,34,35,36,40],"product_tag":[],"class_list":{"0":"post-749","1":"product","2":"type-product","3":"status-publish","4":"has-post-thumbnail","6":"product_cat-randm","7":"product_cat-12000-puffs-disposable-vape","8":"product_cat-big-puffs-vapes","9":"product_cat-crystal-vapes","10":"product_cat-different-puffs-of-disposable-vapes","11":"product_cat-digital-box-vapes","12":"product_cat-disposable-vape-types","13":"product_cat-disposable-vapes-in-austria","14":"product_cat-disposable-vapes-in-belgium","15":"product_cat-disposable-vapes-in-europe","16":"product_cat-disposable-vapes-in-france","17":"product_cat-disposable-vapes-in-germany","18":"product_cat-disposable-vapes-in-hungary","19":"product_cat-disposable-vapes-in-ltaly","20":"product_cat-disposable-vapes-in-netherlands","21":"product_cat-disposable-vapes-in-norway","22":"product_cat-disposable-vapes-in-poland","23":"product_cat-disposable-vapes-in-portugal","24":"product_cat-disposable-vapes-in-spain","25":"product_cat-disposable-vapes-in-sweden","26":"product_cat-disposable-vapes-in-switzerland","27":"product_cat-rechargeable-vapes","28":"product_cat-smart-screen-vapes","30":"first","31":"instock","32":"shipping-taxable","33":"purchasable","34":"product-type-variable","35":"has-default-attributes"},"jetpack_sharing_enabled":true,"tiered_pricing_type":"fixed","tiered_pricing_fixed_rules":{"2000":6.20000000000000017763568394002504646778106689453125},"tiered_pricing_product_settings":{"layout":"default","base_unit_name":{"singular":null,"plural":null},"default_variation":null},"tiered_pricing_minimum_quantity":1000,"tiered_pricing_roles_data":[],"tiered_pricing_percentage_rules":[],"tiered_pricing_maximum_quantity":null,"tiered_pricing_quantity_step":"10","_links":{"self":[{"href":"https:\/\/volovape.com\/sv\/wp-json\/wp\/v2\/product\/749","targetHints":{"allow":["GET"]}}],"collection":[{"href":"https:\/\/volovape.com\/sv\/wp-json\/wp\/v2\/product"}],"about":[{"href":"https:\/\/volovape.com\/sv\/wp-json\/wp\/v2\/types\/product"}],"replies":[{"embeddable":true,"href":"https:\/\/volovape.com\/sv\/wp-json\/wp\/v2\/comments?post=749"}],"wp:featuredmedia":[{"embeddable":true,"href":"https:\/\/volovape.com\/sv\/wp-json\/wp\/v2\/media\/1152"}],"wp:attachment":[{"href":"https:\/\/volovape.com\/sv\/wp-json\/wp\/v2\/media?parent=749"}],"wp:term":[{"taxonomy":"product_brand","embeddable":true,"href":"https:\/\/volovape.com\/sv\/wp-json\/wp\/v2\/product_brand?post=749"},{"taxonomy":"product_cat","embeddable":true,"href":"https:\/\/volovape.com\/sv\/wp-json\/wp\/v2\/product_cat?post=749"},{"taxonomy":"product_tag","embeddable":true,"href":"https:\/\/volovape.com\/sv\/wp-json\/wp\/v2\/product_tag?post=749"}],"curies":[{"name":"wp","href":"https:\/\/api.w.org\/{rel}","templated":true}]}}