{"id":747,"date":"2024-11-21T03:32:38","date_gmt":"2024-11-21T03:32:38","guid":{"rendered":"https:\/\/volovape.com\/?post_type=product&#038;p=747"},"modified":"2025-09-08T03:35:35","modified_gmt":"2025-09-08T03:35:35","slug":"randm-tornado-9000-puffar","status":"publish","type":"product","link":"https:\/\/volovape.com\/sv\/product\/randm-tornado-9000-puffs\/","title":{"rendered":"RandM Tornado 9000 Puffs Eng\u00e5ngsvape med RGB-ljus - Uppladdningsbar (0-5% Nikotin)"},"content":{"rendered":"<p><strong>RandM Tornado 9000 Puffs RGB-belysning uppladdningsbar eng\u00e5ngsvape<\/strong> - F\u00f6rh\u00f6j din vapingupplevelse med RandM Tornado 9000, med livlig RGB-belysning och h\u00f6g kapacitet. Denna uppladdningsbara eng\u00e5ngsvape levererar upp till 9 000 puffar, har en 18 ml e-juice reservoar och ett 850 mAh batteri. Mesh coil-tekniken garanterar konsekvent j\u00e4mn och smakfull \u00e5nga, perfekt f\u00f6r personligt bruk och eng\u00e5ngsvape grossist bulkbest\u00e4llningar. V\u00e4lj mellan nikotinstyrkorna 0%, 2%, 3% eller 5% och ett stort urval av \u00f6ver 40 l\u00e4ckra smaker.<\/p>\n<h3><strong>RandM Tornado 9000 Puffs Funktioner:<\/strong><\/h3>\n<ul>\n<li>Puffar: 9000 puffar<\/li>\n<li>Kapacitet f\u00f6r e-v\u00e4tska: 18mL<\/li>\n<li>Batteri: 850 mAh (uppladdningsbart)<\/li>\n<li>Laddning: Typ C<\/li>\n<li>Spole: N\u00e4tspole<\/li>\n<li>Styrkor hos nikotin: 0%, 2%, 3%, 5%<\/li>\n<li>Belysning: RGB<\/li>\n<li>Smakalternativ: Lush Ice, Blue Razz Ice, Strawberry Watermelon, Pina Colada, Sour Apple, Cotton Pear, Skittles Candy, Cool Mint och m\u00e5nga fler.<\/li>\n<\/ul>\n<h4>VANLIGA FR\u00c5GOR<\/h4>\n<h5>Hur f\u00f6rb\u00e4ttrar RGB-belysningen vapingupplevelsen?<\/h5>\n<p>Den anpassningsbara RGB-belysningen ger ett elegant och dynamiskt visuellt element till din vapingupplevelse. Det g\u00f6r att du kan anpassa din enhet och njuta av en unik estetik medan du \u00e5ngar.<\/p>\n<h5>Vilka leveransmetoder finns tillg\u00e4ngliga?<\/h5>\n<p>Vi samarbetar med p\u00e5litliga transport\u00f6rer, inklusive UPS, DHL, FedEx och DPD, f\u00f6r att erbjuda effektiv och p\u00e5litlig frakt. Den l\u00e4mpligaste leveransmetoden v\u00e4ljs utifr\u00e5n din leveransplats.<\/p>\n<h5>Hur l\u00e5ng tid tar normalt en leverans?<\/h5>\n<p>Leveranstiden \u00e4r normalt 7-15 arbetsdagar, men kan f\u00f6rl\u00e4ngas till 20 arbetsdagar under helgdagar eller vid ogynnsamma v\u00e4derf\u00f6rh\u00e5llanden.<\/p>\n<h5>Kommer jag att drabbas av n\u00e5gra tullavgifter eller skatter?<\/h5>\n<p>Vi hanterar all tullklarering och garanterar att du inte drabbas av n\u00e5gra ytterligare skatter eller avgifter. 100% av v\u00e5ra produkter klareras genom tullen utan problem.<\/p>\n<h5>\u00c4r mitt k\u00f6p s\u00e4kert och tillf\u00f6rlitligt?<\/h5>\n<p>Vi erbjuder s\u00e4kra transaktioner genom PayPals k\u00f6parskydd. Du kan ocks\u00e5 verifiera v\u00e5r tillf\u00f6rlitlighet genom att kontrollera kundrecensioner p\u00e5 <a href=\"https:\/\/www.trustpilot.com\/review\/volovape.com?utm_medium=trustbox&amp;utm_source=TrustBoxReviewCollector\">TrustPilot<\/a>.<\/p>","protected":false},"excerpt":{"rendered":"<p>Best\u00e4ll RandM Tornado 9000 Puffs uppladdningsbar eng\u00e5ngsvape i bulk. Med RGB-belysning, mesh-spole och 18 ml e-v\u00e4tska \u00e4r det ett utm\u00e4rkt grossistalternativ f\u00f6r vape-distribut\u00f6rer och \u00e5terf\u00f6rs\u00e4ljare.<\/p>","protected":false},"featured_media":1122,"comment_status":"open","ping_status":"closed","template":"","meta":[],"product_brand":[],"product_cat":[52,48,21,18,20,23,24,22,25,26,27,28,29,30,31,32,33,34,35],"product_tag":[],"class_list":{"0":"post-747","1":"product","2":"type-product","3":"status-publish","4":"has-post-thumbnail","6":"product_cat-randm","7":"product_cat-9000-puffs-disposable-vape","8":"product_cat-big-puffs-vapes","9":"product_cat-different-puffs-of-disposable-vapes","10":"product_cat-disposable-vape-types","11":"product_cat-disposable-vapes-in-austria","12":"product_cat-disposable-vapes-in-belgium","13":"product_cat-disposable-vapes-in-europe","14":"product_cat-disposable-vapes-in-france","15":"product_cat-disposable-vapes-in-germany","16":"product_cat-disposable-vapes-in-hungary","17":"product_cat-disposable-vapes-in-ltaly","18":"product_cat-disposable-vapes-in-netherlands","19":"product_cat-disposable-vapes-in-norway","20":"product_cat-disposable-vapes-in-poland","21":"product_cat-disposable-vapes-in-portugal","22":"product_cat-disposable-vapes-in-spain","23":"product_cat-disposable-vapes-in-sweden","24":"product_cat-disposable-vapes-in-switzerland","26":"first","27":"instock","28":"shipping-taxable","29":"purchasable","30":"product-type-variable","31":"has-default-attributes"},"jetpack_sharing_enabled":true,"tiered_pricing_type":"fixed","tiered_pricing_fixed_rules":{"2000":7.0999999999999996447286321199499070644378662109375},"tiered_pricing_product_settings":{"layout":"default","base_unit_name":{"singular":null,"plural":null},"default_variation":null},"tiered_pricing_minimum_quantity":1000,"tiered_pricing_roles_data":[],"tiered_pricing_percentage_rules":[],"tiered_pricing_maximum_quantity":null,"tiered_pricing_quantity_step":"10","_links":{"self":[{"href":"https:\/\/volovape.com\/sv\/wp-json\/wp\/v2\/product\/747","targetHints":{"allow":["GET"]}}],"collection":[{"href":"https:\/\/volovape.com\/sv\/wp-json\/wp\/v2\/product"}],"about":[{"href":"https:\/\/volovape.com\/sv\/wp-json\/wp\/v2\/types\/product"}],"replies":[{"embeddable":true,"href":"https:\/\/volovape.com\/sv\/wp-json\/wp\/v2\/comments?post=747"}],"wp:featuredmedia":[{"embeddable":true,"href":"https:\/\/volovape.com\/sv\/wp-json\/wp\/v2\/media\/1122"}],"wp:attachment":[{"href":"https:\/\/volovape.com\/sv\/wp-json\/wp\/v2\/media?parent=747"}],"wp:term":[{"taxonomy":"product_brand","embeddable":true,"href":"https:\/\/volovape.com\/sv\/wp-json\/wp\/v2\/product_brand?post=747"},{"taxonomy":"product_cat","embeddable":true,"href":"https:\/\/volovape.com\/sv\/wp-json\/wp\/v2\/product_cat?post=747"},{"taxonomy":"product_tag","embeddable":true,"href":"https:\/\/volovape.com\/sv\/wp-json\/wp\/v2\/product_tag?post=747"}],"curies":[{"name":"wp","href":"https:\/\/api.w.org\/{rel}","templated":true}]}}