{"id":72,"date":"2024-11-21T03:26:50","date_gmt":"2024-11-21T03:26:50","guid":{"rendered":"https:\/\/volovape.com\/?post_type=product&#038;p=72"},"modified":"2025-08-06T07:46:36","modified_gmt":"2025-08-06T07:46:36","slug":"waspe-12000-puffar","status":"publish","type":"product","link":"https:\/\/volovape.com\/sv\/product\/waspe-12000-puffs\/","title":{"rendered":"WASPE 12000 Puffs Eng\u00e5ngsvape - uppladdningsbar, mesh-spole, LED-lampor"},"content":{"rendered":"<p><iframe title=\"VideoPress Videospelare\" aria-label='VideoPress Videospelare' width='500' height='281' src='https:\/\/videopress.com\/embed\/XcRvhlS5?hd=0&amp;cover=1' frameborder='0' allowfullscreen allow='clipboard-write'><\/iframe><script src='https:\/\/v0.wordpress.com\/js\/next\/videopress-iframe.js?m=1739540970'><\/script><\/p>\n<p><strong>WASPE 12000 Puffs Uppladdningsbar eng\u00e5ngsvape med LED-lampor<\/strong> - L\u00e5ngvarig vaping med extra k\u00e4nsla.<\/p>\n<p>Den <strong>WASPE 12000 puffar<\/strong> eng\u00e5ngsvape erbjuder en imponerande <strong>12.000 puffar<\/strong>, a <strong>20 ml kapacitet f\u00f6r e-v\u00e4tska<\/strong>och en <strong>650mAh uppladdningsbart batteri<\/strong> med <strong>Typ C-laddning<\/strong> f\u00f6r l\u00e5ngvarig anv\u00e4ndning. Den <strong>0,8\u03a9 n\u00e4tspole<\/strong> ger en j\u00e4mn, mjuk och smakrik \u00e5nga, och den <strong>coola LED-lampor<\/strong> vid basen ger en unik visuell upplevelse. V\u00e4lj bland <strong>0%, 2%, 3% eller 5% nikotinstyrka<\/strong> och njut av <strong>12 uppfriskande smaker<\/strong>, inklusive Watermelon Ice och Strawberry Pitaya Lemonade. Perfekt f\u00f6r personligt bruk eller <strong>eng\u00e5ngs vape grossist<\/strong>kombinerar den h\u00e4r enheten prestanda med stil. F\u00f6r <strong>bulkbest\u00e4llning<\/strong> f\u00f6rfr\u00e5gningar, v\u00e4nligen kontakta oss.<\/p>\n<h3><strong>WASPE 12000 Funktioner:<\/strong><\/h3>\n<ul>\n<li>Puffar: Upp till 12.000<\/li>\n<li>Kapacitet f\u00f6r e-v\u00e4tska: 20 ml<\/li>\n<li>Batteri: 650 mAh (uppladdningsbart)<\/li>\n<li>Laddning: Typ C<\/li>\n<li>Spole: 0,8\u03a9 Mesh-spole<\/li>\n<li>Belysning: H\u00e4ftiga LED-lampor<\/li>\n<li>Styrkor hos nikotin: 0%, 2%, 3%, 5%<\/li>\n<li>12 smakalternativ<\/li>\n<\/ul>\n<h4>VANLIGA FR\u00c5GOR<\/h4>\n<h5>Hur f\u00f6rb\u00e4ttrar LED-lamporna vapingupplevelsen?<\/h5>\n<p>De coola LED-lamporna p\u00e5 basen av WASPE 12000 ger ett snyggt och unikt visuellt element till dina vaping-sessioner. De skapar en livlig och i\u00f6gonfallande effekt som g\u00f6r att din vape sticker ut medan du njuter av den mjuka, smakrika \u00e5ngan.<\/p>\n<h5>Vilka leveransmetoder \u00e4r tillg\u00e4ngliga?<\/h5>\n<p>Vi samarbetar med p\u00e5litliga transport\u00f6rer som UPS, DHL, FedEx och DPD f\u00f6r att leverera dina best\u00e4llningar. Den l\u00e4mpligaste fraktmetoden v\u00e4ljs utifr\u00e5n din plats f\u00f6r att s\u00e4kerst\u00e4lla effektiv leverans i r\u00e4tt tid.<\/p>\n<h5>Hur l\u00e5ng tid tar normalt en leverans?<\/h5>\n<p>Frakt tar vanligtvis mellan 7 och 15 arbetsdagar. Under h\u00f6gs\u00e4song eller ogynnsamma v\u00e4derf\u00f6rh\u00e5llanden kan det ta upp till 20 arbetsdagar.<\/p>\n<h5>Kommer jag att st\u00f6ta p\u00e5 n\u00e5gra problem med tullen eller extra avgifter?<\/h5>\n<p>Vi hanterar alla tullklareringsf\u00f6rfaranden och ser till att din f\u00f6rs\u00e4ndelse passerar utan problem. Du kommer inte att drabbas av n\u00e5gra ytterligare skatter eller avgifter. Vi garanterar 100% tullklarering.<\/p>\n<h5>Hur kan jag vara s\u00e4ker p\u00e5 produktens kvalitet och tillf\u00f6rlitlighet?<\/h5>\n<p>Vi accepterar s\u00e4kra PayPal-betalningar med k\u00f6parskydd. Du kan ocks\u00e5 kontrollera v\u00e5ra kundrecensioner p\u00e5 <a href=\"https:\/\/www.trustpilot.com\/review\/volovape.com?utm_medium=trustbox&amp;utm_source=TrustBoxReviewCollector\">TrustPilot<\/a> f\u00f6r f\u00f6rstahandserfarenheter fr\u00e5n v\u00e5ra n\u00f6jda kunder.<\/p>","protected":false},"excerpt":{"rendered":"<p>Lys upp din vape med WASPE 12000 Puffs. LED-lampor, 0,8\u03a9 mesh, 20 ml, uppladdningsbar. Perfekt f\u00f6r personlig eller grossist, erbjuder varaktig smak och livlig stil.<\/p>","protected":false},"featured_media":124,"comment_status":"open","ping_status":"closed","template":"","meta":[],"product_brand":[],"product_cat":[17,38,21,18,20,23,24,22,25,26,27,28,29,30,31,32,33,34,35,36],"product_tag":[],"class_list":{"0":"post-72","1":"product","2":"type-product","3":"status-publish","4":"has-post-thumbnail","6":"product_cat-waspe","7":"product_cat-12000-puffs-disposable-vape","8":"product_cat-big-puffs-vapes","9":"product_cat-different-puffs-of-disposable-vapes","10":"product_cat-disposable-vape-types","11":"product_cat-disposable-vapes-in-austria","12":"product_cat-disposable-vapes-in-belgium","13":"product_cat-disposable-vapes-in-europe","14":"product_cat-disposable-vapes-in-france","15":"product_cat-disposable-vapes-in-germany","16":"product_cat-disposable-vapes-in-hungary","17":"product_cat-disposable-vapes-in-ltaly","18":"product_cat-disposable-vapes-in-netherlands","19":"product_cat-disposable-vapes-in-norway","20":"product_cat-disposable-vapes-in-poland","21":"product_cat-disposable-vapes-in-portugal","22":"product_cat-disposable-vapes-in-spain","23":"product_cat-disposable-vapes-in-sweden","24":"product_cat-disposable-vapes-in-switzerland","25":"product_cat-rechargeable-vapes","27":"first","28":"instock","29":"shipping-taxable","30":"purchasable","31":"product-type-variable","32":"has-default-attributes"},"jetpack_sharing_enabled":true,"tiered_pricing_type":"fixed","tiered_pricing_fixed_rules":{"2000":4.13999999999999968025576890795491635799407958984375},"tiered_pricing_product_settings":{"layout":"default","base_unit_name":{"singular":null,"plural":null},"default_variation":null},"tiered_pricing_minimum_quantity":1000,"tiered_pricing_roles_data":[],"tiered_pricing_percentage_rules":[],"tiered_pricing_maximum_quantity":null,"tiered_pricing_quantity_step":"10","_links":{"self":[{"href":"https:\/\/volovape.com\/sv\/wp-json\/wp\/v2\/product\/72","targetHints":{"allow":["GET"]}}],"collection":[{"href":"https:\/\/volovape.com\/sv\/wp-json\/wp\/v2\/product"}],"about":[{"href":"https:\/\/volovape.com\/sv\/wp-json\/wp\/v2\/types\/product"}],"replies":[{"embeddable":true,"href":"https:\/\/volovape.com\/sv\/wp-json\/wp\/v2\/comments?post=72"}],"wp:featuredmedia":[{"embeddable":true,"href":"https:\/\/volovape.com\/sv\/wp-json\/wp\/v2\/media\/124"}],"wp:attachment":[{"href":"https:\/\/volovape.com\/sv\/wp-json\/wp\/v2\/media?parent=72"}],"wp:term":[{"taxonomy":"product_brand","embeddable":true,"href":"https:\/\/volovape.com\/sv\/wp-json\/wp\/v2\/product_brand?post=72"},{"taxonomy":"product_cat","embeddable":true,"href":"https:\/\/volovape.com\/sv\/wp-json\/wp\/v2\/product_cat?post=72"},{"taxonomy":"product_tag","embeddable":true,"href":"https:\/\/volovape.com\/sv\/wp-json\/wp\/v2\/product_tag?post=72"}],"curies":[{"name":"wp","href":"https:\/\/api.w.org\/{rel}","templated":true}]}}