{"id":71,"date":"2024-11-21T03:26:50","date_gmt":"2024-11-21T03:26:50","guid":{"rendered":"https:\/\/volovape.com\/?post_type=product&#038;p=71"},"modified":"2025-09-08T03:35:08","modified_gmt":"2025-09-08T03:35:08","slug":"waspe-12000-puffs-digital-box","status":"publish","type":"product","link":"https:\/\/volovape.com\/sv\/product\/waspe-12000-puffs-digital-box\/","title":{"rendered":"WASPE 12000 Puffs Digital Box eng\u00e5ngsvape - uppladdningsbar l\u00e5ngvarig med smart display"},"content":{"rendered":"<p><iframe title=\"VideoPress Videospelare\" aria-label='VideoPress Videospelare' width='500' height='281' src='https:\/\/videopress.com\/embed\/XcRvhlS5?hd=0&amp;cover=1' frameborder='0' allowfullscreen allow='clipboard-write'><\/iframe><script src='https:\/\/v0.wordpress.com\/js\/next\/videopress-iframe.js?m=1739540970'><\/script><\/p>\n<p><strong>WASPE 12000 Puffs Digital Box Uppladdningsbar eng\u00e5ngsvape<\/strong> - Vaping med h\u00f6g kapacitet och smart display.<\/p>\n<p>Den <strong>WASPE 12000 Puffs Digital Box<\/strong> erbjuder en imponerande <strong>12.000 puffar<\/strong> och en gener\u00f6s <strong>20 ml kapacitet f\u00f6r e-v\u00e4tska<\/strong>perfekt f\u00f6r l\u00e4ngre vaping-sessioner. Med en <strong>650mAh uppladdningsbart batteri<\/strong> med <strong>Typ C-laddning<\/strong>Med den h\u00e4r enheten f\u00e5r du j\u00e4mn str\u00f6mf\u00f6rs\u00f6rjning och snabb laddning. Den integrerade <strong>LCD-display<\/strong> kan du enkelt \u00f6vervaka batteritiden och antalet puffar. Den <strong>0,8\u03a9 n\u00e4tspole<\/strong> ger j\u00e4mn, smakrik \u00e5nga, tillg\u00e4nglig i <strong>0%, 2%, 3% eller 5% nikotinstyrka<\/strong>. V\u00e4lj fr\u00e5n <strong>10 unika smaker<\/strong>Fr\u00e5n uppfriskande vattenmelonis till sofistikerad r\u00f6dvinsp\u00e4ronjuice. Perfekt f\u00f6r personligt bruk eller <strong>eng\u00e5ngs vape grossist<\/strong>kombinerar denna enhet h\u00f6g prestanda med anv\u00e4ndarv\u00e4nliga funktioner. F\u00f6r <strong>bulkbest\u00e4llning<\/strong> priser, v\u00e4nligen kontakta oss.<\/p>\n<h3><strong>WASPE 12000 Funktioner:<\/strong><\/h3>\n<ul>\n<li>Puffar: Upp till 12.000<\/li>\n<li>Kapacitet f\u00f6r e-v\u00e4tska: 20 ml<\/li>\n<li>Batteri: 650 mAh (uppladdningsbart)<\/li>\n<li>Laddning: Typ C<\/li>\n<li>Spole: 0,8\u03a9 Mesh-spole<\/li>\n<li>Styrkor hos nikotin: 0%, 2%, 3%, 5%<\/li>\n<li>Display: LCD (batteri &amp; antal puffar)<\/li>\n<li>10 smakalternativ<\/li>\n<\/ul>\n<h4>VANLIGA FR\u00c5GOR<\/h4>\n<h5>Hur f\u00f6rb\u00e4ttrar LCD-sk\u00e4rmen anv\u00e4ndarupplevelsen?<\/h5>\n<p>LCD-displayen ger information i realtid om batteriniv\u00e5 och antal bloss, s\u00e5 att du kan hantera din vapingupplevelse p\u00e5 ett mer effektivt s\u00e4tt. Du vet exakt n\u00e4r du ska ladda batteriet och hur m\u00e5nga bloss du har tagit, vilket ger dig mer bekv\u00e4mlighet och kontroll.<\/p>\n<h5>Vilka leveransmetoder anv\u00e4nds?<\/h5>\n<p>Vi arbetar med ledande transport\u00f6rer som UPS, DHL, FedEx och DPD f\u00f6r att s\u00e4kerst\u00e4lla att dina best\u00e4llningar levereras effektivt. Fraktmetoden v\u00e4ljs utifr\u00e5n din plats f\u00f6r optimal leveranshastighet och tillf\u00f6rlitlighet.<\/p>\n<h5>Hur l\u00e5ng tid tar normalt en leverans?<\/h5>\n<p>Frakt tar vanligtvis mellan 7 och 15 arbetsdagar. Under helgdagar eller ogynnsamma v\u00e4derf\u00f6rh\u00e5llanden kan det ta upp till 20 arbetsdagar.<\/p>\n<h5>Finns det n\u00e5gra problem med tull eller extra avgifter?<\/h5>\n<p>Vi hanterar alla tullf\u00f6rfaranden och garanterar att din f\u00f6rs\u00e4ndelse kommer att passera utan problem. Det finns inga ytterligare skatter eller avgifter. Vi s\u00e4kerst\u00e4ller 100% tullklarering.<\/p>\n<h5>Hur kan jag vara s\u00e4ker p\u00e5 produktens kvalitet och tillf\u00f6rlitlighet?<\/h5>\n<p>Vi st\u00f6der s\u00e4kra PayPal-betalningar med k\u00f6parskydd. Du kan ocks\u00e5 granska v\u00e5r kundfeedback p\u00e5 <a href=\"https:\/\/www.trustpilot.com\/review\/volovape.com?utm_medium=trustbox&amp;utm_source=TrustBoxReviewCollector\">TrustPilot<\/a>d\u00e4r m\u00e5nga kunder har delat med sig av sina positiva erfarenheter av v\u00e5ra produkter och tj\u00e4nster.<\/p>","protected":false},"excerpt":{"rendered":"<p>Upplev informerad, ut\u00f6kad vaping med WASPE 12000 Puffs Digital Box. LCD-display, 0,8\u03a9 mesh, 20 ml, uppladdningsbar. Perfekt f\u00f6r personligt bruk eller grossistf\u00f6rs\u00e4ljning, med olika nikotinalternativ.<\/p>","protected":false},"featured_media":111,"comment_status":"open","ping_status":"closed","template":"","meta":[],"product_brand":[],"product_cat":[17,38,21,18,39,20,23,24,22,25,26,27,28,29,30,31,32,33,34,35,36,40],"product_tag":[],"class_list":{"0":"post-71","1":"product","2":"type-product","3":"status-publish","4":"has-post-thumbnail","6":"product_cat-waspe","7":"product_cat-12000-puffs-disposable-vape","8":"product_cat-big-puffs-vapes","9":"product_cat-different-puffs-of-disposable-vapes","10":"product_cat-digital-box-vapes","11":"product_cat-disposable-vape-types","12":"product_cat-disposable-vapes-in-austria","13":"product_cat-disposable-vapes-in-belgium","14":"product_cat-disposable-vapes-in-europe","15":"product_cat-disposable-vapes-in-france","16":"product_cat-disposable-vapes-in-germany","17":"product_cat-disposable-vapes-in-hungary","18":"product_cat-disposable-vapes-in-ltaly","19":"product_cat-disposable-vapes-in-netherlands","20":"product_cat-disposable-vapes-in-norway","21":"product_cat-disposable-vapes-in-poland","22":"product_cat-disposable-vapes-in-portugal","23":"product_cat-disposable-vapes-in-spain","24":"product_cat-disposable-vapes-in-sweden","25":"product_cat-disposable-vapes-in-switzerland","26":"product_cat-rechargeable-vapes","27":"product_cat-smart-screen-vapes","29":"first","30":"instock","31":"shipping-taxable","32":"purchasable","33":"product-type-variable","34":"has-default-attributes"},"jetpack_sharing_enabled":true,"tiered_pricing_type":"fixed","tiered_pricing_fixed_rules":{"2000":4.13999999999999968025576890795491635799407958984375},"tiered_pricing_product_settings":{"layout":"default","base_unit_name":{"singular":null,"plural":null},"default_variation":null},"tiered_pricing_minimum_quantity":1000,"tiered_pricing_roles_data":[],"tiered_pricing_percentage_rules":[],"tiered_pricing_maximum_quantity":null,"tiered_pricing_quantity_step":"10","_links":{"self":[{"href":"https:\/\/volovape.com\/sv\/wp-json\/wp\/v2\/product\/71","targetHints":{"allow":["GET"]}}],"collection":[{"href":"https:\/\/volovape.com\/sv\/wp-json\/wp\/v2\/product"}],"about":[{"href":"https:\/\/volovape.com\/sv\/wp-json\/wp\/v2\/types\/product"}],"replies":[{"embeddable":true,"href":"https:\/\/volovape.com\/sv\/wp-json\/wp\/v2\/comments?post=71"}],"wp:featuredmedia":[{"embeddable":true,"href":"https:\/\/volovape.com\/sv\/wp-json\/wp\/v2\/media\/111"}],"wp:attachment":[{"href":"https:\/\/volovape.com\/sv\/wp-json\/wp\/v2\/media?parent=71"}],"wp:term":[{"taxonomy":"product_brand","embeddable":true,"href":"https:\/\/volovape.com\/sv\/wp-json\/wp\/v2\/product_brand?post=71"},{"taxonomy":"product_cat","embeddable":true,"href":"https:\/\/volovape.com\/sv\/wp-json\/wp\/v2\/product_cat?post=71"},{"taxonomy":"product_tag","embeddable":true,"href":"https:\/\/volovape.com\/sv\/wp-json\/wp\/v2\/product_tag?post=71"}],"curies":[{"name":"wp","href":"https:\/\/api.w.org\/{rel}","templated":true}]}}