{"id":702,"date":"2024-11-21T03:32:17","date_gmt":"2024-11-21T03:32:17","guid":{"rendered":"https:\/\/volovape.com\/?post_type=product&#038;p=702"},"modified":"2026-04-29T02:09:30","modified_gmt":"2026-04-29T02:09:30","slug":"randm-tornado-15000-puffar","status":"publish","type":"product","link":"https:\/\/volovape.com\/sv\/product\/randm-tornado-15000-puffs\/","title":{"rendered":"RandM Tornado 15000 puffar eng\u00e5ngs vape - h\u00f6g kapacitet, god smak, grossistrabatt"},"content":{"rendered":"<p><iframe title=\"VideoPress Videospelare\" aria-label='VideoPress Videospelare' width='500' height='281' src='https:\/\/videopress.com\/embed\/7J21Jg3n?hd=0&amp;cover=1' frameborder='0' allowfullscreen allow='clipboard-write'><\/iframe><script src='https:\/\/v0.wordpress.com\/js\/next\/videopress-iframe.js?m=1739540970'><\/script><\/p>\n<p><strong>RandM Tornado 15000 Puffs Mesh Coil Eng\u00e5ngs Vape<\/strong> - Upplev ut\u00f6kad och smakrik vaping med RandM Tornado 15000. Denna eng\u00e5ngsvape med h\u00f6g kapacitet levererar upp till 15 000 puffar, med en 25 ml e-juice reservoar och ett 850mAh uppladdningsbart batteri. Mesh-spolen p\u00e5 0,9\u03a9 s\u00e4kerst\u00e4ller konsekvent, j\u00e4mn och rik \u00e5ngproduktion, perfekt f\u00f6r personligt bruk och eng\u00e5ngsvape grossist bulkbest\u00e4llningar. V\u00e4lj mellan nikotinstyrkorna 0%, 2%, 3% eller 5% och ett urval av 10 lockande smaker.<\/p>\n<h3><strong>RandM Tornado 15000 Puffs Funktioner:<\/strong><\/h3>\n<ul>\n<li>Puffar: 15000 puffar<\/li>\n<li>E-v\u00e4tskekapacitet: 25mL<\/li>\n<li>Batteri: 850 mAh (uppladdningsbart)<\/li>\n<li>Laddning: Typ C<\/li>\n<li>Spole: 0,9\u03a9 Mesh-spole<\/li>\n<li>Styrkor hos nikotin: 0%, 2%, 3%, 5%<\/li>\n<li>Smakalternativ: Blue Razz Lemonade, Peach Ice, Sour Apple, Watermelon Ice, Blueberry On Ice, Mixed Berry, Dragon Fruit, Cherry Cola, Gummy Bear, Strawberry Kiwi.<\/li>\n<\/ul>\n<h4>VANLIGA FR\u00c5GOR<\/h4>\n<h5>Hur f\u00f6rb\u00e4ttrar 0,9\u03a9 mesh-spolen vapingupplevelsen?<\/h5>\n<p>Mesh-spolen p\u00e5 0,9\u03a9 \u00e4r utformad f\u00f6r att ge optimal smak- och \u00e5ngproduktion, vilket ger en j\u00e4mn och tillfredsst\u00e4llande dragning. Denna spole s\u00e4kerst\u00e4ller konsekvent prestanda under hela enhetens livsl\u00e4ngd.<\/p>\n<h5>Vilka leveransmetoder finns tillg\u00e4ngliga?<\/h5>\n<p>Vi samarbetar med p\u00e5litliga transport\u00f6rer, inklusive UPS, DHL, FedEx och DPD, f\u00f6r att erbjuda effektiv och p\u00e5litlig frakt. Den l\u00e4mpligaste leveransmetoden v\u00e4ljs utifr\u00e5n din leveransplats.<\/p>\n<h5>Hur l\u00e5ng tid tar normalt en leverans?<\/h5>\n<p>Leveranstiden \u00e4r normalt 7-15 arbetsdagar, men kan f\u00f6rl\u00e4ngas till 20 arbetsdagar under helgdagar eller vid ogynnsamma v\u00e4derf\u00f6rh\u00e5llanden.<\/p>\n<h5>Kommer jag att drabbas av n\u00e5gra tullavgifter eller skatter?<\/h5>\n<p>Vi hanterar all tullklarering och garanterar att du inte drabbas av n\u00e5gra ytterligare skatter eller avgifter. 100% av v\u00e5ra produkter klareras genom tullen utan problem.<\/p>\n<h5>\u00c4r mitt k\u00f6p s\u00e4kert och tillf\u00f6rlitligt?<\/h5>\n<p>Vi erbjuder s\u00e4kra transaktioner genom PayPals k\u00f6parskydd. Du kan ocks\u00e5 verifiera v\u00e5r tillf\u00f6rlitlighet genom att kontrollera kundrecensioner p\u00e5 <a href=\"https:\/\/www.trustpilot.com\/review\/volovape.com?utm_medium=trustbox&amp;utm_source=TrustBoxReviewCollector\">TrustPilot<\/a>.<\/p>","protected":false},"excerpt":{"rendered":"<p>K\u00f6p RandM Tornado 15000 Puffs Eng\u00e5ngs Vape i bulk. Med 25 ml e-v\u00e4tska, flera nikotinstyrkor och j\u00e4mn \u00e5nga fr\u00e5n mesh coil \u00e4r det ett av de b\u00e4sta grossistvalen f\u00f6r vape-distribut\u00f6rer.<\/p>","protected":false},"featured_media":1072,"comment_status":"open","ping_status":"closed","template":"","meta":[],"product_brand":[],"product_cat":[52,41,21,18,20,23,24,22,25,26,27,28,29,30,31,32,33,34,35,36,40],"product_tag":[],"class_list":{"0":"post-702","1":"product","2":"type-product","3":"status-publish","4":"has-post-thumbnail","6":"product_cat-randm","7":"product_cat-15000-puffs-disposable-vape","8":"product_cat-big-puffs-vapes","9":"product_cat-different-puffs-of-disposable-vapes","10":"product_cat-disposable-vape-types","11":"product_cat-disposable-vapes-in-austria","12":"product_cat-disposable-vapes-in-belgium","13":"product_cat-disposable-vapes-in-europe","14":"product_cat-disposable-vapes-in-france","15":"product_cat-disposable-vapes-in-germany","16":"product_cat-disposable-vapes-in-hungary","17":"product_cat-disposable-vapes-in-ltaly","18":"product_cat-disposable-vapes-in-netherlands","19":"product_cat-disposable-vapes-in-norway","20":"product_cat-disposable-vapes-in-poland","21":"product_cat-disposable-vapes-in-portugal","22":"product_cat-disposable-vapes-in-spain","23":"product_cat-disposable-vapes-in-sweden","24":"product_cat-disposable-vapes-in-switzerland","25":"product_cat-rechargeable-vapes","26":"product_cat-smart-screen-vapes","28":"first","29":"instock","30":"shipping-taxable","31":"purchasable","32":"product-type-variable","33":"has-default-attributes"},"jetpack_sharing_enabled":true,"tiered_pricing_type":"fixed","tiered_pricing_fixed_rules":{"30":7.61000000000000031974423109204508364200592041015625,"50":7.160000000000000142108547152020037174224853515625,"100":6.4199999999999999289457264239899814128875732421875,"200":5.92999999999999971578290569595992565155029296875,"400":5.4900000000000002131628207280300557613372802734375},"tiered_pricing_product_settings":{"layout":"default","base_unit_name":{"singular":null,"plural":null},"default_variation":null},"tiered_pricing_minimum_quantity":10,"tiered_pricing_roles_data":[],"tiered_pricing_percentage_rules":[],"tiered_pricing_maximum_quantity":null,"tiered_pricing_quantity_step":"10","_links":{"self":[{"href":"https:\/\/volovape.com\/sv\/wp-json\/wp\/v2\/product\/702","targetHints":{"allow":["GET"]}}],"collection":[{"href":"https:\/\/volovape.com\/sv\/wp-json\/wp\/v2\/product"}],"about":[{"href":"https:\/\/volovape.com\/sv\/wp-json\/wp\/v2\/types\/product"}],"replies":[{"embeddable":true,"href":"https:\/\/volovape.com\/sv\/wp-json\/wp\/v2\/comments?post=702"}],"wp:featuredmedia":[{"embeddable":true,"href":"https:\/\/volovape.com\/sv\/wp-json\/wp\/v2\/media\/1072"}],"wp:attachment":[{"href":"https:\/\/volovape.com\/sv\/wp-json\/wp\/v2\/media?parent=702"}],"wp:term":[{"taxonomy":"product_brand","embeddable":true,"href":"https:\/\/volovape.com\/sv\/wp-json\/wp\/v2\/product_brand?post=702"},{"taxonomy":"product_cat","embeddable":true,"href":"https:\/\/volovape.com\/sv\/wp-json\/wp\/v2\/product_cat?post=702"},{"taxonomy":"product_tag","embeddable":true,"href":"https:\/\/volovape.com\/sv\/wp-json\/wp\/v2\/product_tag?post=702"}],"curies":[{"name":"wp","href":"https:\/\/api.w.org\/{rel}","templated":true}]}}