{"id":700,"date":"2024-11-21T03:32:17","date_gmt":"2024-11-21T03:32:17","guid":{"rendered":"https:\/\/volovape.com\/?post_type=product&#038;p=700"},"modified":"2025-07-11T04:40:42","modified_gmt":"2025-07-11T04:40:42","slug":"aivono-vinnare-6000-puffar","status":"publish","type":"product","link":"https:\/\/volovape.com\/sv\/product\/aivono-winner-6000-puffs\/","title":{"rendered":"AIVONO WINNER 6000 Puffs 0% 2% 5% Nikotin Uppladdningsbar Bulk K\u00f6p Eng\u00e5ngs Vape Partihandel"},"content":{"rendered":"<p><strong>AIVONO WINNER 6000 Puffs Mesh Coil Eng\u00e5ngsvape<\/strong> - Njut av en balanserad och smakrik vapingupplevelse med AIVONO WINNER 6000. Denna eng\u00e5ngsvape erbjuder upp till 6 000 puffar, med en 15 ml e-v\u00e4tskebeh\u00e5llare och ett 600 mAh uppladdningsbart batteri. N\u00e4tspolen p\u00e5 1,2\u03a9 garanterar en j\u00e4mn och smakfull \u00e5nga, perfekt f\u00f6r personligt bruk och eng\u00e5ngsvape f\u00f6r grossistbest\u00e4llningar. V\u00e4lj mellan nikotinstyrkorna 0%, 2% eller 5% och ett urval av 10 l\u00e4ckra smaker.<\/p>\n<h3><strong>AIVONO WINNER 6000 Puffs Funktioner:<\/strong><\/h3>\n<ul>\n<li>Puffar: 6000 puffar<\/li>\n<li>E-v\u00e4tskekapacitet: 15mL<\/li>\n<li>Batteri: 600 mAh (uppladdningsbart)<\/li>\n<li>Laddning: Typ C<\/li>\n<li>Spole: 1,2\u03a9 n\u00e4tspole<\/li>\n<li>Styrkor hos nikotin: 0%, 2%, 5%<\/li>\n<li>Smakalternativ: Vattenmelon Ice, Cool Mint, Banana Ice, Blueberry On Ice, Peach Ice, Grape Ice, Grapefruit Orange, Mango Guava, Strawberry Passion Fruit, Orange Soda.<\/li>\n<\/ul>\n<h4>VANLIGA FR\u00c5GOR<\/h4>\n<h5>Hur f\u00f6rb\u00e4ttrar 1,2\u03a9 mesh-spolen vapingupplevelsen?<\/h5>\n<p>Mesh-spolen p\u00e5 1,2\u03a9 \u00e4r utformad f\u00f6r att ge en balanserad vapingupplevelse och leverera j\u00e4mn och smakrik \u00e5nga med j\u00e4mn prestanda. Den h\u00e4r spolen ger optimal smakleverans och en tillfredsst\u00e4llande dragning.<\/p>\n<h5>Vilka leveransmetoder finns tillg\u00e4ngliga?<\/h5>\n<p>Vi samarbetar med p\u00e5litliga transport\u00f6rer, inklusive UPS, DHL, FedEx och DPD, f\u00f6r att erbjuda effektiv och p\u00e5litlig frakt. Den l\u00e4mpligaste leveransmetoden v\u00e4ljs utifr\u00e5n din leveransplats.<\/p>\n<h5>Hur l\u00e5ng tid tar normalt en leverans?<\/h5>\n<p>Leveranstiden \u00e4r normalt 7-15 arbetsdagar, men kan f\u00f6rl\u00e4ngas till 20 arbetsdagar under helgdagar eller vid ogynnsamma v\u00e4derf\u00f6rh\u00e5llanden.<\/p>\n<h5>Kommer jag att drabbas av n\u00e5gra tullavgifter eller skatter?<\/h5>\n<p>Vi hanterar all tullklarering och garanterar att du inte drabbas av n\u00e5gra ytterligare skatter eller avgifter. 100% av v\u00e5ra produkter klareras genom tullen utan problem.<\/p>\n<h5>\u00c4r mitt k\u00f6p s\u00e4kert och tillf\u00f6rlitligt?<\/h5>\n<p>Vi erbjuder s\u00e4kra transaktioner genom PayPals k\u00f6parskydd. Du kan ocks\u00e5 verifiera v\u00e5r tillf\u00f6rlitlighet genom att kontrollera kundrecensioner p\u00e5 <a href=\"https:\/\/www.trustpilot.com\/review\/volovape.com?utm_medium=trustbox&amp;utm_source=TrustBoxReviewCollector\">TrustPilot<\/a>.<\/p>","protected":false},"excerpt":{"rendered":"<p>K\u00f6p AIVONO WINNER 6000 Puffs eng\u00e5ngsvape i bulk. Med 15 ml e-v\u00e4tska, mesh-spole och flera nikotinalternativ \u00e4r det ett utm\u00e4rkt grossistval f\u00f6r vape-butiker och distribut\u00f6rer.<\/p>","protected":false},"featured_media":1050,"comment_status":"open","ping_status":"closed","template":"","meta":[],"product_brand":[],"product_cat":[67,19,18,20,23,24,22,25,26,27,28,29,30,31,32,33,34,35,60,36],"product_tag":[],"class_list":{"0":"post-700","1":"product","2":"type-product","3":"status-publish","4":"has-post-thumbnail","6":"product_cat-aivono","7":"product_cat-5000-puffs-disposable-vape","8":"product_cat-different-puffs-of-disposable-vapes","9":"product_cat-disposable-vape-types","10":"product_cat-disposable-vapes-in-austria","11":"product_cat-disposable-vapes-in-belgium","12":"product_cat-disposable-vapes-in-europe","13":"product_cat-disposable-vapes-in-france","14":"product_cat-disposable-vapes-in-germany","15":"product_cat-disposable-vapes-in-hungary","16":"product_cat-disposable-vapes-in-ltaly","17":"product_cat-disposable-vapes-in-netherlands","18":"product_cat-disposable-vapes-in-norway","19":"product_cat-disposable-vapes-in-poland","20":"product_cat-disposable-vapes-in-portugal","21":"product_cat-disposable-vapes-in-spain","22":"product_cat-disposable-vapes-in-sweden","23":"product_cat-disposable-vapes-in-switzerland","24":"product_cat-mini-puffs-vapes","25":"product_cat-rechargeable-vapes","27":"first","28":"instock","29":"shipping-taxable","30":"purchasable","31":"product-type-variable","32":"has-default-attributes"},"jetpack_sharing_enabled":true,"tiered_pricing_type":"fixed","tiered_pricing_fixed_rules":{"2000":5.12999999999999989341858963598497211933135986328125},"tiered_pricing_product_settings":{"layout":"default","base_unit_name":{"singular":null,"plural":null},"default_variation":null},"tiered_pricing_minimum_quantity":1000,"tiered_pricing_roles_data":[],"tiered_pricing_percentage_rules":[],"tiered_pricing_maximum_quantity":null,"tiered_pricing_quantity_step":"10","_links":{"self":[{"href":"https:\/\/volovape.com\/sv\/wp-json\/wp\/v2\/product\/700","targetHints":{"allow":["GET"]}}],"collection":[{"href":"https:\/\/volovape.com\/sv\/wp-json\/wp\/v2\/product"}],"about":[{"href":"https:\/\/volovape.com\/sv\/wp-json\/wp\/v2\/types\/product"}],"replies":[{"embeddable":true,"href":"https:\/\/volovape.com\/sv\/wp-json\/wp\/v2\/comments?post=700"}],"wp:featuredmedia":[{"embeddable":true,"href":"https:\/\/volovape.com\/sv\/wp-json\/wp\/v2\/media\/1050"}],"wp:attachment":[{"href":"https:\/\/volovape.com\/sv\/wp-json\/wp\/v2\/media?parent=700"}],"wp:term":[{"taxonomy":"product_brand","embeddable":true,"href":"https:\/\/volovape.com\/sv\/wp-json\/wp\/v2\/product_brand?post=700"},{"taxonomy":"product_cat","embeddable":true,"href":"https:\/\/volovape.com\/sv\/wp-json\/wp\/v2\/product_cat?post=700"},{"taxonomy":"product_tag","embeddable":true,"href":"https:\/\/volovape.com\/sv\/wp-json\/wp\/v2\/product_tag?post=700"}],"curies":[{"name":"wp","href":"https:\/\/api.w.org\/{rel}","templated":true}]}}