{"id":70,"date":"2024-11-21T03:26:50","date_gmt":"2024-11-21T03:26:50","guid":{"rendered":"https:\/\/volovape.com\/?post_type=product&#038;p=70"},"modified":"2025-06-30T01:32:46","modified_gmt":"2025-06-30T01:32:46","slug":"waspe-8000-puffar","status":"publish","type":"product","link":"https:\/\/volovape.com\/sv\/product\/waspe-8000-puffs\/","title":{"rendered":"WASPE 8000 Puffs eng\u00e5ngsvape - uppladdningsbar, 0,8\u03a9 n\u00e4tspole"},"content":{"rendered":"<p><strong>WASPE 8000 Puffs uppladdningsbar eng\u00e5ngsvape<\/strong> - Upplev l\u00e5ngvarig och smakrik vaping.<\/p>\n<p>Den <strong>WASPE 8000<\/strong> levererar upp till <strong>8.000 puffar<\/strong> med en betydande <strong>16 ml kapacitet f\u00f6r e-v\u00e4tska<\/strong>, vilket garanterar l\u00e5ngvarig njutning. Dess <strong>650mAh uppladdningsbart batteri<\/strong> och <strong>Typ C-laddning<\/strong> ger tillf\u00f6rlitlig str\u00f6mf\u00f6rs\u00f6rjning, medan <strong>0,8\u03a9 n\u00e4tspole<\/strong> f\u00f6rb\u00e4ttrar smak och \u00e5ngproduktion. V\u00e4lj bland f\u00f6ljande <strong>0%, 2%, 3% eller 5% nikotinstyrka<\/strong>och njuta av en m\u00e4ngd olika <strong>10 unika smaker<\/strong>fr\u00e5n uppfriskande Watermelon Ice till exotisk Lychee Ice. Perfekt f\u00f6r b\u00e5de personligt bruk och <strong>eng\u00e5ngs vape grossist<\/strong>Varje enhet erbjuder bekv\u00e4mlighet och kvalitet. F\u00f6r <strong>bulkbest\u00e4llning<\/strong> f\u00f6rfr\u00e5gningar, kontakta oss f\u00f6r konkurrenskraftiga priser.<\/p>\n<h3><strong>WASPE 8000 Funktioner:<\/strong><\/h3>\n<ul>\n<li>Puffar: Upp till 8.000<\/li>\n<li>Kapacitet f\u00f6r e-v\u00e4tska: 16 ml<\/li>\n<li>Batteri: 650 mAh (uppladdningsbart)<\/li>\n<li>Laddning: Typ C<\/li>\n<li>Spole: 0,8\u03a9 Mesh-spole<\/li>\n<li>Styrkor hos nikotin: 0%, 2%, 3%, 5%<\/li>\n<li>10 smakalternativ<\/li>\n<\/ul>\n<h4>VANLIGA FR\u00c5GOR<\/h4>\n<h5>Hur f\u00f6rb\u00e4ttrar det uppladdningsbara batteriet min vapingupplevelse?<\/h5>\n<p>Det uppladdningsbara batteriet p\u00e5 650 mAh, i kombination med Type-C-laddning, s\u00e4kerst\u00e4ller att du kan anv\u00e4nda hela 8 000 puffar utan att oroa dig f\u00f6r att enheten ska d\u00f6 i f\u00f6rtid. Denna funktion g\u00f6r WASPE 8000 till ett p\u00e5litligt och l\u00e5ngvarigt val j\u00e4mf\u00f6rt med vanliga eng\u00e5ngsapparater, vilket maximerar din njutning av 16 ml e-juice.<\/p>\n<h5>Vilka leveransmetoder anv\u00e4nds?<\/h5>\n<p>Vi samarbetar med p\u00e5litliga transport\u00f6rer som UPS, DHL, FedEx och DPD f\u00f6r att leverera dina best\u00e4llningar. Den l\u00e4mpligaste fraktmetoden v\u00e4ljs utifr\u00e5n din leveransplats f\u00f6r att s\u00e4kerst\u00e4lla snabb och tillf\u00f6rlitlig leverans.<\/p>\n<h5>Hur l\u00e5ng tid tar leveransen?<\/h5>\n<p>Vanligtvis tar leveransen mellan 7-15 arbetsdagar. Under helgdagar eller p\u00e5 grund av d\u00e5ligt v\u00e4der kan det dock ta upp till 20 arbetsdagar.<\/p>\n<h5>Kommer jag att st\u00f6ta p\u00e5 n\u00e5gra tull- eller skattefr\u00e5gor?<\/h5>\n<p>Vi hanterar alla tullklareringsf\u00f6rfaranden och garanterar att din f\u00f6rs\u00e4ndelse kommer att passera utan problem. Du kommer inte att drabbas av n\u00e5gra ytterligare skatter eller avgifter. Vi s\u00e4kerst\u00e4ller 100% tullklarering.<\/p>\n<h5>Kan jag lita p\u00e5 kvaliteten och tillf\u00f6rlitligheten hos WASPE 8000?<\/h5>\n<p>Vi st\u00f6der s\u00e4kra PayPal-betalningar med k\u00f6parskydd. Du kan ocks\u00e5 se v\u00e5ra kundrecensioner p\u00e5 <a href=\"https:\/\/www.trustpilot.com\/review\/volovape.com?utm_medium=trustbox&amp;utm_source=TrustBoxReviewCollector\">TrustPilot<\/a> f\u00f6r att se v\u00e5ra kunders positiva erfarenheter.<\/p>","protected":false},"excerpt":{"rendered":"<p>Njut av ut\u00f6kad smak med WASPE 8000 Puffs. 0,8\u03a9 mesh, 16 ml, uppladdningsbar. Perfekt f\u00f6r privat bruk eller grossistf\u00f6rs\u00e4ljning, erbjuder j\u00e4mn \u00e5nga och olika nikotinalternativ.<\/p>","protected":false},"featured_media":103,"comment_status":"open","ping_status":"closed","template":"","meta":[],"product_brand":[],"product_cat":[17,37,21,18,20,23,24,22,25,26,27,28,29,30,31,32,33,34,35,36],"product_tag":[],"class_list":{"0":"post-70","1":"product","2":"type-product","3":"status-publish","4":"has-post-thumbnail","6":"product_cat-waspe","7":"product_cat-8000-puffs-disposable-vape","8":"product_cat-big-puffs-vapes","9":"product_cat-different-puffs-of-disposable-vapes","10":"product_cat-disposable-vape-types","11":"product_cat-disposable-vapes-in-austria","12":"product_cat-disposable-vapes-in-belgium","13":"product_cat-disposable-vapes-in-europe","14":"product_cat-disposable-vapes-in-france","15":"product_cat-disposable-vapes-in-germany","16":"product_cat-disposable-vapes-in-hungary","17":"product_cat-disposable-vapes-in-ltaly","18":"product_cat-disposable-vapes-in-netherlands","19":"product_cat-disposable-vapes-in-norway","20":"product_cat-disposable-vapes-in-poland","21":"product_cat-disposable-vapes-in-portugal","22":"product_cat-disposable-vapes-in-spain","23":"product_cat-disposable-vapes-in-sweden","24":"product_cat-disposable-vapes-in-switzerland","25":"product_cat-rechargeable-vapes","27":"first","28":"instock","29":"shipping-taxable","30":"purchasable","31":"product-type-variable","32":"has-default-attributes"},"jetpack_sharing_enabled":true,"tiered_pricing_type":"fixed","tiered_pricing_fixed_rules":{"2000":4.5999999999999996447286321199499070644378662109375},"tiered_pricing_product_settings":{"layout":"default","base_unit_name":{"singular":null,"plural":null},"default_variation":null},"tiered_pricing_minimum_quantity":1000,"tiered_pricing_roles_data":[],"tiered_pricing_percentage_rules":[],"tiered_pricing_maximum_quantity":null,"tiered_pricing_quantity_step":"100","_links":{"self":[{"href":"https:\/\/volovape.com\/sv\/wp-json\/wp\/v2\/product\/70","targetHints":{"allow":["GET"]}}],"collection":[{"href":"https:\/\/volovape.com\/sv\/wp-json\/wp\/v2\/product"}],"about":[{"href":"https:\/\/volovape.com\/sv\/wp-json\/wp\/v2\/types\/product"}],"replies":[{"embeddable":true,"href":"https:\/\/volovape.com\/sv\/wp-json\/wp\/v2\/comments?post=70"}],"wp:featuredmedia":[{"embeddable":true,"href":"https:\/\/volovape.com\/sv\/wp-json\/wp\/v2\/media\/103"}],"wp:attachment":[{"href":"https:\/\/volovape.com\/sv\/wp-json\/wp\/v2\/media?parent=70"}],"wp:term":[{"taxonomy":"product_brand","embeddable":true,"href":"https:\/\/volovape.com\/sv\/wp-json\/wp\/v2\/product_brand?post=70"},{"taxonomy":"product_cat","embeddable":true,"href":"https:\/\/volovape.com\/sv\/wp-json\/wp\/v2\/product_cat?post=70"},{"taxonomy":"product_tag","embeddable":true,"href":"https:\/\/volovape.com\/sv\/wp-json\/wp\/v2\/product_tag?post=70"}],"curies":[{"name":"wp","href":"https:\/\/api.w.org\/{rel}","templated":true}]}}