{"id":69,"date":"2024-11-21T03:26:50","date_gmt":"2024-11-21T03:26:50","guid":{"rendered":"https:\/\/volovape.com\/?post_type=product&#038;p=69"},"modified":"2025-07-01T01:20:11","modified_gmt":"2025-07-01T01:20:11","slug":"waspe-5000-puffar","status":"publish","type":"product","link":"https:\/\/volovape.com\/sv\/product\/waspe-5000-puffs\/","title":{"rendered":"WASPE 5000 Puffs eng\u00e5ngsvape - uppladdningsbar, n\u00e4tspole"},"content":{"rendered":"<p><strong>WASPE 5000 Puffs Uppladdningsbar eng\u00e5ngsvape<\/strong> - Upplev ut\u00f6kad smak och bekv\u00e4mlighet.<\/p>\n<p>Den <strong>WASPE 5000<\/strong> omdefinierar vaping f\u00f6r eng\u00e5ngsbruk med sin imponerande <strong>5000 puffar<\/strong> kapacitet och en gener\u00f6s <strong>13 ml e-v\u00e4tska<\/strong> reservoar. Njut av j\u00e4mn, smakfull \u00e5nga tack vare <strong>avancerad n\u00e4tspole<\/strong>och v\u00e4lj \u00f6nskad nikotinstyrka fr\u00e5n <strong>0%, 2% eller 5%<\/strong>. Den <strong>650mAh uppladdningsbart batteri<\/strong> med <strong>Typ C-laddning<\/strong> s\u00e4kerst\u00e4ller att du kan njuta av varje sista bloss. Perfekt f\u00f6r personligt bruk eller <strong>eng\u00e5ngs vape grossist<\/strong>erbjuder den h\u00e4r enheten b\u00e5de prestanda och b\u00e4rbarhet. Utforska <strong>10 unika smaker<\/strong> och uppt\u00e4ck din nya favorit.<\/p>\n<h3><strong>WASPE 5000 Puffs Egenskaper:<\/strong><\/h3>\n<ul>\n<li>Puffar: Upp till 5000<\/li>\n<li>Kapacitet f\u00f6r e-juice: 13mL<\/li>\n<li>Batteri: 650 mAh (uppladdningsbart)<\/li>\n<li>Laddning: Typ C<\/li>\n<li>Spole: N\u00e4tspole<\/li>\n<li>Styrkor hos nikotin: 0%, 2%, 5%<\/li>\n<li>Smaker: Mynta, bl\u00e5b\u00e4rsis, colais, jordgubbsmango, jordgubbsvattenmelon, blandade b\u00e4r, litchiis, vattenmelonis, druvis<\/li>\n<\/ul>\n<h4>VANLIGA FR\u00c5GOR<\/h4>\n<h5>Hur f\u00f6rb\u00e4ttrar den uppladdningsbara funktionen WASPE 5000?<\/h5>\n<p>Det uppladdningsbara 650mAh-batteriet, i kombination med Type-C-laddning, g\u00f6r att du kan utnyttja 13mL e-v\u00e4tska fullt ut, s\u00e5 att du f\u00e5r maximalt 5000 puffar. Detta eliminerar det vanliga problemet med eng\u00e5ngsvapor som f\u00e5r slut p\u00e5 batteri innan e-v\u00e4tskan \u00e4r slut, vilket ger en mer h\u00e5llbar och tillfredsst\u00e4llande vapingupplevelse.<\/p>\n<h5>Vilka leveransmetoder anv\u00e4nds?<\/h5>\n<p>Vi samarbetar med UPS\/DHL\/FEDEX\/DPD, etc. Vi v\u00e4ljer l\u00e4mpligt fraktalternativ beroende p\u00e5 leveransland f\u00f6r att se till att du f\u00e5r dina produkter s\u00e5 snabbt som m\u00f6jligt.<\/p>\n<h5>Hur l\u00e5ng tid tar det att komma fram?<\/h5>\n<p>Detta tar vanligtvis 7-15 arbetsdagar, men kan ta upp till 20 arbetsdagar p\u00e5 helgdagar eller vid d\u00e5liga v\u00e4derf\u00f6rh\u00e5llanden.<\/p>\n<h5>Kan den passera genom tullen och kommer den att orsaka mig n\u00e5gra problem?<\/h5>\n<p>Vi garanterar att du inte kommer att ha n\u00e5gra problem eftersom vi tar hand om tullklareringen och det kommer inte att finnas n\u00e5gra skatter eller avgifter. Vi garanterar att 100% av v\u00e5ra produkter kommer att tullklareras.<\/p>\n<h5>Kan jag lita p\u00e5 det?<\/h5>\n<p>Vi st\u00f6der PayPal-betalning och k\u00f6parskyddstj\u00e4nst. Du kan ocks\u00e5 kolla v\u00e5ra recensioner p\u00e5 <a href=\"https:\/\/www.trustpilot.com\/review\/volovape.com?utm_medium=trustbox&amp;utm_source=TrustBoxReviewCollector\">TrustPilot<\/a>.<\/p>","protected":false},"excerpt":{"rendered":"<p>F\u00e5 bekv\u00e4m, smakfull vaping med WASPE 5000 Puffs. Mesh-spole, 13 ml, uppladdningsbar. Perfekt f\u00f6r personligt bruk eller grossist, erbjuder j\u00e4mn \u00e5nga och varierade nikotinstyrkor.<\/p>","protected":false},"featured_media":99,"comment_status":"open","ping_status":"closed","template":"","meta":[],"product_brand":[],"product_cat":[19,21,18,20,23,24,22,25,26,27,28,29,30,31,32,33,34,35,36,17],"product_tag":[],"class_list":{"0":"post-69","1":"product","2":"type-product","3":"status-publish","4":"has-post-thumbnail","6":"product_cat-5000-puffs-disposable-vape","7":"product_cat-big-puffs-vapes","8":"product_cat-different-puffs-of-disposable-vapes","9":"product_cat-disposable-vape-types","10":"product_cat-disposable-vapes-in-austria","11":"product_cat-disposable-vapes-in-belgium","12":"product_cat-disposable-vapes-in-europe","13":"product_cat-disposable-vapes-in-france","14":"product_cat-disposable-vapes-in-germany","15":"product_cat-disposable-vapes-in-hungary","16":"product_cat-disposable-vapes-in-ltaly","17":"product_cat-disposable-vapes-in-netherlands","18":"product_cat-disposable-vapes-in-norway","19":"product_cat-disposable-vapes-in-poland","20":"product_cat-disposable-vapes-in-portugal","21":"product_cat-disposable-vapes-in-spain","22":"product_cat-disposable-vapes-in-sweden","23":"product_cat-disposable-vapes-in-switzerland","24":"product_cat-rechargeable-vapes","25":"product_cat-waspe","27":"first","28":"instock","29":"shipping-taxable","30":"purchasable","31":"product-type-variable","32":"has-default-attributes"},"jetpack_sharing_enabled":true,"tiered_pricing_type":"fixed","tiered_pricing_fixed_rules":{"2000":3.79999999999999982236431605997495353221893310546875},"tiered_pricing_product_settings":{"layout":"default","base_unit_name":{"singular":null,"plural":null},"default_variation":null},"tiered_pricing_minimum_quantity":1000,"tiered_pricing_roles_data":[],"tiered_pricing_percentage_rules":[],"tiered_pricing_maximum_quantity":null,"tiered_pricing_quantity_step":"10","_links":{"self":[{"href":"https:\/\/volovape.com\/sv\/wp-json\/wp\/v2\/product\/69","targetHints":{"allow":["GET"]}}],"collection":[{"href":"https:\/\/volovape.com\/sv\/wp-json\/wp\/v2\/product"}],"about":[{"href":"https:\/\/volovape.com\/sv\/wp-json\/wp\/v2\/types\/product"}],"replies":[{"embeddable":true,"href":"https:\/\/volovape.com\/sv\/wp-json\/wp\/v2\/comments?post=69"}],"wp:featuredmedia":[{"embeddable":true,"href":"https:\/\/volovape.com\/sv\/wp-json\/wp\/v2\/media\/99"}],"wp:attachment":[{"href":"https:\/\/volovape.com\/sv\/wp-json\/wp\/v2\/media?parent=69"}],"wp:term":[{"taxonomy":"product_brand","embeddable":true,"href":"https:\/\/volovape.com\/sv\/wp-json\/wp\/v2\/product_brand?post=69"},{"taxonomy":"product_cat","embeddable":true,"href":"https:\/\/volovape.com\/sv\/wp-json\/wp\/v2\/product_cat?post=69"},{"taxonomy":"product_tag","embeddable":true,"href":"https:\/\/volovape.com\/sv\/wp-json\/wp\/v2\/product_tag?post=69"}],"curies":[{"name":"wp","href":"https:\/\/api.w.org\/{rel}","templated":true}]}}