{"id":637,"date":"2024-11-21T03:31:25","date_gmt":"2024-11-21T03:31:25","guid":{"rendered":"https:\/\/volovape.com\/?post_type=product&#038;p=637"},"modified":"2025-10-10T06:57:22","modified_gmt":"2025-10-10T06:57:22","slug":"aivono-aim-magic-20000-puffar","status":"publish","type":"product","link":"https:\/\/volovape.com\/sv\/product\/aivono-aim-magic-20000-puffs\/","title":{"rendered":"AIVONO AIM MAGIC 20000 puffar eng\u00e5ngsvape - dubbel mesh, LCD-display"},"content":{"rendered":"<p><strong>AIVONO AIM MAGIC 20000 Puffs Dual Mesh LCD eng\u00e5ngsvape<\/strong> - Upplev magisk vaping med AIVONO AIM MAGIC 20000. Denna h\u00f6gpresterande eng\u00e5ngsvape levererar upp till 20 000 puffar, har en 26 ml e-v\u00e4tskebeh\u00e5llare och ett 600 mAh uppladdningsbart batteri. Den avancerade dual mesh coil-tekniken s\u00e4kerst\u00e4ller konsekvent rik och smakfull \u00e5nga, medan LCD-displayen ger information om batteri- och e-v\u00e4tskeniv\u00e5 i realtid. Denna enhet \u00e4r perfekt f\u00f6r personligt bruk och eng\u00e5ngsbest\u00e4llningar av vape-produkter och erbjuder nikotinstyrkorna 0%, 2%, 3% eller 5% och ett urval av 10 l\u00e4ckra smaker.<\/p>\n<h3><strong>AIVONO AIM MAGIC 20000 Puffs Egenskaper:<\/strong><\/h3>\n<ul>\n<li>Puffar: 20000 puffar<\/li>\n<li>E-v\u00e4tskekapacitet: 26mL<\/li>\n<li>Batteri: 600 mAh (uppladdningsbart)<\/li>\n<li>Laddning: Typ C<\/li>\n<li>Spole: Dubbla n\u00e4tspolar<\/li>\n<li>Display: LCD (batteri- och e-v\u00e4tskeniv\u00e5er)<\/li>\n<li>Styrkor hos nikotin: 0%, 2%, 3%, 5%<\/li>\n<li>Smakalternativ: Blueberry Ice, Strawberry Ice, Watermelon Ice, Pineapple Coconut Ice, Pineapple Mango, Mixed Berries, Strawberry Watermelon, Blue Razz Ice, Peach Ice, Strawberry Ice Cream.<\/li>\n<\/ul>\n<h4>VANLIGA FR\u00c5GOR<\/h4>\n<h5>Hur f\u00f6rb\u00e4ttrar dual mesh coil-tekniken vapingupplevelsen?<\/h5>\n<p>Dual Mesh-spolen ger en st\u00f6rre v\u00e4rmeyta, vilket resulterar i j\u00e4mnare uppv\u00e4rmning och avsev\u00e4rt f\u00f6rb\u00e4ttrad smak- och \u00e5ngproduktion. Detta ger en j\u00e4mn och tillfredsst\u00e4llande vapingupplevelse.<\/p>\n<h5>Vilka leveransmetoder anv\u00e4nds?<\/h5>\n<p>Vi samarbetar med p\u00e5litliga transport\u00f6rer, inklusive UPS, DHL, FedEx och DPD, f\u00f6r att erbjuda effektiv och p\u00e5litlig frakt. Den l\u00e4mpligaste leveransmetoden v\u00e4ljs utifr\u00e5n din leveransplats.<\/p>\n<h5>Hur l\u00e5ng tid tar normalt en leverans?<\/h5>\n<p>Leveranstiden \u00e4r normalt 7-15 arbetsdagar, men kan f\u00f6rl\u00e4ngas till 20 arbetsdagar under helgdagar eller vid ogynnsamma v\u00e4derf\u00f6rh\u00e5llanden.<\/p>\n<h5>Kommer jag att drabbas av n\u00e5gra tullavgifter eller skatter?<\/h5>\n<p>Vi hanterar all tullklarering och garanterar att du inte drabbas av n\u00e5gra ytterligare skatter eller avgifter. 100% av v\u00e5ra produkter klareras genom tullen utan problem.<\/p>\n<h5>\u00c4r mitt k\u00f6p s\u00e4kert och tillf\u00f6rlitligt?<\/h5>\n<p>Vi erbjuder s\u00e4kra transaktioner genom PayPals k\u00f6parskydd. Du kan ocks\u00e5 verifiera v\u00e5r tillf\u00f6rlitlighet genom att kontrollera kundrecensioner p\u00e5 <a href=\"https:\/\/www.trustpilot.com\/review\/volovape.com?utm_medium=trustbox&amp;utm_source=TrustBoxReviewCollector\">TrustPilot<\/a>.<\/p>","protected":false},"excerpt":{"rendered":"<p>Uppt\u00e4ck magisk vaping med AIVONO AIM MAGIC 20000 Puffs. Dubbla mesh-spolar, LCD-display, 26 ml, uppladdningsbar. Perfekt f\u00f6r personlig njutning eller grossistbest\u00e4llningar i bulk.<\/p>","protected":false},"featured_media":980,"comment_status":"open","ping_status":"closed","template":"","meta":[],"product_brand":[],"product_cat":[67,42,21,18,39,20,23,24,22,25,26,27,28,29,30,31,32,33,34,35,44,36,40],"product_tag":[],"class_list":{"0":"post-637","1":"product","2":"type-product","3":"status-publish","4":"has-post-thumbnail","6":"product_cat-aivono","7":"product_cat-20000-puffs-disposable-vape","8":"product_cat-big-puffs-vapes","9":"product_cat-different-puffs-of-disposable-vapes","10":"product_cat-digital-box-vapes","11":"product_cat-disposable-vape-types","12":"product_cat-disposable-vapes-in-austria","13":"product_cat-disposable-vapes-in-belgium","14":"product_cat-disposable-vapes-in-europe","15":"product_cat-disposable-vapes-in-france","16":"product_cat-disposable-vapes-in-germany","17":"product_cat-disposable-vapes-in-hungary","18":"product_cat-disposable-vapes-in-ltaly","19":"product_cat-disposable-vapes-in-netherlands","20":"product_cat-disposable-vapes-in-norway","21":"product_cat-disposable-vapes-in-poland","22":"product_cat-disposable-vapes-in-portugal","23":"product_cat-disposable-vapes-in-spain","24":"product_cat-disposable-vapes-in-sweden","25":"product_cat-disposable-vapes-in-switzerland","26":"product_cat-dual-mesh-vapes","27":"product_cat-rechargeable-vapes","28":"product_cat-smart-screen-vapes","30":"first","31":"instock","32":"shipping-taxable","33":"purchasable","34":"product-type-variable","35":"has-default-attributes"},"jetpack_sharing_enabled":true,"tiered_pricing_type":"fixed","tiered_pricing_fixed_rules":{"30":7.160000000000000142108547152020037174224853515625,"50":6.6699999999999999289457264239899814128875732421875,"100":5.92999999999999971578290569595992565155029296875,"200":5.55999999999999960920149533194489777088165283203125,"400":5.05999999999999960920149533194489777088165283203125},"tiered_pricing_product_settings":{"layout":"default","base_unit_name":{"singular":null,"plural":null},"default_variation":null},"tiered_pricing_minimum_quantity":10,"tiered_pricing_roles_data":[],"tiered_pricing_percentage_rules":[],"tiered_pricing_maximum_quantity":null,"tiered_pricing_quantity_step":"10","_links":{"self":[{"href":"https:\/\/volovape.com\/sv\/wp-json\/wp\/v2\/product\/637","targetHints":{"allow":["GET"]}}],"collection":[{"href":"https:\/\/volovape.com\/sv\/wp-json\/wp\/v2\/product"}],"about":[{"href":"https:\/\/volovape.com\/sv\/wp-json\/wp\/v2\/types\/product"}],"replies":[{"embeddable":true,"href":"https:\/\/volovape.com\/sv\/wp-json\/wp\/v2\/comments?post=637"}],"wp:featuredmedia":[{"embeddable":true,"href":"https:\/\/volovape.com\/sv\/wp-json\/wp\/v2\/media\/980"}],"wp:attachment":[{"href":"https:\/\/volovape.com\/sv\/wp-json\/wp\/v2\/media?parent=637"}],"wp:term":[{"taxonomy":"product_brand","embeddable":true,"href":"https:\/\/volovape.com\/sv\/wp-json\/wp\/v2\/product_brand?post=637"},{"taxonomy":"product_cat","embeddable":true,"href":"https:\/\/volovape.com\/sv\/wp-json\/wp\/v2\/product_cat?post=637"},{"taxonomy":"product_tag","embeddable":true,"href":"https:\/\/volovape.com\/sv\/wp-json\/wp\/v2\/product_tag?post=637"}],"curies":[{"name":"wp","href":"https:\/\/api.w.org\/{rel}","templated":true}]}}