{"id":6249,"date":"2024-11-29T04:36:13","date_gmt":"2024-11-29T04:36:13","guid":{"rendered":"https:\/\/volovape.com\/?post_type=product&#038;p=6249"},"modified":"2025-08-07T08:19:52","modified_gmt":"2025-08-07T08:19:52","slug":"jnr-vape-klocka-30000-30k-puffar","status":"publish","type":"product","link":"https:\/\/volovape.com\/sv\/product\/jnr-vape-watch-30000-30k-puffs\/","title":{"rendered":"JNR Vape Watch 30000 Puffs - Smartklocka och eng\u00e5ngsvape (Dual Mode)"},"content":{"rendered":"<p><iframe title=\"VideoPress Videospelare\" aria-label='VideoPress Videospelare' width='500' height='281' src='https:\/\/videopress.com\/embed\/3s6S9iWa?hd=0&amp;cover=1' frameborder='0' allowfullscreen allow='clipboard-write'><\/iframe><script src='https:\/\/v0.wordpress.com\/js\/next\/videopress-iframe.js?m=1739540970'><\/script><\/p>\n<p><strong>JNR Vape Watch 30000 puffar<\/strong> - Den revolutionerande hybridmodellen med smartklocka och eng\u00e5ngsvape.<\/p>\n<p>Upplev framtiden inom vaping med <strong>JNR Vape Watch 30000 puffar<\/strong>\u00e4r en banbrytande enhet som s\u00f6ml\u00f6st integrerar en h\u00f6gpresterande eng\u00e5ngsvape med funktionaliteten hos en smartklocka. Denna innovativa design erbjuder o\u00f6vertr\u00e4ffad bekv\u00e4mlighet, s\u00e5 att du kan njuta av upp till 30 000 puffar i Regular Mode eller 18 000 puffar i Pulse Mode. Enheten har en betydande 19 ml e-v\u00e4tskekapacitet, ett l\u00e5ngvarigt 1000 mAh uppladdningsbart batteri med Type-C-laddning och dubbla n\u00e4tspolar f\u00f6r f\u00f6rb\u00e4ttrad smak och \u00e5ngproduktion. Den unika avtagbara klockdesignen g\u00f6r att du kan ta loss vape f\u00f6r traditionell anv\u00e4ndning eller b\u00e4ra den som en smartklocka, komplett med funktioner f\u00f6r samtal, text, fj\u00e4rrkontroll av kamera, hitta telefon och privat l\u00e5s. JNR Vape Watch 30000 Puffs finns i 10 l\u00e4ckra smaker och omdefinierar vapingupplevelsen, perfekt f\u00f6r personlig njutning och <strong>eng\u00e5ngs vape grossist<\/strong>.<\/p>\n<h3><strong>JNR Vape Watch 30000 Puffs Funktioner:<\/strong><\/h3>\n<ul>\n<li>Dubbla vapingl\u00e4gen: Regular Mode (upp till 30 000 puffar) \/ Pulse Mode (upp till 18 000 puffar)<\/li>\n<li>Kapacitet f\u00f6r e-v\u00e4tska: 19 ml<\/li>\n<li>Batteri: 1000 mAh (uppladdningsbart)<\/li>\n<li>Laddning: Typ C<\/li>\n<li>Spole: Dubbla n\u00e4tspolar<\/li>\n<li>Nikotinstyrka: 2% (20 mg)<\/li>\n<li>Funktioner f\u00f6r smartklocka: Samtal, text, fj\u00e4rrkamera, hitta telefon, privat l\u00e5s, responsiv app<\/li>\n<li>Design: Avtagbar klocka<\/li>\n<\/ul>\n<h4>VANLIGA FR\u00c5GOR<\/h4>\n<h5>Hur f\u00f6rb\u00e4ttrar den l\u00f6stagbara klockans design anv\u00e4ndbarheten?<\/h5>\n<p>JNR Vape Watch 30000 Puffs har en unik avtagbar klockdesign som g\u00f6r att du kan ta bort vapendelen f\u00f6r traditionell anv\u00e4ndning eller b\u00e4ra den som en smartklocka. Den h\u00e4r designen ger ultimat flexibilitet och bekv\u00e4mlighet f\u00f6r vaping och smart funktionalitet n\u00e4r du \u00e4r p\u00e5 spr\u00e5ng.<\/p>\n<h5>Vilka \u00e4r f\u00f6rdelarna med att ha dubbla vaping-l\u00e4gen?<\/h5>\n<p>JNR Vape Watch 30000 Puffs har dubbla vaping-l\u00e4gen: Regular Mode (upp till 30 000 puffar) och Pulse Mode (upp till 18 000 puffar). Detta g\u00f6r att du kan anpassa din vapingupplevelse baserat p\u00e5 dina preferenser, oavsett om du f\u00f6redrar en mer l\u00e5ngvarig vape eller en mer intensiv smak och \u00e5ngproduktion.<\/p>\n<h5>Kan jag verkligen ringa samtal och skicka sms fr\u00e5n den h\u00e4r enheten?<\/h5>\n<p>Ja, det g\u00f6r den! JNR Vape Watch 30000 Puffs integrerar smartwatch-funktionalitet, s\u00e5 att du kan ringa och ta emot samtal, skicka och ta emot textmeddelanden, fj\u00e4rrstyra din telefons kamera, hitta din telefon och till och med s\u00e4kra din enhet med ett privat l\u00e5s. Alla dessa funktioner \u00e4r tillg\u00e4ngliga via en responsiv app, vilket g\u00f6r det till en verkligt revolutionerande enhet.<\/p>\n<h5>Hur kan jag vara s\u00e4ker p\u00e5 produktens kvalitet och kundsupport?<\/h5>\n<p>Vi st\u00f6der PayPal-betalning och k\u00f6parskyddstj\u00e4nst. Du kan ocks\u00e5 kolla v\u00e5ra recensioner p\u00e5 <a href=\"https:\/\/www.trustpilot.com\/review\/volovape.com?utm_medium=trustbox&amp;utm_source=TrustBoxReviewCollector\">TrustPilot<\/a>.<\/p>","protected":false},"excerpt":{"rendered":"<p>Upplev JNR Vape Watch 30000 Puffs, en smartwatch-vape hybrid. Erbjuder 19ml e-juice, 1000mAh batteri, dual mesh coils, smarta funktioner, 2% nikotin. Bulk grossist tillg\u00e4nglig, 10 smaker, Typ-C laddning.<\/p>","protected":false},"featured_media":6330,"comment_status":"open","ping_status":"closed","template":"","meta":[],"product_brand":[],"product_cat":[79,63,21,18,39,20,23,24,22,25,26,27,28,29,30,31,32,33,34,35,36,40],"product_tag":[],"class_list":{"0":"post-6249","1":"product","2":"type-product","3":"status-publish","4":"has-post-thumbnail","6":"product_cat-jnr","7":"product_cat-30000-puffs-disposable-vape","8":"product_cat-big-puffs-vapes","9":"product_cat-different-puffs-of-disposable-vapes","10":"product_cat-digital-box-vapes","11":"product_cat-disposable-vape-types","12":"product_cat-disposable-vapes-in-austria","13":"product_cat-disposable-vapes-in-belgium","14":"product_cat-disposable-vapes-in-europe","15":"product_cat-disposable-vapes-in-france","16":"product_cat-disposable-vapes-in-germany","17":"product_cat-disposable-vapes-in-hungary","18":"product_cat-disposable-vapes-in-ltaly","19":"product_cat-disposable-vapes-in-netherlands","20":"product_cat-disposable-vapes-in-norway","21":"product_cat-disposable-vapes-in-poland","22":"product_cat-disposable-vapes-in-portugal","23":"product_cat-disposable-vapes-in-spain","24":"product_cat-disposable-vapes-in-sweden","25":"product_cat-disposable-vapes-in-switzerland","26":"product_cat-rechargeable-vapes","27":"product_cat-smart-screen-vapes","29":"first","30":"instock","31":"shipping-taxable","32":"purchasable","33":"product-type-variable","34":"has-default-attributes"},"jetpack_sharing_enabled":true,"tiered_pricing_type":"fixed","tiered_pricing_fixed_rules":{"2000":9.75},"tiered_pricing_product_settings":{"layout":"default","base_unit_name":{"singular":null,"plural":null},"default_variation":null},"tiered_pricing_minimum_quantity":1000,"tiered_pricing_roles_data":[],"tiered_pricing_percentage_rules":[],"tiered_pricing_maximum_quantity":null,"tiered_pricing_quantity_step":"10","_links":{"self":[{"href":"https:\/\/volovape.com\/sv\/wp-json\/wp\/v2\/product\/6249","targetHints":{"allow":["GET"]}}],"collection":[{"href":"https:\/\/volovape.com\/sv\/wp-json\/wp\/v2\/product"}],"about":[{"href":"https:\/\/volovape.com\/sv\/wp-json\/wp\/v2\/types\/product"}],"replies":[{"embeddable":true,"href":"https:\/\/volovape.com\/sv\/wp-json\/wp\/v2\/comments?post=6249"}],"wp:featuredmedia":[{"embeddable":true,"href":"https:\/\/volovape.com\/sv\/wp-json\/wp\/v2\/media\/6330"}],"wp:attachment":[{"href":"https:\/\/volovape.com\/sv\/wp-json\/wp\/v2\/media?parent=6249"}],"wp:term":[{"taxonomy":"product_brand","embeddable":true,"href":"https:\/\/volovape.com\/sv\/wp-json\/wp\/v2\/product_brand?post=6249"},{"taxonomy":"product_cat","embeddable":true,"href":"https:\/\/volovape.com\/sv\/wp-json\/wp\/v2\/product_cat?post=6249"},{"taxonomy":"product_tag","embeddable":true,"href":"https:\/\/volovape.com\/sv\/wp-json\/wp\/v2\/product_tag?post=6249"}],"curies":[{"name":"wp","href":"https:\/\/api.w.org\/{rel}","templated":true}]}}