{"id":6248,"date":"2024-11-29T04:36:13","date_gmt":"2024-11-29T04:36:13","guid":{"rendered":"https:\/\/volovape.com\/?post_type=product&#038;p=6248"},"modified":"2025-08-07T08:19:51","modified_gmt":"2025-08-07T08:19:51","slug":"jnr-telefon-vape-30000-30k-puffar","status":"publish","type":"product","link":"https:\/\/volovape.com\/sv\/product\/jnr-phone-vape-30000-30k-puffs\/","title":{"rendered":"JNR Phone Vape 30000 Puffs - Smart eng\u00e5ngsvape med peksk\u00e4rm (samtal, sms, kamera)"},"content":{"rendered":"<p><iframe title=\"VideoPress Videospelare\" aria-label='VideoPress Videospelare' width='500' height='281' src='https:\/\/videopress.com\/embed\/tgY6TILp?hd=0&amp;cover=1' frameborder='0' allowfullscreen allow='clipboard-write'><\/iframe><script src='https:\/\/v0.wordpress.com\/js\/next\/videopress-iframe.js?m=1739540970'><\/script><\/p>\n<p><strong>JNR Telefon Vape 30000 Puffs<\/strong> - V\u00e4rldens f\u00f6rsta smarta eng\u00e5ngsvape med peksk\u00e4rm.<\/p>\n<p>Upplev framtiden inom vaping med <strong>JNR Telefon Vape 30000 Puffs<\/strong>\u00e4r en revolutionerande enhet som s\u00f6ml\u00f6st blandar banbrytande vapingteknik med bekv\u00e4mligheten hos en smartphone. Det h\u00e4r \u00e4r inte bara en eng\u00e5ngsvape; det \u00e4r en smart f\u00f6ljeslagare som erbjuder exceptionell vaping och anslutning. V\u00e4lj mellan Regular Mode (upp till 30 000 puffar) och Pulse Mode (upp till 18 000 puffar) f\u00f6r en skr\u00e4ddarsydd upplevelse. Med en anv\u00e4ndarv\u00e4nlig peksk\u00e4rm, samtals- och textfunktioner, fj\u00e4rrstyrning av kameran och en funktion f\u00f6r att hitta telefonen h\u00e5ller den h\u00e4r enheten dig uppkopplad samtidigt som den levererar \u00f6verl\u00e4gsen prestanda. Med en 19 ml e-v\u00e4tskekapacitet, ett uppladdningsbart 850mAh-batteri och justerbart luftfl\u00f6de \u00e4r JNR Phone Vape utformad f\u00f6r b\u00e5de bekv\u00e4mlighet och tillfredsst\u00e4llelse. Finns i 10 l\u00e4ckra smaker, den h\u00e4r enheten \u00e4r perfekt f\u00f6r personlig njutning och <strong>eng\u00e5ngs vape grossist<\/strong>.<\/p>\n<h3><strong>JNR Phone Vape 30000 Puffs Funktioner:<\/strong><\/h3>\n<ul>\n<li>Dubbla vapingl\u00e4gen: Regular Mode (upp till 30 000 puffar) \/ Pulse Mode (upp till 18 000 puffar)<\/li>\n<li>Kapacitet f\u00f6r e-v\u00e4tska: 19 ml<\/li>\n<li>Batteri: 850 mAh (uppladdningsbart)<\/li>\n<li>Laddning: Typ C<\/li>\n<li>Nikotinstyrka: 2% (20 mg)<\/li>\n<li>Drift: Dragning aktiverad<\/li>\n<li>Display: Peksk\u00e4rm<\/li>\n<li>Luftfl\u00f6de: Justerbart<\/li>\n<li>Smarta funktioner: Samtal, text, fj\u00e4rrkamera, hitta telefon, privat l\u00e5s, smidig app<\/li>\n<\/ul>\n<h4>VANLIGA FR\u00c5GOR<\/h4>\n<h5>Hur f\u00f6rb\u00e4ttrar peksk\u00e4rmen vapingupplevelsen?<\/h5>\n<p>JNR Phone Vape 30000 Puffs har en anv\u00e4ndarv\u00e4nlig peksk\u00e4rm som ger intuitiv kontroll \u00f6ver enhetens smarta funktioner och inst\u00e4llningar f\u00f6r vaping. Det g\u00f6r det enkelt och smidigt att navigera genom samtals-, text-, fj\u00e4rrkamera- och andra funktioner, vilket skiljer den fr\u00e5n andra eng\u00e5ngsvapor.<\/p>\n<h5>Vilka \u00e4r f\u00f6rdelarna med att ha dubbla vaping-l\u00e4gen?<\/h5>\n<p>JNR Phone Vape 30000 Puffs erbjuder dubbla vaping-l\u00e4gen: Regular Mode (upp till 30 000 puffar) och Pulse Mode (upp till 18 000 puffar). Detta g\u00f6r att du kan anpassa din vapingupplevelse baserat p\u00e5 dina preferenser, oavsett om du prioriterar l\u00e5ng livsl\u00e4ngd eller f\u00f6rb\u00e4ttrad smak och \u00e5ngproduktion. Denna m\u00e5ngsidighet g\u00f6r den idealisk f\u00f6r <strong>bulkbest\u00e4llning<\/strong> behov.<\/p>\n<h5>Kan jag verkligen ringa samtal och skicka texter fr\u00e5n denna vape?<\/h5>\n<p>Ja, det g\u00f6r den! JNR Phone Vape 30000 Puffs integrerar smartphonefunktionalitet, s\u00e5 att du kan ringa och ta emot samtal, skicka och ta emot textmeddelanden, fj\u00e4rrstyra telefonens kamera och till och med lokalisera din borttappade smartphone. Dessa funktioner, i kombination med ett smidigt appgr\u00e4nssnitt, g\u00f6r den till en verkligt innovativ enhet.<\/p>\n<h5>Hur kan jag vara s\u00e4ker p\u00e5 produktens kvalitet och kundsupport?<\/h5>\n<p>Vi st\u00f6der PayPal-betalning och k\u00f6parskyddstj\u00e4nst. Du kan ocks\u00e5 kolla v\u00e5ra recensioner p\u00e5 <a href=\"https:\/\/www.trustpilot.com\/review\/volovape.com?utm_medium=trustbox&amp;utm_source=TrustBoxReviewCollector\">TrustPilot<\/a>.<\/p>","protected":false},"excerpt":{"rendered":"<p>Uppt\u00e4ck JNR Phone Vape 30000 Puffs, den f\u00f6rsta smartphone-vape-kombinationen. Har 19 ml e-v\u00e4tska, 850 mAh batteri, peksk\u00e4rm, smarta funktioner, 2% nikotin. Shop bulk grossist, 10 smaker, Typ-C laddning.<\/p>","protected":false},"featured_media":6318,"comment_status":"open","ping_status":"closed","template":"","meta":[],"product_brand":[],"product_cat":[79,63,21,18,39,20,23,24,22,25,26,27,28,29,30,31,32,33,34,35,36,40],"product_tag":[],"class_list":{"0":"post-6248","1":"product","2":"type-product","3":"status-publish","4":"has-post-thumbnail","6":"product_cat-jnr","7":"product_cat-30000-puffs-disposable-vape","8":"product_cat-big-puffs-vapes","9":"product_cat-different-puffs-of-disposable-vapes","10":"product_cat-digital-box-vapes","11":"product_cat-disposable-vape-types","12":"product_cat-disposable-vapes-in-austria","13":"product_cat-disposable-vapes-in-belgium","14":"product_cat-disposable-vapes-in-europe","15":"product_cat-disposable-vapes-in-france","16":"product_cat-disposable-vapes-in-germany","17":"product_cat-disposable-vapes-in-hungary","18":"product_cat-disposable-vapes-in-ltaly","19":"product_cat-disposable-vapes-in-netherlands","20":"product_cat-disposable-vapes-in-norway","21":"product_cat-disposable-vapes-in-poland","22":"product_cat-disposable-vapes-in-portugal","23":"product_cat-disposable-vapes-in-spain","24":"product_cat-disposable-vapes-in-sweden","25":"product_cat-disposable-vapes-in-switzerland","26":"product_cat-rechargeable-vapes","27":"product_cat-smart-screen-vapes","29":"first","30":"instock","31":"shipping-taxable","32":"purchasable","33":"product-type-variable","34":"has-default-attributes"},"jetpack_sharing_enabled":true,"tiered_pricing_type":"fixed","tiered_pricing_fixed_rules":{"2000":12.589999999999999857891452847979962825775146484375},"tiered_pricing_product_settings":{"layout":"default","base_unit_name":{"singular":null,"plural":null},"default_variation":null},"tiered_pricing_minimum_quantity":1000,"tiered_pricing_roles_data":[],"tiered_pricing_percentage_rules":[],"tiered_pricing_maximum_quantity":null,"tiered_pricing_quantity_step":"10","_links":{"self":[{"href":"https:\/\/volovape.com\/sv\/wp-json\/wp\/v2\/product\/6248","targetHints":{"allow":["GET"]}}],"collection":[{"href":"https:\/\/volovape.com\/sv\/wp-json\/wp\/v2\/product"}],"about":[{"href":"https:\/\/volovape.com\/sv\/wp-json\/wp\/v2\/types\/product"}],"replies":[{"embeddable":true,"href":"https:\/\/volovape.com\/sv\/wp-json\/wp\/v2\/comments?post=6248"}],"wp:featuredmedia":[{"embeddable":true,"href":"https:\/\/volovape.com\/sv\/wp-json\/wp\/v2\/media\/6318"}],"wp:attachment":[{"href":"https:\/\/volovape.com\/sv\/wp-json\/wp\/v2\/media?parent=6248"}],"wp:term":[{"taxonomy":"product_brand","embeddable":true,"href":"https:\/\/volovape.com\/sv\/wp-json\/wp\/v2\/product_brand?post=6248"},{"taxonomy":"product_cat","embeddable":true,"href":"https:\/\/volovape.com\/sv\/wp-json\/wp\/v2\/product_cat?post=6248"},{"taxonomy":"product_tag","embeddable":true,"href":"https:\/\/volovape.com\/sv\/wp-json\/wp\/v2\/product_tag?post=6248"}],"curies":[{"name":"wp","href":"https:\/\/api.w.org\/{rel}","templated":true}]}}