{"id":6247,"date":"2024-11-29T04:36:13","date_gmt":"2024-11-29T04:36:13","guid":{"rendered":"https:\/\/volovape.com\/?post_type=product&#038;p=6247"},"modified":"2025-08-07T08:19:50","modified_gmt":"2025-08-07T08:19:50","slug":"jnr-media-max-40000-40k-puffar","status":"publish","type":"product","link":"https:\/\/volovape.com\/sv\/product\/jnr-media-max-40000-40k-puffs\/","title":{"rendered":"JNR Media Max 40000 Puffs Smart eng\u00e5ngsvape - samtal, sms, kamerakontroll"},"content":{"rendered":"<p><strong>JNR Media Max 40000 puffar<\/strong> - Den smarta eng\u00e5ngsvapnen med o\u00f6vertr\u00e4ffade funktioner.<\/p>\n<p>Den <strong>JNR Media Max 40000 puffar<\/strong> omdefinierar vaping f\u00f6r eng\u00e5ngsbruk genom att integrera smartphone-liknande funktioner i en enhet med h\u00f6g kapacitet. Erbjuder en h\u00e4pnadsv\u00e4ckande <strong>40.000 puffar<\/strong> och en betydande <strong>21 ml kapacitet f\u00f6r e-v\u00e4tska<\/strong>\u00e4r denna vape byggd f\u00f6r l\u00e5ngvarig njutning. Drivs av en robust <strong>1000mAh uppladdningsbart batteri<\/strong> med <strong>Typ C-laddning<\/strong>garanterar tillf\u00f6rlitlig prestanda. Den avancerade <strong>spolteknik med dubbla n\u00e4t<\/strong> ger enast\u00e5ende smak och \u00e5ngproduktion. Unika smarta funktioner som samtals- och textfunktioner, fj\u00e4rrstyrning av kameran och en funktion f\u00f6r att hitta telefon\/\u00e5nga, alla tillg\u00e4ngliga via en \u00f6verdimensionerad <strong>2,4\" HD-sk\u00e4rm<\/strong>g\u00f6r att den h\u00e4r enheten sticker ut. Tillg\u00e4nglig i <strong>10 l\u00e4ckra smaker<\/strong>, den <strong>JNR Media Max 40000 puffar<\/strong> \u00e4r perfekt f\u00f6r anv\u00e4ndare som s\u00f6ker en multifunktionell, h\u00f6gpresterande vapingupplevelse, perfekt f\u00f6r b\u00e5de personligt bruk och <strong>eng\u00e5ngs vape grossist<\/strong>.<\/p>\n<h3><strong>JNR Media Max 40000 Puffs Funktioner:<\/strong><\/h3>\n<ul>\n<li>Smarta funktioner: Samtal, text, fj\u00e4rrkamera, hitta telefon\/volym<\/li>\n<li>Puffar: Upp till 40.000 puffar<\/li>\n<li>Kapacitet f\u00f6r e-v\u00e4tska: 21 ml<\/li>\n<li>Batteri: 1000 mAh (uppladdningsbart)<\/li>\n<li>Laddning: Typ C<\/li>\n<li>Spole: Spole med dubbelt n\u00e4t<\/li>\n<li>Luftfl\u00f6de: Justerbart<\/li>\n<li>Sk\u00e4rm: 2,4\u2033 HD-sk\u00e4rm<\/li>\n<li>Nikotinstyrka: 5%<\/li>\n<\/ul>\n<h4>VANLIGA FR\u00c5GOR<\/h4>\n<h5>Hur f\u00f6rb\u00e4ttrar de smarta funktionerna min vapingupplevelse?<\/h5>\n<p>JNR Media Max 40000 Puffs g\u00e5r l\u00e4ngre \u00e4n vanlig vaping genom att erbjuda integrerade smarta funktioner som att ringa, skicka sms och fj\u00e4rrstyra telefonens kamera. Detta f\u00f6rvandlar din vape till en multifunktionell gadget som g\u00f6r ditt dagliga liv bekv\u00e4mare. Funktionen \"hitta telefon\/vape\" \u00e4r s\u00e4rskilt praktisk f\u00f6r att f\u00f6rhindra att den tappas bort.<\/p>\n<h5>Kan jag verkligen f\u00e5 40.000 puffar fr\u00e5n en enhet?<\/h5>\n<p>Ja, det g\u00f6r den! JNR Media Max 40000 Puffs \u00e4r utformad f\u00f6r l\u00e5ng livsl\u00e4ngd och ger upp till 40 000 puffar. Denna h\u00f6ga kapacitet, i kombination med en 21 ml e-v\u00e4tskebeh\u00e5llare och ett kraftfullt 1000mAh uppladdningsbart batteri, garanterar l\u00e5ngvarig anv\u00e4ndning, vilket g\u00f6r den till ett utm\u00e4rkt val f\u00f6r <strong>bulkbest\u00e4llning<\/strong> behov.<\/p>\n<h5>Vad \u00e4r det som g\u00f6r 2,4\" HD-sk\u00e4rmen s\u00e5 unik?<\/h5>\n<p>Den stora 2,4\" HD-displayen g\u00f6r det enkelt att navigera bland de smarta funktionerna och ger tydlig information om dina inst\u00e4llningar, antal puffar och batteritid. Det anv\u00e4ndarv\u00e4nliga gr\u00e4nssnittet g\u00f6r att JNR Media Max 40000 Puffs sticker ut p\u00e5 marknaden f\u00f6r eng\u00e5ngsvape.<\/p>\n<h5>Hur kan jag vara s\u00e4ker p\u00e5 produktens kvalitet och kundsupport?<\/h5>\n<p>Vi st\u00f6der PayPal-betalning och k\u00f6parskyddstj\u00e4nst. Du kan ocks\u00e5 kolla v\u00e5ra recensioner p\u00e5 <a href=\"https:\/\/www.trustpilot.com\/review\/volovape.com?utm_medium=trustbox&amp;utm_source=TrustBoxReviewCollector\">TrustPilot<\/a>.<\/p>","protected":false},"excerpt":{"rendered":"<p>F\u00f6rvandla vaping med JNR Media Max 40000 Puffs Smart Vape. Njut av 21 ml e-juice, 1000 mAh batteri, 2,4\u2033 HD-display, smarta funktioner, 5% nikotin och 10 smaker. Typ-C laddning.<\/p>","protected":false},"featured_media":6306,"comment_status":"open","ping_status":"closed","template":"","meta":[],"product_brand":[],"product_cat":[79,74,21,18,39,20,23,24,22,25,26,27,28,29,30,31,32,33,34,35,36,40],"product_tag":[],"class_list":{"0":"post-6247","1":"product","2":"type-product","3":"status-publish","4":"has-post-thumbnail","6":"product_cat-jnr","7":"product_cat-40000-puffs-disposable-vape","8":"product_cat-big-puffs-vapes","9":"product_cat-different-puffs-of-disposable-vapes","10":"product_cat-digital-box-vapes","11":"product_cat-disposable-vape-types","12":"product_cat-disposable-vapes-in-austria","13":"product_cat-disposable-vapes-in-belgium","14":"product_cat-disposable-vapes-in-europe","15":"product_cat-disposable-vapes-in-france","16":"product_cat-disposable-vapes-in-germany","17":"product_cat-disposable-vapes-in-hungary","18":"product_cat-disposable-vapes-in-ltaly","19":"product_cat-disposable-vapes-in-netherlands","20":"product_cat-disposable-vapes-in-norway","21":"product_cat-disposable-vapes-in-poland","22":"product_cat-disposable-vapes-in-portugal","23":"product_cat-disposable-vapes-in-spain","24":"product_cat-disposable-vapes-in-sweden","25":"product_cat-disposable-vapes-in-switzerland","26":"product_cat-rechargeable-vapes","27":"product_cat-smart-screen-vapes","29":"first","30":"instock","31":"shipping-taxable","32":"purchasable","33":"product-type-variable","34":"has-default-attributes"},"jetpack_sharing_enabled":true,"tiered_pricing_type":"fixed","tiered_pricing_fixed_rules":{"2000":10.25},"tiered_pricing_product_settings":{"layout":"default","base_unit_name":{"singular":null,"plural":null},"default_variation":null},"tiered_pricing_minimum_quantity":1000,"tiered_pricing_roles_data":[],"tiered_pricing_percentage_rules":[],"tiered_pricing_maximum_quantity":null,"tiered_pricing_quantity_step":"10","_links":{"self":[{"href":"https:\/\/volovape.com\/sv\/wp-json\/wp\/v2\/product\/6247","targetHints":{"allow":["GET"]}}],"collection":[{"href":"https:\/\/volovape.com\/sv\/wp-json\/wp\/v2\/product"}],"about":[{"href":"https:\/\/volovape.com\/sv\/wp-json\/wp\/v2\/types\/product"}],"replies":[{"embeddable":true,"href":"https:\/\/volovape.com\/sv\/wp-json\/wp\/v2\/comments?post=6247"}],"wp:featuredmedia":[{"embeddable":true,"href":"https:\/\/volovape.com\/sv\/wp-json\/wp\/v2\/media\/6306"}],"wp:attachment":[{"href":"https:\/\/volovape.com\/sv\/wp-json\/wp\/v2\/media?parent=6247"}],"wp:term":[{"taxonomy":"product_brand","embeddable":true,"href":"https:\/\/volovape.com\/sv\/wp-json\/wp\/v2\/product_brand?post=6247"},{"taxonomy":"product_cat","embeddable":true,"href":"https:\/\/volovape.com\/sv\/wp-json\/wp\/v2\/product_cat?post=6247"},{"taxonomy":"product_tag","embeddable":true,"href":"https:\/\/volovape.com\/sv\/wp-json\/wp\/v2\/product_tag?post=6247"}],"curies":[{"name":"wp","href":"https:\/\/api.w.org\/{rel}","templated":true}]}}