{"id":6246,"date":"2024-11-29T04:36:13","date_gmt":"2024-11-29T04:36:13","guid":{"rendered":"https:\/\/volovape.com\/?post_type=product&#038;p=6246"},"modified":"2025-11-11T04:40:40","modified_gmt":"2025-11-11T04:40:40","slug":"jnr-falk-x-18000-18k-puffar","status":"publish","type":"product","link":"https:\/\/volovape.com\/sv\/product\/jnr-falcon-x-18000-18k-puffs\/","title":{"rendered":"JNR FALCON X 18000 puffar eng\u00e5ngsvape - dubbel mesh, justerbart luftfl\u00f6de, digital display"},"content":{"rendered":"<p><iframe title=\"VideoPress Videospelare\" aria-label='VideoPress Videospelare' width='421' height='750' src='https:\/\/videopress.com\/embed\/l1yxRMAO?hd=0&amp;cover=1' frameborder='0' allowfullscreen allow='clipboard-write'><\/iframe><script src='https:\/\/v0.wordpress.com\/js\/next\/videopress-iframe.js?m=1739540970'><\/script><\/p>\n<p><strong>JNR FALCON X 18000 puffar eng\u00e5ngsvape<\/strong> - Vaping p\u00e5 n\u00e4sta niv\u00e5 med Dual Core-innovation.<\/p>\n<p>Upplev den senaste tekniken <strong>JNR FALK X 18000<\/strong>med avancerad dubbelk\u00e4rnig teknik f\u00f6r o\u00f6vertr\u00e4ffad prestanda. Med en massiv <strong>18.000 puffar<\/strong> kapacitet och <strong>24 ml beh\u00e5llare f\u00f6r e-juice<\/strong>ger den h\u00e4r enheten l\u00e5ngvarig njutning. Den <strong>950mAh uppladdningsbart batteri<\/strong> och <strong>Typ C-laddning<\/strong> ger tillf\u00f6rlitlig str\u00f6mf\u00f6rs\u00f6rjning och snabb laddning. Den <strong>0,6\u03a9 dubbla n\u00e4tspolar<\/strong>kombinerat med dual core-teknik, ger rika smaker och t\u00e4t \u00e5nga. Anpassa din upplevelse med <strong>justerbart luftfl\u00f6de<\/strong> och \u00f6vervaka din anv\u00e4ndning med <strong>digital LED-display<\/strong> som visar antal puffar, batteri- och e-liquidniv\u00e5er. Finns tillg\u00e4nglig i <strong>29 unika smaker<\/strong>FALCON X \u00e4r perfekt f\u00f6r b\u00e5de personligt bruk och <strong>eng\u00e5ngs vape grossist<\/strong>och ger en f\u00f6rstklassig vapingupplevelse f\u00f6r alla <strong>bulkbest\u00e4llning<\/strong>.<\/p>\n<h3><strong>JNR FALCON X 18000 Egenskaper:<\/strong><\/h3>\n<ul>\n<li>Puffar: Upp till 18.000<\/li>\n<li>E-v\u00e4tskekapacitet: 24mL<\/li>\n<li>Batteri: 950 mAh (uppladdningsbart)<\/li>\n<li>Laddning: Typ C<\/li>\n<li>Spole: 0,6\u03a9 Dual Mesh Coil &amp; Dual Core<\/li>\n<li>Luftfl\u00f6de: Justerbart<\/li>\n<li>Display: Digital LED (antal puffar, batteri, e-v\u00e4tskeniv\u00e5)<\/li>\n<li>Nikotinstyrka: 2%<\/li>\n<\/ul>\n<h4>VANLIGA FR\u00c5GOR<\/h4>\n<h5>Hur f\u00f6rb\u00e4ttrar dual core-tekniken min vapingupplevelse?<\/h5>\n<p>JNR FALCON X 18000:s dual core-system s\u00e4kerst\u00e4ller j\u00e4mn uppv\u00e4rmning och f\u00f6rb\u00e4ttrad smakproduktion, vilket ger en rikare och mer konsekvent \u00e5nga med varje bloss. Det maximerar \u00e5ngdensiteten och smakintensiteten, vilket skiljer den fr\u00e5n vanliga eng\u00e5ngsvapor.<\/p>\n<h5>Kan jag verkligen \u00f6vervaka min e-v\u00e4tskeniv\u00e5 p\u00e5 den digitala displayen?<\/h5>\n<p>Ja, det g\u00f6r den! JNR FALCON X 18000 \u00e4r utrustad med en digital LED-display som ger realtidsuppdateringar om dina e-v\u00e4tskeniv\u00e5er, antal puffar och batteritid. Detta g\u00f6r att du kan hantera din vapingupplevelse p\u00e5 ett effektivt s\u00e4tt och s\u00e4kerst\u00e4ller att du aldrig blir \u00f6verraskad.<\/p>\n<h5>Vad \u00e4r det som g\u00f6r de 29 smakalternativen s\u00e5 unika?<\/h5>\n<p>Var och en av de 29 smakerna f\u00f6r JNR FALCON X 18000 \u00e4r noggrant utformade f\u00f6r att ge en distinkt och tillfredsst\u00e4llande smak. Fr\u00e5n klassiska fruktblandningar till innovativa blandningar som Cherry Cola och Watermelon Lychee, det finns en smak f\u00f6r varje smak. Idealisk f\u00f6r <strong>bulkbest\u00e4llning<\/strong> Varje smak \u00e4r utformad f\u00f6r att ge en j\u00e4mn njutning.<\/p>\n<h5>Hur kan jag vara s\u00e4ker p\u00e5 produktens kvalitet och tillf\u00f6rlitlighet?<\/h5>\n<p>Vi st\u00f6der PayPal-betalning och k\u00f6parskyddstj\u00e4nst. Du kan ocks\u00e5 kolla v\u00e5ra recensioner p\u00e5 <a href=\"https:\/\/www.trustpilot.com\/review\/volovape.com?utm_medium=trustbox&amp;utm_source=TrustBoxReviewCollector\">TrustPilot<\/a>.<\/p>","protected":false},"excerpt":{"rendered":"<p>Sl\u00e4pp loss vapingexcellensen med JNR Falcon X 18000 Puffs Vape. Med 24 ml e-juice, 950 mAh batteri, dubbla n\u00e4tspolar, LED-display, 2% nikotin och 29 smaker. Typ-C laddning.<\/p>","protected":false},"featured_media":6280,"comment_status":"open","ping_status":"closed","template":"","meta":[],"product_brand":[],"product_cat":[79,50,21,43,18,39,20,23,24,22,25,26,27,28,29,30,31,32,33,34,35,44,36,40],"product_tag":[],"class_list":{"0":"post-6246","1":"product","2":"type-product","3":"status-publish","4":"has-post-thumbnail","6":"product_cat-jnr","7":"product_cat-18000-puffs-disposable-vape","8":"product_cat-big-puffs-vapes","9":"product_cat-crystal-vapes","10":"product_cat-different-puffs-of-disposable-vapes","11":"product_cat-digital-box-vapes","12":"product_cat-disposable-vape-types","13":"product_cat-disposable-vapes-in-austria","14":"product_cat-disposable-vapes-in-belgium","15":"product_cat-disposable-vapes-in-europe","16":"product_cat-disposable-vapes-in-france","17":"product_cat-disposable-vapes-in-germany","18":"product_cat-disposable-vapes-in-hungary","19":"product_cat-disposable-vapes-in-ltaly","20":"product_cat-disposable-vapes-in-netherlands","21":"product_cat-disposable-vapes-in-norway","22":"product_cat-disposable-vapes-in-poland","23":"product_cat-disposable-vapes-in-portugal","24":"product_cat-disposable-vapes-in-spain","25":"product_cat-disposable-vapes-in-sweden","26":"product_cat-disposable-vapes-in-switzerland","27":"product_cat-dual-mesh-vapes","28":"product_cat-rechargeable-vapes","29":"product_cat-smart-screen-vapes","31":"first","32":"instock","33":"shipping-taxable","34":"purchasable","35":"product-type-variable","36":"has-default-attributes"},"jetpack_sharing_enabled":true,"tiered_pricing_type":"fixed","tiered_pricing_fixed_rules":{"30":8.17999999999999971578290569595992565155029296875,"50":7.78000000000000024868995751603506505489349365234375,"100":7.04000000000000003552713678800500929355621337890625,"200":6.6699999999999999289457264239899814128875732421875,"400":6.11000000000000031974423109204508364200592041015625},"tiered_pricing_product_settings":{"layout":"default","base_unit_name":{"singular":null,"plural":null},"default_variation":null},"tiered_pricing_minimum_quantity":null,"tiered_pricing_roles_data":[],"tiered_pricing_percentage_rules":[],"tiered_pricing_maximum_quantity":"10","tiered_pricing_quantity_step":"10","_links":{"self":[{"href":"https:\/\/volovape.com\/sv\/wp-json\/wp\/v2\/product\/6246","targetHints":{"allow":["GET"]}}],"collection":[{"href":"https:\/\/volovape.com\/sv\/wp-json\/wp\/v2\/product"}],"about":[{"href":"https:\/\/volovape.com\/sv\/wp-json\/wp\/v2\/types\/product"}],"replies":[{"embeddable":true,"href":"https:\/\/volovape.com\/sv\/wp-json\/wp\/v2\/comments?post=6246"}],"wp:featuredmedia":[{"embeddable":true,"href":"https:\/\/volovape.com\/sv\/wp-json\/wp\/v2\/media\/6280"}],"wp:attachment":[{"href":"https:\/\/volovape.com\/sv\/wp-json\/wp\/v2\/media?parent=6246"}],"wp:term":[{"taxonomy":"product_brand","embeddable":true,"href":"https:\/\/volovape.com\/sv\/wp-json\/wp\/v2\/product_brand?post=6246"},{"taxonomy":"product_cat","embeddable":true,"href":"https:\/\/volovape.com\/sv\/wp-json\/wp\/v2\/product_cat?post=6246"},{"taxonomy":"product_tag","embeddable":true,"href":"https:\/\/volovape.com\/sv\/wp-json\/wp\/v2\/product_tag?post=6246"}],"curies":[{"name":"wp","href":"https:\/\/api.w.org\/{rel}","templated":true}]}}