{"id":6245,"date":"2024-11-29T04:36:13","date_gmt":"2024-11-29T04:36:13","guid":{"rendered":"https:\/\/volovape.com\/?post_type=product&#038;p=6245"},"modified":"2025-11-04T06:54:05","modified_gmt":"2025-11-04T06:54:05","slug":"jnr-falon-16000-16k-puffar","status":"publish","type":"product","link":"https:\/\/volovape.com\/sv\/product\/jnr-falon-16000-16k-puffs\/","title":{"rendered":"JNR Falcon 16000 Puffs Eng\u00e5ngsvape - Dual Mesh, justerbart luftfl\u00f6de, kristalldesign"},"content":{"rendered":"<p><iframe title=\"VideoPress Videospelare\" aria-label='VideoPress Videospelare' width='500' height='281' src='https:\/\/videopress.com\/embed\/IW3jjut3?hd=0&amp;cover=1' frameborder='0' allowfullscreen allow='clipboard-write'><\/iframe><script src='https:\/\/v0.wordpress.com\/js\/next\/videopress-iframe.js?m=1739540970'><\/script><\/p>\n<p><strong>JNR Falcon 16000 Puffs Original Edition Eng\u00e5ngsvape<\/strong> - Upplev o\u00f6vertr\u00e4ffad stil och prestanda.<\/p>\n<p>Den <strong>JNR Falcon 16000 Puffar<\/strong> s\u00e4tter en ny standard f\u00f6r eng\u00e5ngsvapor och kombinerar en sofistikerad kristallhantverksdesign med exceptionell prestanda. Njut av upp till <strong>16.000 puffar<\/strong> fr\u00e5n en gener\u00f6s <strong>22 ml kapacitet f\u00f6r e-v\u00e4tska<\/strong>vilket ger en l\u00e5ngvarig och tillfredsst\u00e4llande upplevelse. Den avancerade <strong>1\u03a9 dubbel mesh-spole<\/strong> ger en rik och j\u00e4mn smak, medan <strong>justerbart luftfl\u00f6de<\/strong> ger m\u00f6jlighet till en anpassad dragning. Med <strong>28 smakalternativ<\/strong> och en <strong>2% nikotinstyrka<\/strong>passar denna enhet f\u00f6r olika preferenser. Drivs av en <strong>850mAh uppladdningsbart batteri<\/strong> med <strong>Typ C snabbladdning<\/strong>Falcon 16000 erbjuder tillf\u00f6rlitlighet och bekv\u00e4mlighet. Idealisk f\u00f6r personlig njutning eller <strong>eng\u00e5ngs vape grossist<\/strong>, utforska v\u00e5ra <strong>bulkbest\u00e4llning<\/strong> alternativ f\u00f6r stora besparingar.<\/p>\n<h3><strong>JNR Falcon 16000 Puffs Funktioner:<\/strong><\/h3>\n<ul>\n<li>Nikotin: 2%<\/li>\n<li>Puffar: 16000<\/li>\n<li>Kapacitet f\u00f6r e-v\u00e4tska: 22mL<\/li>\n<li>Batteri: 850 mAh (uppladdningsbart)<\/li>\n<li>Spole: 1\u03a9 Dual Mesh-spole<\/li>\n<li>Design: Crystal Craft exteri\u00f6r<\/li>\n<li>Luftfl\u00f6de: Justerbart<\/li>\n<li>Smaker: 28 alternativ<\/li>\n<li>Laddning: Typ C<\/li>\n<\/ul>\n<h4>VANLIGA FR\u00c5GOR<\/h4>\n<h5>Hur f\u00f6rb\u00e4ttrar det justerbara luftfl\u00f6det min vapingupplevelse?<\/h5>\n<p>Det justerbara luftfl\u00f6det g\u00f6r att du kan anpassa dragmotst\u00e5ndet, s\u00e5 att du kan v\u00e4xla mellan en t\u00e4t, koncentrerad smak eller en l\u00f6sare, luftig \u00e5ngproduktion och skr\u00e4ddarsy \u00e5ngan efter dina \u00f6nskem\u00e5l.<\/p>\n<h5>Vilka leveransmetoder anv\u00e4nds?<\/h5>\n<p>Vi arbetar med betrodda transport\u00f6rer som UPS, DHL, FedEx och DPD f\u00f6r att tillhandah\u00e5lla det mest effektiva fraktalternativet baserat p\u00e5 din plats, vilket garanterar snabb och tillf\u00f6rlitlig leverans.<\/p>\n<h5>Hur l\u00e5ng tid tar det innan min best\u00e4llning kommer fram?<\/h5>\n<p>Leveranstiden \u00e4r normalt 7-15 arbetsdagar. R\u00e4kna dock med upp till 20 arbetsdagar under helgdagar eller vid ogynnsamma v\u00e4derf\u00f6rh\u00e5llanden.<\/p>\n<h5>Kommer jag att st\u00f6ta p\u00e5 n\u00e5gra problem med tull eller skatter?<\/h5>\n<p>Vi hanterar alla tullklareringsf\u00f6rfaranden och garanterar att det inte kommer att finnas n\u00e5gra ytterligare skatter eller avgifter. Vi s\u00e4kerst\u00e4ller 100% tullklarering f\u00f6r alla v\u00e5ra produkter.<\/p>\n<h5>\u00c4r mitt k\u00f6p skyddat?<\/h5>\n<p>Ja, vi erbjuder s\u00e4kra betalningsalternativ, inklusive PayPal med k\u00f6parskydd. Du kan ocks\u00e5 verifiera v\u00e5r trov\u00e4rdighet genom att kontrollera v\u00e5ra kundrecensioner p\u00e5 <a href=\"https:\/\/www.trustpilot.com\/review\/volovape.com?utm_medium=trustbox&amp;utm_source=TrustBoxReviewCollector\">TrustPilot<\/a>.<\/p>","protected":false},"excerpt":{"rendered":"<p>Uppt\u00e4ck JNR Falcon 16000 Puffs Disposable Vape med 22 ml e-juice, 850 mAh batteri, dubbla n\u00e4tspolar, justerbart luftfl\u00f6de och 2% nikotin. Snygg kristalldesign, 28 smaker, Typ-C-laddning.<\/p>","protected":false},"featured_media":6263,"comment_status":"open","ping_status":"closed","template":"","meta":[],"product_brand":[],"product_cat":[79,51,21,43,18,39,20,23,24,22,25,26,27,28,29,30,31,32,33,34,35,44,36,40],"product_tag":[],"class_list":{"0":"post-6245","1":"product","2":"type-product","3":"status-publish","4":"has-post-thumbnail","6":"product_cat-jnr","7":"product_cat-16000-puffs-disposable-vape","8":"product_cat-big-puffs-vapes","9":"product_cat-crystal-vapes","10":"product_cat-different-puffs-of-disposable-vapes","11":"product_cat-digital-box-vapes","12":"product_cat-disposable-vape-types","13":"product_cat-disposable-vapes-in-austria","14":"product_cat-disposable-vapes-in-belgium","15":"product_cat-disposable-vapes-in-europe","16":"product_cat-disposable-vapes-in-france","17":"product_cat-disposable-vapes-in-germany","18":"product_cat-disposable-vapes-in-hungary","19":"product_cat-disposable-vapes-in-ltaly","20":"product_cat-disposable-vapes-in-netherlands","21":"product_cat-disposable-vapes-in-norway","22":"product_cat-disposable-vapes-in-poland","23":"product_cat-disposable-vapes-in-portugal","24":"product_cat-disposable-vapes-in-spain","25":"product_cat-disposable-vapes-in-sweden","26":"product_cat-disposable-vapes-in-switzerland","27":"product_cat-dual-mesh-vapes","28":"product_cat-rechargeable-vapes","29":"product_cat-smart-screen-vapes","31":"first","32":"instock","33":"shipping-taxable","34":"purchasable","35":"product-type-variable","36":"has-default-attributes"},"jetpack_sharing_enabled":true,"tiered_pricing_type":"fixed","tiered_pricing_fixed_rules":{"30":8,"50":7.589999999999999857891452847979962825775146484375,"100":6.8499999999999996447286321199499070644378662109375,"200":6.480000000000000426325641456060111522674560546875,"400":5.92999999999999971578290569595992565155029296875},"tiered_pricing_product_settings":{"layout":"default","base_unit_name":{"singular":null,"plural":null},"default_variation":null},"tiered_pricing_minimum_quantity":10,"tiered_pricing_roles_data":[],"tiered_pricing_percentage_rules":[],"tiered_pricing_maximum_quantity":null,"tiered_pricing_quantity_step":"10","_links":{"self":[{"href":"https:\/\/volovape.com\/sv\/wp-json\/wp\/v2\/product\/6245","targetHints":{"allow":["GET"]}}],"collection":[{"href":"https:\/\/volovape.com\/sv\/wp-json\/wp\/v2\/product"}],"about":[{"href":"https:\/\/volovape.com\/sv\/wp-json\/wp\/v2\/types\/product"}],"replies":[{"embeddable":true,"href":"https:\/\/volovape.com\/sv\/wp-json\/wp\/v2\/comments?post=6245"}],"wp:featuredmedia":[{"embeddable":true,"href":"https:\/\/volovape.com\/sv\/wp-json\/wp\/v2\/media\/6263"}],"wp:attachment":[{"href":"https:\/\/volovape.com\/sv\/wp-json\/wp\/v2\/media?parent=6245"}],"wp:term":[{"taxonomy":"product_brand","embeddable":true,"href":"https:\/\/volovape.com\/sv\/wp-json\/wp\/v2\/product_brand?post=6245"},{"taxonomy":"product_cat","embeddable":true,"href":"https:\/\/volovape.com\/sv\/wp-json\/wp\/v2\/product_cat?post=6245"},{"taxonomy":"product_tag","embeddable":true,"href":"https:\/\/volovape.com\/sv\/wp-json\/wp\/v2\/product_tag?post=6245"}],"curies":[{"name":"wp","href":"https:\/\/api.w.org\/{rel}","templated":true}]}}