{"id":600,"date":"2024-11-21T03:31:02","date_gmt":"2024-11-21T03:31:02","guid":{"rendered":"https:\/\/volovape.com\/?post_type=product&#038;p=600"},"modified":"2025-08-20T02:44:43","modified_gmt":"2025-08-20T02:44:43","slug":"aivono-boom-patriot-edition-25000-puffar","status":"publish","type":"product","link":"https:\/\/volovape.com\/sv\/product\/aivono-boom-patriot-edition-25000-puffs\/","title":{"rendered":"AIVONO Boom Patriot Edition 25000 puffar eng\u00e5ngsvape - dubbel mesh med LCD-display"},"content":{"rendered":"<p><strong>AIVONO BOOM PATRIOT EDITION 25000 puffar Dual Mesh LCD eng\u00e5ngsvape<\/strong> - Visa din patriotiska anda med AIVONO BOOM PATRIOT EDITION, som levererar exceptionella 25 000 puffar. Denna eng\u00e5ngsvape med h\u00f6g kapacitet har en 28 ml e-v\u00e4tskebeh\u00e5llare, ett 650 mAh uppladdningsbart batteri och avancerad dual mesh-spolteknik f\u00f6r konsekvent rik och smakfull \u00e5nga. Den integrerade LCD-displayen ger information om batteri och antal puffar i realtid. Denna enhet \u00e4r idealisk f\u00f6r personligt bruk och eng\u00e5ngsvape grossist bulk best\u00e4llningar och erbjuder 0%, 2%, 3%, eller 5% nikotinstyrkor och ett urval av 8 l\u00e4ckra smaker.<\/p>\n<h3><strong>AIVONO BOOM PATRIOT EDITION 25000 Puffs Funktioner:<\/strong><\/h3>\n<ul>\n<li>Puffar: 25000 puffar<\/li>\n<li>E-v\u00e4tskekapacitet: 28mL<\/li>\n<li>Batteri: 650 mAh (uppladdningsbart)<\/li>\n<li>Laddning: Typ C<\/li>\n<li>Spole: Dubbla n\u00e4tspolar<\/li>\n<li>Display: LCD-display (batteri och antal puffar)<\/li>\n<li>Styrkor hos nikotin: 0%, 2%, 3%, 5%<\/li>\n<li>Smakalternativ: Iced Watermelon Cherry, Raspberry Peach Lime, Watermelon Ice, Melon Lemon, Blue Razz Ice, Sour Mango Pineapple, Green Apple Grape, Miami Mint.<\/li>\n<\/ul>\n<h4>VANLIGA FR\u00c5GOR<\/h4>\n<h5>Hur f\u00f6rb\u00e4ttrar dual mesh coil-tekniken vapingupplevelsen?<\/h5>\n<p>Dual Mesh-spolen ger en st\u00f6rre v\u00e4rmeyta, vilket resulterar i j\u00e4mnare uppv\u00e4rmning och avsev\u00e4rt f\u00f6rb\u00e4ttrad smak- och \u00e5ngproduktion. Denna teknik s\u00e4kerst\u00e4ller en j\u00e4mn och tillfredsst\u00e4llande vapingupplevelse.<\/p>\n<h5>Vilka leveransmetoder finns tillg\u00e4ngliga?<\/h5>\n<p>Vi samarbetar med p\u00e5litliga transport\u00f6rer, inklusive UPS, DHL, FedEx och DPD, f\u00f6r att erbjuda effektiv och p\u00e5litlig frakt. Den l\u00e4mpligaste leveransmetoden v\u00e4ljs utifr\u00e5n din leveransplats.<\/p>\n<h5>Hur l\u00e5ng tid tar normalt en leverans?<\/h5>\n<p>Leveranstiden \u00e4r normalt 7-15 arbetsdagar, men kan f\u00f6rl\u00e4ngas till 20 arbetsdagar under helgdagar eller vid ogynnsamma v\u00e4derf\u00f6rh\u00e5llanden.<\/p>\n<h5>Kommer jag att drabbas av n\u00e5gra tullavgifter eller skatter?<\/h5>\n<p>Vi hanterar all tullklarering och garanterar att du inte drabbas av n\u00e5gra ytterligare skatter eller avgifter. 100% av v\u00e5ra produkter klareras genom tullen utan problem.<\/p>\n<h5>\u00c4r mitt k\u00f6p s\u00e4kert och tillf\u00f6rlitligt?<\/h5>\n<p>Vi erbjuder s\u00e4kra transaktioner genom PayPals k\u00f6parskydd. Du kan ocks\u00e5 verifiera v\u00e5r tillf\u00f6rlitlighet genom att kontrollera kundrecensioner p\u00e5 <a href=\"https:\/\/www.trustpilot.com\/review\/volovape.com?utm_medium=trustbox&amp;utm_source=TrustBoxReviewCollector\">TrustPilot<\/a>.<\/p>","protected":false},"excerpt":{"rendered":"<p>F\u00e5nga vape-entusiaster med AIVONO BOOM PATRIOT EDITION 25000 Puffs grossist! Dubbla mesh-spolar, LCD-display, 28 ml, uppladdningsbar. Lager patriotiska, high-puff vapes med avancerade funktioner.<\/p>","protected":false},"featured_media":969,"comment_status":"open","ping_status":"closed","template":"","meta":[],"product_brand":[],"product_cat":[67,45,63,21,18,39,20,23,24,22,25,26,27,28,29,30,31,32,33,34,35,44,36,40],"product_tag":[],"class_list":{"0":"post-600","1":"product","2":"type-product","3":"status-publish","4":"has-post-thumbnail","6":"product_cat-aivono","7":"product_cat-25000-puffs-disposable-vape","8":"product_cat-30000-puffs-disposable-vape","9":"product_cat-big-puffs-vapes","10":"product_cat-different-puffs-of-disposable-vapes","11":"product_cat-digital-box-vapes","12":"product_cat-disposable-vape-types","13":"product_cat-disposable-vapes-in-austria","14":"product_cat-disposable-vapes-in-belgium","15":"product_cat-disposable-vapes-in-europe","16":"product_cat-disposable-vapes-in-france","17":"product_cat-disposable-vapes-in-germany","18":"product_cat-disposable-vapes-in-hungary","19":"product_cat-disposable-vapes-in-ltaly","20":"product_cat-disposable-vapes-in-netherlands","21":"product_cat-disposable-vapes-in-norway","22":"product_cat-disposable-vapes-in-poland","23":"product_cat-disposable-vapes-in-portugal","24":"product_cat-disposable-vapes-in-spain","25":"product_cat-disposable-vapes-in-sweden","26":"product_cat-disposable-vapes-in-switzerland","27":"product_cat-dual-mesh-vapes","28":"product_cat-rechargeable-vapes","29":"product_cat-smart-screen-vapes","31":"first","32":"instock","33":"shipping-taxable","34":"purchasable","35":"product-type-variable","36":"has-default-attributes"},"jetpack_sharing_enabled":true,"tiered_pricing_type":"fixed","tiered_pricing_fixed_rules":{"30":9.1899999999999995026200849679298698902130126953125,"50":9.0099999999999997868371792719699442386627197265625,"100":8.3800000000000007815970093361102044582366943359375,"200":7.69000000000000039079850466805510222911834716796875,"400":7.480000000000000426325641456060111522674560546875},"tiered_pricing_product_settings":{"layout":"default","base_unit_name":{"singular":null,"plural":null},"default_variation":null},"tiered_pricing_minimum_quantity":10,"tiered_pricing_roles_data":[],"tiered_pricing_percentage_rules":[],"tiered_pricing_maximum_quantity":null,"tiered_pricing_quantity_step":"10","_links":{"self":[{"href":"https:\/\/volovape.com\/sv\/wp-json\/wp\/v2\/product\/600","targetHints":{"allow":["GET"]}}],"collection":[{"href":"https:\/\/volovape.com\/sv\/wp-json\/wp\/v2\/product"}],"about":[{"href":"https:\/\/volovape.com\/sv\/wp-json\/wp\/v2\/types\/product"}],"replies":[{"embeddable":true,"href":"https:\/\/volovape.com\/sv\/wp-json\/wp\/v2\/comments?post=600"}],"wp:featuredmedia":[{"embeddable":true,"href":"https:\/\/volovape.com\/sv\/wp-json\/wp\/v2\/media\/969"}],"wp:attachment":[{"href":"https:\/\/volovape.com\/sv\/wp-json\/wp\/v2\/media?parent=600"}],"wp:term":[{"taxonomy":"product_brand","embeddable":true,"href":"https:\/\/volovape.com\/sv\/wp-json\/wp\/v2\/product_brand?post=600"},{"taxonomy":"product_cat","embeddable":true,"href":"https:\/\/volovape.com\/sv\/wp-json\/wp\/v2\/product_cat?post=600"},{"taxonomy":"product_tag","embeddable":true,"href":"https:\/\/volovape.com\/sv\/wp-json\/wp\/v2\/product_tag?post=600"}],"curies":[{"name":"wp","href":"https:\/\/api.w.org\/{rel}","templated":true}]}}