{"id":598,"date":"2024-11-21T03:31:02","date_gmt":"2024-11-21T03:31:02","guid":{"rendered":"https:\/\/volovape.com\/?post_type=product&#038;p=598"},"modified":"2026-04-29T02:13:30","modified_gmt":"2026-04-29T02:13:30","slug":"bang-box-20000-puffar","status":"publish","type":"product","link":"https:\/\/volovape.com\/sv\/product\/bang-box-20000-puffs\/","title":{"rendered":"Bang Box 20000 puffar l\u00e5ngvarig eng\u00e5ngsvape - bulkalternativ med stor rabatt"},"content":{"rendered":"<p><strong>Bang Box 20000 Puffs Ultimate uppladdningsbar eng\u00e5ngsvape<\/strong> - Upplev o\u00f6vertr\u00e4ffad livsl\u00e4ngd och smak med Bang Box 20000. Denna eng\u00e5ngsvape med h\u00f6g kapacitet levererar h\u00e4pnadsv\u00e4ckande 20 000 puffar, med en 35 ml e-v\u00e4tskebeh\u00e5llare och ett 850 mAh uppladdningsbart batteri. Den avancerade mesh coil-tekniken garanterar konsekvent j\u00e4mn och smakfull \u00e5nga, perfekt f\u00f6r b\u00e5de personligt bruk och eng\u00e5ngsvape grossist bulkbest\u00e4llningar. V\u00e4lj mellan nikotinstyrkorna 0%, 2%, 3% eller 5% och ett brett urval av 12 livfulla smaker.<\/p>\n<h3><strong>Bang Box 20000 Puffs Funktioner:<\/strong><\/h3>\n<ul>\n<li>Puffar: 20000 puffar<\/li>\n<li>Kapacitet f\u00f6r e-v\u00e4tska: 35mL<\/li>\n<li>Batteri: 850 mAh (uppladdningsbart)<\/li>\n<li>Laddning: Typ C<\/li>\n<li>Spole: N\u00e4tspole<\/li>\n<li>Styrkor hos nikotin: 0%, 2%, 3%, 5%<\/li>\n<li>Smakalternativ: Strawberry Kiwi, Kiwi Passion Fruit Guava, Strawberry Watermelon, Raspberry Watermelon, Blueberry Sour Raspberry Ice, Watermelon Ice, Banana Ice, Mango Peach, Blue Razz Ice, Mr. Blue, Grape Ice, Mango On Ice.<\/li>\n<\/ul>\n<h4>VANLIGA FR\u00c5GOR<\/h4>\n<h5>Hur f\u00f6rb\u00e4ttrar 850mAh-batteriet vapingupplevelsen?<\/h5>\n<p>Batteriet p\u00e5 850 mAh ger ut\u00f6kad effekt, s\u00e5 att du kan njuta av hela 20 000 bloss utan frekventa laddningar. Denna st\u00f6rre batterikapacitet m\u00f6jligg\u00f6r l\u00e4ngre vaping-sessioner och j\u00e4mn prestanda.<\/p>\n<h5>Vilka \u00e4r de tillg\u00e4ngliga leveransmetoderna?<\/h5>\n<p>Vi samarbetar med v\u00e4lrenommerade transport\u00f6rer, inklusive UPS, DHL, FedEx och DPD, f\u00f6r att erbjuda p\u00e5litlig och effektiv frakt. Den l\u00e4mpligaste leveransmetoden v\u00e4ljs utifr\u00e5n din leveransplats.<\/p>\n<h5>Hur l\u00e5ng tid tar normalt en leverans?<\/h5>\n<p>Leveranstiden \u00e4r normalt 7-15 arbetsdagar, men kan f\u00f6rl\u00e4ngas till 20 arbetsdagar under helgdagar eller vid ogynnsamma v\u00e4derf\u00f6rh\u00e5llanden.<\/p>\n<h5>Finns det n\u00e5gra tullavgifter eller skatter?<\/h5>\n<p>Vi hanterar all tullklarering och garanterar att du inte drabbas av n\u00e5gra ytterligare skatter eller avgifter. 100% av v\u00e5ra produkter klareras genom tullen utan problem.<\/p>\n<h5>\u00c4r mitt k\u00f6p s\u00e4kert och tillf\u00f6rlitligt?<\/h5>\n<p>Vi erbjuder s\u00e4kra transaktioner genom PayPals k\u00f6parskydd. Du kan ocks\u00e5 verifiera v\u00e5r p\u00e5litlighet genom att kontrollera kundrecensioner p\u00e5 <a href=\"https:\/\/www.trustpilot.com\/review\/volovape.com?utm_medium=trustbox&amp;utm_source=TrustBoxReviewCollector\">TrustPilot<\/a>.<\/p>","protected":false},"excerpt":{"rendered":"<p>Dominera din marknad med Bang Box 20000 Puffs grossist! 35 ml kapacitet, 850 mAh batteri, avancerad n\u00e4tspole. Lager ultimat livsl\u00e4ngd, uppladdningsbara eng\u00e5ngsartiklar.<\/p>","protected":false},"featured_media":941,"comment_status":"open","ping_status":"closed","template":"","meta":[],"product_brand":[],"product_cat":[61,42,21,18,20,23,24,22,25,26,27,28,29,30,31,32,33,34,35,36,40],"product_tag":[],"class_list":{"0":"post-598","1":"product","2":"type-product","3":"status-publish","4":"has-post-thumbnail","6":"product_cat-bang","7":"product_cat-20000-puffs-disposable-vape","8":"product_cat-big-puffs-vapes","9":"product_cat-different-puffs-of-disposable-vapes","10":"product_cat-disposable-vape-types","11":"product_cat-disposable-vapes-in-austria","12":"product_cat-disposable-vapes-in-belgium","13":"product_cat-disposable-vapes-in-europe","14":"product_cat-disposable-vapes-in-france","15":"product_cat-disposable-vapes-in-germany","16":"product_cat-disposable-vapes-in-hungary","17":"product_cat-disposable-vapes-in-ltaly","18":"product_cat-disposable-vapes-in-netherlands","19":"product_cat-disposable-vapes-in-norway","20":"product_cat-disposable-vapes-in-poland","21":"product_cat-disposable-vapes-in-portugal","22":"product_cat-disposable-vapes-in-spain","23":"product_cat-disposable-vapes-in-sweden","24":"product_cat-disposable-vapes-in-switzerland","25":"product_cat-rechargeable-vapes","26":"product_cat-smart-screen-vapes","28":"first","29":"instock","30":"shipping-taxable","31":"purchasable","32":"product-type-variable","33":"has-default-attributes"},"jetpack_sharing_enabled":true,"tiered_pricing_type":"fixed","tiered_pricing_fixed_rules":{"30":6.480000000000000426325641456060111522674560546875,"50":6.04999999999999982236431605997495353221893310546875,"100":5.30999999999999960920149533194489777088165283203125,"200":4.94000000000000039079850466805510222911834716796875,"400":4.37999999999999989341858963598497211933135986328125},"tiered_pricing_product_settings":{"layout":"default","base_unit_name":{"singular":null,"plural":null},"default_variation":null},"tiered_pricing_minimum_quantity":10,"tiered_pricing_roles_data":[],"tiered_pricing_percentage_rules":[],"tiered_pricing_maximum_quantity":null,"tiered_pricing_quantity_step":"10","_links":{"self":[{"href":"https:\/\/volovape.com\/sv\/wp-json\/wp\/v2\/product\/598","targetHints":{"allow":["GET"]}}],"collection":[{"href":"https:\/\/volovape.com\/sv\/wp-json\/wp\/v2\/product"}],"about":[{"href":"https:\/\/volovape.com\/sv\/wp-json\/wp\/v2\/types\/product"}],"replies":[{"embeddable":true,"href":"https:\/\/volovape.com\/sv\/wp-json\/wp\/v2\/comments?post=598"}],"wp:featuredmedia":[{"embeddable":true,"href":"https:\/\/volovape.com\/sv\/wp-json\/wp\/v2\/media\/941"}],"wp:attachment":[{"href":"https:\/\/volovape.com\/sv\/wp-json\/wp\/v2\/media?parent=598"}],"wp:term":[{"taxonomy":"product_brand","embeddable":true,"href":"https:\/\/volovape.com\/sv\/wp-json\/wp\/v2\/product_brand?post=598"},{"taxonomy":"product_cat","embeddable":true,"href":"https:\/\/volovape.com\/sv\/wp-json\/wp\/v2\/product_cat?post=598"},{"taxonomy":"product_tag","embeddable":true,"href":"https:\/\/volovape.com\/sv\/wp-json\/wp\/v2\/product_tag?post=598"}],"curies":[{"name":"wp","href":"https:\/\/api.w.org\/{rel}","templated":true}]}}