{"id":5765,"date":"2024-11-21T03:49:10","date_gmt":"2024-11-21T03:49:10","guid":{"rendered":"https:\/\/volovape.com\/?post_type=product&#038;p=5765"},"modified":"2026-04-15T01:07:56","modified_gmt":"2026-04-15T01:07:56","slug":"mrvi-25000-puffar-grossist","status":"publish","type":"product","link":"https:\/\/volovape.com\/sv\/product\/mrvi-25000-puffs-wholesale\/","title":{"rendered":"MRVI 25000 puffar dubbel spole eng\u00e5ngs vape - MTL &amp; DTL flexibilitet, bulk k\u00f6pa grossist"},"content":{"rendered":"<p><strong>MRVI 25000 Puffs Dual Coil eng\u00e5ngsvape<\/strong> - Upplev den ultimata flexibiliteten f\u00f6r vaping.<\/p>\n<p>Uppt\u00e4ck o\u00f6vertr\u00e4ffad m\u00e5ngsidighet f\u00f6r vaping med <strong>MRVI 25000<\/strong> eng\u00e5ngsvape. Denna enhet \u00e4r designad f\u00f6r b\u00e5de MTL- och DTL-entusiaster och har en anm\u00e4rkningsv\u00e4rd kapacitet p\u00e5 25 000 puffar, som drivs av en massiv 30 ml e-v\u00e4tskebeh\u00e5llare och ett robust 1000 mAh uppladdningsbart batteri. Det innovativa dual coil-systemet g\u00f6r att du enkelt kan v\u00e4xla mellan olika vaping-stilar, vilket garanterar en skr\u00e4ddarsydd upplevelse. Med nikotinstyrkor p\u00e5 2% eller 5% och ett urval av 10 l\u00e4ckra smaker \u00e4r MRVI 25000 perfekt f\u00f6r personligt bruk och eng\u00e5ngsbest\u00e4llningar av vape i grossistledet. Njut av mjuk, smakrik \u00e5nga och exceptionell livsl\u00e4ngd i en bekv\u00e4m, b\u00e4rbar enhet.<\/p>\n<h3><strong>MRVI 25000 Funktioner\uff1a.<\/strong><\/h3>\n<ul>\n<li>Puffar: Upp till 25.000 puffar<\/li>\n<li>Kapacitet f\u00f6r e-v\u00e4tska: 30 ml<\/li>\n<li>Batteri: 1000 mAh (uppladdningsbart)<\/li>\n<li>Laddning: Typ C<\/li>\n<li>Spole: Dubbla spolar (MTL &amp; DTL)<\/li>\n<li>Styrkor hos nikotin: 2%, 5%<\/li>\n<li>10 unika smaker<\/li>\n<li>Enhet f\u00f6r eng\u00e5ngsbruk<\/li>\n<\/ul>\n<h4>VANLIGA FR\u00c5GOR<\/h4>\n<h5>Vilka leveransmetoder anv\u00e4nds?<\/h5>\n<p>Vi samarbetar med UPS\/DHL\/FEDEX\/DPD, etc. Vi v\u00e4ljer l\u00e4mpligt fraktalternativ beroende p\u00e5 leveransland f\u00f6r att se till att du f\u00e5r dina produkter s\u00e5 snabbt som m\u00f6jligt.<\/p>\n<h5>Hur l\u00e5ng tid tar det att komma fram?<\/h5>\n<p>Detta tar vanligtvis 7-15 arbetsdagar, men kan ta upp till 20 arbetsdagar p\u00e5 helgdagar eller vid d\u00e5liga v\u00e4derf\u00f6rh\u00e5llanden.<\/p>\n<h5>Kan den passera genom tullen och kommer den att orsaka mig n\u00e5gra problem?<\/h5>\n<p>Vi garanterar att du inte kommer att ha n\u00e5gra problem eftersom vi tar hand om tullklareringen och det kommer inte att finnas n\u00e5gra skatter eller avgifter. Vi garanterar att 100% av v\u00e5ra produkter kommer att tullklareras.<\/p>\n<h5>Vad \u00e4r f\u00f6rdelen med systemet med dubbla spolar?<\/h5>\n<p>Det dubbla spolsystemet i MRVI 25000 m\u00f6jligg\u00f6r m\u00e5ngsidig vaping, vilket g\u00f6r det m\u00f6jligt f\u00f6r anv\u00e4ndare att v\u00e4xla mellan vaping-stilarna Mouth-to-Lung (MTL) och Direct-to-Lung (DTL), vilket tillgodoser olika preferenser och f\u00f6rb\u00e4ttrar den totala vapingupplevelsen.<\/p>\n<h5>Kan jag lita p\u00e5 det?<\/h5>\n<p>Vi st\u00f6der PayPal-betalning och k\u00f6parskyddstj\u00e4nst.<br \/>\nDu kan ocks\u00e5 l\u00e4sa v\u00e5ra recensioner p\u00e5 <a href=\"https:\/\/www.trustpilot.com\/review\/volovape.com?utm_medium=trustbox&amp;utm_source=TrustBoxReviewCollector\">TrustPilot<\/a><\/p>","protected":false},"excerpt":{"rendered":"<p>Uppt\u00e4ck MRVI 25000 Puffs Disposable Vape med 30 ml e-juice, 1000 mAh batteri, dubbla spolar f\u00f6r MTL\/DTL och 2%\/5% nikotin. Bulk grossist tillg\u00e4nglig, flera smaker, Typ-C laddning.<\/p>","protected":false},"featured_media":5775,"comment_status":"open","ping_status":"closed","template":"","meta":[],"product_brand":[],"product_cat":[55,45,21,43,18,39,20,23,24,22,25,26,27,28,29,30,31,32,33,34,35,44,36,40],"product_tag":[],"class_list":{"0":"post-5765","1":"product","2":"type-product","3":"status-publish","4":"has-post-thumbnail","6":"product_cat-mrvi","7":"product_cat-25000-puffs-disposable-vape","8":"product_cat-big-puffs-vapes","9":"product_cat-crystal-vapes","10":"product_cat-different-puffs-of-disposable-vapes","11":"product_cat-digital-box-vapes","12":"product_cat-disposable-vape-types","13":"product_cat-disposable-vapes-in-austria","14":"product_cat-disposable-vapes-in-belgium","15":"product_cat-disposable-vapes-in-europe","16":"product_cat-disposable-vapes-in-france","17":"product_cat-disposable-vapes-in-germany","18":"product_cat-disposable-vapes-in-hungary","19":"product_cat-disposable-vapes-in-ltaly","20":"product_cat-disposable-vapes-in-netherlands","21":"product_cat-disposable-vapes-in-norway","22":"product_cat-disposable-vapes-in-poland","23":"product_cat-disposable-vapes-in-portugal","24":"product_cat-disposable-vapes-in-spain","25":"product_cat-disposable-vapes-in-sweden","26":"product_cat-disposable-vapes-in-switzerland","27":"product_cat-dual-mesh-vapes","28":"product_cat-rechargeable-vapes","29":"product_cat-smart-screen-vapes","31":"first","32":"instock","33":"shipping-taxable","34":"purchasable","35":"product-type-variable","36":"has-default-attributes"},"jetpack_sharing_enabled":true,"tiered_pricing_type":"fixed","tiered_pricing_fixed_rules":{"100":6.36000000000000031974423109204508364200592041015625,"200":5.7400000000000002131628207280300557613372802734375,"400":5.42999999999999971578290569595992565155029296875},"tiered_pricing_product_settings":{"layout":"default","base_unit_name":{"singular":null,"plural":null},"default_variation":null},"tiered_pricing_minimum_quantity":50,"tiered_pricing_roles_data":[],"tiered_pricing_percentage_rules":[],"tiered_pricing_maximum_quantity":null,"tiered_pricing_quantity_step":"10","_links":{"self":[{"href":"https:\/\/volovape.com\/sv\/wp-json\/wp\/v2\/product\/5765","targetHints":{"allow":["GET"]}}],"collection":[{"href":"https:\/\/volovape.com\/sv\/wp-json\/wp\/v2\/product"}],"about":[{"href":"https:\/\/volovape.com\/sv\/wp-json\/wp\/v2\/types\/product"}],"replies":[{"embeddable":true,"href":"https:\/\/volovape.com\/sv\/wp-json\/wp\/v2\/comments?post=5765"}],"wp:featuredmedia":[{"embeddable":true,"href":"https:\/\/volovape.com\/sv\/wp-json\/wp\/v2\/media\/5775"}],"wp:attachment":[{"href":"https:\/\/volovape.com\/sv\/wp-json\/wp\/v2\/media?parent=5765"}],"wp:term":[{"taxonomy":"product_brand","embeddable":true,"href":"https:\/\/volovape.com\/sv\/wp-json\/wp\/v2\/product_brand?post=5765"},{"taxonomy":"product_cat","embeddable":true,"href":"https:\/\/volovape.com\/sv\/wp-json\/wp\/v2\/product_cat?post=5765"},{"taxonomy":"product_tag","embeddable":true,"href":"https:\/\/volovape.com\/sv\/wp-json\/wp\/v2\/product_tag?post=5765"}],"curies":[{"name":"wp","href":"https:\/\/api.w.org\/{rel}","templated":true}]}}