{"id":535,"date":"2024-11-21T03:30:33","date_gmt":"2024-11-21T03:30:33","guid":{"rendered":"https:\/\/volovape.com\/?post_type=product&#038;p=535"},"modified":"2025-08-06T07:58:39","modified_gmt":"2025-08-06T07:58:39","slug":"bang-smart-skarm-krona-bar-18000-puffar","status":"publish","type":"product","link":"https:\/\/volovape.com\/sv\/product\/bang-smart-screen-crown-bar-18000-puffs\/","title":{"rendered":"Bang Crown Bar 18000 Puffs Smart Screen Eng\u00e5ngsvape - 0,6\u03a9 Mesh Coil, uppladdningsbar"},"content":{"rendered":"<p><strong>Bang Crown Bar 18000 Puffs Smart Screen Eng\u00e5ngsvape<\/strong> - Upplev \u00f6verl\u00e4gsen vaping med Bang Crown Bar 18000. Denna eng\u00e5ngsvape med h\u00f6g kapacitet levererar upp till 18 000 puffar, med en 24 ml e-juice reservoar och ett 650mAh uppladdningsbart batteri. Den smarta sk\u00e4rmen m\u00f6jligg\u00f6r enkel \u00f6vervakning av batteri- och e-v\u00e4tskeniv\u00e5er, medan 0,6\u03a9 mesh-spolen s\u00e4kerst\u00e4ller t\u00e4ta moln och rik smak. Denna enhet \u00e4r idealisk f\u00f6r personligt bruk och eng\u00e5ngsbest\u00e4llningar av vape-grossister och erbjuder 0%, 2%, 3% eller 5% nikotinstyrka och ett brett utbud av 11 l\u00e4ckra smaker.<\/p>\n<h3><strong>Bang Crown Bar 18000 Puffs Funktioner:<\/strong><\/h3>\n<ul>\n<li>Puffar: 18000 puffar<\/li>\n<li>E-v\u00e4tskekapacitet: 24mL<\/li>\n<li>Batteri: 650 mAh (uppladdningsbart)<\/li>\n<li>Laddning: Typ C<\/li>\n<li>Spole: 0,6\u03a9 Mesh-spole<\/li>\n<li>Display: Smart sk\u00e4rm (batteri- och e-v\u00e4tskeniv\u00e5er)<\/li>\n<li>Styrkor hos nikotin: 0%, 2%, 3%, 5%<\/li>\n<li>Smakalternativ: Vattenmelon Ice, Strawberry Watermelon, Blueberry Raspberry, Blueberry Ice, Strawberry Kiwi, Peach Ice, Mixed Fruits, Cherry Cola, Double Apple, Blueberry Lemon, Grape Ice.<\/li>\n<\/ul>\n<h4>VANLIGA FR\u00c5GOR<\/h4>\n<h5>Hur f\u00f6rb\u00e4ttrar 0,6\u03a9 mesh-spolen \u00e5ngproduktionen?<\/h5>\n<p>0,6\u03a9 mesh-spolen \u00e4r utformad f\u00f6r att v\u00e4rma e-juice mer effektivt, vilket resulterar i t\u00e4tare moln och rikare smakprofiler. Detta ger en mer intensiv och tillfredsst\u00e4llande vapingupplevelse.<\/p>\n<h5>Vilka leveransmetoder finns tillg\u00e4ngliga?<\/h5>\n<p>Vi samarbetar med p\u00e5litliga transport\u00f6rer som UPS, DHL, FedEx och DPD f\u00f6r att s\u00e4kerst\u00e4lla en effektiv och p\u00e5litlig leverans. Den l\u00e4mpligaste leveransmetoden v\u00e4ljs utifr\u00e5n din leveransplats.<\/p>\n<h5>Hur l\u00e5ng tid tar normalt en leverans?<\/h5>\n<p>Leveranstiden \u00e4r normalt mellan 7-15 arbetsdagar, men kan f\u00f6rl\u00e4ngas till 20 arbetsdagar under semestertider eller vid ogynnsamma v\u00e4derf\u00f6rh\u00e5llanden.<\/p>\n<h5>Kommer jag att f\u00e5 betala n\u00e5gra tullavgifter eller skatter?<\/h5>\n<p>Vi hanterar all tullklarering och garanterar att du inte drabbas av n\u00e5gra ytterligare skatter eller avgifter. 100% av v\u00e5ra produkter klareras genom tullen utan problem.<\/p>\n<h5>Hur s\u00e4kert \u00e4r mitt k\u00f6p?<\/h5>\n<p>Vi erbjuder s\u00e4kra transaktioner genom PayPals k\u00f6parskydd. Du kan ocks\u00e5 verifiera v\u00e5r trov\u00e4rdighet genom att kontrollera kundrecensioner p\u00e5 <a href=\"https:\/\/www.trustpilot.com\/review\/volovape.com?utm_medium=trustbox&amp;utm_source=TrustBoxReviewCollector\">TrustPilot<\/a>.<\/p>","protected":false},"excerpt":{"rendered":"<p>Revolutionera dina vape-erbjudanden med Bang Crown Bar 18000 Puffs grossist! Smart sk\u00e4rmteknik, 0,6\u03a9 mesh, 24 ml, uppladdningsbar. Lager n\u00e4sta generations eng\u00e5ngsartiklar f\u00f6r kr\u00e4sna kunder.<\/p>","protected":false},"featured_media":905,"comment_status":"open","ping_status":"closed","template":"","meta":[],"product_brand":[],"product_cat":[61,50,21,18,20,23,24,22,25,26,27,28,29,30,31,32,33,34,35,36,47,40],"product_tag":[],"class_list":{"0":"post-535","1":"product","2":"type-product","3":"status-publish","4":"has-post-thumbnail","6":"product_cat-bang","7":"product_cat-18000-puffs-disposable-vape","8":"product_cat-big-puffs-vapes","9":"product_cat-different-puffs-of-disposable-vapes","10":"product_cat-disposable-vape-types","11":"product_cat-disposable-vapes-in-austria","12":"product_cat-disposable-vapes-in-belgium","13":"product_cat-disposable-vapes-in-europe","14":"product_cat-disposable-vapes-in-france","15":"product_cat-disposable-vapes-in-germany","16":"product_cat-disposable-vapes-in-hungary","17":"product_cat-disposable-vapes-in-ltaly","18":"product_cat-disposable-vapes-in-netherlands","19":"product_cat-disposable-vapes-in-norway","20":"product_cat-disposable-vapes-in-poland","21":"product_cat-disposable-vapes-in-portugal","22":"product_cat-disposable-vapes-in-spain","23":"product_cat-disposable-vapes-in-sweden","24":"product_cat-disposable-vapes-in-switzerland","25":"product_cat-rechargeable-vapes","26":"product_cat-shisha-hookah-vapes","27":"product_cat-smart-screen-vapes","29":"first","30":"instock","31":"shipping-taxable","32":"purchasable","33":"product-type-variable","34":"has-default-attributes"},"jetpack_sharing_enabled":true,"tiered_pricing_type":"fixed","tiered_pricing_fixed_rules":{"2000":3.890000000000000124344978758017532527446746826171875},"tiered_pricing_product_settings":{"layout":"default","base_unit_name":{"singular":null,"plural":null},"default_variation":null},"tiered_pricing_minimum_quantity":1000,"tiered_pricing_roles_data":[],"tiered_pricing_percentage_rules":[],"tiered_pricing_maximum_quantity":null,"tiered_pricing_quantity_step":"10","_links":{"self":[{"href":"https:\/\/volovape.com\/sv\/wp-json\/wp\/v2\/product\/535","targetHints":{"allow":["GET"]}}],"collection":[{"href":"https:\/\/volovape.com\/sv\/wp-json\/wp\/v2\/product"}],"about":[{"href":"https:\/\/volovape.com\/sv\/wp-json\/wp\/v2\/types\/product"}],"replies":[{"embeddable":true,"href":"https:\/\/volovape.com\/sv\/wp-json\/wp\/v2\/comments?post=535"}],"wp:featuredmedia":[{"embeddable":true,"href":"https:\/\/volovape.com\/sv\/wp-json\/wp\/v2\/media\/905"}],"wp:attachment":[{"href":"https:\/\/volovape.com\/sv\/wp-json\/wp\/v2\/media?parent=535"}],"wp:term":[{"taxonomy":"product_brand","embeddable":true,"href":"https:\/\/volovape.com\/sv\/wp-json\/wp\/v2\/product_brand?post=535"},{"taxonomy":"product_cat","embeddable":true,"href":"https:\/\/volovape.com\/sv\/wp-json\/wp\/v2\/product_cat?post=535"},{"taxonomy":"product_tag","embeddable":true,"href":"https:\/\/volovape.com\/sv\/wp-json\/wp\/v2\/product_tag?post=535"}],"curies":[{"name":"wp","href":"https:\/\/api.w.org\/{rel}","templated":true}]}}