{"id":533,"date":"2024-11-21T03:30:33","date_gmt":"2024-11-21T03:30:33","guid":{"rendered":"https:\/\/volovape.com\/?post_type=product&#038;p=533"},"modified":"2025-08-06T08:11:38","modified_gmt":"2025-08-06T08:11:38","slug":"bang-box-rocket-18000-puffar","status":"publish","type":"product","link":"https:\/\/volovape.com\/sv\/product\/bang-box-rocket-18000-puffs\/","title":{"rendered":"Bang Box Rocket 18000 Puffs Eng\u00e5ngs Vape - 1,0\u03a9 Mesh Coil, Smart Display, Uppladdningsbar"},"content":{"rendered":"<p><strong>Bang Box Rocket 18000 Puffs Smart eng\u00e5ngsvape<\/strong> - Upplev framtidens vaping med Bang Box Rocket 18000. Denna innovativa eng\u00e5ngsvape erbjuder massiva 18 000 puffar, en 28 ml e-v\u00e4tskekapacitet och en smart display f\u00f6r att \u00f6vervaka batteri- och e-v\u00e4tskeniv\u00e5er. Med en 1,0\u03a9 mesh-spole f\u00f6r j\u00e4mn, smakfull \u00e5nga och ett 650mAh uppladdningsbart batteri med Type-C-laddning, \u00e4r den h\u00e4r enheten perfekt f\u00f6r b\u00e5de personligt bruk och eng\u00e5ngsvape grossist bulkbest\u00e4llningar. V\u00e4lj mellan nikotinstyrkorna 0%, 2%, 3% eller 5% och njut av ett brett utbud av 12 l\u00e4ckra smaker.<\/p>\n<h3><strong>Bang Box Rocket 18000 Puffs Funktioner:<\/strong><\/h3>\n<ul>\n<li>Puffar: 18000 puffar<\/li>\n<li>E-v\u00e4tskekapacitet: 28mL<\/li>\n<li>Batteri: 650 mAh (uppladdningsbart)<\/li>\n<li>Laddning: Typ C<\/li>\n<li>Spole: 1.0\u03a9 Mesh-spole<\/li>\n<li>Display: Smart display (batteri- och e-v\u00e4tskeniv\u00e5er)<\/li>\n<li>Styrkor hos nikotin: 0%, 2%, 3%, 5%<\/li>\n<li>Smakalternativ: Strawberry Banana, Watermelon Ice, Strawberry Kiwi, Strawberry Mango, Blueberry Ice, Mexico Mango, Juicy Peach Ice, Sour Apple Ice, Blue Razz Ice, Tropical Rainbow Blast.<\/li>\n<\/ul>\n<h4>VANLIGA FR\u00c5GOR<\/h4>\n<h5>Hur f\u00f6rb\u00e4ttrar den smarta displayen min vapingupplevelse?<\/h5>\n<p>Den integrerade smarta displayen ger uppdateringar i realtid om batteritid och e-juice-niv\u00e5er, vilket eliminerar gissningar och s\u00e4kerst\u00e4ller att du alltid \u00e4r f\u00f6rberedd. Den h\u00e4r funktionen ger en mer kontrollerad och njutbar vapingupplevelse.<\/p>\n<h5>Vilka leveransmetoder anv\u00e4nds?<\/h5>\n<p>Vi arbetar med p\u00e5litliga transport\u00f6rer som UPS, DHL, FedEx och DPD f\u00f6r att erbjuda p\u00e5litlig och effektiv frakt. Det b\u00e4sta fraktalternativet v\u00e4ljs utifr\u00e5n din plats f\u00f6r att s\u00e4kerst\u00e4lla leverans i r\u00e4tt tid.<\/p>\n<h5>Hur l\u00e5ng tid tar normalt en leverans?<\/h5>\n<p>Frakt tar vanligtvis mellan 7-15 arbetsdagar, men kan f\u00f6rl\u00e4ngas upp till 20 arbetsdagar under helgdagar eller ogynnsamma v\u00e4derf\u00f6rh\u00e5llanden.<\/p>\n<h5>Finns det n\u00e5gra tull- eller skatteavgifter?<\/h5>\n<p>Vi hanterar all tullklarering och garanterar att du inte drabbas av n\u00e5gra ytterligare skatter eller avgifter. 100% av v\u00e5ra produkter klareras genom tullen utan problem.<\/p>\n<h5>\u00c4r mitt k\u00f6p s\u00e4kert och tillf\u00f6rlitligt?<\/h5>\n<p>Vi st\u00f6der s\u00e4kra transaktioner genom PayPals k\u00f6parskydd. Du kan ocks\u00e5 granska v\u00e5r kundfeedback p\u00e5 <a href=\"https:\/\/www.trustpilot.com\/review\/volovape.com?utm_medium=trustbox&amp;utm_source=TrustBoxReviewCollector\">TrustPilot<\/a> f\u00f6r att verifiera v\u00e5r tillf\u00f6rlitlighet.<\/p>","protected":false},"excerpt":{"rendered":"<p>Dominera vape-marknaden med Bang Box Rocket 18000 Puffs grossist! Smart display, 1,0\u03a9 mesh, 28 ml, uppladdningsbar. Erbjud banbrytande vapes med h\u00f6g kapacitet till dina kunder.<\/p>","protected":false},"featured_media":879,"comment_status":"open","ping_status":"closed","template":"","meta":[],"product_brand":[],"product_cat":[61,50,21,18,39,20,23,24,22,25,26,27,28,29,30,31,32,33,34,35,44,36,40],"product_tag":[],"class_list":{"0":"post-533","1":"product","2":"type-product","3":"status-publish","4":"has-post-thumbnail","6":"product_cat-bang","7":"product_cat-18000-puffs-disposable-vape","8":"product_cat-big-puffs-vapes","9":"product_cat-different-puffs-of-disposable-vapes","10":"product_cat-digital-box-vapes","11":"product_cat-disposable-vape-types","12":"product_cat-disposable-vapes-in-austria","13":"product_cat-disposable-vapes-in-belgium","14":"product_cat-disposable-vapes-in-europe","15":"product_cat-disposable-vapes-in-france","16":"product_cat-disposable-vapes-in-germany","17":"product_cat-disposable-vapes-in-hungary","18":"product_cat-disposable-vapes-in-ltaly","19":"product_cat-disposable-vapes-in-netherlands","20":"product_cat-disposable-vapes-in-norway","21":"product_cat-disposable-vapes-in-poland","22":"product_cat-disposable-vapes-in-portugal","23":"product_cat-disposable-vapes-in-spain","24":"product_cat-disposable-vapes-in-sweden","25":"product_cat-disposable-vapes-in-switzerland","26":"product_cat-dual-mesh-vapes","27":"product_cat-rechargeable-vapes","28":"product_cat-smart-screen-vapes","30":"first","31":"instock","32":"shipping-taxable","33":"purchasable","34":"product-type-variable","35":"has-default-attributes"},"jetpack_sharing_enabled":true,"tiered_pricing_type":"fixed","tiered_pricing_fixed_rules":{"2000":6.20999999999999996447286321199499070644378662109375},"tiered_pricing_product_settings":{"layout":"default","base_unit_name":{"singular":null,"plural":null},"default_variation":null},"tiered_pricing_minimum_quantity":1000,"tiered_pricing_roles_data":[],"tiered_pricing_percentage_rules":[],"tiered_pricing_maximum_quantity":null,"tiered_pricing_quantity_step":"10","_links":{"self":[{"href":"https:\/\/volovape.com\/sv\/wp-json\/wp\/v2\/product\/533","targetHints":{"allow":["GET"]}}],"collection":[{"href":"https:\/\/volovape.com\/sv\/wp-json\/wp\/v2\/product"}],"about":[{"href":"https:\/\/volovape.com\/sv\/wp-json\/wp\/v2\/types\/product"}],"replies":[{"embeddable":true,"href":"https:\/\/volovape.com\/sv\/wp-json\/wp\/v2\/comments?post=533"}],"wp:featuredmedia":[{"embeddable":true,"href":"https:\/\/volovape.com\/sv\/wp-json\/wp\/v2\/media\/879"}],"wp:attachment":[{"href":"https:\/\/volovape.com\/sv\/wp-json\/wp\/v2\/media?parent=533"}],"wp:term":[{"taxonomy":"product_brand","embeddable":true,"href":"https:\/\/volovape.com\/sv\/wp-json\/wp\/v2\/product_brand?post=533"},{"taxonomy":"product_cat","embeddable":true,"href":"https:\/\/volovape.com\/sv\/wp-json\/wp\/v2\/product_cat?post=533"},{"taxonomy":"product_tag","embeddable":true,"href":"https:\/\/volovape.com\/sv\/wp-json\/wp\/v2\/product_tag?post=533"}],"curies":[{"name":"wp","href":"https:\/\/api.w.org\/{rel}","templated":true}]}}