{"id":501,"date":"2024-11-21T03:30:08","date_gmt":"2024-11-21T03:30:08","guid":{"rendered":"https:\/\/volovape.com\/?post_type=product&#038;p=501"},"modified":"2025-09-08T03:35:07","modified_gmt":"2025-09-08T03:35:07","slug":"bang-king-dubbel-kristall-20000-puffar","status":"publish","type":"product","link":"https:\/\/volovape.com\/sv\/product\/bang-king-double-crystal-20000-puffs\/","title":{"rendered":"Bang King Double Crystal 20000 Puffs Uppladdningsbar eng\u00e5ngsvape (0-5% nikotin) - Partihandel"},"content":{"rendered":"<p><iframe title=\"VideoPress Videospelare\" aria-label='VideoPress Videospelare' width='425' height='750' src='https:\/\/videopress.com\/embed\/UidYNEY0?hd=0&amp;cover=1' frameborder='0' allowfullscreen allow='clipboard-write'><\/iframe><script src='https:\/\/v0.wordpress.com\/js\/next\/videopress-iframe.js?m=1739540970'><\/script><\/p>\n<p><strong>Bang King Double Crystal 20000 puffar eng\u00e5ngsvape<\/strong> - Upplev o\u00f6vertr\u00e4ffad livsl\u00e4ngd och smak med Bang King Double Crystal 20000. Med hela 20 000 puffar och en kapacitet p\u00e5 25 ml e-juice \u00e4r denna uppladdningsbara eng\u00e5ngsvape perfekt f\u00f6r b\u00e5de personligt bruk och f\u00f6r bulkbest\u00e4llningar av eng\u00e5ngsvape. V\u00e4lj mellan nikotinstyrkorna 0%, 2%, 3% eller 5% och njut av en anpassningsbar vapingupplevelse med justerbart luftfl\u00f6de och en 1,0\u03a9 mesh-spole f\u00f6r j\u00e4mn, rik \u00e5nga. Det uppladdningsbara 650mAh-batteriet ser till att du kan njuta av varje bloss, medan det breda utbudet av 12 unika smaker garanterar en tillfredsst\u00e4llande vape varje g\u00e5ng.<\/p>\n<h3><strong>Bang King Double Crystal 20000 Puffs Funktioner:<\/strong><\/h3>\n<ul>\n<li>Puffar: 20000 puffar<\/li>\n<li>E-v\u00e4tskekapacitet: 25mL<\/li>\n<li>Batteri: 650 mAh (uppladdningsbart)<\/li>\n<li>Laddning: Typ C<\/li>\n<li>Spole: 1.0\u03a9 Mesh-spole<\/li>\n<li>Styrkor hos nikotin: 0%, 2%, 3%, 5%<\/li>\n<li>Luftfl\u00f6de: Justerbart<\/li>\n<li>Smakalternativ: Sour Apple Raspberry, Peach Ice, Tropical Fruit, Strawberry Watermelon, Watermelon Ice, Grape Ice, Blueberry Ice, Blue Razz Ice, Strawberry Mango, Kiwi Pomegranate, Energy Drink, Strawberry Kiwi.<\/li>\n<\/ul>\n<h4>VANLIGA FR\u00c5GOR<\/h4>\n<h5>Hur f\u00f6rb\u00e4ttrar det justerbara luftfl\u00f6det min vapingupplevelse?<\/h5>\n<p>Det justerbara luftfl\u00f6det g\u00f6r att du kan finjustera ditt drag och v\u00e4xla mellan en t\u00e4t, begr\u00e4nsad tr\u00e4ff och en l\u00f6s, luftig vape. Den h\u00e4r anpassningen ger en personlig upplevelse som passar olika vaping-stilar och preferenser.<\/p>\n<h5>Vilka leveransmetoder anv\u00e4nds?<\/h5>\n<p>Vi samarbetar med ledande transport\u00f6rer som UPS, DHL, FedEx och DPD f\u00f6r att s\u00e4kerst\u00e4lla snabb och tillf\u00f6rlitlig leverans. Den l\u00e4mpligaste leveransmetoden v\u00e4ljs utifr\u00e5n din leveransplats.<\/p>\n<h5>Hur l\u00e5ng tid tar normalt en leverans?<\/h5>\n<p>R\u00e4kna med att din best\u00e4llning kommer fram inom 7-15 arbetsdagar, men leveransen kan f\u00f6rl\u00e4ngas till 20 arbetsdagar under helgdagar eller d\u00e5ligt v\u00e4der.<\/p>\n<h5>Kommer jag att st\u00f6ta p\u00e5 n\u00e5gra tullproblem eller extra avgifter?<\/h5>\n<p>Vi garanterar smidig tullklarering f\u00f6r alla v\u00e5ra f\u00f6rs\u00e4ndelser, utan extra skatter eller avgifter. Du kan vara s\u00e4ker p\u00e5 att 100% av v\u00e5ra produkter \u00e4r utformade f\u00f6r att klara tullen utan komplikationer.<\/p>\n<h5>\u00c4r mitt k\u00f6p s\u00e4kert?<\/h5>\n<p>Vi accepterar PayPal, som erbjuder k\u00f6parskydd f\u00f6r s\u00e4kra transaktioner. Du kan ocks\u00e5 verifiera v\u00e5r trov\u00e4rdighet genom att kontrollera v\u00e5ra kundrecensioner p\u00e5 <a href=\"https:\/\/www.trustpilot.com\/review\/volovape.com?utm_medium=trustbox&amp;utm_source=TrustBoxReviewCollector\">TrustPilot<\/a>.<\/p>","protected":false},"excerpt":{"rendered":"<p>Ut\u00f6ka ditt vape-erbjudande med Bang King Double Crystal 20000 Puffs grossist! 20 000 puffar, 25 ml, justerbart luftfl\u00f6de, 1,0\u03a9 mesh coil. Lageruppladdningsbara, h\u00f6gkapacitetsvapes.<\/p>","protected":false},"featured_media":868,"comment_status":"open","ping_status":"closed","template":"","meta":[],"product_brand":[],"product_cat":[61,42,21,43,18,39,20,23,24,22,25,26,27,28,29,30,31,32,33,34,35,44,36,40],"product_tag":[],"class_list":{"0":"post-501","1":"product","2":"type-product","3":"status-publish","4":"has-post-thumbnail","6":"product_cat-bang","7":"product_cat-20000-puffs-disposable-vape","8":"product_cat-big-puffs-vapes","9":"product_cat-crystal-vapes","10":"product_cat-different-puffs-of-disposable-vapes","11":"product_cat-digital-box-vapes","12":"product_cat-disposable-vape-types","13":"product_cat-disposable-vapes-in-austria","14":"product_cat-disposable-vapes-in-belgium","15":"product_cat-disposable-vapes-in-europe","16":"product_cat-disposable-vapes-in-france","17":"product_cat-disposable-vapes-in-germany","18":"product_cat-disposable-vapes-in-hungary","19":"product_cat-disposable-vapes-in-ltaly","20":"product_cat-disposable-vapes-in-netherlands","21":"product_cat-disposable-vapes-in-norway","22":"product_cat-disposable-vapes-in-poland","23":"product_cat-disposable-vapes-in-portugal","24":"product_cat-disposable-vapes-in-spain","25":"product_cat-disposable-vapes-in-sweden","26":"product_cat-disposable-vapes-in-switzerland","27":"product_cat-dual-mesh-vapes","28":"product_cat-rechargeable-vapes","29":"product_cat-smart-screen-vapes","31":"first","32":"instock","33":"shipping-taxable","34":"purchasable","35":"product-type-variable","36":"has-default-attributes"},"jetpack_sharing_enabled":true,"tiered_pricing_type":"fixed","tiered_pricing_fixed_rules":{"2000":4.62999999999999989341858963598497211933135986328125},"tiered_pricing_product_settings":{"layout":"default","base_unit_name":{"singular":null,"plural":null},"default_variation":null},"tiered_pricing_minimum_quantity":1000,"tiered_pricing_roles_data":[],"tiered_pricing_percentage_rules":[],"tiered_pricing_maximum_quantity":null,"tiered_pricing_quantity_step":"10","_links":{"self":[{"href":"https:\/\/volovape.com\/sv\/wp-json\/wp\/v2\/product\/501","targetHints":{"allow":["GET"]}}],"collection":[{"href":"https:\/\/volovape.com\/sv\/wp-json\/wp\/v2\/product"}],"about":[{"href":"https:\/\/volovape.com\/sv\/wp-json\/wp\/v2\/types\/product"}],"replies":[{"embeddable":true,"href":"https:\/\/volovape.com\/sv\/wp-json\/wp\/v2\/comments?post=501"}],"wp:featuredmedia":[{"embeddable":true,"href":"https:\/\/volovape.com\/sv\/wp-json\/wp\/v2\/media\/868"}],"wp:attachment":[{"href":"https:\/\/volovape.com\/sv\/wp-json\/wp\/v2\/media?parent=501"}],"wp:term":[{"taxonomy":"product_brand","embeddable":true,"href":"https:\/\/volovape.com\/sv\/wp-json\/wp\/v2\/product_brand?post=501"},{"taxonomy":"product_cat","embeddable":true,"href":"https:\/\/volovape.com\/sv\/wp-json\/wp\/v2\/product_cat?post=501"},{"taxonomy":"product_tag","embeddable":true,"href":"https:\/\/volovape.com\/sv\/wp-json\/wp\/v2\/product_tag?post=501"}],"curies":[{"name":"wp","href":"https:\/\/api.w.org\/{rel}","templated":true}]}}