{"id":498,"date":"2024-11-21T03:30:08","date_gmt":"2024-11-21T03:30:08","guid":{"rendered":"https:\/\/volovape.com\/?post_type=product&#038;p=498"},"modified":"2025-07-09T09:46:30","modified_gmt":"2025-07-09T09:46:30","slug":"fluum-digital-box-tn-15000-puffar","status":"publish","type":"product","link":"https:\/\/volovape.com\/sv\/product\/fluum-digital-box-tn-15000-puffs\/","title":{"rendered":"FluuM Digital Box TN 15000 Puffs Eng\u00e5ngsvape - Uppladdningsbar, digital display"},"content":{"rendered":"<p><strong>FluuM Digital Box TN 15000 puffar eng\u00e5ngsvape<\/strong> - H\u00e5ll dig informerad och njut av l\u00e5ngvarig vaping.<\/p>\n<p>Den <strong>FluuM Digital Box TN 15000 Puffs<\/strong> ger en banbrytande vapingupplevelse med sin integrerade digitala display, s\u00e5 att du kan \u00f6vervaka batteri- och e-juice-niv\u00e5erna med en blick. Njut av upp till <strong>15.000 puffar<\/strong>, en gener\u00f6s <strong>25 ml kapacitet f\u00f6r e-v\u00e4tska<\/strong>och en <strong>650mAh uppladdningsbart batteri<\/strong> med Typ-C-laddning. V\u00e4lj bland f\u00f6ljande <strong>0%, 2%, 3% eller 5% nikotinstyrka<\/strong> f\u00f6r att passa dina preferenser. Den avancerade mesh-spolen ger j\u00e4mn, smakfull \u00e5nga och med 12 l\u00e4ckra smaker hittar du den perfekta matchningen. Perfekt f\u00f6r personligt bruk eller <strong>eng\u00e5ngs vape grossist<\/strong>, den <strong>FluuM digitalbox TN 15000<\/strong> kombinerar bekv\u00e4mlighet med avancerade funktioner. T\u00e4nk p\u00e5 en <strong>bulkbest\u00e4llning<\/strong> f\u00f6r konkurrenskraftiga priser.<\/p>\n<h3><strong>FluuM Digital Box TN 15000 Puffs Funktioner:<\/strong><\/h3>\n<ul>\n<li>Puffar: Upp till 15 000<\/li>\n<li>Kapacitet f\u00f6r e-v\u00e4tska: 25 ml<\/li>\n<li>Batteri: 650 mAh (uppladdningsbart)<\/li>\n<li>Laddning: Typ C<\/li>\n<li>Display: Digital display (batteri- och e-v\u00e4tskeniv\u00e5er)<\/li>\n<li>Styrkor hos nikotin: 0%, 2%, 3%, 5%<\/li>\n<li>12 tillg\u00e4ngliga smaker<\/li>\n<\/ul>\n<h4>VANLIGA FR\u00c5GOR<\/h4>\n<h5>Vilken \u00e4r den fr\u00e4msta f\u00f6rdelen med den digitala displayen?<\/h5>\n<p>Den digitala displayen ger information i realtid om batteritid och e-v\u00e4tskeniv\u00e5er, vilket eliminerar gissningar och s\u00e4kerst\u00e4ller att du alltid \u00e4r medveten om enhetens status. Den h\u00e4r funktionen \u00f6kar bekv\u00e4mligheten och g\u00f6r att du kan hantera din vapingupplevelse mer effektivt.<\/p>\n<h5>Vilka leveransmetoder anv\u00e4nds och till vilka l\u00e4nder skickar ni?<\/h5>\n<p>Vi arbetar med p\u00e5litliga transport\u00f6rer f\u00f6r att s\u00e4kerst\u00e4lla effektiv leverans. Vi skickar till de flesta europeiska l\u00e4nder, inklusive Nederl\u00e4nderna, Tyskland, Frankrike, Spanien med flera. Leveranstiderna kan variera beroende p\u00e5 destination.<\/p>\n<h5>Hur l\u00e5ng tid tar normalt en leverans?<\/h5>\n<p>Leveranstiderna varierar beroende p\u00e5 destination. V\u00e4nligen kontakta oss f\u00f6r specifika leveransuppskattningar till din plats.<\/p>\n<h5>Finns det n\u00e5gra tullfr\u00e5gor eller extra avgifter som jag b\u00f6r k\u00e4nna till f\u00f6r europeiska best\u00e4llningar?<\/h5>\n<p>Vi hanterar tullklarering f\u00f6r europeiska best\u00e4llningar f\u00f6r att s\u00e4kerst\u00e4lla en smidig leveransprocess. Vi str\u00e4var efter att undvika extra avgifter, men var medveten om att tullpolicyn kan variera och att eventuella avgifter \u00e4r k\u00f6parens ansvar.<\/p>\n<h5>Hur kan jag vara s\u00e4ker p\u00e5 produktens kvalitet och tillf\u00f6rlitligheten i er service?<\/h5>\n<p>Vi prioriterar kundn\u00f6jdhet och erbjuder s\u00e4kra betalningsalternativ. Du kan ocks\u00e5 se kundrecensioner p\u00e5 betrodda plattformar f\u00f6r att verifiera v\u00e5rt engagemang f\u00f6r kvalitet och service.<\/p>","protected":false},"excerpt":{"rendered":"<p>\u00d6ka din lagerh\u00e5llning med FluuM Digital Box TN 15000 Puffs grossist! Digital display, 25 ml, uppladdningsbar. Erbjud bekv\u00e4ma, l\u00e5ngvariga vapes med varierade nikotinalternativ.<\/p>","protected":false},"featured_media":827,"comment_status":"open","ping_status":"closed","template":"","meta":[],"product_brand":[],"product_cat":[66,41,21,18,39,20,23,24,22,25,26,27,28,29,30,31,32,33,34,35,36,40],"product_tag":[],"class_list":{"0":"post-498","1":"product","2":"type-product","3":"status-publish","4":"has-post-thumbnail","6":"product_cat-fluum","7":"product_cat-15000-puffs-disposable-vape","8":"product_cat-big-puffs-vapes","9":"product_cat-different-puffs-of-disposable-vapes","10":"product_cat-digital-box-vapes","11":"product_cat-disposable-vape-types","12":"product_cat-disposable-vapes-in-austria","13":"product_cat-disposable-vapes-in-belgium","14":"product_cat-disposable-vapes-in-europe","15":"product_cat-disposable-vapes-in-france","16":"product_cat-disposable-vapes-in-germany","17":"product_cat-disposable-vapes-in-hungary","18":"product_cat-disposable-vapes-in-ltaly","19":"product_cat-disposable-vapes-in-netherlands","20":"product_cat-disposable-vapes-in-norway","21":"product_cat-disposable-vapes-in-poland","22":"product_cat-disposable-vapes-in-portugal","23":"product_cat-disposable-vapes-in-spain","24":"product_cat-disposable-vapes-in-sweden","25":"product_cat-disposable-vapes-in-switzerland","26":"product_cat-rechargeable-vapes","27":"product_cat-smart-screen-vapes","29":"first","30":"instock","31":"shipping-taxable","32":"purchasable","33":"product-type-variable","34":"has-default-attributes"},"jetpack_sharing_enabled":true,"tiered_pricing_type":"fixed","tiered_pricing_fixed_rules":{"2000":6.44000000000000039079850466805510222911834716796875},"tiered_pricing_product_settings":{"layout":"default","base_unit_name":{"singular":null,"plural":null},"default_variation":null},"tiered_pricing_minimum_quantity":1000,"tiered_pricing_roles_data":[],"tiered_pricing_percentage_rules":[],"tiered_pricing_maximum_quantity":null,"tiered_pricing_quantity_step":"10","_links":{"self":[{"href":"https:\/\/volovape.com\/sv\/wp-json\/wp\/v2\/product\/498","targetHints":{"allow":["GET"]}}],"collection":[{"href":"https:\/\/volovape.com\/sv\/wp-json\/wp\/v2\/product"}],"about":[{"href":"https:\/\/volovape.com\/sv\/wp-json\/wp\/v2\/types\/product"}],"replies":[{"embeddable":true,"href":"https:\/\/volovape.com\/sv\/wp-json\/wp\/v2\/comments?post=498"}],"wp:featuredmedia":[{"embeddable":true,"href":"https:\/\/volovape.com\/sv\/wp-json\/wp\/v2\/media\/827"}],"wp:attachment":[{"href":"https:\/\/volovape.com\/sv\/wp-json\/wp\/v2\/media?parent=498"}],"wp:term":[{"taxonomy":"product_brand","embeddable":true,"href":"https:\/\/volovape.com\/sv\/wp-json\/wp\/v2\/product_brand?post=498"},{"taxonomy":"product_cat","embeddable":true,"href":"https:\/\/volovape.com\/sv\/wp-json\/wp\/v2\/product_cat?post=498"},{"taxonomy":"product_tag","embeddable":true,"href":"https:\/\/volovape.com\/sv\/wp-json\/wp\/v2\/product_tag?post=498"}],"curies":[{"name":"wp","href":"https:\/\/api.w.org\/{rel}","templated":true}]}}