{"id":497,"date":"2024-11-21T03:30:08","date_gmt":"2024-11-21T03:30:08","guid":{"rendered":"https:\/\/volovape.com\/?post_type=product&#038;p=497"},"modified":"2025-08-20T02:44:41","modified_gmt":"2025-08-20T02:44:41","slug":"bang-king-15000-puffar","status":"publish","type":"product","link":"https:\/\/volovape.com\/sv\/product\/bang-king-15000-puffs\/","title":{"rendered":"Bang King 15000 puffar eng\u00e5ngsvape - uppladdningsbar, justerbart luftfl\u00f6de"},"content":{"rendered":"<p><strong>Bang King 15000 Puffs Eng\u00e5ngs Vape<\/strong> - Skr\u00e4ddarsydd vaping med omfattande smakalternativ.<\/p>\n<p>Den <strong>Bang King 15000 puffar<\/strong> erbjuder en anpassningsbar vapingupplevelse med sitt justerbara luftfl\u00f6de, s\u00e5 att du kan v\u00e4xla mellan MTL- och DTL-stilar. Njut av upp till <strong>15.000 puffar<\/strong>, en gener\u00f6s <strong>25 ml kapacitet f\u00f6r e-v\u00e4tska<\/strong>och en <strong>650mAh uppladdningsbart batteri<\/strong> med Typ-C-laddning. V\u00e4lj bland f\u00f6ljande <strong>0%, 2%, 3% eller 5% nikotinstyrka<\/strong> f\u00f6r att matcha dina preferenser. Med 20 olika smaker, inklusive unika blandningar som Strawberry Yogurt och Kiwi Passion Fruit Guava, tillgodoser denna enhet alla smaker. Perfekt f\u00f6r personligt bruk eller <strong>eng\u00e5ngs vape grossist<\/strong>, den <strong>Bang King 15000<\/strong> ger b\u00e5de l\u00e5ng livsl\u00e4ngd och m\u00e5ngsidighet. T\u00e4nk p\u00e5 en <strong>bulkbest\u00e4llning<\/strong> f\u00f6r konkurrenskraftiga priser.<\/p>\n<h3><strong>Bang King 15000 Puffs Funktioner:<\/strong><\/h3>\n<ul>\n<li>Puffar: Upp till 15 000<\/li>\n<li>Kapacitet f\u00f6r e-v\u00e4tska: 25 ml<\/li>\n<li>Batteri: 650 mAh (uppladdningsbart)<\/li>\n<li>Laddning: Typ C<\/li>\n<li>Luftfl\u00f6de: Justerbart<\/li>\n<li>Styrkor hos nikotin: 0%, 2%, 3%, 5%<\/li>\n<li>20 tillg\u00e4ngliga smaker<\/li>\n<\/ul>\n<h4>VANLIGA FR\u00c5GOR<\/h4>\n<h5>Hur gynnar det justerbara luftfl\u00f6det olika vaping-stilar?<\/h5>\n<p>Det justerbara luftfl\u00f6det g\u00f6r att du kan skr\u00e4ddarsy ditt drag, vilket passar b\u00e5de MTL (mun-till-lunga) och DTL (direkt-till-lunga). Ett sn\u00e4vare luftfl\u00f6de efterliknar draget fr\u00e5n en traditionell cigarett och \u00e4r perfekt f\u00f6r MTL, medan ett l\u00f6sare luftfl\u00f6de ger st\u00f6rre moln och \u00e4r att f\u00f6redra f\u00f6r DTL-vaping.<\/p>\n<h5>Vilka leveransmetoder anv\u00e4nds f\u00f6r grossistbest\u00e4llningar?<\/h5>\n<p>Vi samarbetar med p\u00e5litliga transport\u00f6rer som UPS, DHL, FedEx och DPD f\u00f6r att garantera s\u00e4ker och effektiv leverans f\u00f6r alla grossistbest\u00e4llningar. Den b\u00e4sta transport\u00f6ren v\u00e4ljs baserat p\u00e5 din plats och orderstorlek.<\/p>\n<h5>Hur l\u00e5ng tid tar normalt en leverans?<\/h5>\n<p>Frakt tar vanligtvis mellan 7-15 arbetsdagar. R\u00e4kna med upp till 20 arbetsdagar under h\u00f6gs\u00e4song eller vid ogynnsamma v\u00e4derf\u00f6rh\u00e5llanden.<\/p>\n<h5>Kommer jag att st\u00f6ta p\u00e5 n\u00e5gra tullproblem eller extra avgifter?<\/h5>\n<p>Vi hanterar alla tullklareringsprocesser f\u00f6r att s\u00e4kerst\u00e4lla en smidig leverans. Du kommer inte att drabbas av n\u00e5gra ov\u00e4ntade skatter eller avgifter, och vi garanterar 100% tullklarering f\u00f6r alla f\u00f6rs\u00e4ndelser.<\/p>\n<h5>Hur kan jag kontrollera att mitt k\u00f6p \u00e4r tillf\u00f6rlitligt?<\/h5>\n<p>Vi erbjuder s\u00e4kra betalningsalternativ via PayPal, som inkluderar k\u00f6parskydd. Du kan ocks\u00e5 kontrollera v\u00e5ra kundrecensioner p\u00e5 <a href=\"https:\/\/www.trustpilot.com\/review\/volovape.com?utm_medium=trustbox&amp;utm_source=TrustBoxReviewCollector\">TrustPilot<\/a> f\u00f6r att bekr\u00e4fta v\u00e5rt engagemang f\u00f6r kvalitet och service.<\/p>","protected":false},"excerpt":{"rendered":"<p>Maximera vape-f\u00f6rs\u00e4ljningen med Bang King 15000 Puffs grossist! Justerbart luftfl\u00f6de, 25 ml, uppladdningsbar. Lager anpassningsbara vapes med olika nikotin- och smakalternativ.<\/p>","protected":false},"featured_media":809,"comment_status":"open","ping_status":"closed","template":"","meta":[],"product_brand":[],"product_cat":[61,41,21,18,20,23,24,22,25,26,27,28,29,30,31,32,33,34,35,36],"product_tag":[],"class_list":{"0":"post-497","1":"product","2":"type-product","3":"status-publish","4":"has-post-thumbnail","6":"product_cat-bang","7":"product_cat-15000-puffs-disposable-vape","8":"product_cat-big-puffs-vapes","9":"product_cat-different-puffs-of-disposable-vapes","10":"product_cat-disposable-vape-types","11":"product_cat-disposable-vapes-in-austria","12":"product_cat-disposable-vapes-in-belgium","13":"product_cat-disposable-vapes-in-europe","14":"product_cat-disposable-vapes-in-france","15":"product_cat-disposable-vapes-in-germany","16":"product_cat-disposable-vapes-in-hungary","17":"product_cat-disposable-vapes-in-ltaly","18":"product_cat-disposable-vapes-in-netherlands","19":"product_cat-disposable-vapes-in-norway","20":"product_cat-disposable-vapes-in-poland","21":"product_cat-disposable-vapes-in-portugal","22":"product_cat-disposable-vapes-in-spain","23":"product_cat-disposable-vapes-in-sweden","24":"product_cat-disposable-vapes-in-switzerland","25":"product_cat-rechargeable-vapes","27":"first","28":"instock","29":"shipping-taxable","30":"purchasable","31":"product-type-variable","32":"has-default-attributes"},"jetpack_sharing_enabled":true,"tiered_pricing_type":"fixed","tiered_pricing_fixed_rules":{"2000":3.520000000000000017763568394002504646778106689453125},"tiered_pricing_product_settings":{"layout":"default","base_unit_name":{"singular":null,"plural":null},"default_variation":null},"tiered_pricing_minimum_quantity":1000,"tiered_pricing_roles_data":[],"tiered_pricing_percentage_rules":[],"tiered_pricing_maximum_quantity":null,"tiered_pricing_quantity_step":"10","_links":{"self":[{"href":"https:\/\/volovape.com\/sv\/wp-json\/wp\/v2\/product\/497","targetHints":{"allow":["GET"]}}],"collection":[{"href":"https:\/\/volovape.com\/sv\/wp-json\/wp\/v2\/product"}],"about":[{"href":"https:\/\/volovape.com\/sv\/wp-json\/wp\/v2\/types\/product"}],"replies":[{"embeddable":true,"href":"https:\/\/volovape.com\/sv\/wp-json\/wp\/v2\/comments?post=497"}],"wp:featuredmedia":[{"embeddable":true,"href":"https:\/\/volovape.com\/sv\/wp-json\/wp\/v2\/media\/809"}],"wp:attachment":[{"href":"https:\/\/volovape.com\/sv\/wp-json\/wp\/v2\/media?parent=497"}],"wp:term":[{"taxonomy":"product_brand","embeddable":true,"href":"https:\/\/volovape.com\/sv\/wp-json\/wp\/v2\/product_brand?post=497"},{"taxonomy":"product_cat","embeddable":true,"href":"https:\/\/volovape.com\/sv\/wp-json\/wp\/v2\/product_cat?post=497"},{"taxonomy":"product_tag","embeddable":true,"href":"https:\/\/volovape.com\/sv\/wp-json\/wp\/v2\/product_tag?post=497"}],"curies":[{"name":"wp","href":"https:\/\/api.w.org\/{rel}","templated":true}]}}