{"id":495,"date":"2024-11-21T03:30:07","date_gmt":"2024-11-21T03:30:07","guid":{"rendered":"https:\/\/volovape.com\/?post_type=product&#038;p=495"},"modified":"2025-12-02T13:15:47","modified_gmt":"2025-12-02T13:15:47","slug":"bang-25000-puffar","status":"publish","type":"product","link":"https:\/\/volovape.com\/sv\/product\/bang-25000-puffs\/","title":{"rendered":"Bang 25000 Puffs Eng\u00e5ngsvape - 1,0\u03a9 Mesh Coil, uppladdningsbar, display"},"content":{"rendered":"<p><iframe title=\"VideoPress Videospelare\" aria-label='VideoPress Videospelare' width='500' height='281' src='https:\/\/videopress.com\/embed\/Hmr9nGsM?hd=0&amp;cover=1' frameborder='0' allowfullscreen allow='clipboard-write'><\/iframe><script src='https:\/\/v0.wordpress.com\/js\/next\/videopress-iframe.js?m=1739540970'><\/script><\/p>\n<p><strong>Bang 25000 Puffs Eng\u00e5ngs Vape<\/strong> - Upplev o\u00f6vertr\u00e4ffad livsl\u00e4ngd och smak.<\/p>\n<p>Den <strong>Bang 25000 puffar<\/strong> s\u00e4tter en ny standard f\u00f6r eng\u00e5ngsvapor och levererar upp till <strong>25.000 puffar<\/strong> med en massiv <strong>25 ml kapacitet f\u00f6r e-v\u00e4tska<\/strong>. Njut av en j\u00e4mn och fyllig smak tack vare <strong>1,0\u03a9 n\u00e4tspole<\/strong>och h\u00e5ll dig informerad med den integrerade displayen som visar batteri- och e-liquidniv\u00e5er. V\u00e4lj din \u00f6nskade nikotinstyrka fr\u00e5n <strong>0%, 2%, 3% eller 5%<\/strong>. Denna enhet drivs av en <strong>650mAh uppladdningsbart batteri<\/strong> med <strong>Typ C-laddning<\/strong>vilket garanterar tillf\u00f6rlitlighet och bekv\u00e4mlighet. Perfekt f\u00f6r personligt bruk eller <strong>eng\u00e5ngs vape grossist<\/strong>, den <strong>Bang 25000 puffar<\/strong> ger ett exceptionellt v\u00e4rde och en f\u00f6rstklassig vapingupplevelse. Utforska 12 unika smaker och \u00f6verv\u00e4g en <strong>bulkbest\u00e4llning<\/strong> f\u00f6r dina vapingbehov.<\/p>\n<h3><strong>Bang 25000 Puffs Funktioner:<\/strong><\/h3>\n<ul>\n<li>Puffar: Upp till 25.000<\/li>\n<li>Kapacitet f\u00f6r e-v\u00e4tska: 25 ml<\/li>\n<li>Batteri: 650 mAh (uppladdningsbart)<\/li>\n<li>Laddning: Typ C<\/li>\n<li>Spole: 1.0\u03a9 Mesh-spole<\/li>\n<li>Display: Integrerad display (batteri- och e-v\u00e4tskeniv\u00e5er)<\/li>\n<li>Styrkor hos nikotin: 0%, 2%, 3%, 5%<\/li>\n<li>12 tillg\u00e4ngliga smaker<\/li>\n<\/ul>\n<h4>VANLIGA FR\u00c5GOR<\/h4>\n<h5>Vad \u00e4r f\u00f6rdelen med bildsk\u00e4rmen?<\/h5>\n<p>Den integrerade sk\u00e4rmen g\u00f6r att du kan \u00f6vervaka batteri- och e-v\u00e4tskeniv\u00e5erna i realtid, vilket eliminerar gissningar och s\u00e4kerst\u00e4ller att du aldrig blir \u00f6verraskad. Det \u00e4r en nyckelfunktion f\u00f6r att maximera din vapingupplevelse och njuta av varje sista bloss.<\/p>\n<h5>Vilka leveransmetoder anv\u00e4nds?<\/h5>\n<p>Vi samarbetar med ledande transport\u00f6rer som UPS, DHL, FedEx och DPD f\u00f6r att erbjuda p\u00e5litlig och effektiv frakt. Vi v\u00e4ljer den mest l\u00e4mpliga transport\u00f6ren baserat p\u00e5 din plats f\u00f6r att s\u00e4kerst\u00e4lla snabb leverans.<\/p>\n<h5>Hur l\u00e5ng tid tar det att komma fram?<\/h5>\n<p>Vanligtvis tar leveransen mellan 7-15 arbetsdagar. R\u00e4kna med upp till 20 arbetsdagar under helgdagar eller sv\u00e5ra v\u00e4derf\u00f6rh\u00e5llanden.<\/p>\n<h5>Kommer jag att st\u00f6ta p\u00e5 tullproblem eller extra avgifter?<\/h5>\n<p>Vi hanterar alla tullklareringsprocesser och garanterar en smidig leverans utan n\u00e5gra ov\u00e4ntade skatter eller avgifter. Du kan vara s\u00e4ker p\u00e5 att 100% av v\u00e5ra f\u00f6rs\u00e4ndelser tullklareras utan problem.<\/p>\n<h5>Kan jag lita p\u00e5 kvaliteten och servicen?<\/h5>\n<p>Vi erbjuder s\u00e4kra betalningsalternativ via PayPal, som inkluderar k\u00f6parskydd. Du kan ocks\u00e5 verifiera v\u00e5r tillf\u00f6rlitlighet genom att l\u00e4sa kundrecensioner p\u00e5 <a href=\"https:\/\/www.trustpilot.com\/review\/volovape.com?utm_medium=trustbox&amp;utm_source=TrustBoxReviewCollector\">TrustPilot<\/a>.<\/p>","protected":false},"excerpt":{"rendered":"<p>Sk\u00e4m bort dig med l\u00e5ngvarig, smakrik vaping med Bang 25000 Puffs. Anv\u00e4ndarv\u00e4nlig display, 1,0\u03a9 mesh, 25 ml, uppladdningsbar. Perfekt f\u00f6r privatpersoner eller grossister, med olika nikotinalternativ.<\/p>","protected":false},"featured_media":786,"comment_status":"open","ping_status":"closed","template":"","meta":[],"product_brand":[],"product_cat":[61,45,21,18,39,20,23,24,22,25,26,27,28,29,30,31,32,33,34,35,44,36,40],"product_tag":[],"class_list":{"0":"post-495","1":"product","2":"type-product","3":"status-publish","4":"has-post-thumbnail","6":"product_cat-bang","7":"product_cat-25000-puffs-disposable-vape","8":"product_cat-big-puffs-vapes","9":"product_cat-different-puffs-of-disposable-vapes","10":"product_cat-digital-box-vapes","11":"product_cat-disposable-vape-types","12":"product_cat-disposable-vapes-in-austria","13":"product_cat-disposable-vapes-in-belgium","14":"product_cat-disposable-vapes-in-europe","15":"product_cat-disposable-vapes-in-france","16":"product_cat-disposable-vapes-in-germany","17":"product_cat-disposable-vapes-in-hungary","18":"product_cat-disposable-vapes-in-ltaly","19":"product_cat-disposable-vapes-in-netherlands","20":"product_cat-disposable-vapes-in-norway","21":"product_cat-disposable-vapes-in-poland","22":"product_cat-disposable-vapes-in-portugal","23":"product_cat-disposable-vapes-in-spain","24":"product_cat-disposable-vapes-in-sweden","25":"product_cat-disposable-vapes-in-switzerland","26":"product_cat-dual-mesh-vapes","27":"product_cat-rechargeable-vapes","28":"product_cat-smart-screen-vapes","30":"first","31":"instock","32":"shipping-taxable","33":"purchasable","34":"product-type-variable","35":"has-default-attributes"},"jetpack_sharing_enabled":true,"tiered_pricing_type":"fixed","tiered_pricing_fixed_rules":{"30":7.160000000000000142108547152020037174224853515625,"50":6.910000000000000142108547152020037174224853515625,"100":6.1699999999999999289457264239899814128875732421875,"200":5.79999999999999982236431605997495353221893310546875,"400":5.30999999999999960920149533194489777088165283203125},"tiered_pricing_product_settings":{"layout":"default","base_unit_name":{"singular":null,"plural":null},"default_variation":null},"tiered_pricing_minimum_quantity":10,"tiered_pricing_roles_data":[],"tiered_pricing_percentage_rules":[],"tiered_pricing_maximum_quantity":null,"tiered_pricing_quantity_step":"10","_links":{"self":[{"href":"https:\/\/volovape.com\/sv\/wp-json\/wp\/v2\/product\/495","targetHints":{"allow":["GET"]}}],"collection":[{"href":"https:\/\/volovape.com\/sv\/wp-json\/wp\/v2\/product"}],"about":[{"href":"https:\/\/volovape.com\/sv\/wp-json\/wp\/v2\/types\/product"}],"replies":[{"embeddable":true,"href":"https:\/\/volovape.com\/sv\/wp-json\/wp\/v2\/comments?post=495"}],"wp:featuredmedia":[{"embeddable":true,"href":"https:\/\/volovape.com\/sv\/wp-json\/wp\/v2\/media\/786"}],"wp:attachment":[{"href":"https:\/\/volovape.com\/sv\/wp-json\/wp\/v2\/media?parent=495"}],"wp:term":[{"taxonomy":"product_brand","embeddable":true,"href":"https:\/\/volovape.com\/sv\/wp-json\/wp\/v2\/product_brand?post=495"},{"taxonomy":"product_cat","embeddable":true,"href":"https:\/\/volovape.com\/sv\/wp-json\/wp\/v2\/product_cat?post=495"},{"taxonomy":"product_tag","embeddable":true,"href":"https:\/\/volovape.com\/sv\/wp-json\/wp\/v2\/product_tag?post=495"}],"curies":[{"name":"wp","href":"https:\/\/api.w.org\/{rel}","templated":true}]}}