{"id":492,"date":"2024-11-21T03:30:07","date_gmt":"2024-11-21T03:30:07","guid":{"rendered":"https:\/\/volovape.com\/?post_type=product&#038;p=492"},"modified":"2025-07-26T06:14:36","modified_gmt":"2025-07-26T06:14:36","slug":"vopk-tornado-15000-puffar","status":"publish","type":"product","link":"https:\/\/volovape.com\/sv\/product\/vopk-tornado-15000-puffs\/","title":{"rendered":"VOPK TORNADO 15000 Puffs Eng\u00e5ngsvape - Uppladdningsbar, 1.0\u03a9 Mesh Coil"},"content":{"rendered":"<p><iframe title=\"VideoPress Videospelare\" aria-label='VideoPress Videospelare' width='421' height='750' src='https:\/\/videopress.com\/embed\/IVRVhbGH?hd=0&amp;cover=1' frameborder='0' allowfullscreen allow='clipboard-write'><\/iframe><script src='https:\/\/v0.wordpress.com\/js\/next\/videopress-iframe.js?m=1739540970'><\/script><\/p>\n<p><strong>VOPK TORNADO 15000 puffar eng\u00e5ngsvape<\/strong> - F\u00f6rl\u00e4ngd vaping med Smooth Mesh Coil-teknik.<\/p>\n<p>Den <strong>VOPK TORNADO 15000 puffar<\/strong> eng\u00e5ngsvape ger en exceptionell vapingupplevelse med upp till 15 000 puffar och en massiv 25 ml e-v\u00e4tskebeh\u00e5llare. Med ett uppladdningsbart 850mAh-batteri och en 1,0\u03a9 mesh-spole s\u00e4kerst\u00e4ller denna enhet konsekvent j\u00e4mn och smakfull \u00e5nga. V\u00e4lj mellan nikotinstyrkorna 0%, 2%, 3% eller 5% och njut av 10 olika smaker. Den b\u00e4rbara och underh\u00e5llsfria designen g\u00f6r den perfekt f\u00f6r personligt bruk och <strong>eng\u00e5ngs vape grossist<\/strong> eller <strong>bulkorder<\/strong>.<\/p>\n<h3><strong>VOPK TORNADO 15000 Puffs Egenskaper:<\/strong><\/h3>\n<ul>\n<li>Puffar: Upp till 15 000<\/li>\n<li>E-v\u00e4tskekapacitet: 25mL<\/li>\n<li>Batteri: 850 mAh (uppladdningsbart)<\/li>\n<li>Laddning: Typ C<\/li>\n<li>Spole: 1.0\u03a9 Mesh-spole<\/li>\n<li>Styrkor hos nikotin: 0%, 2%, 3%, 5%<\/li>\n<li>10 unika smaker<\/li>\n<\/ul>\n<h4>VANLIGA FR\u00c5GOR<\/h4>\n<h5>Vilka leveransalternativ finns tillg\u00e4ngliga?<\/h5>\n<p>Vi arbetar med en rad olika transport\u00f6rer f\u00f6r att kunna erbjuda tillf\u00f6rlitliga leveransalternativ. Den l\u00e4mpligaste metoden v\u00e4ljs baserat p\u00e5 din plats f\u00f6r att s\u00e4kerst\u00e4lla snabb leverans av din <strong>eng\u00e5ngsvapen<\/strong> produkter. Observera att p\u00e5 grund av reglering har frakt av vapingprodukter blivit mer begr\u00e4nsad, och att tj\u00e4nster fr\u00e5n transport\u00f6rer som UPS, DHL och FedEx inte l\u00e4ngre \u00e4r tillg\u00e4ngliga.<\/p>\n<h5>Hur l\u00e5ng tid tar en standardleverans vanligtvis?<\/h5>\n<p>Standardleverans tar i allm\u00e4nhet 7-15 arbetsdagar. R\u00e4kna med eventuella f\u00f6rseningar under helgdagar eller p\u00e5 grund av ogynnsamma v\u00e4derf\u00f6rh\u00e5llanden, vilket kan f\u00f6rl\u00e4nga leveranstiden med upp till 20 arbetsdagar.<\/p>\n<h5>Hanteras tullf\u00f6rfarandena?<\/h5>\n<p>Vi hanterar de n\u00f6dv\u00e4ndiga tullf\u00f6rfarandena f\u00f6r att s\u00e4kerst\u00e4lla en smidig leveransprocess. V\u00e5rt m\u00e5l \u00e4r att minimera eventuella problem, men var medveten om att p\u00e5 grund av de r\u00e4ttsliga situationerna kring vapingprodukter, att tullmyndigheterna n\u00e4r som helst kan stoppa eller upph\u00f6ra med ett paket, och att denna situation skulle vara utom v\u00e5r kontroll.<\/p>\n<h5>Hur f\u00f6rb\u00e4ttrar 1,0\u03a9 mesh-spolen vapingupplevelsen?<\/h5>\n<p>N\u00e4tspolen p\u00e5 1,0\u03a9 ger en balanserad uppv\u00e4rmningsyta som garanterar en konsekvent och j\u00e4mn uppv\u00e4rmning av e-liquiden. Denna design f\u00f6rb\u00e4ttrar smakleveransen och producerar j\u00e4mn, tillfredsst\u00e4llande \u00e5nga, vilket ger en f\u00f6rstklassig vapingupplevelse med j\u00e4mn smak och \u00e5ngproduktion.<\/p>\n<h5>\u00c4r mitt k\u00f6p s\u00e4kert?<\/h5>\n<p>Vi erbjuder s\u00e4kra betalningsalternativ, s\u00e4rskilt via plattformar som Paypal, som ger k\u00f6paren skydd. \u00c4ven om recensioner kan hj\u00e4lpa till med ink\u00f6psbeslut, l\u00e4nkar vi inte direkt till dem.<\/p>","protected":false},"excerpt":{"rendered":"<p>Snurra in i varaktig smak med VOPK TORNADO 15000 Puffs. 1,0\u03a9 mesh, 25ml, 850mAh uppladdningsbar. Idealisk f\u00f6r personligt bruk eller bulkgrossist, med olika nikotinalternativ.<\/p>","protected":false},"featured_media":751,"comment_status":"open","ping_status":"closed","template":"","meta":[],"product_brand":[],"product_cat":[65,41,21,18,20,23,24,22,25,26,27,28,29,30,31,32,33,34,35,36,40],"product_tag":[],"class_list":{"0":"post-492","1":"product","2":"type-product","3":"status-publish","4":"has-post-thumbnail","6":"product_cat-vopk","7":"product_cat-15000-puffs-disposable-vape","8":"product_cat-big-puffs-vapes","9":"product_cat-different-puffs-of-disposable-vapes","10":"product_cat-disposable-vape-types","11":"product_cat-disposable-vapes-in-austria","12":"product_cat-disposable-vapes-in-belgium","13":"product_cat-disposable-vapes-in-europe","14":"product_cat-disposable-vapes-in-france","15":"product_cat-disposable-vapes-in-germany","16":"product_cat-disposable-vapes-in-hungary","17":"product_cat-disposable-vapes-in-ltaly","18":"product_cat-disposable-vapes-in-netherlands","19":"product_cat-disposable-vapes-in-norway","20":"product_cat-disposable-vapes-in-poland","21":"product_cat-disposable-vapes-in-portugal","22":"product_cat-disposable-vapes-in-spain","23":"product_cat-disposable-vapes-in-sweden","24":"product_cat-disposable-vapes-in-switzerland","25":"product_cat-rechargeable-vapes","26":"product_cat-smart-screen-vapes","28":"first","29":"instock","30":"shipping-taxable","31":"purchasable","32":"product-type-variable","33":"has-default-attributes"},"jetpack_sharing_enabled":true,"tiered_pricing_type":"fixed","tiered_pricing_fixed_rules":{"30":6.62000000000000010658141036401502788066864013671875,"50":6.19000000000000039079850466805510222911834716796875,"100":5.87999999999999989341858963598497211933135986328125,"200":5.67999999999999971578290569595992565155029296875,"400":4.87999999999999989341858963598497211933135986328125},"tiered_pricing_product_settings":{"layout":"default","base_unit_name":{"singular":null,"plural":null},"default_variation":null},"tiered_pricing_minimum_quantity":10,"tiered_pricing_roles_data":[],"tiered_pricing_percentage_rules":[],"tiered_pricing_maximum_quantity":null,"tiered_pricing_quantity_step":"10","_links":{"self":[{"href":"https:\/\/volovape.com\/sv\/wp-json\/wp\/v2\/product\/492","targetHints":{"allow":["GET"]}}],"collection":[{"href":"https:\/\/volovape.com\/sv\/wp-json\/wp\/v2\/product"}],"about":[{"href":"https:\/\/volovape.com\/sv\/wp-json\/wp\/v2\/types\/product"}],"replies":[{"embeddable":true,"href":"https:\/\/volovape.com\/sv\/wp-json\/wp\/v2\/comments?post=492"}],"wp:featuredmedia":[{"embeddable":true,"href":"https:\/\/volovape.com\/sv\/wp-json\/wp\/v2\/media\/751"}],"wp:attachment":[{"href":"https:\/\/volovape.com\/sv\/wp-json\/wp\/v2\/media?parent=492"}],"wp:term":[{"taxonomy":"product_brand","embeddable":true,"href":"https:\/\/volovape.com\/sv\/wp-json\/wp\/v2\/product_brand?post=492"},{"taxonomy":"product_cat","embeddable":true,"href":"https:\/\/volovape.com\/sv\/wp-json\/wp\/v2\/product_cat?post=492"},{"taxonomy":"product_tag","embeddable":true,"href":"https:\/\/volovape.com\/sv\/wp-json\/wp\/v2\/product_tag?post=492"}],"curies":[{"name":"wp","href":"https:\/\/api.w.org\/{rel}","templated":true}]}}