{"id":488,"date":"2024-11-21T03:30:07","date_gmt":"2024-11-21T03:30:07","guid":{"rendered":"https:\/\/volovape.com\/?post_type=product&#038;p=488"},"modified":"2025-07-06T04:06:38","modified_gmt":"2025-07-06T04:06:38","slug":"bang-krona-bar-18000-puffar","status":"publish","type":"product","link":"https:\/\/volovape.com\/sv\/product\/bang-crown-bar-18000-puffs\/","title":{"rendered":"Bang Crown Bar 18000 puffar eng\u00e5ngs vape bulk grossist - uppladdningsbar, mesh Coil"},"content":{"rendered":"<p><strong>Bang Crown Bar 18000 Puffs Eng\u00e5ngs Vape<\/strong> - F\u00f6rl\u00e4ngd vaping med avancerad mesh-spolteknik.<\/p>\n<p>Den <strong>Bang Crown Bar 18000 Puffs<\/strong> erbjuder en l\u00e5ngvarig och tillfredsst\u00e4llande vapingupplevelse med upp till 18 000 puffar och en 24 ml e-v\u00e4tskebeh\u00e5llare. Med ett 650mAh uppladdningsbart batteri och avancerad mesh coil-teknik garanterar denna enhet konsekvent j\u00e4mn och smakfull \u00e5nga. V\u00e4lj mellan nikotinstyrkorna 0%, 2%, 3% eller 5% och njut av 15 olika smaker. Den b\u00e4rbara och underh\u00e5llsfria designen g\u00f6r den perfekt f\u00f6r personligt bruk och <strong>eng\u00e5ngs vape grossist<\/strong> eller <strong>bulkorder<\/strong>.<\/p>\n<h3><strong>Bang Crown Bar 18000 Puffs Funktioner:<\/strong><\/h3>\n<ul>\n<li>Puffar: Upp till 18.000<\/li>\n<li>E-v\u00e4tskekapacitet: 24mL<\/li>\n<li>Batteri: 650 mAh (uppladdningsbart)<\/li>\n<li>Laddning: Typ C<\/li>\n<li>Spole: N\u00e4tspole<\/li>\n<li>Styrkor hos nikotin: 0%, 2%, 3%, 5%<\/li>\n<li>15 unika smaker<\/li>\n<\/ul>\n<h4>VANLIGA FR\u00c5GOR<\/h4>\n<h5>Vilka \u00e4r de vanligaste leveransalternativen?<\/h5>\n<p>Vi arbetar med ett n\u00e4tverk av p\u00e5litliga transport\u00f6rer f\u00f6r att s\u00e4kerst\u00e4lla att din best\u00e4llning levereras effektivt. Fraktmetoderna v\u00e4ljs f\u00f6r att b\u00e4st passa din plats och s\u00e4kerst\u00e4lla att din best\u00e4llning kommer fram i r\u00e4tt tid. <strong>eng\u00e5ngsvapen<\/strong> best\u00e4llningar. Observera att p\u00e5 grund av reglering har frakt av vapingprodukter blivit mer begr\u00e4nsad, och att tj\u00e4nster fr\u00e5n transport\u00f6rer som UPS, DHL och FedEx inte l\u00e4ngre \u00e4r tillg\u00e4ngliga.<\/p>\n<h5>Hur l\u00e5ng tid tar en standardleverans vanligtvis?<\/h5>\n<p>Standardleverans tar i allm\u00e4nhet 7-15 arbetsdagar. R\u00e4kna med eventuella f\u00f6rseningar under helgdagar eller p\u00e5 grund av of\u00f6rutsedda v\u00e4derf\u00f6rh\u00e5llanden, vilket kan f\u00f6rl\u00e4nga leveranstiden med upp till 20 arbetsdagar.<\/p>\n<h5>Hanteras tullf\u00f6rfarandena?<\/h5>\n<p>Vi hanterar de n\u00f6dv\u00e4ndiga tullf\u00f6rfarandena f\u00f6r att s\u00e4kerst\u00e4lla en smidig leveransprocess. V\u00e5rt m\u00e5l \u00e4r att minimera eventuella problem, men var medveten om att p\u00e5 grund av de r\u00e4ttsliga situationerna kring vapingprodukter, att tullmyndigheterna n\u00e4r som helst kan stoppa eller upph\u00f6ra med ett paket, och att denna situation skulle vara utom v\u00e5r kontroll.<\/p>\n<h5>Hur f\u00f6rb\u00e4ttrar den avancerade mesh coil-tekniken vapingupplevelsen?<\/h5>\n<p>Den avancerade mesh-spoltekniken \u00e4r utformad f\u00f6r att optimera b\u00e5de smak- och \u00e5ngproduktion. Denna spolupps\u00e4ttning ger en mer konsekvent och tillfredsst\u00e4llande r\u00f6kupplevelse genom effektiv uppv\u00e4rmning och j\u00e4mn f\u00f6rdelning av e-juice, vilket resulterar i rikare smaker och mjukare \u00e5nga.<\/p>\n<h5>\u00c4r mitt k\u00f6p s\u00e4kert?<\/h5>\n<p>Vi prioriterar s\u00e4kra transaktioner, s\u00e4rskilt genom betalningsplattformar som Paypal, som ger k\u00f6paren skydd. \u00c4ven om recensioner kan hj\u00e4lpa till med k\u00f6pbeslut, l\u00e4nkar vi inte direkt till dem.<\/p>","protected":false},"excerpt":{"rendered":"<p>Regera \u00f6verl\u00e4gset med Bang Crown Bar 18000 Puffs. Mesh-spole, 24 ml, uppladdningsbar. Perfekt f\u00f6r privatpersoner eller grossister, erbjuder ut\u00f6kad vaping och ett brett utbud av nikotinstyrkor.<\/p>","protected":false},"featured_media":703,"comment_status":"open","ping_status":"closed","template":"","meta":[],"product_brand":[],"product_cat":[61,50,21,18,20,23,24,22,25,26,27,28,29,30,31,32,33,34,35,47],"product_tag":[],"class_list":{"0":"post-488","1":"product","2":"type-product","3":"status-publish","4":"has-post-thumbnail","6":"product_cat-bang","7":"product_cat-18000-puffs-disposable-vape","8":"product_cat-big-puffs-vapes","9":"product_cat-different-puffs-of-disposable-vapes","10":"product_cat-disposable-vape-types","11":"product_cat-disposable-vapes-in-austria","12":"product_cat-disposable-vapes-in-belgium","13":"product_cat-disposable-vapes-in-europe","14":"product_cat-disposable-vapes-in-france","15":"product_cat-disposable-vapes-in-germany","16":"product_cat-disposable-vapes-in-hungary","17":"product_cat-disposable-vapes-in-ltaly","18":"product_cat-disposable-vapes-in-netherlands","19":"product_cat-disposable-vapes-in-norway","20":"product_cat-disposable-vapes-in-poland","21":"product_cat-disposable-vapes-in-portugal","22":"product_cat-disposable-vapes-in-spain","23":"product_cat-disposable-vapes-in-sweden","24":"product_cat-disposable-vapes-in-switzerland","25":"product_cat-shisha-hookah-vapes","27":"first","28":"instock","29":"shipping-taxable","30":"purchasable","31":"product-type-variable","32":"has-default-attributes"},"jetpack_sharing_enabled":true,"tiered_pricing_type":"fixed","tiered_pricing_fixed_rules":{"2000":4.88999999999999968025576890795491635799407958984375},"tiered_pricing_product_settings":{"layout":"default","base_unit_name":{"singular":null,"plural":null},"default_variation":null},"tiered_pricing_minimum_quantity":1000,"tiered_pricing_roles_data":[],"tiered_pricing_percentage_rules":[],"tiered_pricing_maximum_quantity":null,"tiered_pricing_quantity_step":"10","_links":{"self":[{"href":"https:\/\/volovape.com\/sv\/wp-json\/wp\/v2\/product\/488","targetHints":{"allow":["GET"]}}],"collection":[{"href":"https:\/\/volovape.com\/sv\/wp-json\/wp\/v2\/product"}],"about":[{"href":"https:\/\/volovape.com\/sv\/wp-json\/wp\/v2\/types\/product"}],"replies":[{"embeddable":true,"href":"https:\/\/volovape.com\/sv\/wp-json\/wp\/v2\/comments?post=488"}],"wp:featuredmedia":[{"embeddable":true,"href":"https:\/\/volovape.com\/sv\/wp-json\/wp\/v2\/media\/703"}],"wp:attachment":[{"href":"https:\/\/volovape.com\/sv\/wp-json\/wp\/v2\/media?parent=488"}],"wp:term":[{"taxonomy":"product_brand","embeddable":true,"href":"https:\/\/volovape.com\/sv\/wp-json\/wp\/v2\/product_brand?post=488"},{"taxonomy":"product_cat","embeddable":true,"href":"https:\/\/volovape.com\/sv\/wp-json\/wp\/v2\/product_cat?post=488"},{"taxonomy":"product_tag","embeddable":true,"href":"https:\/\/volovape.com\/sv\/wp-json\/wp\/v2\/product_tag?post=488"}],"curies":[{"name":"wp","href":"https:\/\/api.w.org\/{rel}","templated":true}]}}