{"id":486,"date":"2024-11-21T03:30:07","date_gmt":"2024-11-21T03:30:07","guid":{"rendered":"https:\/\/volovape.com\/?post_type=product&#038;p=486"},"modified":"2025-11-03T05:04:42","modified_gmt":"2025-11-03T05:04:42","slug":"bang-king-36000-puffar","status":"publish","type":"product","link":"https:\/\/volovape.com\/sv\/product\/bang-king-36000-puffs\/","title":{"rendered":"Bang King 36000 Puffs Eng\u00e5ngs Vape 0\/2\/3\/5% Nikotin Uppladdningsbar med LED-f\u00e4rgljus Bulk K\u00f6p Partihandel"},"content":{"rendered":"<p><strong>Bang King 36000 Puffs Eng\u00e5ngs Vape<\/strong> - Dubbla tankar, LED-lampa och o\u00f6vertr\u00e4ffad livsl\u00e4ngd.<\/p>\n<p>Den <strong>Bang King 36000 Puffs<\/strong> omdefinierar eng\u00e5ngs\u00e5ngsvaping med sitt innovativa dubbeltanksystem, som erbjuder en kombinerad 40 ml e-liquid-kapacitet och upp till 36 000 puffar. Den h\u00e4r enheten har en livlig LED-f\u00e4rglampa, ett 650mAh uppladdningsbart batteri och en 0,6 ohm subohm-spole f\u00f6r rik, t\u00e4t \u00e5nga. V\u00e4lj mellan nikotinstyrkorna 0%, 2%, 3% eller 5% och njut av 12 unika smaker. Den b\u00e4rbara och snygga designen g\u00f6r den perfekt f\u00f6r personligt bruk och <strong>eng\u00e5ngs vape grossist<\/strong> eller <strong>bulkorder<\/strong>.<\/p>\n<h3><strong>Bang King 36000 Puffs Funktioner:<\/strong><\/h3>\n<ul>\n<li>Puffar: Upp till 36.000<\/li>\n<li>Kapacitet f\u00f6r e-v\u00e4tska: 40 ml (dubbla tankar)<\/li>\n<li>Batteri: 650 mAh (uppladdningsbart)<\/li>\n<li>Laddning: Typ C<\/li>\n<li>Spole: 0,6 ohm Sub-Ohm-spole<\/li>\n<li>Styrkor hos nikotin: 0%, 2%, 3%, 5%<\/li>\n<li>Ljus: LED-f\u00e4rgljus<\/li>\n<li>12 unika smaker<\/li>\n<\/ul>\n<h4>VANLIGA FR\u00c5GOR<\/h4>\n<h5>Vilka leveransalternativ finns tillg\u00e4ngliga?<\/h5>\n<p>Vi arbetar med en rad olika transport\u00f6rer f\u00f6r att kunna erbjuda tillf\u00f6rlitliga leveransalternativ. Den l\u00e4mpligaste metoden v\u00e4ljs baserat p\u00e5 din plats f\u00f6r att s\u00e4kerst\u00e4lla snabb leverans av din <strong>eng\u00e5ngsvapen<\/strong> produkter. Observera att p\u00e5 grund av reglering har frakt av vapingprodukter blivit mer begr\u00e4nsad, och att tj\u00e4nster fr\u00e5n transport\u00f6rer som UPS, DHL och FedEx inte l\u00e4ngre \u00e4r tillg\u00e4ngliga.<\/p>\n<h5>Hur l\u00e5ng tid tar en standardleverans vanligtvis?<\/h5>\n<p>Standardfrakt tar i allm\u00e4nhet 7-15 arbetsdagar. R\u00e4kna med eventuella f\u00f6rseningar under helgdagar eller p\u00e5 grund av ogynnsamma v\u00e4derf\u00f6rh\u00e5llanden, vilket kan f\u00f6rl\u00e4nga leveranstiden med upp till 20 arbetsdagar.<\/p>\n<h5>Hanteras tullf\u00f6rfarandena?<\/h5>\n<p>Vi hanterar de n\u00f6dv\u00e4ndiga tullf\u00f6rfarandena f\u00f6r att s\u00e4kerst\u00e4lla en smidig leveransprocess. V\u00e5rt m\u00e5l \u00e4r att minimera eventuella problem, men var medveten om att p\u00e5 grund av de r\u00e4ttsliga situationerna kring vapingprodukter, att tullmyndigheterna n\u00e4r som helst kan stoppa eller upph\u00f6ra med ett paket, och att denna situation skulle vara utom v\u00e5r kontroll.<\/p>\n<h5>Hur f\u00f6rb\u00e4ttrar dubbeltanksystemet och 0,6-ohm sub-ohm-spolen vapingupplevelsen?<\/h5>\n<p>Systemet med dubbla tankar ger en st\u00f6rre kapacitet f\u00f6r e-juice och m\u00f6jligg\u00f6r l\u00e4ngre vaping-sessioner utan frekventa p\u00e5fyllningar. Subohm-spolen p\u00e5 0,6 ohm \u00e4r utformad f\u00f6r vaping direkt i lungan, vilket ger rik, t\u00e4t \u00e5nga och intensiv smakleverans.<\/p>\n<h5>\u00c4r mitt k\u00f6p s\u00e4kert?<\/h5>\n<p>Vi erbjuder s\u00e4kra betalningsalternativ, s\u00e4rskilt via plattformar som Paypal, som ger k\u00f6paren skydd. \u00c4ven om recensioner kan hj\u00e4lpa till med ink\u00f6psbeslut, l\u00e4nkar vi inte direkt till dem.<\/p>","protected":false},"excerpt":{"rendered":"<p>Maximera vinsten med Bang King 36000 Puffs grossist! 36 000 puffar, dubbla 40 ml tankar, LED, 0,6\u03a9 sub-ohm-spole. Lagerh\u00e5ll uppladdningsbara vapes med h\u00f6g kapacitet nu.<\/p>","protected":false},"featured_media":673,"comment_status":"open","ping_status":"closed","template":"","meta":[],"product_brand":[],"product_cat":[61,45,63,21,18,20,23,24,22,25,26,27,28,29,30,31,32,33,34,35,36,47,40],"product_tag":[],"class_list":{"0":"post-486","1":"product","2":"type-product","3":"status-publish","4":"has-post-thumbnail","6":"product_cat-bang","7":"product_cat-25000-puffs-disposable-vape","8":"product_cat-30000-puffs-disposable-vape","9":"product_cat-big-puffs-vapes","10":"product_cat-different-puffs-of-disposable-vapes","11":"product_cat-disposable-vape-types","12":"product_cat-disposable-vapes-in-austria","13":"product_cat-disposable-vapes-in-belgium","14":"product_cat-disposable-vapes-in-europe","15":"product_cat-disposable-vapes-in-france","16":"product_cat-disposable-vapes-in-germany","17":"product_cat-disposable-vapes-in-hungary","18":"product_cat-disposable-vapes-in-ltaly","19":"product_cat-disposable-vapes-in-netherlands","20":"product_cat-disposable-vapes-in-norway","21":"product_cat-disposable-vapes-in-poland","22":"product_cat-disposable-vapes-in-portugal","23":"product_cat-disposable-vapes-in-spain","24":"product_cat-disposable-vapes-in-sweden","25":"product_cat-disposable-vapes-in-switzerland","26":"product_cat-rechargeable-vapes","27":"product_cat-shisha-hookah-vapes","28":"product_cat-smart-screen-vapes","30":"first","31":"instock","32":"shipping-taxable","33":"purchasable","34":"product-type-variable","35":"has-default-attributes"},"jetpack_sharing_enabled":true,"tiered_pricing_type":"fixed","tiered_pricing_fixed_rules":{"30":6.980000000000000426325641456060111522674560546875,"50":6.730000000000000426325641456060111522674560546875,"100":5.9900000000000002131628207280300557613372802734375,"200":5.67999999999999971578290569595992565155029296875,"400":5.05999999999999960920149533194489777088165283203125},"tiered_pricing_product_settings":{"layout":"default","base_unit_name":{"singular":null,"plural":null},"default_variation":null},"tiered_pricing_minimum_quantity":10,"tiered_pricing_roles_data":[],"tiered_pricing_percentage_rules":[],"tiered_pricing_maximum_quantity":null,"tiered_pricing_quantity_step":"10","_links":{"self":[{"href":"https:\/\/volovape.com\/sv\/wp-json\/wp\/v2\/product\/486","targetHints":{"allow":["GET"]}}],"collection":[{"href":"https:\/\/volovape.com\/sv\/wp-json\/wp\/v2\/product"}],"about":[{"href":"https:\/\/volovape.com\/sv\/wp-json\/wp\/v2\/types\/product"}],"replies":[{"embeddable":true,"href":"https:\/\/volovape.com\/sv\/wp-json\/wp\/v2\/comments?post=486"}],"wp:featuredmedia":[{"embeddable":true,"href":"https:\/\/volovape.com\/sv\/wp-json\/wp\/v2\/media\/673"}],"wp:attachment":[{"href":"https:\/\/volovape.com\/sv\/wp-json\/wp\/v2\/media?parent=486"}],"wp:term":[{"taxonomy":"product_brand","embeddable":true,"href":"https:\/\/volovape.com\/sv\/wp-json\/wp\/v2\/product_brand?post=486"},{"taxonomy":"product_cat","embeddable":true,"href":"https:\/\/volovape.com\/sv\/wp-json\/wp\/v2\/product_cat?post=486"},{"taxonomy":"product_tag","embeddable":true,"href":"https:\/\/volovape.com\/sv\/wp-json\/wp\/v2\/product_tag?post=486"}],"curies":[{"name":"wp","href":"https:\/\/api.w.org\/{rel}","templated":true}]}}