{"id":423,"date":"2024-11-21T03:29:43","date_gmt":"2024-11-21T03:29:43","guid":{"rendered":"https:\/\/volovape.com\/?post_type=product&#038;p=423"},"modified":"2025-11-03T05:04:33","modified_gmt":"2025-11-03T05:04:33","slug":"bang-king-25000-puffar","status":"publish","type":"product","link":"https:\/\/volovape.com\/sv\/product\/bang-king-25000-puffs\/","title":{"rendered":"Bang King 25000 Puffs | uppladdningsbar eng\u00e5ngsvape - bulk grossist (0%, 2%, 3%, 5% nikotin)"},"content":{"rendered":"<p>Bang King 25000 puffar: Uppladdningsbar eng\u00e5ngsvape - bulkpartihandel (0%, 2%, 3%, 5% nikotin)<br \/>\n<strong>Bang King 25000 Puffs Eng\u00e5ngs Vape<\/strong> - Dual-Pod-design f\u00f6r ut\u00f6kad smakupplevelse.<\/p>\n<p>Den <strong>Bang King 25000 Puffs<\/strong> erbjuder en exceptionell vapingupplevelse med sitt innovativa dual-pod-system, som ger en massiv 46 ml e-v\u00e4tskekapacitet (2x23 ml pods) och upp till 25 000 puffar. Den h\u00e4r enheten drivs av ett 650mAh uppladdningsbart batteri och har en 1,0\u03a9 mesh-spole som ger j\u00e4mn, konsekvent \u00e5nga och rik smak. V\u00e4lj mellan nikotinstyrkorna 0%, 2%, 3% eller 5% och njut av 12 l\u00e4ckra smaker. Dess Type-C-laddning och dual-pod-komfort g\u00f6r den perfekt f\u00f6r personlig anv\u00e4ndning och <strong>eng\u00e5ngs vape grossist<\/strong> eller <strong>bulkorder<\/strong>.<\/p>\n<h3><strong>Bang King 25000 Puffs Funktioner:<\/strong><\/h3>\n<ul>\n<li>Puffar: Upp till 25.000<\/li>\n<li>Kapacitet f\u00f6r e-v\u00e4tska: 46 ml (2 x 23 ml kapslar)<\/li>\n<li>Batteri: 650 mAh (uppladdningsbart)<\/li>\n<li>Spole: 1.0\u03a9 Mesh-spole<\/li>\n<li>Styrkor hos nikotin: 0%, 2%, 3%, 5%<\/li>\n<li>Laddning: Typ C<\/li>\n<li>System med dubbla pinnar<\/li>\n<li>12 unika smaker<\/li>\n<\/ul>\n<h4>VANLIGA FR\u00c5GOR<\/h4>\n<h5>Vilka leveransalternativ finns tillg\u00e4ngliga?<\/h5>\n<p>Vi arbetar med olika transport\u00f6rer f\u00f6r att tillhandah\u00e5lla tillf\u00f6rlitliga leveransalternativ. Den l\u00e4mpligaste metoden v\u00e4ljs baserat p\u00e5 din plats f\u00f6r att s\u00e4kerst\u00e4lla snabb leverans av din <strong>eng\u00e5ngsvapen<\/strong> produkter. Observera att p\u00e5 grund av reglering har frakt av vapingprodukter blivit mer begr\u00e4nsad, och att tj\u00e4nster fr\u00e5n transport\u00f6rer som UPS, DHL och FedEx inte l\u00e4ngre \u00e4r tillg\u00e4ngliga.<\/p>\n<h5>Hur l\u00e5ng tid tar en standardleverans vanligtvis?<\/h5>\n<p>Standardleverans tar i allm\u00e4nhet 7-15 arbetsdagar. R\u00e4kna med eventuella f\u00f6rseningar under helgdagar eller p\u00e5 grund av ogynnsamma v\u00e4derf\u00f6rh\u00e5llanden, vilket kan f\u00f6rl\u00e4nga leveranstiden med upp till 20 arbetsdagar.<\/p>\n<h5>Hanteras tullf\u00f6rfarandena?<\/h5>\n<p>Vi hanterar de n\u00f6dv\u00e4ndiga tullf\u00f6rfarandena f\u00f6r att s\u00e4kerst\u00e4lla en smidig leveransprocess. V\u00e5rt m\u00e5l \u00e4r att minimera eventuella problem, men var medveten om att p\u00e5 grund av de r\u00e4ttsliga situationerna kring vapingprodukter, att tullmyndigheterna n\u00e4r som helst kan stoppa eller upph\u00f6ra med ett paket, och att denna situation skulle vara utom v\u00e5r kontroll.<\/p>\n<h5>Hur f\u00f6rb\u00e4ttrar dual-pod-systemet vapingupplevelsen?<\/h5>\n<p>Dual-pod-systemet g\u00f6r det enkelt att v\u00e4xla mellan tv\u00e5 23 ml e-liquid-pods, vilket ger bekv\u00e4mlighet och m\u00f6jlighet att byta smak utan att beh\u00f6va flera enheter. Den h\u00e4r designen garanterar en l\u00e4ngre vapingtid och m\u00f6jligg\u00f6r en anpassningsbar smakupplevelse.<\/p>\n<h5>\u00c4r mitt k\u00f6p s\u00e4kert?<\/h5>\n<p>Vi erbjuder s\u00e4kra betalningsalternativ, s\u00e4rskilt via plattformar som Paypal, som ger k\u00f6paren skydd. \u00c4ven om recensioner kan hj\u00e4lpa till med ink\u00f6psbeslut, l\u00e4nkar vi inte direkt till dem.<\/p>","protected":false},"excerpt":{"rendered":"<p>Dominera marknaden f\u00f6r eng\u00e5ngsvape med Bang King 25000, en uppladdningsbar vape med h\u00f6g kapacitet som ger imponerande 25 000 puffar. Perfekt f\u00f6r stora grossistk\u00f6pare som s\u00f6ker en l\u00e5ngvarig och smakrik vapingl\u00f6sning.<\/p>","protected":false},"featured_media":640,"comment_status":"open","ping_status":"closed","template":"","meta":[],"product_brand":[],"product_cat":[61,45,21,18,20,23,24,22,25,26,27,28,29,30,31,32,33,34,35,44,36],"product_tag":[],"class_list":{"0":"post-423","1":"product","2":"type-product","3":"status-publish","4":"has-post-thumbnail","6":"product_cat-bang","7":"product_cat-25000-puffs-disposable-vape","8":"product_cat-big-puffs-vapes","9":"product_cat-different-puffs-of-disposable-vapes","10":"product_cat-disposable-vape-types","11":"product_cat-disposable-vapes-in-austria","12":"product_cat-disposable-vapes-in-belgium","13":"product_cat-disposable-vapes-in-europe","14":"product_cat-disposable-vapes-in-france","15":"product_cat-disposable-vapes-in-germany","16":"product_cat-disposable-vapes-in-hungary","17":"product_cat-disposable-vapes-in-ltaly","18":"product_cat-disposable-vapes-in-netherlands","19":"product_cat-disposable-vapes-in-norway","20":"product_cat-disposable-vapes-in-poland","21":"product_cat-disposable-vapes-in-portugal","22":"product_cat-disposable-vapes-in-spain","23":"product_cat-disposable-vapes-in-sweden","24":"product_cat-disposable-vapes-in-switzerland","25":"product_cat-dual-mesh-vapes","26":"product_cat-rechargeable-vapes","28":"first","29":"instock","30":"shipping-taxable","31":"purchasable","32":"product-type-variable","33":"has-default-attributes"},"jetpack_sharing_enabled":true,"tiered_pricing_type":"fixed","tiered_pricing_fixed_rules":{"30":6.63999999999999968025576890795491635799407958984375,"50":5.9900000000000002131628207280300557613372802734375,"100":5.25,"200":4.87999999999999989341858963598497211933135986328125,"400":4.32000000000000028421709430404007434844970703125},"tiered_pricing_product_settings":{"layout":"default","base_unit_name":{"singular":null,"plural":null},"default_variation":null},"tiered_pricing_minimum_quantity":10,"tiered_pricing_roles_data":[],"tiered_pricing_percentage_rules":[],"tiered_pricing_maximum_quantity":null,"tiered_pricing_quantity_step":"10","_links":{"self":[{"href":"https:\/\/volovape.com\/sv\/wp-json\/wp\/v2\/product\/423","targetHints":{"allow":["GET"]}}],"collection":[{"href":"https:\/\/volovape.com\/sv\/wp-json\/wp\/v2\/product"}],"about":[{"href":"https:\/\/volovape.com\/sv\/wp-json\/wp\/v2\/types\/product"}],"replies":[{"embeddable":true,"href":"https:\/\/volovape.com\/sv\/wp-json\/wp\/v2\/comments?post=423"}],"wp:featuredmedia":[{"embeddable":true,"href":"https:\/\/volovape.com\/sv\/wp-json\/wp\/v2\/media\/640"}],"wp:attachment":[{"href":"https:\/\/volovape.com\/sv\/wp-json\/wp\/v2\/media?parent=423"}],"wp:term":[{"taxonomy":"product_brand","embeddable":true,"href":"https:\/\/volovape.com\/sv\/wp-json\/wp\/v2\/product_brand?post=423"},{"taxonomy":"product_cat","embeddable":true,"href":"https:\/\/volovape.com\/sv\/wp-json\/wp\/v2\/product_cat?post=423"},{"taxonomy":"product_tag","embeddable":true,"href":"https:\/\/volovape.com\/sv\/wp-json\/wp\/v2\/product_tag?post=423"}],"curies":[{"name":"wp","href":"https:\/\/api.w.org\/{rel}","templated":true}]}}