{"id":419,"date":"2024-11-21T03:29:43","date_gmt":"2024-11-21T03:29:43","guid":{"rendered":"https:\/\/volovape.com\/?post_type=product&#038;p=419"},"modified":"2025-11-01T06:09:25","modified_gmt":"2025-11-01T06:09:25","slug":"mrvi-vinner-30k-puffar","status":"publish","type":"product","link":"https:\/\/volovape.com\/sv\/product\/mrvi-winning-30k-puffs\/","title":{"rendered":"MRVI WINNING 30K Puffs eng\u00e5ngsvape - 30 000 puffar (2%\/5% nikotin)"},"content":{"rendered":"<p><iframe title=\"VideoPress Videospelare\" aria-label='VideoPress Videospelare' width='500' height='281' src='https:\/\/videopress.com\/embed\/13e6MPsk?hd=0&amp;cover=1' frameborder='0' allowfullscreen allow='clipboard-write'><\/iframe><script src='https:\/\/v0.wordpress.com\/js\/next\/videopress-iframe.js?m=1739540970'><\/script><\/p>\n<p><strong>MRVI WINNING 30K eng\u00e5ngsvape<\/strong> - Upplev o\u00f6vertr\u00e4ffad livsl\u00e4ngd och smak.<\/p>\n<p>Den <strong>MRVI VINNER 30K<\/strong> omdefinierar vaping f\u00f6r eng\u00e5ngsbruk med en h\u00e4pnadsv\u00e4ckande <strong>30.000 puffars kapacitet<\/strong> och en betydande <strong>35 ml beh\u00e5llare f\u00f6r e-juice<\/strong>. Drivs av en <strong>800mAh uppladdningsbart batteri<\/strong> och med <em>avancerad teknik f\u00f6r n\u00e4tspole<\/em>ger den h\u00e4r enheten en j\u00e4mn och smakrik \u00e5nga. V\u00e4lj mellan <strong>2% eller 5% nikotinstyrka<\/strong> och njuta av ett varierat utbud av <strong>10 l\u00e4ckra smaker<\/strong>. Den eleganta, b\u00e4rbara designen g\u00f6r den perfekt f\u00f6r vaping n\u00e4r du \u00e4r p\u00e5 spr\u00e5ng, och idealisk f\u00f6r <strong>eng\u00e5ngs vape grossist<\/strong> eller <strong>bulkorder<\/strong>.<\/p>\n<h3><strong>MRVI VINNER 30K Funktioner:<\/strong><\/h3>\n<ul>\n<li>Puffar: Upp till 30.000<\/li>\n<li>Kapacitet f\u00f6r e-v\u00e4tska: 35mL<\/li>\n<li>Batteri: 800 mAh (uppladdningsbart)<\/li>\n<li>Laddning: Typ C<\/li>\n<li>Spole: N\u00e4tspole<\/li>\n<li>Styrkor hos nikotin: 2%, 5%<\/li>\n<li>10 unika smaker<\/li>\n<\/ul>\n<h4>VANLIGA FR\u00c5GOR<\/h4>\n<h5>Vilka leveransmetoder finns tillg\u00e4ngliga?<\/h5>\n<p>Vi arbetar med p\u00e5litliga transport\u00f6rer som UPS, DHL, FedEx och DPD f\u00f6r att kunna erbjuda en m\u00e4ngd olika leveransalternativ. Den l\u00e4mpligaste metoden v\u00e4ljs baserat p\u00e5 din plats f\u00f6r att s\u00e4kerst\u00e4lla snabb leverans av din <strong>eng\u00e5ngsvapen<\/strong> produkter.<\/p>\n<h5>Hur l\u00e5ng tid tar normalt en leverans?<\/h5>\n<p>Standardleverans tar vanligtvis 7-15 arbetsdagar. V\u00e4nligen r\u00e4kna med upp till 20 arbetsdagar under helgdagar eller vid ogynnsamma v\u00e4derf\u00f6rh\u00e5llanden.<\/p>\n<h5>Kommer jag att st\u00f6ta p\u00e5 n\u00e5gra tullproblem?<\/h5>\n<p>Vi hanterar alla tullklareringsf\u00f6rfaranden och s\u00e4kerst\u00e4ller en smidig och problemfri upplevelse. Du kommer inte att drabbas av n\u00e5gra ytterligare skatter eller avgifter. Vi garanterar 100% tullklarering f\u00f6r alla v\u00e5ra produkter.<\/p>\n<h5>Hur f\u00f6rb\u00e4ttrar mesh-spolen vapingupplevelsen?<\/h5>\n<p>Den avancerade mesh-coil-tekniken ger en st\u00f6rre v\u00e4rmeyta, vilket resulterar i j\u00e4mnare uppv\u00e4rmning och konsekvent \u00e5ngproduktion. Detta f\u00f6rb\u00e4ttrar smakleveransen och ger mjukare, fylligare moln, vilket ger en \u00f6verl\u00e4gsen vapingupplevelse j\u00e4mf\u00f6rt med traditionella spolar.<\/p>\n<h5>\u00c4r mitt k\u00f6p s\u00e4kert?<\/h5>\n<p>Vi erbjuder s\u00e4kra betalningsalternativ via PayPal, som inkluderar k\u00f6parskydd. Du kan ocks\u00e5 granska v\u00e5r kundfeedback p\u00e5 <a href=\"https:\/\/www.trustpilot.com\/review\/volovape.com?utm_medium=trustbox&amp;utm_source=TrustBoxReviewCollector\">TrustPilot<\/a>.<\/p>","protected":false},"excerpt":{"rendered":"<p>Vinn stort med MRVI WINNING 30K Puffs! 30 000 puffar, 35 ml, n\u00e4tspole, uppladdningsbar. Perfekt f\u00f6r personligt bruk eller bulkpartihandel, erbjuder ultimat vapinglivsl\u00e4ngd.<\/p>","protected":false},"featured_media":5822,"comment_status":"open","ping_status":"closed","template":"","meta":[],"product_brand":[],"product_cat":[55,63,21,18,39,20,23,24,22,25,26,27,28,29,30,31,32,33,34,35,44,36,40],"product_tag":[],"class_list":{"0":"post-419","1":"product","2":"type-product","3":"status-publish","4":"has-post-thumbnail","6":"product_cat-mrvi","7":"product_cat-30000-puffs-disposable-vape","8":"product_cat-big-puffs-vapes","9":"product_cat-different-puffs-of-disposable-vapes","10":"product_cat-digital-box-vapes","11":"product_cat-disposable-vape-types","12":"product_cat-disposable-vapes-in-austria","13":"product_cat-disposable-vapes-in-belgium","14":"product_cat-disposable-vapes-in-europe","15":"product_cat-disposable-vapes-in-france","16":"product_cat-disposable-vapes-in-germany","17":"product_cat-disposable-vapes-in-hungary","18":"product_cat-disposable-vapes-in-ltaly","19":"product_cat-disposable-vapes-in-netherlands","20":"product_cat-disposable-vapes-in-norway","21":"product_cat-disposable-vapes-in-poland","22":"product_cat-disposable-vapes-in-portugal","23":"product_cat-disposable-vapes-in-spain","24":"product_cat-disposable-vapes-in-sweden","25":"product_cat-disposable-vapes-in-switzerland","26":"product_cat-dual-mesh-vapes","27":"product_cat-rechargeable-vapes","28":"product_cat-smart-screen-vapes","30":"first","31":"instock","32":"shipping-taxable","33":"purchasable","34":"product-type-variable","35":"has-default-attributes"},"jetpack_sharing_enabled":true,"tiered_pricing_type":"fixed","tiered_pricing_fixed_rules":{"100":6.910000000000000142108547152020037174224853515625,"200":6.29999999999999982236431605997495353221893310546875,"400":5.9900000000000002131628207280300557613372802734375},"tiered_pricing_product_settings":{"layout":"default","base_unit_name":{"singular":null,"plural":null},"default_variation":null},"tiered_pricing_minimum_quantity":50,"tiered_pricing_roles_data":[],"tiered_pricing_percentage_rules":[],"tiered_pricing_maximum_quantity":null,"tiered_pricing_quantity_step":"10","_links":{"self":[{"href":"https:\/\/volovape.com\/sv\/wp-json\/wp\/v2\/product\/419","targetHints":{"allow":["GET"]}}],"collection":[{"href":"https:\/\/volovape.com\/sv\/wp-json\/wp\/v2\/product"}],"about":[{"href":"https:\/\/volovape.com\/sv\/wp-json\/wp\/v2\/types\/product"}],"replies":[{"embeddable":true,"href":"https:\/\/volovape.com\/sv\/wp-json\/wp\/v2\/comments?post=419"}],"wp:featuredmedia":[{"embeddable":true,"href":"https:\/\/volovape.com\/sv\/wp-json\/wp\/v2\/media\/5822"}],"wp:attachment":[{"href":"https:\/\/volovape.com\/sv\/wp-json\/wp\/v2\/media?parent=419"}],"wp:term":[{"taxonomy":"product_brand","embeddable":true,"href":"https:\/\/volovape.com\/sv\/wp-json\/wp\/v2\/product_brand?post=419"},{"taxonomy":"product_cat","embeddable":true,"href":"https:\/\/volovape.com\/sv\/wp-json\/wp\/v2\/product_cat?post=419"},{"taxonomy":"product_tag","embeddable":true,"href":"https:\/\/volovape.com\/sv\/wp-json\/wp\/v2\/product_tag?post=419"}],"curies":[{"name":"wp","href":"https:\/\/api.w.org\/{rel}","templated":true}]}}