{"id":418,"date":"2024-11-21T03:29:43","date_gmt":"2024-11-21T03:29:43","guid":{"rendered":"https:\/\/volovape.com\/?post_type=product&#038;p=418"},"modified":"2026-04-29T02:09:35","modified_gmt":"2026-04-29T02:09:35","slug":"bang-king-30000-puffar","status":"publish","type":"product","link":"https:\/\/volovape.com\/sv\/product\/bang-king-30000-puffs\/","title":{"rendered":"Bang King 30000 puffar eng\u00e5ngs vape med digital display - grossist bulk leverans"},"content":{"rendered":"<p><strong>Bang King 30000 Puffs Eng\u00e5ngs Vape<\/strong> - O\u00f6vertr\u00e4ffad livsl\u00e4ngd och avancerad display.<\/p>\n<p>Upplev det ultimata inom eng\u00e5ngsvaping med <strong>Bang King 30000 Puffs<\/strong>och har en imponerande <strong>30.000 puffars kapacitet<\/strong> och en massiv <strong>36 ml beh\u00e5llare f\u00f6r e-juice<\/strong>. Denna enhet har en <strong>Digital LED-display<\/strong> f\u00f6r enkel \u00f6vervakning av batteritid och antal puffar, s\u00e5 att du alltid \u00e4r informerad. Drivs av en <strong>550mAh uppladdningsbart batteri<\/strong> med <strong>Typ C-laddning<\/strong> och en <strong>1,0 ohms n\u00e4tspole<\/strong>ger den en j\u00e4mn och smakrik \u00e5nga. V\u00e4lj bland f\u00f6ljande <strong>0%, 2%, 3% eller 5% nikotinstyrka<\/strong> och njut av unika kombinationer med dubbla smaker. Idealisk f\u00f6r personligt bruk och <strong>eng\u00e5ngs vape grossist<\/strong> eller <strong>bulkorder<\/strong>.<\/p>\n<h3><strong>Bang King 30000 Puffs Funktioner:<\/strong><\/h3>\n<ul>\n<li>Puffar: Upp till 30.000<\/li>\n<li>Kapacitet f\u00f6r e-v\u00e4tska: 36mL<\/li>\n<li>Batteri: 550mAh (uppladdningsbart)<\/li>\n<li>Laddning: Typ C<\/li>\n<li>Spole: 1,0-ohm Mesh-spole<\/li>\n<li>Styrkor hos nikotin: 0%, 2%, 3%, 5%<\/li>\n<li>Display: Digital LED-display (batteri och antal puffar)<\/li>\n<li>Dubbla smaker<\/li>\n<\/ul>\n<h4>VANLIGA FR\u00c5GOR<\/h4>\n<h5>Vilka \u00e4r de tillg\u00e4ngliga leveransalternativen?<\/h5>\n<p>Vi samarbetar med p\u00e5litliga transport\u00f6rer som UPS, DHL, FedEx och DPD f\u00f6r att kunna erbjuda olika fraktalternativ. Den l\u00e4mpligaste metoden kommer att v\u00e4ljas baserat p\u00e5 din leveransplats, vilket s\u00e4kerst\u00e4ller snabb leverans av din <strong>eng\u00e5ngsvapen<\/strong> produkter.<\/p>\n<h5>Hur l\u00e5ng tid tar normalt en leverans?<\/h5>\n<p>Standardleverans tar vanligtvis 7-15 arbetsdagar. R\u00e4kna dock med upp till 20 arbetsdagar under helgdagar eller vid ogynnsamma v\u00e4derf\u00f6rh\u00e5llanden.<\/p>\n<h5>Kommer jag att st\u00f6ta p\u00e5 n\u00e5gra problem med tullen?<\/h5>\n<p>Vi hanterar alla tullklareringsf\u00f6rfaranden, vilket garanterar en smidig och problemfri upplevelse. Du kommer inte att drabbas av n\u00e5gra ytterligare skatter eller avgifter. Vi garanterar 100% tullklarering f\u00f6r alla v\u00e5ra produkter.<\/p>\n<h5>Hur exakt \u00e4r antalet puffar och batteritiden som visas p\u00e5 LED-sk\u00e4rmen?<\/h5>\n<p>Den integrerade digitala LED-displayen ger exakta avl\u00e4sningar i realtid av b\u00e5de antalet bloss och batteritiden. Detta m\u00f6jligg\u00f6r exakt \u00f6vervakning och s\u00e4kerst\u00e4ller att du f\u00e5r en konsekvent och p\u00e5litlig vapingupplevelse. Noggrannheten inneb\u00e4r att du alltid vet n\u00e4r du beh\u00f6ver ladda batteriet.<\/p>\n<h5>\u00c4r mitt k\u00f6p skyddat?<\/h5>\n<p>Vi erbjuder s\u00e4kra betalningsalternativ via PayPal, inklusive k\u00f6parskydd. Du kan ocks\u00e5 granska v\u00e5ra kundutl\u00e5tanden p\u00e5 <a href=\"https:\/\/www.trustpilot.com\/review\/volovape.com?utm_medium=trustbox&amp;utm_source=TrustBoxReviewCollector\">TrustPilot<\/a>.<\/p>","protected":false},"excerpt":{"rendered":"<p>F\u00f6rh\u00f6j din vape-upplevelse med Bang King 30000 Puffs. LED-display, 36 ml, 1,0\u03a9 mesh, uppladdningsbar. Idealisk f\u00f6r personlig njutning eller grossistf\u00f6rs\u00e4ljning med h\u00f6g volym.<\/p>","protected":false},"featured_media":662,"comment_status":"open","ping_status":"closed","template":"","meta":[],"product_brand":[],"product_cat":[61,63,21,18,39,20,23,24,22,25,26,27,28,29,30,31,32,33,34,35,64,36,40],"product_tag":[],"class_list":{"0":"post-418","1":"product","2":"type-product","3":"status-publish","4":"has-post-thumbnail","6":"product_cat-bang","7":"product_cat-30000-puffs-disposable-vape","8":"product_cat-big-puffs-vapes","9":"product_cat-different-puffs-of-disposable-vapes","10":"product_cat-digital-box-vapes","11":"product_cat-disposable-vape-types","12":"product_cat-disposable-vapes-in-austria","13":"product_cat-disposable-vapes-in-belgium","14":"product_cat-disposable-vapes-in-europe","15":"product_cat-disposable-vapes-in-france","16":"product_cat-disposable-vapes-in-germany","17":"product_cat-disposable-vapes-in-hungary","18":"product_cat-disposable-vapes-in-ltaly","19":"product_cat-disposable-vapes-in-netherlands","20":"product_cat-disposable-vapes-in-norway","21":"product_cat-disposable-vapes-in-poland","22":"product_cat-disposable-vapes-in-portugal","23":"product_cat-disposable-vapes-in-spain","24":"product_cat-disposable-vapes-in-sweden","25":"product_cat-disposable-vapes-in-switzerland","26":"product_cat-dual-flavor-vapes","27":"product_cat-rechargeable-vapes","28":"product_cat-smart-screen-vapes","30":"first","31":"instock","32":"shipping-taxable","33":"purchasable","34":"product-type-variable","35":"has-default-attributes"},"jetpack_sharing_enabled":true,"tiered_pricing_type":"fixed","tiered_pricing_fixed_rules":{"30":6.87000000000000010658141036401502788066864013671875,"50":6.36000000000000031974423109204508364200592041015625,"100":5.4900000000000002131628207280300557613372802734375,"200":5.12000000000000010658141036401502788066864013671875,"400":4.57000000000000028421709430404007434844970703125},"tiered_pricing_product_settings":{"layout":"default","base_unit_name":{"singular":null,"plural":null},"default_variation":null},"tiered_pricing_minimum_quantity":10,"tiered_pricing_roles_data":[],"tiered_pricing_percentage_rules":[],"tiered_pricing_maximum_quantity":null,"tiered_pricing_quantity_step":"10","_links":{"self":[{"href":"https:\/\/volovape.com\/sv\/wp-json\/wp\/v2\/product\/418","targetHints":{"allow":["GET"]}}],"collection":[{"href":"https:\/\/volovape.com\/sv\/wp-json\/wp\/v2\/product"}],"about":[{"href":"https:\/\/volovape.com\/sv\/wp-json\/wp\/v2\/types\/product"}],"replies":[{"embeddable":true,"href":"https:\/\/volovape.com\/sv\/wp-json\/wp\/v2\/comments?post=418"}],"wp:featuredmedia":[{"embeddable":true,"href":"https:\/\/volovape.com\/sv\/wp-json\/wp\/v2\/media\/662"}],"wp:attachment":[{"href":"https:\/\/volovape.com\/sv\/wp-json\/wp\/v2\/media?parent=418"}],"wp:term":[{"taxonomy":"product_brand","embeddable":true,"href":"https:\/\/volovape.com\/sv\/wp-json\/wp\/v2\/product_brand?post=418"},{"taxonomy":"product_cat","embeddable":true,"href":"https:\/\/volovape.com\/sv\/wp-json\/wp\/v2\/product_cat?post=418"},{"taxonomy":"product_tag","embeddable":true,"href":"https:\/\/volovape.com\/sv\/wp-json\/wp\/v2\/product_tag?post=418"}],"curies":[{"name":"wp","href":"https:\/\/api.w.org\/{rel}","templated":true}]}}