{"id":417,"date":"2024-11-21T03:29:43","date_gmt":"2024-11-21T03:29:43","guid":{"rendered":"https:\/\/volovape.com\/?post_type=product&#038;p=417"},"modified":"2025-10-31T03:56:57","modified_gmt":"2025-10-31T03:56:57","slug":"poco-sl-15000-puffar","status":"publish","type":"product","link":"https:\/\/volovape.com\/sv\/product\/poco-sl-15000-puffs\/","title":{"rendered":"Poco SL 15000 puffar justerbart luftfl\u00f6de eng\u00e5ngsvape - uppladdningsbar med typ C-laddning (0-5% nikotin)"},"content":{"rendered":"<p>Poco SL 15000 Puffs Eng\u00e5ngsvape - Justerbart luftfl\u00f6de och uppladdningsbar (0-5% Nicotine)<\/p>\n<p><strong>Poco SL 15000 puffar eng\u00e5ngsvape<\/strong> - Personligt anpassad vaping med justerbart luftfl\u00f6de.<\/p>\n<p>Upplev skr\u00e4ddarsydd vaping med <strong>Poco SL 15000 puffar<\/strong>, med <em>justerbart luftfl\u00f6de<\/em> f\u00f6r skr\u00e4ddarsydda dragningar och optimal smak. Njut av upp till <strong>15.000 puffar<\/strong> fr\u00e5n en stor <strong>25 ml kapacitet f\u00f6r e-v\u00e4tska<\/strong>, som drivs av en <strong>650mAh uppladdningsbart batteri<\/strong> med <strong>Typ C-laddning<\/strong>. V\u00e4lj fr\u00e5n <strong>0%, 2%, 3% eller 5% nikotinstyrka<\/strong>, och utforska <strong>12 unika smaker<\/strong>. Denna enhet erbjuder en blandning av bekv\u00e4mlighet och anpassning, perfekt f\u00f6r b\u00e5de personligt bruk och <strong>eng\u00e5ngs vape grossist<\/strong> eller <strong>bulkorder<\/strong>.<\/p>\n<h3><strong>Poco SL 15000 Puffs Egenskaper:<\/strong><\/h3>\n<ul>\n<li>Puffar: Upp till 15 000<\/li>\n<li>E-v\u00e4tskekapacitet: 25mL<\/li>\n<li>Batteri: 650 mAh (uppladdningsbart)<\/li>\n<li>Laddning: Typ C<\/li>\n<li>Luftfl\u00f6de: Justerbart<\/li>\n<li>Styrkor hos nikotin: 0%, 2%, 3%, 5%<\/li>\n<li>12 unika smaker<\/li>\n<\/ul>\n<h4>VANLIGA FR\u00c5GOR<\/h4>\n<h5>Vilka \u00e4r de vanligaste leveransalternativen?<\/h5>\n<p>Vi anv\u00e4nder oss av p\u00e5litliga transport\u00f6rer som UPS, DHL, FedEx och DPD f\u00f6r att s\u00e4kerst\u00e4lla att din best\u00e4llning kommer fram snabbt. Den mest effektiva leveransmetoden v\u00e4ljs baserat p\u00e5 din plats, vilket garanterar snabb leverans av din <strong>eng\u00e5ngsvapen<\/strong> produkter.<\/p>\n<h5>Hur l\u00e5ng tid brukar en leverans ta?<\/h5>\n<p>Standardleverans tar i allm\u00e4nhet 7-15 arbetsdagar. Vi ber dig dock att r\u00e4kna med upp till 20 arbetsdagar under helgdagar eller p\u00e5 grund av of\u00f6rutsedda v\u00e4derf\u00f6rh\u00e5llanden.<\/p>\n<h5>Finns det n\u00e5gra tullrelaterade problem?<\/h5>\n<p>Vi hanterar alla tullf\u00f6rfaranden och s\u00e4kerst\u00e4ller en s\u00f6ml\u00f6s upplevelse utan n\u00e5gra extra skatter eller avgifter. Vi garanterar 100% tullklarering f\u00f6r alla v\u00e5ra produkter.<\/p>\n<h5>Hur f\u00f6rb\u00e4ttrar det justerbara luftfl\u00f6det vapingupplevelsen?<\/h5>\n<p>Det justerbara luftfl\u00f6det g\u00f6r att du kan anpassa dragmotst\u00e5ndet, vilket g\u00f6r att du kan finjustera balansen mellan smakintensitet och \u00e5ngproduktion. Oavsett om du f\u00f6redrar en stramare, mer koncentrerad dragning eller en l\u00f6sare, luftigare vape, l\u00e5ter den h\u00e4r funktionen dig anpassa din upplevelse s\u00e5 att den matchar dina preferenser.<\/p>\n<h5>\u00c4r mitt k\u00f6p s\u00e4kert?<\/h5>\n<p>Vi erbjuder s\u00e4kra betalningsalternativ via PayPal, som inkluderar k\u00f6parskydd. Du kan ocks\u00e5 granska v\u00e5r kundfeedback och betyg p\u00e5 <a href=\"https:\/\/www.trustpilot.com\/review\/volovape.com?utm_medium=trustbox&#038;utm_source=TrustBoxReviewCollector\">TrustPilot<\/a>.<\/p>","protected":false},"excerpt":{"rendered":"<p>Skr\u00e4ddarsy din vape med Poco SL 15000 Puffs. Justerbart luftfl\u00f6de, 25 ml, uppladdningsbar. Snabb EU-leverans! Perfekt f\u00f6r personligt bruk eller grossist. Varierad nikotin.<\/p>","protected":false},"featured_media":601,"comment_status":"open","ping_status":"closed","template":"","meta":[],"product_brand":[],"product_cat":[58,41,21,18,39,20,23,24,22,25,26,27,28,29,30,31,32,33,34,35,36,40],"product_tag":[],"class_list":{"0":"post-417","1":"product","2":"type-product","3":"status-publish","4":"has-post-thumbnail","6":"product_cat-poco","7":"product_cat-15000-puffs-disposable-vape","8":"product_cat-big-puffs-vapes","9":"product_cat-different-puffs-of-disposable-vapes","10":"product_cat-digital-box-vapes","11":"product_cat-disposable-vape-types","12":"product_cat-disposable-vapes-in-austria","13":"product_cat-disposable-vapes-in-belgium","14":"product_cat-disposable-vapes-in-europe","15":"product_cat-disposable-vapes-in-france","16":"product_cat-disposable-vapes-in-germany","17":"product_cat-disposable-vapes-in-hungary","18":"product_cat-disposable-vapes-in-ltaly","19":"product_cat-disposable-vapes-in-netherlands","20":"product_cat-disposable-vapes-in-norway","21":"product_cat-disposable-vapes-in-poland","22":"product_cat-disposable-vapes-in-portugal","23":"product_cat-disposable-vapes-in-spain","24":"product_cat-disposable-vapes-in-sweden","25":"product_cat-disposable-vapes-in-switzerland","26":"product_cat-rechargeable-vapes","27":"product_cat-smart-screen-vapes","29":"first","30":"instock","31":"shipping-taxable","32":"purchasable","33":"product-type-variable","34":"has-default-attributes"},"jetpack_sharing_enabled":true,"tiered_pricing_type":"fixed","tiered_pricing_fixed_rules":{"100":7.5,"400":7.0999999999999996447286321199499070644378662109375,"1000":7},"tiered_pricing_product_settings":{"layout":"default","base_unit_name":{"singular":null,"plural":null},"default_variation":null},"tiered_pricing_minimum_quantity":50,"tiered_pricing_roles_data":[],"tiered_pricing_percentage_rules":[],"tiered_pricing_maximum_quantity":null,"tiered_pricing_quantity_step":"10","_links":{"self":[{"href":"https:\/\/volovape.com\/sv\/wp-json\/wp\/v2\/product\/417","targetHints":{"allow":["GET"]}}],"collection":[{"href":"https:\/\/volovape.com\/sv\/wp-json\/wp\/v2\/product"}],"about":[{"href":"https:\/\/volovape.com\/sv\/wp-json\/wp\/v2\/types\/product"}],"replies":[{"embeddable":true,"href":"https:\/\/volovape.com\/sv\/wp-json\/wp\/v2\/comments?post=417"}],"wp:featuredmedia":[{"embeddable":true,"href":"https:\/\/volovape.com\/sv\/wp-json\/wp\/v2\/media\/601"}],"wp:attachment":[{"href":"https:\/\/volovape.com\/sv\/wp-json\/wp\/v2\/media?parent=417"}],"wp:term":[{"taxonomy":"product_brand","embeddable":true,"href":"https:\/\/volovape.com\/sv\/wp-json\/wp\/v2\/product_brand?post=417"},{"taxonomy":"product_cat","embeddable":true,"href":"https:\/\/volovape.com\/sv\/wp-json\/wp\/v2\/product_cat?post=417"},{"taxonomy":"product_tag","embeddable":true,"href":"https:\/\/volovape.com\/sv\/wp-json\/wp\/v2\/product_tag?post=417"}],"curies":[{"name":"wp","href":"https:\/\/api.w.org\/{rel}","templated":true}]}}