{"id":416,"date":"2024-11-21T03:29:43","date_gmt":"2024-11-21T03:29:43","guid":{"rendered":"https:\/\/volovape.com\/?post_type=product&#038;p=416"},"modified":"2026-04-08T01:50:51","modified_gmt":"2026-04-08T01:50:51","slug":"bang-vape-20000-puffar","status":"publish","type":"product","link":"https:\/\/volovape.com\/sv\/product\/bang-vape-20000-puffs\/","title":{"rendered":"Bang Vape 20000 puffar eng\u00e5ngsvape - LED-display, uppladdningsbar, mesh-spole"},"content":{"rendered":"<p><strong>Bang Vape 20000 Puffs Eng\u00e5ngsvape<\/strong> - Upplev ut\u00f6kad vaping med avancerad teknik.<\/p>\n<p>Den <strong>Bang Vape 20000 puffar<\/strong> s\u00e4tter en ny standard f\u00f6r eng\u00e5ngsvapor med h\u00f6g kapacitet och levererar upp till <strong>20.000 puffar<\/strong> med en gener\u00f6s <strong>25 ml beh\u00e5llare f\u00f6r e-juice<\/strong>. Med en <strong>0,8\u03a9 n\u00e4tspole<\/strong> f\u00f6r j\u00e4mn, smakrik \u00e5nga och en <strong>Digital LED-display<\/strong> f\u00f6r realtids\u00f6vervakning kombinerar denna enhet bekv\u00e4mlighet med den senaste tekniken. V\u00e4lj bland f\u00f6ljande <strong>0%, 2%, 3% eller 5% nikotinstyrka<\/strong>och njut av ett brett utbud av <strong>15 unika smaker<\/strong>. Den <strong>650mAh uppladdningsbart batteri<\/strong> med <strong>Typ C-laddning<\/strong> garanterar l\u00e5ngvarig prestanda, vilket g\u00f6r den perfekt f\u00f6r b\u00e5de personligt bruk och <strong>eng\u00e5ngs vape grossist<\/strong> eller <strong>bulkbest\u00e4llning<\/strong> behov.<\/p>\n<h3><strong>Bang Vape 20000 Puffs Funktioner:<\/strong><\/h3>\n<ul>\n<li>Puffar: Upp till 20.000<\/li>\n<li>E-v\u00e4tskekapacitet: 25mL<\/li>\n<li>Batteri: 650 mAh (uppladdningsbart)<\/li>\n<li>Laddning: Typ C<\/li>\n<li>Spole: 0,8\u03a9 Mesh-spole<\/li>\n<li>Display: Digital LED-display<\/li>\n<li>Styrkor hos nikotin: 0%, 2%, 3%, 5%<\/li>\n<li>15 unika smaker<\/li>\n<\/ul>\n<h4>VANLIGA FR\u00c5GOR<\/h4>\n<h5>Vilka leveransmetoder anv\u00e4nds?<\/h5>\n<p>Vi samarbetar med ledande transport\u00f6rer som UPS, DHL, FedEx och DPD f\u00f6r att s\u00e4kerst\u00e4lla snabb och tillf\u00f6rlitlig leverans. Den l\u00e4mpligaste fraktmetoden v\u00e4ljs utifr\u00e5n din plats, vilket garanterar att du f\u00e5r din <strong>eng\u00e5ngsvapen<\/strong> order s\u00e5 snabbt som m\u00f6jligt.<\/p>\n<h5>Hur l\u00e5ng tid tar leveransen vanligtvis?<\/h5>\n<p>Standardleverans tar vanligtvis mellan 7-15 arbetsdagar. R\u00e4kna dock med upp till 20 arbetsdagar under helgdagar eller vid ogynnsamma v\u00e4derf\u00f6rh\u00e5llanden.<\/p>\n<h5>Kommer jag att st\u00f6ta p\u00e5 n\u00e5gra tullproblem?<\/h5>\n<p>Vi hanterar alla tullklareringsf\u00f6rfaranden, vilket garanterar en problemfri upplevelse. Du kommer inte att drabbas av n\u00e5gra ytterligare skatter eller avgifter. Vi garanterar 100% tullklarering f\u00f6r alla v\u00e5ra produkter.<\/p>\n<h5>Hur exakt \u00e4r antalet puffar och batteritiden som visas p\u00e5 LED-sk\u00e4rmen?<\/h5>\n<p>Den digitala LED-displayen ger exakta data i realtid om b\u00e5de antal puffar och batteritid. Detta g\u00f6r att du kan \u00f6vervaka din anv\u00e4ndning och batteristatus exakt och se till att du aldrig blir \u00f6verraskad. Du kan lita p\u00e5 displayens noggrannhet f\u00f6r en konsekvent vapingupplevelse.<\/p>\n<h5>Kan jag lita p\u00e5 det h\u00e4r k\u00f6pet?<\/h5>\n<p>Vi st\u00f6der PayPal-betalning och erbjuder k\u00f6parskydd f\u00f6r s\u00e4kra transaktioner. Du kan ocks\u00e5 verifiera v\u00e5r trov\u00e4rdighet genom att kontrollera v\u00e5ra kundrecensioner p\u00e5 <a href=\"https:\/\/www.trustpilot.com\/review\/volovape.com?utm_medium=trustbox&amp;utm_source=TrustBoxReviewCollector\">TrustPilot<\/a>.<\/p>","protected":false},"excerpt":{"rendered":"<p>Njut av l\u00e5ngvarig, smakfull vaping med Bang Vape 20000 Puffs. LED-display, 0,8\u03a9 mesh-spole, 25 ml, uppladdningsbar. Perfekt f\u00f6r privat bruk eller grossist, med olika nikotinstyrkor.<\/p>","protected":false},"featured_media":579,"comment_status":"open","ping_status":"closed","template":"","meta":[],"product_brand":[],"product_cat":[61,42,21,18,39,20,23,24,22,25,26,27,28,29,30,31,32,33,34,35,44,36,40],"product_tag":[],"class_list":{"0":"post-416","1":"product","2":"type-product","3":"status-publish","4":"has-post-thumbnail","6":"product_cat-bang","7":"product_cat-20000-puffs-disposable-vape","8":"product_cat-big-puffs-vapes","9":"product_cat-different-puffs-of-disposable-vapes","10":"product_cat-digital-box-vapes","11":"product_cat-disposable-vape-types","12":"product_cat-disposable-vapes-in-austria","13":"product_cat-disposable-vapes-in-belgium","14":"product_cat-disposable-vapes-in-europe","15":"product_cat-disposable-vapes-in-france","16":"product_cat-disposable-vapes-in-germany","17":"product_cat-disposable-vapes-in-hungary","18":"product_cat-disposable-vapes-in-ltaly","19":"product_cat-disposable-vapes-in-netherlands","20":"product_cat-disposable-vapes-in-norway","21":"product_cat-disposable-vapes-in-poland","22":"product_cat-disposable-vapes-in-portugal","23":"product_cat-disposable-vapes-in-spain","24":"product_cat-disposable-vapes-in-sweden","25":"product_cat-disposable-vapes-in-switzerland","26":"product_cat-dual-mesh-vapes","27":"product_cat-rechargeable-vapes","28":"product_cat-smart-screen-vapes","30":"first","31":"instock","32":"shipping-taxable","33":"purchasable","34":"product-type-variable","35":"has-default-attributes"},"jetpack_sharing_enabled":true,"tiered_pricing_type":"fixed","tiered_pricing_fixed_rules":{"30":6.36000000000000031974423109204508364200592041015625,"50":6.04999999999999982236431605997495353221893310546875,"100":5.30999999999999960920149533194489777088165283203125,"200":5.05999999999999960920149533194489777088165283203125,"400":4.5099999999999997868371792719699442386627197265625},"tiered_pricing_product_settings":{"layout":"default","base_unit_name":{"singular":null,"plural":null},"default_variation":null},"tiered_pricing_minimum_quantity":10,"tiered_pricing_roles_data":[],"tiered_pricing_percentage_rules":[],"tiered_pricing_maximum_quantity":null,"tiered_pricing_quantity_step":"10","_links":{"self":[{"href":"https:\/\/volovape.com\/sv\/wp-json\/wp\/v2\/product\/416","targetHints":{"allow":["GET"]}}],"collection":[{"href":"https:\/\/volovape.com\/sv\/wp-json\/wp\/v2\/product"}],"about":[{"href":"https:\/\/volovape.com\/sv\/wp-json\/wp\/v2\/types\/product"}],"replies":[{"embeddable":true,"href":"https:\/\/volovape.com\/sv\/wp-json\/wp\/v2\/comments?post=416"}],"wp:featuredmedia":[{"embeddable":true,"href":"https:\/\/volovape.com\/sv\/wp-json\/wp\/v2\/media\/579"}],"wp:attachment":[{"href":"https:\/\/volovape.com\/sv\/wp-json\/wp\/v2\/media?parent=416"}],"wp:term":[{"taxonomy":"product_brand","embeddable":true,"href":"https:\/\/volovape.com\/sv\/wp-json\/wp\/v2\/product_brand?post=416"},{"taxonomy":"product_cat","embeddable":true,"href":"https:\/\/volovape.com\/sv\/wp-json\/wp\/v2\/product_cat?post=416"},{"taxonomy":"product_tag","embeddable":true,"href":"https:\/\/volovape.com\/sv\/wp-json\/wp\/v2\/product_tag?post=416"}],"curies":[{"name":"wp","href":"https:\/\/api.w.org\/{rel}","templated":true}]}}