{"id":415,"date":"2024-11-21T03:29:43","date_gmt":"2024-11-21T03:29:43","guid":{"rendered":"https:\/\/volovape.com\/?post_type=product&#038;p=415"},"modified":"2025-08-06T07:56:39","modified_gmt":"2025-08-06T07:56:39","slug":"poco-pt-12000-puffar","status":"publish","type":"product","link":"https:\/\/volovape.com\/sv\/product\/poco-pt-12000-puffs\/","title":{"rendered":"POCO PT 12000 Puffs Eng\u00e5ngsvape - justerbart luftfl\u00f6de, uppladdningsbar"},"content":{"rendered":"<p><strong>POCO PT 12000 Vape f\u00f6r eng\u00e5ngsbruk: Personligt anpassad vaping med justerbart luftfl\u00f6de.<\/strong><\/p>\n<p>F\u00f6rb\u00e4ttra din vapingupplevelse med <strong>POCO PT 12000<\/strong>, med upp till <strong>12.000 puffar<\/strong> och en betydande <strong>22 ml kapacitet f\u00f6r e-v\u00e4tska<\/strong>. Denna enhet drivs av en <strong>650mAh uppladdningsbart batteri<\/strong> med <strong>Typ C-laddning<\/strong> f\u00f6r konsekvent prestanda. Skr\u00e4ddarsy din vape med <strong>justerbart luftfl\u00f6de<\/strong>och v\u00e4xlar mellan MTL- och DTL-stilar f\u00f6r optimal tillfredsst\u00e4llelse. Njut av en potent <strong>5% nikotinstyrka<\/strong> \u00f6ver <strong>10 unika smaker<\/strong>. Idealisk f\u00f6r dem som s\u00f6ker en anpassningsbar, l\u00e5ngvarig och bekv\u00e4m <strong>eng\u00e5ngsvapen<\/strong>, tillg\u00e4nglig f\u00f6r <strong>bulkorder<\/strong> och <strong>grossist<\/strong>.<\/p>\n<h3><strong>POCO PT 12000 Funktioner:<\/strong><\/h3>\n<ul>\n<li>Puffar: Upp till 12.000<\/li>\n<li>Kapacitet f\u00f6r e-v\u00e4tska: 22 ml<\/li>\n<li>Batteri: 650 mAh (uppladdningsbart)<\/li>\n<li>Laddning: Typ C<\/li>\n<li>Luftfl\u00f6de: Justerbart<\/li>\n<li>Nikotinstyrka: 5%<\/li>\n<li>10 smakalternativ<\/li>\n<li>Enhet f\u00f6r eng\u00e5ngsbruk<\/li>\n<\/ul>\n<h4>VANLIGA FR\u00c5GOR<\/h4>\n<h5>Hur f\u00f6rb\u00e4ttrar det justerbara luftfl\u00f6det min vapingupplevelse?<\/h5>\n<p>Det justerbara luftfl\u00f6det g\u00f6r att du kan anpassa ditt drag, vilket ger m\u00e5ngsidighet f\u00f6r b\u00e5de MTL (mun-till-lunga) och DTL (direkt-till-lunga) vaping-stilar. Detta inneb\u00e4r att du kan finjustera luftfl\u00f6det f\u00f6r att uppn\u00e5 \u00f6nskad balans mellan smakintensitet och \u00e5ngproduktion, vilket \u00f6kar din totala tillfredsst\u00e4llelse.<\/p>\n<h5>Vilka leveransmetoder anv\u00e4nds?<\/h5>\n<p>Vi samarbetar med UPS\/DHL\/FEDEX\/DPD, etc. Vi v\u00e4ljer l\u00e4mpligt fraktalternativ beroende p\u00e5 leveransland f\u00f6r att se till att du f\u00e5r dina produkter s\u00e5 snabbt som m\u00f6jligt.<\/p>\n<h5>Hur l\u00e5ng tid tar det att komma fram?<\/h5>\n<p>Detta tar vanligtvis 7-15 arbetsdagar, men kan ta upp till 20 arbetsdagar p\u00e5 helgdagar eller vid d\u00e5liga v\u00e4derf\u00f6rh\u00e5llanden.<\/p>\n<h5>Kan den passera genom tullen och kommer den att orsaka mig n\u00e5gra problem?<\/h5>\n<p>Vi garanterar att du inte kommer att ha n\u00e5gra problem eftersom vi tar hand om tullklareringen och det kommer inte att finnas n\u00e5gra skatter eller avgifter. Vi garanterar att 100% av v\u00e5ra produkter kommer att tullklareras.<\/p>\n<h5>Kan jag lita p\u00e5 det?<\/h5>\n<p>Vi st\u00f6der PayPal-betalning och k\u00f6parskyddstj\u00e4nst. Du kan ocks\u00e5 kolla v\u00e5ra recensioner p\u00e5 <a href=\"https:\/\/www.trustpilot.com\/review\/volovape.com?utm_medium=trustbox&amp;utm_source=TrustBoxReviewCollector\">TrustPilot<\/a>.<\/p>","protected":false},"excerpt":{"rendered":"<p>Anpassa din vape med POCO PT 12000 Puffs. Justerbart luftfl\u00f6de, 22ml, uppladdningsbar, 5% nikotin. Snabb EU-leverans! Perfekt f\u00f6r personliga eller grossistbehov.<\/p>","protected":false},"featured_media":567,"comment_status":"open","ping_status":"closed","template":"","meta":[],"product_brand":[],"product_cat":[36,38,21,18,20,23,24,22,25,26,27,28,29,30,31,32,33,34,35,58],"product_tag":[],"class_list":{"0":"post-415","1":"product","2":"type-product","3":"status-publish","4":"has-post-thumbnail","6":"product_cat-rechargeable-vapes","7":"product_cat-12000-puffs-disposable-vape","8":"product_cat-big-puffs-vapes","9":"product_cat-different-puffs-of-disposable-vapes","10":"product_cat-disposable-vape-types","11":"product_cat-disposable-vapes-in-austria","12":"product_cat-disposable-vapes-in-belgium","13":"product_cat-disposable-vapes-in-europe","14":"product_cat-disposable-vapes-in-france","15":"product_cat-disposable-vapes-in-germany","16":"product_cat-disposable-vapes-in-hungary","17":"product_cat-disposable-vapes-in-ltaly","18":"product_cat-disposable-vapes-in-netherlands","19":"product_cat-disposable-vapes-in-norway","20":"product_cat-disposable-vapes-in-poland","21":"product_cat-disposable-vapes-in-portugal","22":"product_cat-disposable-vapes-in-spain","23":"product_cat-disposable-vapes-in-sweden","24":"product_cat-disposable-vapes-in-switzerland","25":"product_cat-poco","27":"first","28":"instock","29":"shipping-taxable","30":"purchasable","31":"product-type-variable","32":"has-default-attributes"},"jetpack_sharing_enabled":true,"tiered_pricing_type":"fixed","tiered_pricing_fixed_rules":{"2000":6.69000000000000039079850466805510222911834716796875},"tiered_pricing_product_settings":{"layout":"default","base_unit_name":{"singular":null,"plural":null},"default_variation":null},"tiered_pricing_minimum_quantity":1000,"tiered_pricing_roles_data":[],"tiered_pricing_percentage_rules":[],"tiered_pricing_maximum_quantity":null,"tiered_pricing_quantity_step":"10","_links":{"self":[{"href":"https:\/\/volovape.com\/sv\/wp-json\/wp\/v2\/product\/415","targetHints":{"allow":["GET"]}}],"collection":[{"href":"https:\/\/volovape.com\/sv\/wp-json\/wp\/v2\/product"}],"about":[{"href":"https:\/\/volovape.com\/sv\/wp-json\/wp\/v2\/types\/product"}],"replies":[{"embeddable":true,"href":"https:\/\/volovape.com\/sv\/wp-json\/wp\/v2\/comments?post=415"}],"wp:featuredmedia":[{"embeddable":true,"href":"https:\/\/volovape.com\/sv\/wp-json\/wp\/v2\/media\/567"}],"wp:attachment":[{"href":"https:\/\/volovape.com\/sv\/wp-json\/wp\/v2\/media?parent=415"}],"wp:term":[{"taxonomy":"product_brand","embeddable":true,"href":"https:\/\/volovape.com\/sv\/wp-json\/wp\/v2\/product_brand?post=415"},{"taxonomy":"product_cat","embeddable":true,"href":"https:\/\/volovape.com\/sv\/wp-json\/wp\/v2\/product_cat?post=415"},{"taxonomy":"product_tag","embeddable":true,"href":"https:\/\/volovape.com\/sv\/wp-json\/wp\/v2\/product_tag?post=415"}],"curies":[{"name":"wp","href":"https:\/\/api.w.org\/{rel}","templated":true}]}}