{"id":414,"date":"2024-11-21T03:29:42","date_gmt":"2024-11-21T03:29:42","guid":{"rendered":"https:\/\/volovape.com\/?post_type=product&#038;p=414"},"modified":"2025-07-07T03:41:56","modified_gmt":"2025-07-07T03:41:56","slug":"elf-box-kristall-bar-600-puffar","status":"publish","type":"product","link":"https:\/\/volovape.com\/sv\/product\/elf-box-crystal-bar-600-puffs\/","title":{"rendered":"ELF BOX CRYSTAL BAR 600 puffar eng\u00e5ngsvape - kompakt och uppladdningsbar"},"content":{"rendered":"<p><iframe title=\"VideoPress Videospelare\" aria-label='VideoPress Videospelare' width='421' height='750' src='https:\/\/videopress.com\/embed\/J12z3YdL?hd=0&amp;cover=1' frameborder='0' allowfullscreen allow='clipboard-write'><\/iframe><script src='https:\/\/v0.wordpress.com\/js\/next\/videopress-iframe.js?m=1739540970'><\/script><\/p>\n<h2>ELF BOX CRYSTAL BAR 600 puffar: Snygg, uppladdningsbar och kompakt Vape.<\/h2>\n<p>Uppt\u00e4ck de <strong>ELF BOX KRISTALL BAR 600<\/strong>en elegant och portabel <strong>uppladdningsbar eng\u00e5ngsvape<\/strong> utformad f\u00f6r stil och bekv\u00e4mlighet. Erbjuder upp till <strong>600 puffar<\/strong> med en <strong>2 ml kapacitet f\u00f6r e-v\u00e4tska<\/strong> och en <strong>500mAh uppladdningsbart batteri<\/strong>garanterar den h\u00e4r enheten en tillfredsst\u00e4llande vapingupplevelse. Den eleganta <strong>kristalldesign<\/strong> och <strong>1,6\u03a9 motst\u00e5nd<\/strong> ger j\u00e4mn, smakrik \u00e5nga i en kompakt form. V\u00e4lj bland f\u00f6ljande <strong>0%, 2% eller 5% nikotinstyrka<\/strong> och njut av <strong>13 h\u00e4rliga smaker<\/strong>. Perfekt f\u00f6r vaping n\u00e4r du \u00e4r p\u00e5 spr\u00e5ng och perfekt f\u00f6r dem som s\u00f6ker en snygg, problemfri <strong>eng\u00e5ngsvapen<\/strong>, tillg\u00e4nglig f\u00f6r <strong>bulkbest\u00e4llning<\/strong> och <strong>grossist<\/strong>.<\/p>\n<h3><strong>ELF BOX CRYSTAL BAR 600 Egenskaper:<\/strong><\/h3>\n<ul>\n<li>Puffar: Upp till 600<\/li>\n<li>Kapacitet f\u00f6r e-v\u00e4tska: 2 ml<\/li>\n<li>Batteri: 500mAh (uppladdningsbart)<\/li>\n<li>Laddning: Typ C<\/li>\n<li>Motst\u00e5nd: 1,6\u03a9<\/li>\n<li>Styrkor hos nikotin: 0%, 2%, 5%<\/li>\n<li>13 smakalternativ<\/li>\n<li>Kristalldesign<\/li>\n<li>Enhet f\u00f6r eng\u00e5ngsbruk<\/li>\n<\/ul>\n<h4>VANLIGA FR\u00c5GOR<\/h4>\n<h5>Hur gynnar den uppladdningsbara funktionen anv\u00e4ndarna?<\/h5>\n<p>Det uppladdningsbara 500mAh-batteriet g\u00f6r det m\u00f6jligt f\u00f6r anv\u00e4ndare att maximera anv\u00e4ndningen av den f\u00f6rfyllda e-juice, vilket s\u00e4kerst\u00e4ller att du kan njuta av varje bloss utan att oroa dig f\u00f6r att batteriet ska d\u00f6 i f\u00f6rtid. Den h\u00e4r funktionen f\u00f6rl\u00e4nger enhetens livsl\u00e4ngd och ger j\u00e4mn str\u00f6m f\u00f6r en p\u00e5litlig vapingupplevelse.<\/p>\n<h5>Vilka leveransmetoder anv\u00e4nds?<\/h5>\n<p>Vi samarbetar med UPS\/DHL\/FEDEX\/DPD, etc. Vi v\u00e4ljer l\u00e4mpligt fraktalternativ beroende p\u00e5 leveransland f\u00f6r att se till att du f\u00e5r dina produkter s\u00e5 snabbt som m\u00f6jligt.<\/p>\n<h5>Hur l\u00e5ng tid tar det att komma fram?<\/h5>\n<p>Detta tar vanligtvis 7-15 arbetsdagar, men kan ta upp till 20 arbetsdagar p\u00e5 helgdagar eller vid d\u00e5liga v\u00e4derf\u00f6rh\u00e5llanden.<\/p>\n<h5>Kan den passera genom tullen och kommer den att orsaka mig n\u00e5gra problem?<\/h5>\n<p>Vi garanterar att du inte kommer att ha n\u00e5gra problem eftersom vi tar hand om tullklareringen och det kommer inte att finnas n\u00e5gra skatter eller avgifter. Vi garanterar att 100% av v\u00e5ra produkter kommer att tullklareras.<\/p>\n<h5>Kan jag lita p\u00e5 det?<\/h5>\n<p>Vi st\u00f6der PayPal-betalning och k\u00f6parskyddstj\u00e4nst. Du kan ocks\u00e5 kolla v\u00e5ra recensioner p\u00e5 <a href=\"https:\/\/www.trustpilot.com\/review\/volovape.com?utm_medium=trustbox&amp;utm_source=TrustBoxReviewCollector\">TrustPilot<\/a>.<\/p>","protected":false},"excerpt":{"rendered":"<p>Upplev elegant, b\u00e4rbar vaping med ELF BOX CRYSTAL BAR 600 Puffs. Uppladdningsbar, kristalldesign, 2 ml, 1,6\u03a9 motst\u00e5nd. Perfekt f\u00f6r personligt bruk eller grossist, med varierat nikotin.<\/p>","protected":false},"featured_media":556,"comment_status":"open","ping_status":"closed","template":"","meta":[],"product_brand":[],"product_cat":[54,59,43,18,20,23,24,22,25,26,27,28,29,30,31,32,33,34,35,60],"product_tag":[],"class_list":{"0":"post-414","1":"product","2":"type-product","3":"status-publish","4":"has-post-thumbnail","6":"product_cat-elf-box","7":"product_cat-800-puffs-disposable-vape","8":"product_cat-crystal-vapes","9":"product_cat-different-puffs-of-disposable-vapes","10":"product_cat-disposable-vape-types","11":"product_cat-disposable-vapes-in-austria","12":"product_cat-disposable-vapes-in-belgium","13":"product_cat-disposable-vapes-in-europe","14":"product_cat-disposable-vapes-in-france","15":"product_cat-disposable-vapes-in-germany","16":"product_cat-disposable-vapes-in-hungary","17":"product_cat-disposable-vapes-in-ltaly","18":"product_cat-disposable-vapes-in-netherlands","19":"product_cat-disposable-vapes-in-norway","20":"product_cat-disposable-vapes-in-poland","21":"product_cat-disposable-vapes-in-portugal","22":"product_cat-disposable-vapes-in-spain","23":"product_cat-disposable-vapes-in-sweden","24":"product_cat-disposable-vapes-in-switzerland","25":"product_cat-mini-puffs-vapes","27":"first","28":"instock","29":"featured","30":"shipping-taxable","31":"purchasable","32":"product-type-variable","33":"has-default-attributes"},"jetpack_sharing_enabled":true,"tiered_pricing_type":"fixed","tiered_pricing_fixed_rules":{"2000":3.100000000000000088817841970012523233890533447265625},"tiered_pricing_product_settings":{"layout":"default","base_unit_name":{"singular":null,"plural":null},"default_variation":null},"tiered_pricing_minimum_quantity":1000,"tiered_pricing_roles_data":[],"tiered_pricing_percentage_rules":[],"tiered_pricing_maximum_quantity":null,"tiered_pricing_quantity_step":"10","_links":{"self":[{"href":"https:\/\/volovape.com\/sv\/wp-json\/wp\/v2\/product\/414","targetHints":{"allow":["GET"]}}],"collection":[{"href":"https:\/\/volovape.com\/sv\/wp-json\/wp\/v2\/product"}],"about":[{"href":"https:\/\/volovape.com\/sv\/wp-json\/wp\/v2\/types\/product"}],"replies":[{"embeddable":true,"href":"https:\/\/volovape.com\/sv\/wp-json\/wp\/v2\/comments?post=414"}],"wp:featuredmedia":[{"embeddable":true,"href":"https:\/\/volovape.com\/sv\/wp-json\/wp\/v2\/media\/556"}],"wp:attachment":[{"href":"https:\/\/volovape.com\/sv\/wp-json\/wp\/v2\/media?parent=414"}],"wp:term":[{"taxonomy":"product_brand","embeddable":true,"href":"https:\/\/volovape.com\/sv\/wp-json\/wp\/v2\/product_brand?post=414"},{"taxonomy":"product_cat","embeddable":true,"href":"https:\/\/volovape.com\/sv\/wp-json\/wp\/v2\/product_cat?post=414"},{"taxonomy":"product_tag","embeddable":true,"href":"https:\/\/volovape.com\/sv\/wp-json\/wp\/v2\/product_tag?post=414"}],"curies":[{"name":"wp","href":"https:\/\/api.w.org\/{rel}","templated":true}]}}