{"id":412,"date":"2024-11-21T03:29:42","date_gmt":"2024-11-21T03:29:42","guid":{"rendered":"https:\/\/volovape.com\/?post_type=product&#038;p=412"},"modified":"2025-08-06T07:55:41","modified_gmt":"2025-08-06T07:55:41","slug":"poco-bl10000-puffar","status":"publish","type":"product","link":"https:\/\/volovape.com\/sv\/product\/poco-bl10000-puffs\/","title":{"rendered":"POCO BL10000 Puffs eng\u00e5ngsvape - justerbart luftfl\u00f6de, uppladdningsbar"},"content":{"rendered":"<p><strong>POCO BL10000 Puffs eng\u00e5ngsvape<\/strong> - Anpassningsbar vaping med justerbart luftfl\u00f6de.<\/p>\n<p>Upplev l\u00e4ngre vaping-sessioner med <strong>POCO BL10000<\/strong>, som erbjuder upp till <strong>10.000 puffar<\/strong> och en betydande <strong>20 ml kapacitet f\u00f6r e-v\u00e4tska<\/strong>. Denna enhet har en <strong>650mAh uppladdningsbart batteri<\/strong> med <strong>Typ C-laddning<\/strong> f\u00f6r j\u00e4mn kraft. Skr\u00e4ddarsy din vaping med <strong>justerbart luftfl\u00f6de<\/strong>vilket g\u00f6r att du kan finjustera draget f\u00f6r optimal smak och \u00e5nga. Njut av en tillfredsst\u00e4llande <strong>5% nikotinstyrka<\/strong> \u00f6ver <strong>14 unika smaker<\/strong>perfekt f\u00f6r b\u00e5de personligt bruk och <strong>eng\u00e5ngs vape grossist<\/strong>. Perfekt f\u00f6r dem som s\u00f6ker en anpassningsbar och problemfri vapingl\u00f6sning med h\u00f6g kapacitet f\u00f6r <strong>bulkbest\u00e4llning<\/strong> eller individuell njutning.<\/p>\n<h3><strong>POCO BL10000 Funktioner:<\/strong><\/h3>\n<ul>\n<li>Puffar: Upp till 10.000<\/li>\n<li>Kapacitet f\u00f6r e-v\u00e4tska: 20 ml<\/li>\n<li>Batteri: 650 mAh (uppladdningsbart)<\/li>\n<li>Laddning: Typ C<\/li>\n<li>Luftfl\u00f6de: Justerbart<\/li>\n<li>Nikotinstyrka: 5%<\/li>\n<li>14 smakalternativ<\/li>\n<li>Enhet f\u00f6r eng\u00e5ngsbruk<\/li>\n<\/ul>\n<h4>VANLIGA FR\u00c5GOR<\/h4>\n<h5>Hur kan jag anpassa min vapingupplevelse med den h\u00e4r enheten?<\/h5>\n<p>POCO BL10000 har justerbart luftfl\u00f6de, vilket g\u00f6r att du kan anpassa ditt drag. Oavsett om du f\u00f6redrar en stramare, mer intensiv smak eller en l\u00f6sare, molnfokuserad vape, kan du enkelt justera inst\u00e4llningarna s\u00e5 att de matchar dina \u00f6nskem\u00e5l.<\/p>\n<h5>Vilka leveransmetoder anv\u00e4nds?<\/h5>\n<p>Vi samarbetar med UPS\/DHL\/FEDEX\/DPD, etc. Vi v\u00e4ljer l\u00e4mpligt fraktalternativ beroende p\u00e5 leveransland f\u00f6r att se till att du f\u00e5r dina produkter s\u00e5 snabbt som m\u00f6jligt.<\/p>\n<h5>Hur l\u00e5ng tid tar det att komma fram?<\/h5>\n<p>Detta tar vanligtvis 7-15 arbetsdagar, men kan ta upp till 20 arbetsdagar p\u00e5 helgdagar eller vid d\u00e5liga v\u00e4derf\u00f6rh\u00e5llanden.<\/p>\n<h5>Kan den passera genom tullen och kommer den att orsaka mig n\u00e5gra problem?<\/h5>\n<p>Vi garanterar att du inte kommer att ha n\u00e5gra problem eftersom vi tar hand om tullklareringen och det kommer inte att finnas n\u00e5gra skatter eller avgifter. Vi garanterar att 100% av v\u00e5ra produkter kommer att tullklareras.<\/p>\n<h5>Kan jag lita p\u00e5 det?<\/h5>\n<p>Vi st\u00f6der PayPal-betalning och k\u00f6parskyddstj\u00e4nst. Du kan ocks\u00e5 kolla v\u00e5ra recensioner p\u00e5 <a href=\"https:\/\/www.trustpilot.com\/review\/volovape.com?utm_medium=trustbox&amp;utm_source=TrustBoxReviewCollector\">TrustPilot<\/a>.<\/p>","protected":false},"excerpt":{"rendered":"<p>Finjustera din vape med POCO BL10000 Puffs. Justerbart luftfl\u00f6de, 20ml, uppladdningsbar, 5% nikotin. Snabb EU-leverans! Perfekt f\u00f6r personligt bruk eller grossist.<\/p>","protected":false},"featured_media":536,"comment_status":"open","ping_status":"closed","template":"","meta":[],"product_brand":[],"product_cat":[36,57,21,18,20,23,24,22,25,26,27,28,29,30,31,32,33,34,35,58],"product_tag":[],"class_list":{"0":"post-412","1":"product","2":"type-product","3":"status-publish","4":"has-post-thumbnail","6":"product_cat-rechargeable-vapes","7":"product_cat-10000-puffs-disposable-vape","8":"product_cat-big-puffs-vapes","9":"product_cat-different-puffs-of-disposable-vapes","10":"product_cat-disposable-vape-types","11":"product_cat-disposable-vapes-in-austria","12":"product_cat-disposable-vapes-in-belgium","13":"product_cat-disposable-vapes-in-europe","14":"product_cat-disposable-vapes-in-france","15":"product_cat-disposable-vapes-in-germany","16":"product_cat-disposable-vapes-in-hungary","17":"product_cat-disposable-vapes-in-ltaly","18":"product_cat-disposable-vapes-in-netherlands","19":"product_cat-disposable-vapes-in-norway","20":"product_cat-disposable-vapes-in-poland","21":"product_cat-disposable-vapes-in-portugal","22":"product_cat-disposable-vapes-in-spain","23":"product_cat-disposable-vapes-in-sweden","24":"product_cat-disposable-vapes-in-switzerland","25":"product_cat-poco","27":"first","28":"instock","29":"shipping-taxable","30":"purchasable","31":"product-type-variable","32":"has-default-attributes"},"jetpack_sharing_enabled":true,"tiered_pricing_type":"fixed","tiered_pricing_fixed_rules":{"2000":5.69000000000000039079850466805510222911834716796875},"tiered_pricing_product_settings":{"layout":"default","base_unit_name":{"singular":null,"plural":null},"default_variation":null},"tiered_pricing_minimum_quantity":1000,"tiered_pricing_roles_data":[],"tiered_pricing_percentage_rules":[],"tiered_pricing_maximum_quantity":null,"tiered_pricing_quantity_step":"10","_links":{"self":[{"href":"https:\/\/volovape.com\/sv\/wp-json\/wp\/v2\/product\/412","targetHints":{"allow":["GET"]}}],"collection":[{"href":"https:\/\/volovape.com\/sv\/wp-json\/wp\/v2\/product"}],"about":[{"href":"https:\/\/volovape.com\/sv\/wp-json\/wp\/v2\/types\/product"}],"replies":[{"embeddable":true,"href":"https:\/\/volovape.com\/sv\/wp-json\/wp\/v2\/comments?post=412"}],"wp:featuredmedia":[{"embeddable":true,"href":"https:\/\/volovape.com\/sv\/wp-json\/wp\/v2\/media\/536"}],"wp:attachment":[{"href":"https:\/\/volovape.com\/sv\/wp-json\/wp\/v2\/media?parent=412"}],"wp:term":[{"taxonomy":"product_brand","embeddable":true,"href":"https:\/\/volovape.com\/sv\/wp-json\/wp\/v2\/product_brand?post=412"},{"taxonomy":"product_cat","embeddable":true,"href":"https:\/\/volovape.com\/sv\/wp-json\/wp\/v2\/product_cat?post=412"},{"taxonomy":"product_tag","embeddable":true,"href":"https:\/\/volovape.com\/sv\/wp-json\/wp\/v2\/product_tag?post=412"}],"curies":[{"name":"wp","href":"https:\/\/api.w.org\/{rel}","templated":true}]}}