{"id":409,"date":"2024-11-21T03:29:42","date_gmt":"2024-11-21T03:29:42","guid":{"rendered":"https:\/\/volovape.com\/?post_type=product&#038;p=409"},"modified":"2025-07-07T03:40:57","modified_gmt":"2025-07-07T03:40:57","slug":"mrvi-tornado-9000-puffar","status":"publish","type":"product","link":"https:\/\/volovape.com\/sv\/product\/mrvi-tornado-9000-puffs\/","title":{"rendered":"MRVI Tornado 9000 Puffs eng\u00e5ngsvape - n\u00e4tspole, uppladdningsbar"},"content":{"rendered":"<p><strong>MRVI Tornado 9000 Puffs eng\u00e5ngsvape<\/strong> - Tillf\u00f6rlitlig och smakrik vaping med avancerad mesh-spolteknik.<\/p>\n<p>Den <strong>MRVI Tornado 9000<\/strong> eng\u00e5ngsvape ger en h\u00f6gkvalitativ, ut\u00f6kad vapingupplevelse med upp till <strong>9.000 puffar<\/strong> och en <strong>18 ml beh\u00e5llare f\u00f6r e-v\u00e4tska<\/strong>. Drivs av en <strong>600mAh uppladdningsbart batteri<\/strong> och med <strong>Typ C-laddning<\/strong>garanterar denna enhet en j\u00e4mn prestanda. Den <strong>avancerad teknik f\u00f6r n\u00e4tspole<\/strong> ger en j\u00e4mn, fyllig och smakrik \u00e5nga. V\u00e4lj bland f\u00f6ljande <strong>0%, 2%, 3% eller 5% nikotinstyrka<\/strong> f\u00f6r att matcha dina preferenser. Med <strong>10 l\u00e4ckra smakalternativ<\/strong>MRVI Tornado 9000 \u00e4r perfekt f\u00f6r <strong>eng\u00e5ngs vape grossist<\/strong>, <strong>bulkorder<\/strong>, eller <strong>personligt bruk<\/strong>.<\/p>\n<h3><strong>MRVI Tornado 9000 Funktioner:<\/strong><\/h3>\n<ul>\n<li>Puffar: Upp till 9.000 puffar<\/li>\n<li>Kapacitet f\u00f6r e-v\u00e4tska: 18mL<\/li>\n<li>Batteri: 600 mAh (uppladdningsbart)<\/li>\n<li>Laddning: Typ C<\/li>\n<li>Spole: N\u00e4tspole<\/li>\n<li>Styrkor hos nikotin: 0%, 2%, 3%, 5%<\/li>\n<li>Smaker: 10 unika alternativ<\/li>\n<li>Enhet f\u00f6r eng\u00e5ngsbruk<\/li>\n<\/ul>\n<h4>VANLIGA FR\u00c5GOR<\/h4>\n<h5>Hur f\u00f6rb\u00e4ttrar den avancerade mesh coil-tekniken vapingupplevelsen?<\/h5>\n<p>Den avancerade mesh-coil-designen \u00f6kar v\u00e4rmeytan, vilket ger en j\u00e4mn v\u00e4rmef\u00f6rdelning och maximerar f\u00f6r\u00e5ngningen av e-juice. Detta resulterar i rikare, mer intensiva smaker och t\u00e4tare \u00e5ngmoln, vilket ger en \u00f6verl\u00e4gsen vapingupplevelse j\u00e4mf\u00f6rt med traditionella spolar.<\/p>\n<h5>Vilka leveransmetoder anv\u00e4nds?<\/h5>\n<p>Vi samarbetar med p\u00e5litliga transport\u00f6rer som UPS, DHL, FedEx och DPD f\u00f6r att s\u00e4kerst\u00e4lla att din best\u00e4llning levereras snabbt och s\u00e4kert. Den mest effektiva fraktmetoden v\u00e4ljs utifr\u00e5n din plats f\u00f6r att optimera leveranshastighet och tillf\u00f6rlitlighet.<\/p>\n<h5>Hur l\u00e5ng tid tar det innan min best\u00e4llning kommer fram?<\/h5>\n<p>Leveranstiden \u00e4r normalt 7-15 arbetsdagar. R\u00e4kna dock med upp till 20 arbetsdagar under helgdagar eller ogynnsamma v\u00e4derf\u00f6rh\u00e5llanden, vilket kan orsaka mindre f\u00f6rseningar i transporten.<\/p>\n<h5>Kommer jag att st\u00f6ta p\u00e5 n\u00e5gra tullproblem eller extra avgifter?<\/h5>\n<p>Vi hanterar alla tullklareringsf\u00f6rfaranden, vilket garanterar en smidig och problemfri upplevelse. Du kommer inte att drabbas av n\u00e5gra ytterligare skatter eller avgifter. Vi s\u00e4kerst\u00e4ller att 100% av v\u00e5ra produkter framg\u00e5ngsrikt klarerar tullen.<\/p>\n<h5>\u00c4r ink\u00f6p fr\u00e5n din webbplats s\u00e4kra och tillf\u00f6rlitliga?<\/h5>\n<p>Ja, vi erbjuder s\u00e4kra PayPal-transaktioner med k\u00f6parskydd. Du kan ocks\u00e5 verifiera v\u00e5r tillf\u00f6rlitlighet genom att kontrollera v\u00e5ra kundrecensioner p\u00e5 <a href=\"https:\/\/www.trustpilot.com\/review\/volovape.com?utm_medium=trustbox&amp;utm_source=TrustBoxReviewCollector\">TrustPilot<\/a>d\u00e4r du hittar vittnesm\u00e5l fr\u00e5n n\u00f6jda kunder.<\/p>","protected":false},"excerpt":{"rendered":"<p>Snurra in i varaktig smak med MRVI Tornado 9000 Puffs. Avancerad mesh, 18 ml, uppladdningsbar. Perfekt f\u00f6r personlig njutning eller grossistf\u00f6rs\u00e4ljning, erbjuder j\u00e4mn \u00e5nga och olika nikotinalternativ.<\/p>","protected":false},"featured_media":502,"comment_status":"open","ping_status":"closed","template":"","meta":[],"product_brand":[],"product_cat":[55,48,21,18,20,23,24,22,25,26,27,28,29,30,31,32,33,34,35,36],"product_tag":[],"class_list":{"0":"post-409","1":"product","2":"type-product","3":"status-publish","4":"has-post-thumbnail","6":"product_cat-mrvi","7":"product_cat-9000-puffs-disposable-vape","8":"product_cat-big-puffs-vapes","9":"product_cat-different-puffs-of-disposable-vapes","10":"product_cat-disposable-vape-types","11":"product_cat-disposable-vapes-in-austria","12":"product_cat-disposable-vapes-in-belgium","13":"product_cat-disposable-vapes-in-europe","14":"product_cat-disposable-vapes-in-france","15":"product_cat-disposable-vapes-in-germany","16":"product_cat-disposable-vapes-in-hungary","17":"product_cat-disposable-vapes-in-ltaly","18":"product_cat-disposable-vapes-in-netherlands","19":"product_cat-disposable-vapes-in-norway","20":"product_cat-disposable-vapes-in-poland","21":"product_cat-disposable-vapes-in-portugal","22":"product_cat-disposable-vapes-in-spain","23":"product_cat-disposable-vapes-in-sweden","24":"product_cat-disposable-vapes-in-switzerland","25":"product_cat-rechargeable-vapes","27":"first","28":"instock","29":"shipping-taxable","30":"purchasable","31":"product-type-variable","32":"has-default-attributes"},"jetpack_sharing_enabled":true,"tiered_pricing_type":"fixed","tiered_pricing_fixed_rules":{"2000":5.589999999999999857891452847979962825775146484375},"tiered_pricing_product_settings":{"layout":"default","base_unit_name":{"singular":null,"plural":null},"default_variation":null},"tiered_pricing_minimum_quantity":1000,"tiered_pricing_roles_data":[],"tiered_pricing_percentage_rules":[],"tiered_pricing_maximum_quantity":null,"tiered_pricing_quantity_step":"10","_links":{"self":[{"href":"https:\/\/volovape.com\/sv\/wp-json\/wp\/v2\/product\/409","targetHints":{"allow":["GET"]}}],"collection":[{"href":"https:\/\/volovape.com\/sv\/wp-json\/wp\/v2\/product"}],"about":[{"href":"https:\/\/volovape.com\/sv\/wp-json\/wp\/v2\/types\/product"}],"replies":[{"embeddable":true,"href":"https:\/\/volovape.com\/sv\/wp-json\/wp\/v2\/comments?post=409"}],"wp:featuredmedia":[{"embeddable":true,"href":"https:\/\/volovape.com\/sv\/wp-json\/wp\/v2\/media\/502"}],"wp:attachment":[{"href":"https:\/\/volovape.com\/sv\/wp-json\/wp\/v2\/media?parent=409"}],"wp:term":[{"taxonomy":"product_brand","embeddable":true,"href":"https:\/\/volovape.com\/sv\/wp-json\/wp\/v2\/product_brand?post=409"},{"taxonomy":"product_cat","embeddable":true,"href":"https:\/\/volovape.com\/sv\/wp-json\/wp\/v2\/product_cat?post=409"},{"taxonomy":"product_tag","embeddable":true,"href":"https:\/\/volovape.com\/sv\/wp-json\/wp\/v2\/product_tag?post=409"}],"curies":[{"name":"wp","href":"https:\/\/api.w.org\/{rel}","templated":true}]}}