{"id":408,"date":"2024-11-21T03:29:42","date_gmt":"2024-11-21T03:29:42","guid":{"rendered":"https:\/\/volovape.com\/?post_type=product&#038;p=408"},"modified":"2025-08-20T02:44:51","modified_gmt":"2025-08-20T02:44:51","slug":"mrvi-kommer-10000-puffar","status":"publish","type":"product","link":"https:\/\/volovape.com\/sv\/product\/mrvi-coming-10000-puffs\/","title":{"rendered":"MRVI Coming 10000 puffar eng\u00e5ngsvape med 0,9\u03a9 mesh-spole och effektdisplay"},"content":{"rendered":"<p><strong>MRVI Kommer 10000 Puffs Eng\u00e5ngs Vape<\/strong> - P\u00e5litlig vaping med Power Display och Mesh Coil Precision.<\/p>\n<p>Den <strong>MRVI Kommer 10000<\/strong> eng\u00e5ngsvape ger en p\u00e5litlig och l\u00e5ngvarig vapingupplevelse med upp till <strong>10.000 puffar<\/strong> och en <strong>19 ml beh\u00e5llare f\u00f6r e-v\u00e4tska<\/strong>. Drivs av en <strong>650mAh uppladdningsbart batteri<\/strong> och med <strong>Typ C-laddning<\/strong>garanterar denna enhet en j\u00e4mn prestanda. Den <strong>Spole med 0,9\u03a9 maskor<\/strong> ger en j\u00e4mn, fyllig och smakrik \u00e5nga. Den integrerade <strong>Power Screen Display<\/strong> ger realtids\u00f6vervakning av batteritid och e-v\u00e4tskeniv\u00e5er f\u00f6r \u00f6kad bekv\u00e4mlighet. V\u00e4lj bland f\u00f6ljande <strong>0%, 2%, 3% eller 5% nikotinstyrka<\/strong> f\u00f6r att matcha dina preferenser. Med <strong>8 l\u00e4ckra smakalternativ<\/strong>MRVI Coming 10000 \u00e4r perfekt f\u00f6r <strong>eng\u00e5ngs vape grossist<\/strong>, <strong>bulkorder<\/strong>, eller <strong>personligt bruk<\/strong>.<\/p>\n<h3><strong>MRVI Kommer 10000 Funktioner:<\/strong><\/h3>\n<ul>\n<li>Puffar: Upp till 10.000 puffar<\/li>\n<li>Kapacitet f\u00f6r e-v\u00e4tska: 19mL<\/li>\n<li>Batteri: 650 mAh (uppladdningsbart)<\/li>\n<li>Laddning: Typ C<\/li>\n<li>Spole: 0,9\u03a9 Mesh-spole<\/li>\n<li>Display: Str\u00f6msk\u00e4rmsdisplay (batteri- och e-v\u00e4tskeniv\u00e5er)<\/li>\n<li>Styrkor hos nikotin: 0%, 2%, 3%, 5%<\/li>\n<li>Smaker: 8 unika alternativ<\/li>\n<li>Enhet f\u00f6r eng\u00e5ngsbruk<\/li>\n<\/ul>\n<h4>VANLIGA FR\u00c5GOR<\/h4>\n<h5>Hur gynnar power screen-displayen anv\u00e4ndarna?<\/h5>\n<p>Power screen-displayen visar batteritid och e-v\u00e4tskeniv\u00e5er direkt, vilket g\u00f6r att anv\u00e4ndarna kan \u00f6vervaka enhetens status och undvika ov\u00e4ntade avbrott. Den h\u00e4r funktionen \u00f6kar bekv\u00e4mligheten och ger en mer kontrollerad vapingupplevelse.<\/p>\n<h5>Vilka leveransmetoder anv\u00e4nds?<\/h5>\n<p>Vi samarbetar med p\u00e5litliga transport\u00f6rer som UPS, DHL, FedEx och DPD f\u00f6r att s\u00e4kerst\u00e4lla att din best\u00e4llning levereras snabbt och s\u00e4kert. Den mest effektiva fraktmetoden v\u00e4ljs utifr\u00e5n din plats f\u00f6r att optimera leveranshastighet och tillf\u00f6rlitlighet.<\/p>\n<h5>Hur l\u00e5ng tid tar det innan min best\u00e4llning kommer fram?<\/h5>\n<p>Leveranstiden \u00e4r normalt 7-15 arbetsdagar. R\u00e4kna dock med upp till 20 arbetsdagar under helgdagar eller ogynnsamma v\u00e4derf\u00f6rh\u00e5llanden, vilket kan orsaka mindre f\u00f6rseningar i transporten.<\/p>\n<h5>Kommer jag att st\u00f6ta p\u00e5 n\u00e5gra tullproblem eller extra avgifter?<\/h5>\n<p>Vi hanterar alla tullklareringsf\u00f6rfaranden, vilket garanterar en smidig och problemfri upplevelse. Du kommer inte att drabbas av n\u00e5gra ytterligare skatter eller avgifter. Vi s\u00e4kerst\u00e4ller att 100% av v\u00e5ra produkter framg\u00e5ngsrikt klarerar tullen.<\/p>\n<h5>\u00c4r ink\u00f6p fr\u00e5n din webbplats s\u00e4kra och tillf\u00f6rlitliga?<\/h5>\n<p>Ja, vi erbjuder s\u00e4kra PayPal-transaktioner med k\u00f6parskydd. Du kan ocks\u00e5 verifiera v\u00e5r tillf\u00f6rlitlighet genom att kontrollera v\u00e5ra kundrecensioner p\u00e5 <a href=\"https:\/\/www.trustpilot.com\/review\/volovape.com?utm_medium=trustbox&amp;utm_source=TrustBoxReviewCollector\">TrustPilot<\/a>d\u00e4r du hittar vittnesm\u00e5l fr\u00e5n n\u00f6jda kunder.<\/p>","protected":false},"excerpt":{"rendered":"<p>F\u00f6rv\u00e4nta dig best\u00e5ende smak med MRVI Coming 10000 Puffs. Power screen display, 0,9\u03a9 mesh, 19ml, uppladdningsbar. Idealisk f\u00f6r privat bruk eller grossistf\u00f6rs\u00e4ljning, ger j\u00e4mn \u00e5nga och olika nikotinalternativ.<\/p>","protected":false},"featured_media":476,"comment_status":"open","ping_status":"closed","template":"","meta":[],"product_brand":[],"product_cat":[33,57,21,43,18,39,20,23,24,22,25,26,27,28,29,30,31,32,34,35,55,36,40],"product_tag":[],"class_list":{"0":"post-408","1":"product","2":"type-product","3":"status-publish","4":"has-post-thumbnail","6":"product_cat-disposable-vapes-in-spain","7":"product_cat-10000-puffs-disposable-vape","8":"product_cat-big-puffs-vapes","9":"product_cat-crystal-vapes","10":"product_cat-different-puffs-of-disposable-vapes","11":"product_cat-digital-box-vapes","12":"product_cat-disposable-vape-types","13":"product_cat-disposable-vapes-in-austria","14":"product_cat-disposable-vapes-in-belgium","15":"product_cat-disposable-vapes-in-europe","16":"product_cat-disposable-vapes-in-france","17":"product_cat-disposable-vapes-in-germany","18":"product_cat-disposable-vapes-in-hungary","19":"product_cat-disposable-vapes-in-ltaly","20":"product_cat-disposable-vapes-in-netherlands","21":"product_cat-disposable-vapes-in-norway","22":"product_cat-disposable-vapes-in-poland","23":"product_cat-disposable-vapes-in-portugal","24":"product_cat-disposable-vapes-in-sweden","25":"product_cat-disposable-vapes-in-switzerland","26":"product_cat-mrvi","27":"product_cat-rechargeable-vapes","28":"product_cat-smart-screen-vapes","30":"first","31":"instock","32":"shipping-taxable","33":"purchasable","34":"product-type-variable","35":"has-default-attributes"},"jetpack_sharing_enabled":true,"tiered_pricing_type":"fixed","tiered_pricing_fixed_rules":{"2000":4.75},"tiered_pricing_product_settings":{"layout":"default","base_unit_name":{"singular":null,"plural":null},"default_variation":null},"tiered_pricing_minimum_quantity":1000,"tiered_pricing_roles_data":[],"tiered_pricing_percentage_rules":[],"tiered_pricing_maximum_quantity":null,"tiered_pricing_quantity_step":"10","_links":{"self":[{"href":"https:\/\/volovape.com\/sv\/wp-json\/wp\/v2\/product\/408","targetHints":{"allow":["GET"]}}],"collection":[{"href":"https:\/\/volovape.com\/sv\/wp-json\/wp\/v2\/product"}],"about":[{"href":"https:\/\/volovape.com\/sv\/wp-json\/wp\/v2\/types\/product"}],"replies":[{"embeddable":true,"href":"https:\/\/volovape.com\/sv\/wp-json\/wp\/v2\/comments?post=408"}],"wp:featuredmedia":[{"embeddable":true,"href":"https:\/\/volovape.com\/sv\/wp-json\/wp\/v2\/media\/476"}],"wp:attachment":[{"href":"https:\/\/volovape.com\/sv\/wp-json\/wp\/v2\/media?parent=408"}],"wp:term":[{"taxonomy":"product_brand","embeddable":true,"href":"https:\/\/volovape.com\/sv\/wp-json\/wp\/v2\/product_brand?post=408"},{"taxonomy":"product_cat","embeddable":true,"href":"https:\/\/volovape.com\/sv\/wp-json\/wp\/v2\/product_cat?post=408"},{"taxonomy":"product_tag","embeddable":true,"href":"https:\/\/volovape.com\/sv\/wp-json\/wp\/v2\/product_tag?post=408"}],"curies":[{"name":"wp","href":"https:\/\/api.w.org\/{rel}","templated":true}]}}